{"id":12632,"date":"2020-12-23T20:57:54","date_gmt":"2020-12-23T17:57:54","guid":{"rendered":"http:\/\/eksenmak.com\/global\/?page_id=12632"},"modified":"2020-12-23T21:02:44","modified_gmt":"2020-12-23T18:02:44","slug":"parker-hidrolik-urun-cesitleri-fiyat-listesi","status":"publish","type":"page","link":"https:\/\/eksenmak.com\/global\/parker-hidrolik-urun-cesitleri-fiyat-listesi\/","title":{"rendered":"Parker Hidrolik"},"content":{"rendered":"\t\t<div data-elementor-type=\"wp-page\" data-elementor-id=\"12632\" class=\"elementor elementor-12632\">\n\t\t\t\t\t\t<div class=\"elementor-inner\">\n\t\t\t\t<div class=\"elementor-section-wrap\">\n\t\t\t\t\t\t\t\t\t<section class=\"elementor-section elementor-top-section elementor-element elementor-element-cb80d5c elementor-section-boxed elementor-section-height-default elementor-section-height-default\" data-id=\"cb80d5c\" data-element_type=\"section\">\n\t\t\t\t\t\t<div class=\"elementor-container elementor-column-gap-default\">\n\t\t\t\t\t\t\t<div class=\"elementor-row\">\n\t\t\t\t\t<div class=\"elementor-column elementor-col-50 elementor-top-column elementor-element elementor-element-b554522 top column-style-top\" data-id=\"b554522\" data-element_type=\"column\">\n\t\t\t<div class=\"elementor-column-wrap elementor-element-populated\">\n\t\t\t\t\t\t\t<div class=\"elementor-widget-wrap\">\n\t\t\t\t\t\t<div class=\"elementor-element elementor-element-8906f5e elementor-widget elementor-widget-heading\" data-id=\"8906f5e\" data-element_type=\"widget\" data-widget_type=\"heading.default\">\n\t\t\t\t<div class=\"elementor-widget-container\">\n\t\t\t<h1 class=\"elementor-heading-title elementor-size-default\">Parker Hidrolik<\/h1>\t\t<\/div>\n\t\t\t\t<\/div>\n\t\t\t\t\t\t<\/div>\n\t\t\t\t\t<\/div>\n\t\t<\/div>\n\t\t\t\t<div class=\"elementor-column elementor-col-50 elementor-top-column elementor-element elementor-element-68b0d8a elementor-hidden-phone top column-style-top\" data-id=\"68b0d8a\" data-element_type=\"column\">\n\t\t\t<div class=\"elementor-column-wrap elementor-element-populated\">\n\t\t\t\t\t\t\t<div class=\"elementor-widget-wrap\">\n\t\t\t\t\t\t<div class=\"elementor-element elementor-element-53648b6 elementor-widget elementor-widget-shortcode\" data-id=\"53648b6\" data-element_type=\"widget\" data-widget_type=\"shortcode.default\">\n\t\t\t\t<div class=\"elementor-widget-container\">\n\t\t\t\t\t<div class=\"elementor-shortcode\"> <ul class=\"breadcrumb\">\n      <li><a href=\"http:\/\/eksenmak.com\/global\">Ana Sayfa<\/a><\/li>\n <li><a href=\"http:\/\/eksenmak.com\/global\/markalarimiz\/\">Markalar\u0131m\u0131z<\/a><\/li>\n      <li>Parker Hidrolik<\/li>\n    <\/ul><\/div>\n\t\t\t\t<\/div>\n\t\t\t\t<\/div>\n\t\t\t\t\t\t<\/div>\n\t\t\t\t\t<\/div>\n\t\t<\/div>\n\t\t\t\t\t\t\t\t<\/div>\n\t\t\t\t\t<\/div>\n\t\t<\/section>\n\t\t\t\t<section class=\"elementor-section elementor-top-section elementor-element elementor-element-017b247 elementor-section-boxed elementor-section-height-default elementor-section-height-default\" data-id=\"017b247\" data-element_type=\"section\">\n\t\t\t\t\t\t<div class=\"elementor-container elementor-column-gap-default\">\n\t\t\t\t\t\t\t<div class=\"elementor-row\">\n\t\t\t\t\t<div class=\"elementor-column elementor-col-66 elementor-top-column elementor-element elementor-element-a4ad99e top column-style-top\" data-id=\"a4ad99e\" data-element_type=\"column\">\n\t\t\t<div class=\"elementor-column-wrap elementor-element-populated\">\n\t\t\t\t\t\t\t<div class=\"elementor-widget-wrap\">\n\t\t\t\t\t\t<div class=\"elementor-element elementor-element-4f6b732 elementor-widget elementor-widget-image\" data-id=\"4f6b732\" data-element_type=\"widget\" data-widget_type=\"image.default\">\n\t\t\t\t<div class=\"elementor-widget-container\">\n\t\t\t\t\t\t\t\t<div class=\"elementor-image\">\n\t\t\t\t\t\t\t\t\t\t\t\t<img loading=\"lazy\" decoding=\"async\" width=\"213\" height=\"63\" src=\"https:\/\/eksenmak.com\/global\/wp-content\/uploads\/2020\/12\/1client_parker.png\" class=\"attachment-large size-large\" alt=\"\" \/>\t\t\t\t\t\t\t\t\t\t\t\t\t\t<\/div>\n\t\t\t\t\t\t<\/div>\n\t\t\t\t<\/div>\n\t\t\t\t<div class=\"elementor-element elementor-element-88513be elementor-widget elementor-widget-text-editor\" data-id=\"88513be\" data-element_type=\"widget\" data-widget_type=\"text-editor.default\">\n\t\t\t\t<div class=\"elementor-widget-container\">\n\t\t\t\t\t\t\t\t<div class=\"elementor-text-editor elementor-clearfix\">\n\t\t\t\t<p><strong>Parker Hidrolik bayili\u011fimiz ile ihtiyac\u0131n\u0131z olan t\u00fcm hidrolik \u00fcr\u00fcnleri ve yedek par\u00e7alar\u0131 tedarik ediyoruz.<\/strong><\/p><p>Arthur L. Parker, i\u015f orta\u011f\u0131 Carl Klamm ile birlikte Cleveland, Ohio&#8217;da k\u00fc\u00e7\u00fck bir \u00e7at\u0131 kat\u0131nda 13 Mart 1917&#8217;de Parker Appliance Company&#8217;yi kurdu. \u015eirket, ilk g\u00fcnlerde kamyonlar, trenler, otob\u00fcsler ve end\u00fcstriyel makineler i\u00e7in pn\u00f6matik fren sistemleri ve havac\u0131l\u0131\u011f\u0131n \u00f6nc\u00fcleri i\u00e7in s\u0131zd\u0131rmaz donan\u0131mlar \u00fcretti. \u015ea\u015f\u0131rt\u0131c\u0131 aksakl\u0131klar ve etkileyici ba\u015far\u0131lar sayesinde, Parker \u00e7\u00f6z\u00fcmleri, ge\u00e7ti\u011fimiz y\u00fczy\u0131lda say\u0131s\u0131z teknoloji s\u0131\u00e7ramas\u0131na olanak sa\u011flad\u0131.<\/p>\t\t\t\t\t<\/div>\n\t\t\t\t\t\t<\/div>\n\t\t\t\t<\/div>\n\t\t\t\t<div class=\"elementor-element elementor-element-f448a76 elementor-widget elementor-widget-heading\" data-id=\"f448a76\" data-element_type=\"widget\" data-widget_type=\"heading.default\">\n\t\t\t\t<div class=\"elementor-widget-container\">\n\t\t\t<h4 class=\"elementor-heading-title elementor-size-default\">\u00dcr\u00fcn Gruplar\u0131<\/h4>\t\t<\/div>\n\t\t\t\t<\/div>\n\t\t\t\t<div class=\"elementor-element elementor-element-8811703 elementor-icon-list--layout-traditional elementor-list-item-link-full_width elementor-widget elementor-widget-icon-list\" data-id=\"8811703\" data-element_type=\"widget\" data-widget_type=\"icon-list.default\">\n\t\t\t\t<div class=\"elementor-widget-container\">\n\t\t\t\t\t<ul class=\"elementor-icon-list-items\">\n\t\t\t\t\t\t\t<li class=\"elementor-icon-list-item\">\n\t\t\t\t\t\t\t\t\t\t\t<a href=\"#\">\n\n\t\t\t\t\t\t\t\t\t\t\t\t<span class=\"elementor-icon-list-icon\">\n\t\t\t\t\t\t\t<i aria-hidden=\"true\" class=\"far fa-circle\"><\/i>\t\t\t\t\t\t<\/span>\n\t\t\t\t\t\t\t\t\t\t<span class=\"elementor-icon-list-text\">Hidrolik Pompalar<\/span>\n\t\t\t\t\t\t\t\t\t\t\t<\/a>\n\t\t\t\t\t\t\t\t\t<\/li>\n\t\t\t\t\t\t\t\t<li class=\"elementor-icon-list-item\">\n\t\t\t\t\t\t\t\t\t\t\t<a href=\"#\">\n\n\t\t\t\t\t\t\t\t\t\t\t\t<span class=\"elementor-icon-list-icon\">\n\t\t\t\t\t\t\t<i aria-hidden=\"true\" class=\"far fa-circle\"><\/i>\t\t\t\t\t\t<\/span>\n\t\t\t\t\t\t\t\t\t\t<span class=\"elementor-icon-list-text\">Hidromotorlar<\/span>\n\t\t\t\t\t\t\t\t\t\t\t<\/a>\n\t\t\t\t\t\t\t\t\t<\/li>\n\t\t\t\t\t\t\t\t<li class=\"elementor-icon-list-item\">\n\t\t\t\t\t\t\t\t\t\t\t<a href=\"#\">\n\n\t\t\t\t\t\t\t\t\t\t\t\t<span class=\"elementor-icon-list-icon\">\n\t\t\t\t\t\t\t<i aria-hidden=\"true\" class=\"far fa-circle\"><\/i>\t\t\t\t\t\t<\/span>\n\t\t\t\t\t\t\t\t\t\t<span class=\"elementor-icon-list-text\">Orijinal Tamir Tak\u0131mlar\u0131<\/span>\n\t\t\t\t\t\t\t\t\t\t\t<\/a>\n\t\t\t\t\t\t\t\t\t<\/li>\n\t\t\t\t\t\t\t\t<li class=\"elementor-icon-list-item\">\n\t\t\t\t\t\t\t\t\t\t\t<a href=\"#\">\n\n\t\t\t\t\t\t\t\t\t\t\t\t<span class=\"elementor-icon-list-icon\">\n\t\t\t\t\t\t\t<i aria-hidden=\"true\" class=\"far fa-circle\"><\/i>\t\t\t\t\t\t<\/span>\n\t\t\t\t\t\t\t\t\t\t<span class=\"elementor-icon-list-text\">Hidrolik Yedek Par\u00e7a<\/span>\n\t\t\t\t\t\t\t\t\t\t\t<\/a>\n\t\t\t\t\t\t\t\t\t<\/li>\n\t\t\t\t\t\t\t\t<li class=\"elementor-icon-list-item\">\n\t\t\t\t\t\t\t\t\t\t\t<a href=\"#\">\n\n\t\t\t\t\t\t\t\t\t\t\t\t<span class=\"elementor-icon-list-icon\">\n\t\t\t\t\t\t\t<i aria-hidden=\"true\" class=\"far fa-circle\"><\/i>\t\t\t\t\t\t<\/span>\n\t\t\t\t\t\t\t\t\t\t<span class=\"elementor-icon-list-text\">Hidrolik Ak\u00fcm\u00fclat\u00f6rler<\/span>\n\t\t\t\t\t\t\t\t\t\t\t<\/a>\n\t\t\t\t\t\t\t\t\t<\/li>\n\t\t\t\t\t\t\t\t<li class=\"elementor-icon-list-item\">\n\t\t\t\t\t\t\t\t\t\t\t<a href=\"#\">\n\n\t\t\t\t\t\t\t\t\t\t\t\t<span class=\"elementor-icon-list-icon\">\n\t\t\t\t\t\t\t<i aria-hidden=\"true\" class=\"far fa-circle\"><\/i>\t\t\t\t\t\t<\/span>\n\t\t\t\t\t\t\t\t\t\t<span class=\"elementor-icon-list-text\">Hidrolik Valfler<\/span>\n\t\t\t\t\t\t\t\t\t\t\t<\/a>\n\t\t\t\t\t\t\t\t\t<\/li>\n\t\t\t\t\t\t<\/ul>\n\t\t\t\t<\/div>\n\t\t\t\t<\/div>\n\t\t\t\t\t\t<\/div>\n\t\t\t\t\t<\/div>\n\t\t<\/div>\n\t\t\t\t<div class=\"elementor-column elementor-col-33 elementor-top-column elementor-element elementor-element-00163f4 top column-style-top\" data-id=\"00163f4\" data-element_type=\"column\" data-settings=\"{&quot;background_background&quot;:&quot;classic&quot;}\">\n\t\t\t<div class=\"elementor-column-wrap elementor-element-populated\">\n\t\t\t\t\t\t\t<div class=\"elementor-widget-wrap\">\n\t\t\t\t\t\t<div class=\"elementor-element elementor-element-83fdcc7 elementor-widget elementor-widget-text-editor\" data-id=\"83fdcc7\" data-element_type=\"widget\" data-widget_type=\"text-editor.default\">\n\t\t\t\t<div class=\"elementor-widget-container\">\n\t\t\t\t\t\t\t\t<div class=\"elementor-text-editor elementor-clearfix\">\n\t\t\t\t<a style=\"color: #fff;\" href=\"http:\/\/eksenmak.com\/global\/beni-arayin\/\">Telefonda bir uzmanla konu\u015fmaya ihtiyac\u0131n\u0131z m\u0131 var? Bir uzman\u0131n tavsiyesine veya \u00f6nemli bir sorunun cevab\u0131na ihtiyac\u0131n\u0131z m\u0131 var?<\/a>\t\t\t\t\t<\/div>\n\t\t\t\t\t\t<\/div>\n\t\t\t\t<\/div>\n\t\t\t\t<div class=\"elementor-element elementor-element-ae364b4 elementor-widget elementor-widget-text-editor\" data-id=\"ae364b4\" data-element_type=\"widget\" data-widget_type=\"text-editor.default\">\n\t\t\t\t<div class=\"elementor-widget-container\">\n\t\t\t\t\t\t\t\t<div class=\"elementor-text-editor elementor-clearfix\">\n\t\t\t\t<a style=\"color: #fff;\" href=\"#\"><i class=\"fa fa-file-pdf-o\"><\/i> Katalog g\u00f6r\u00fcnt\u00fcle<\/a>\t\t\t\t\t<\/div>\n\t\t\t\t\t\t<\/div>\n\t\t\t\t<\/div>\n\t\t\t\t\t\t<\/div>\n\t\t\t\t\t<\/div>\n\t\t<\/div>\n\t\t\t\t\t\t\t\t<\/div>\n\t\t\t\t\t<\/div>\n\t\t<\/section>\n\t\t\t\t\t\t\t\t\t<\/div>\n\t\t\t<\/div>\n\t\t\t\t\t<\/div>\n\t\t","protected":false},"excerpt":{"rendered":"<p>Parker Hidrolik Ana Sayfa Markalar\u0131m\u0131z Parker Hidrolik Parker Hidrolik bayili\u011fimiz ile ihtiyac\u0131n\u0131z olan t\u00fcm hidrolik \u00fcr\u00fcnleri ve yedek par\u00e7alar\u0131 tedarik ediyoruz. Arthur L. Parker, i\u015f orta\u011f\u0131 Carl Klamm ile birlikte Cleveland, Ohio&#8217;da k\u00fc\u00e7\u00fck bir \u00e7at\u0131 kat\u0131nda 13 Mart 1917&#8217;de Parker Appliance Company&#8217;yi kurdu. \u015eirket, ilk g\u00fcnlerde kamyonlar, trenler, otob\u00fcsler ve end\u00fcstriyel makineler i\u00e7in pn\u00f6matik fren [&hellip;]<\/p>\n","protected":false},"author":1,"featured_media":0,"parent":0,"menu_order":0,"comment_status":"closed","ping_status":"closed","template":"elementor_header_footer","meta":{"footnotes":""},"class_list":["post-12632","page","type-page","status-publish","hentry"],"yoast_head":"<!-- This site is optimized with the Yoast SEO plugin v15.4 - https:\/\/yoast.com\/wordpress\/plugins\/seo\/ -->\n<title>Parker Hidrolik - Eksen Makina Ltd. \u015eti. |\u00a0TTO T\u00fcrkiye Temsilcisi<\/title>\n<meta name=\"description\" content=\"Parker hidrolik pompa, hidromotor, orijinal tamir tak\u0131mlar\u0131, yedek par\u00e7a stoktan teslim. Eksen Makina ile en kaliteli \u00fcr\u00fcnler en uygun fiyatlara.\" \/>\n<meta name=\"robots\" content=\"index, follow, max-snippet:-1, max-image-preview:large, max-video-preview:-1\" \/>\n<link rel=\"canonical\" href=\"https:\/\/eksenmak.com\/global\/parker-hidrolik-urun-cesitleri-fiyat-listesi\/\" \/>\n<meta property=\"og:locale\" content=\"tr_TR\" \/>\n<meta property=\"og:type\" content=\"article\" \/>\n<meta property=\"og:title\" content=\"Parker Hidrolik - Eksen Makina Ltd. \u015eti. |\u00a0TTO T\u00fcrkiye Temsilcisi\" \/>\n<meta property=\"og:description\" content=\"Parker hidrolik pompa, hidromotor, orijinal tamir tak\u0131mlar\u0131, yedek par\u00e7a stoktan teslim. Eksen Makina ile en kaliteli \u00fcr\u00fcnler en uygun fiyatlara.\" \/>\n<meta property=\"og:url\" content=\"https:\/\/eksenmak.com\/global\/parker-hidrolik-urun-cesitleri-fiyat-listesi\/\" \/>\n<meta property=\"og:site_name\" content=\"Eksen Makina Ltd. \u015eti. |\u00a0TTO T\u00fcrkiye Temsilcisi\" \/>\n<meta property=\"article:modified_time\" content=\"2020-12-23T18:02:44+00:00\" \/>\n<meta property=\"og:image\" content=\"http:\/\/eksenmak.com\/global\/wp-content\/uploads\/2020\/12\/1client_parker.png\" \/>\n<meta name=\"twitter:card\" content=\"summary_large_image\" \/>\n<meta name=\"twitter:label1\" content=\"Written by\">\n\t<meta name=\"twitter:data1\" content=\"halil.tohumoglu\">\n\t<meta name=\"twitter:label2\" content=\"Tahmini okuma s\u00fcresi\">\n\t<meta name=\"twitter:data2\" content=\"1 dakika\">\n<script type=\"application\/ld+json\" class=\"yoast-schema-graph\">{\"@context\":\"https:\/\/schema.org\",\"@graph\":[{\"@type\":\"WebSite\",\"@id\":\"https:\/\/eksenmak.com\/global\/#website\",\"url\":\"https:\/\/eksenmak.com\/global\/\",\"name\":\"Eksen Makina Ltd. \\u015eti. |\\u00a0TTO T\\u00fcrkiye Temsilcisi\",\"description\":\"\",\"potentialAction\":[{\"@type\":\"SearchAction\",\"target\":\"https:\/\/eksenmak.com\/global\/?s={search_term_string}\",\"query-input\":\"required name=search_term_string\"}],\"inLanguage\":\"tr\"},{\"@type\":\"ImageObject\",\"@id\":\"https:\/\/eksenmak.com\/global\/parker-hidrolik-urun-cesitleri-fiyat-listesi\/#primaryimage\",\"inLanguage\":\"tr\",\"url\":\"http:\/\/eksenmak.com\/global\/wp-content\/uploads\/2020\/12\/1client_parker.png\"},{\"@type\":\"WebPage\",\"@id\":\"https:\/\/eksenmak.com\/global\/parker-hidrolik-urun-cesitleri-fiyat-listesi\/#webpage\",\"url\":\"https:\/\/eksenmak.com\/global\/parker-hidrolik-urun-cesitleri-fiyat-listesi\/\",\"name\":\"Parker Hidrolik - Eksen Makina Ltd. \\u015eti. |\\u00a0TTO T\\u00fcrkiye Temsilcisi\",\"isPartOf\":{\"@id\":\"https:\/\/eksenmak.com\/global\/#website\"},\"primaryImageOfPage\":{\"@id\":\"https:\/\/eksenmak.com\/global\/parker-hidrolik-urun-cesitleri-fiyat-listesi\/#primaryimage\"},\"datePublished\":\"2020-12-23T17:57:54+00:00\",\"dateModified\":\"2020-12-23T18:02:44+00:00\",\"description\":\"Parker hidrolik pompa, hidromotor, orijinal tamir tak\\u0131mlar\\u0131, yedek par\\u00e7a stoktan teslim. Eksen Makina ile en kaliteli \\u00fcr\\u00fcnler en uygun fiyatlara.\",\"inLanguage\":\"tr\",\"potentialAction\":[{\"@type\":\"ReadAction\",\"target\":[\"https:\/\/eksenmak.com\/global\/parker-hidrolik-urun-cesitleri-fiyat-listesi\/\"]}]}]}<\/script>\n<!-- \/ Yoast SEO plugin. -->","_links":{"self":[{"href":"https:\/\/eksenmak.com\/global\/wp-json\/wp\/v2\/pages\/12632","targetHints":{"allow":["GET"]}}],"collection":[{"href":"https:\/\/eksenmak.com\/global\/wp-json\/wp\/v2\/pages"}],"about":[{"href":"https:\/\/eksenmak.com\/global\/wp-json\/wp\/v2\/types\/page"}],"author":[{"embeddable":true,"href":"https:\/\/eksenmak.com\/global\/wp-json\/wp\/v2\/users\/1"}],"replies":[{"embeddable":true,"href":"https:\/\/eksenmak.com\/global\/wp-json\/wp\/v2\/comments?post=12632"}],"version-history":[{"count":0,"href":"https:\/\/eksenmak.com\/global\/wp-json\/wp\/v2\/pages\/12632\/revisions"}],"wp:attachment":[{"href":"https:\/\/eksenmak.com\/global\/wp-json\/wp\/v2\/media?parent=12632"}],"curies":[{"name":"wp","href":"https:\/\/api.w.org\/{rel}","templated":true}]}}