{"id":12434,"date":"2020-12-20T18:09:30","date_gmt":"2020-12-20T15:09:30","guid":{"rendered":"http:\/\/eksenmak.com\/global\/?page_id=12434"},"modified":"2020-12-20T18:12:36","modified_gmt":"2020-12-20T15:12:36","slug":"gizlilik-politikasi","status":"publish","type":"page","link":"https:\/\/eksenmak.com\/global\/gizlilik-politikasi\/","title":{"rendered":"Gizlilik Politikas\u0131"},"content":{"rendered":"\t\t<div data-elementor-type=\"wp-page\" data-elementor-id=\"12434\" class=\"elementor elementor-12434\">\n\t\t\t\t\t\t<div class=\"elementor-inner\">\n\t\t\t\t<div class=\"elementor-section-wrap\">\n\t\t\t\t\t\t\t\t\t<section class=\"elementor-section elementor-top-section elementor-element elementor-element-1f4f694 elementor-section-boxed elementor-section-height-default elementor-section-height-default\" data-id=\"1f4f694\" data-element_type=\"section\">\n\t\t\t\t\t\t<div class=\"elementor-container elementor-column-gap-default\">\n\t\t\t\t\t\t\t<div class=\"elementor-row\">\n\t\t\t\t\t<div class=\"elementor-column elementor-col-100 elementor-top-column elementor-element elementor-element-edca43d top column-style-top\" data-id=\"edca43d\" data-element_type=\"column\">\n\t\t\t<div class=\"elementor-column-wrap elementor-element-populated\">\n\t\t\t\t\t\t\t<div class=\"elementor-widget-wrap\">\n\t\t\t\t\t\t<div class=\"elementor-element elementor-element-615b592 elementor-widget elementor-widget-heading\" data-id=\"615b592\" data-element_type=\"widget\" data-widget_type=\"heading.default\">\n\t\t\t\t<div class=\"elementor-widget-container\">\n\t\t\t<h1 class=\"elementor-heading-title elementor-size-default\">Gizlilik Politikas\u0131<\/h1>\t\t<\/div>\n\t\t\t\t<\/div>\n\t\t\t\t\t\t<\/div>\n\t\t\t\t\t<\/div>\n\t\t<\/div>\n\t\t\t\t\t\t\t\t<\/div>\n\t\t\t\t\t<\/div>\n\t\t<\/section>\n\t\t\t\t<section class=\"elementor-section elementor-top-section elementor-element elementor-element-8150c90 elementor-section-boxed elementor-section-height-default elementor-section-height-default\" data-id=\"8150c90\" data-element_type=\"section\">\n\t\t\t\t\t\t<div class=\"elementor-container elementor-column-gap-default\">\n\t\t\t\t\t\t\t<div class=\"elementor-row\">\n\t\t\t\t\t<div class=\"elementor-column elementor-col-100 elementor-top-column elementor-element elementor-element-65ca370 top column-style-top\" data-id=\"65ca370\" data-element_type=\"column\">\n\t\t\t<div class=\"elementor-column-wrap elementor-element-populated\">\n\t\t\t\t\t\t\t<div class=\"elementor-widget-wrap\">\n\t\t\t\t\t\t<div class=\"elementor-element elementor-element-113783e elementor-widget elementor-widget-text-editor\" data-id=\"113783e\" data-element_type=\"widget\" data-widget_type=\"text-editor.default\">\n\t\t\t\t<div class=\"elementor-widget-container\">\n\t\t\t\t\t\t\t\t<div class=\"elementor-text-editor elementor-clearfix\">\n\t\t\t\t<p>1. Bu internet sitesindeki t\u00fcm dok\u00fcmanlar Eksen Makina Ltd. \u015eti. (Bundan sonra Eksen Makina olarak an\u0131lacakt\u0131r.)&#8217;ne aittir. Kod ve yaz\u0131l\u0131m da d\u00e2hil olmak \u00fczere, bu sitedeki hi\u00e7 bir malzemeyi de\u011fi\u015ftiremez, kopyalayamaz, \u00e7o\u011faltamaz, yeniden yay\u0131mlayamaz, ba\u015fka bir bilgisayara y\u00fckleyemez ya da da\u011f\u0131tamazs\u0131n\u0131z.<\/p><p>2. Bu web sitesinde yer alan her t\u00fcrl\u00fc bilgi sadece tan\u0131t\u0131m ve bilgi verme ama\u00e7l\u0131d\u0131r. Kullan\u0131c\u0131 hi\u00e7bir \u015fekilde web sitesinde yer alan bilgilerin eksik veya hatal\u0131 oldu\u011fu ya da bu bilgilere istinaden zarara u\u011frad\u0131\u011f\u0131 iddias\u0131nda bulunamaz. Kullan\u0131c\u0131, bilgileri referans alarak bir i\u015flem yapmak niyetinde oldu\u011funda, nihai ve g\u00fcvenilir enformasyonu, Eksen Makina&#8217;dan temin etmekle y\u00fck\u00fcml\u00fc oldu\u011funu ve web sitesinde yay\u0131nlanan bilgilerin g\u00fcncel olmamas\u0131 nedeniyle Eksen Makina\u00b4n\u0131n herhangi bir sorumlulu\u011fu olmad\u0131\u011f\u0131n\u0131 kabul eder.<\/p><p>3. Eksen Makina , kendi takdirinde olmak \u00fczere sitenin i\u00e7eri\u011fini diledi\u011fi zaman de\u011fi\u015ftirme, kullan\u0131c\u0131lara sa\u011flanan herhangi bir hizmeti de\u011fi\u015ftirme ya da sona erdirme hakk\u0131n\u0131 sakl\u0131 tutar. Eksen Makina web sitesinin hatas\u0131z olmas\u0131 i\u00e7in her t\u00fcrl\u00fc tedbir alm\u0131\u015f olmakla birlikte, sitede mevcut ya da olu\u015fabilecek hatalar ile ilgili herhangi bir garanti vermemektedir.<\/p><p>5. \u0130nternetin yap\u0131s\u0131 gere\u011fi bilgiler internet \u00fczerinde yeterli g\u00fcvenlik \u00f6nlemleri olmaks\u0131z\u0131n dola\u015fabilir ve yetkili olmayan ki\u015filer taraf\u0131ndan al\u0131n\u0131p kullan\u0131labilir. Hi\u00e7bir teknolojik sistem tamamen g\u00fcvenli, &#8220;kurcalama&#8221; ya da &#8220;hacker-korumal\u0131&#8221; de\u011fildir. Eksen Makina, ki\u015fisel bilginize yetkisiz eri\u015fim, hatal\u0131 kullan\u0131m ya da yanl\u0131\u015f de\u011fi\u015fime ili\u015fkin riskleri \u00f6nlemek ve asgariye indirmek i\u00e7in gerekli tedbirleri (yaz\u0131l\u0131m ve donan\u0131m olarak) almaktad\u0131r. Buna ra\u011fmen do\u011facak zarar Eksen Makina&#8217;n\u0131n sorumlulu\u011funda de\u011fildir. Kullan\u0131c\u0131 bireysel olarak gerekli t\u00fcm g\u00fcvenlik \u00f6nlemlerini almak zorundad\u0131r.<\/p><p>6. Baz\u0131 durumlarda, \u015fahs\u0131n\u0131za \u00f6zel olmayan bilgileri toplanabilir. Bu tip bilgilere \u00f6rnek olarak kulland\u0131\u011f\u0131n\u0131z internet web taray\u0131c\u0131n\u0131n t\u00fcr\u00fc, i\u015fletim sisteminiz, sitemize linkle ya da ilanla ula\u015ft\u0131\u011f\u0131n\u0131z sitenin domain ismi verilebilir.<\/p><p>7. Bu politika, T.C. yasalar\u0131na uygun olarak, hi\u00e7bir yasal tezada yer verilmeden y\u00fcr\u00fct\u00fclecektir. E\u011fer bu politikan\u0131n herhangi bir maddesi, yasad\u0131\u015f\u0131, ge\u00e7ersiz ya da herhangi bir nedenden \u00f6t\u00fcr\u00fc yasal a\u00e7\u0131dan uygulanamaz durumdaysa, o halde s\u00f6z konusu madde bu politikadan \u00e7\u0131kar\u0131labilir say\u0131lacak ve geriye kalan maddelerin ge\u00e7erlili\u011fini ve yasal a\u00e7\u0131dan uygulanabilirli\u011fini etkilemeyecektir.<\/p><p>9. Bu internet sitesi \u00fczerinden vermi\u015f oldu\u011funuz hakk\u0131n\u0131zdaki bilgiler hi\u00e7bir \u015fekilde \u00fc\u00e7\u00fcnc\u00fc \u015fah\u0131slarla payla\u015f\u0131lmayacak ya da ticari ama\u00e7la kullan\u0131lmayacakt\u0131r.<\/p><p>10. Bu Siteye girerek ve kullanarak, bu Gizlilik Politikas\u0131\u00b4n\u0131n \u015fartlar\u0131n\u0131 kabul etmi\u015f oluyorsunuz.<\/p>\t\t\t\t\t<\/div>\n\t\t\t\t\t\t<\/div>\n\t\t\t\t<\/div>\n\t\t\t\t\t\t<\/div>\n\t\t\t\t\t<\/div>\n\t\t<\/div>\n\t\t\t\t\t\t\t\t<\/div>\n\t\t\t\t\t<\/div>\n\t\t<\/section>\n\t\t\t\t\t\t\t\t\t<\/div>\n\t\t\t<\/div>\n\t\t\t\t\t<\/div>\n\t\t","protected":false},"excerpt":{"rendered":"<p>Gizlilik Politikas\u0131 1. Bu internet sitesindeki t\u00fcm dok\u00fcmanlar Eksen Makina Ltd. \u015eti. (Bundan sonra Eksen Makina olarak an\u0131lacakt\u0131r.)&#8217;ne aittir. Kod ve yaz\u0131l\u0131m da d\u00e2hil olmak \u00fczere, bu sitedeki hi\u00e7 bir malzemeyi de\u011fi\u015ftiremez, kopyalayamaz, \u00e7o\u011faltamaz, yeniden yay\u0131mlayamaz, ba\u015fka bir bilgisayara y\u00fckleyemez ya da da\u011f\u0131tamazs\u0131n\u0131z. 2. Bu web sitesinde yer alan her t\u00fcrl\u00fc bilgi sadece tan\u0131t\u0131m ve [&hellip;]<\/p>\n","protected":false},"author":1,"featured_media":0,"parent":0,"menu_order":0,"comment_status":"closed","ping_status":"closed","template":"elementor_header_footer","meta":{"footnotes":""},"class_list":["post-12434","page","type-page","status-publish","hentry"],"yoast_head":"<!-- This site is optimized with the Yoast SEO plugin v15.4 - https:\/\/yoast.com\/wordpress\/plugins\/seo\/ -->\n<title>Gizlilik Politikas\u0131 - Eksen Makina Ltd. \u015eti. |\u00a0TTO T\u00fcrkiye Temsilcisi<\/title>\n<meta name=\"robots\" content=\"index, follow, max-snippet:-1, max-image-preview:large, max-video-preview:-1\" \/>\n<link rel=\"canonical\" href=\"https:\/\/eksenmak.com\/global\/gizlilik-politikasi\/\" \/>\n<meta property=\"og:locale\" content=\"tr_TR\" \/>\n<meta property=\"og:type\" content=\"article\" \/>\n<meta property=\"og:title\" content=\"Gizlilik Politikas\u0131 - Eksen Makina Ltd. \u015eti. |\u00a0TTO T\u00fcrkiye Temsilcisi\" \/>\n<meta property=\"og:description\" content=\"Gizlilik Politikas\u0131 1. Bu internet sitesindeki t\u00fcm dok\u00fcmanlar Eksen Makina Ltd. \u015eti. (Bundan sonra Eksen Makina olarak an\u0131lacakt\u0131r.)&#8217;ne aittir. Kod ve yaz\u0131l\u0131m da d\u00e2hil olmak \u00fczere, bu sitedeki hi\u00e7 bir malzemeyi de\u011fi\u015ftiremez, kopyalayamaz, \u00e7o\u011faltamaz, yeniden yay\u0131mlayamaz, ba\u015fka bir bilgisayara y\u00fckleyemez ya da da\u011f\u0131tamazs\u0131n\u0131z. 2. Bu web sitesinde yer alan her t\u00fcrl\u00fc bilgi sadece tan\u0131t\u0131m ve [&hellip;]\" \/>\n<meta property=\"og:url\" content=\"https:\/\/eksenmak.com\/global\/gizlilik-politikasi\/\" \/>\n<meta property=\"og:site_name\" content=\"Eksen Makina Ltd. \u015eti. |\u00a0TTO T\u00fcrkiye Temsilcisi\" \/>\n<meta property=\"article:modified_time\" content=\"2020-12-20T15:12:36+00:00\" \/>\n<meta name=\"twitter:card\" content=\"summary_large_image\" \/>\n<meta name=\"twitter:label1\" content=\"Written by\">\n\t<meta name=\"twitter:data1\" content=\"halil.tohumoglu\">\n\t<meta name=\"twitter:label2\" content=\"Tahmini okuma s\u00fcresi\">\n\t<meta name=\"twitter:data2\" content=\"2 dakika\">\n<script type=\"application\/ld+json\" class=\"yoast-schema-graph\">{\"@context\":\"https:\/\/schema.org\",\"@graph\":[{\"@type\":\"WebSite\",\"@id\":\"https:\/\/eksenmak.com\/global\/#website\",\"url\":\"https:\/\/eksenmak.com\/global\/\",\"name\":\"Eksen Makina Ltd. \\u015eti. |\\u00a0TTO T\\u00fcrkiye Temsilcisi\",\"description\":\"\",\"potentialAction\":[{\"@type\":\"SearchAction\",\"target\":\"https:\/\/eksenmak.com\/global\/?s={search_term_string}\",\"query-input\":\"required name=search_term_string\"}],\"inLanguage\":\"tr\"},{\"@type\":\"WebPage\",\"@id\":\"https:\/\/eksenmak.com\/global\/gizlilik-politikasi\/#webpage\",\"url\":\"https:\/\/eksenmak.com\/global\/gizlilik-politikasi\/\",\"name\":\"Gizlilik Politikas\\u0131 - Eksen Makina Ltd. \\u015eti. |\\u00a0TTO T\\u00fcrkiye Temsilcisi\",\"isPartOf\":{\"@id\":\"https:\/\/eksenmak.com\/global\/#website\"},\"datePublished\":\"2020-12-20T15:09:30+00:00\",\"dateModified\":\"2020-12-20T15:12:36+00:00\",\"inLanguage\":\"tr\",\"potentialAction\":[{\"@type\":\"ReadAction\",\"target\":[\"https:\/\/eksenmak.com\/global\/gizlilik-politikasi\/\"]}]}]}<\/script>\n<!-- \/ Yoast SEO plugin. -->","_links":{"self":[{"href":"https:\/\/eksenmak.com\/global\/wp-json\/wp\/v2\/pages\/12434","targetHints":{"allow":["GET"]}}],"collection":[{"href":"https:\/\/eksenmak.com\/global\/wp-json\/wp\/v2\/pages"}],"about":[{"href":"https:\/\/eksenmak.com\/global\/wp-json\/wp\/v2\/types\/page"}],"author":[{"embeddable":true,"href":"https:\/\/eksenmak.com\/global\/wp-json\/wp\/v2\/users\/1"}],"replies":[{"embeddable":true,"href":"https:\/\/eksenmak.com\/global\/wp-json\/wp\/v2\/comments?post=12434"}],"version-history":[{"count":0,"href":"https:\/\/eksenmak.com\/global\/wp-json\/wp\/v2\/pages\/12434\/revisions"}],"wp:attachment":[{"href":"https:\/\/eksenmak.com\/global\/wp-json\/wp\/v2\/media?parent=12434"}],"curies":[{"name":"wp","href":"https:\/\/api.w.org\/{rel}","templated":true}]}}