{"id":12071,"date":"2020-12-18T22:56:19","date_gmt":"2020-12-18T19:56:19","guid":{"rendered":"http:\/\/eksenmak.com\/global\/?page_id=12071"},"modified":"2020-12-18T22:58:23","modified_gmt":"2020-12-18T19:58:23","slug":"kastas-k705-toz-kecesi-olcu-listesi","status":"publish","type":"page","link":"https:\/\/eksenmak.com\/global\/kastas-k705-toz-kecesi-olcu-listesi\/","title":{"rendered":"K705 Toz Ke\u00e7esi"},"content":{"rendered":"\t\t<div data-elementor-type=\"wp-page\" data-elementor-id=\"12071\" class=\"elementor elementor-12071\">\n\t\t\t\t\t\t<div class=\"elementor-inner\">\n\t\t\t\t<div class=\"elementor-section-wrap\">\n\t\t\t\t\t\t\t\t\t<section class=\"elementor-section elementor-top-section elementor-element elementor-element-7ee50d5 elementor-section-boxed elementor-section-height-default elementor-section-height-default\" data-id=\"7ee50d5\" data-element_type=\"section\">\n\t\t\t\t\t\t<div class=\"elementor-container elementor-column-gap-default\">\n\t\t\t\t\t\t\t<div class=\"elementor-row\">\n\t\t\t\t\t<div class=\"elementor-column elementor-col-100 elementor-top-column elementor-element elementor-element-6221c62 top column-style-top\" data-id=\"6221c62\" data-element_type=\"column\">\n\t\t\t<div class=\"elementor-column-wrap elementor-element-populated\">\n\t\t\t\t\t\t\t<div class=\"elementor-widget-wrap\">\n\t\t\t\t\t\t<div class=\"elementor-element elementor-element-15ce7f0 elementor-widget elementor-widget-shortcode\" data-id=\"15ce7f0\" data-element_type=\"widget\" data-widget_type=\"shortcode.default\">\n\t\t\t\t<div class=\"elementor-widget-container\">\n\t\t\t\t\t<div class=\"elementor-shortcode\"><ul class=\"breadcrumb\">\n  <li><a href=\"http:\/\/eksenmak.com\/global\"><i class=\"fa fa-home\"><\/i><\/a><\/li>\n  <li><a href=\"http:\/\/eksenmak.com\/global\/urun-gruplari\/\">\u00dcr\u00fcn Gruplar\u0131<\/a><\/li>\n    <li><a href=\"http:\/\/eksenmak.com\/global\/kece-cesitleri-ve-fiyatlari\/\">Ke\u00e7eler<\/a><\/li>\n   <li><a href=\"http:\/\/eksenmak.com\/global\/hidrolik-keceler\/\">Hidrolik Ke\u00e7eler<\/a><\/li>\n    <li><a href=\"http:\/\/eksenmak.com\/global\/hidrolik-toz-keceleri\/\">Hidrolik Toz Ke\u00e7eleri<\/a><\/li>\n  <li>K705 Toz Ke\u00e7esi<\/li>\n<\/ul><\/div>\n\t\t\t\t<\/div>\n\t\t\t\t<\/div>\n\t\t\t\t\t\t<\/div>\n\t\t\t\t\t<\/div>\n\t\t<\/div>\n\t\t\t\t\t\t\t\t<\/div>\n\t\t\t\t\t<\/div>\n\t\t<\/section>\n\t\t\t\t<section class=\"elementor-section elementor-top-section elementor-element elementor-element-65b8fb2 elementor-section-boxed elementor-section-height-default elementor-section-height-default\" data-id=\"65b8fb2\" data-element_type=\"section\">\n\t\t\t\t\t\t<div class=\"elementor-container elementor-column-gap-default\">\n\t\t\t\t\t\t\t<div class=\"elementor-row\">\n\t\t\t\t\t<div class=\"elementor-column elementor-col-100 elementor-top-column elementor-element elementor-element-81f3120 top column-style-top\" data-id=\"81f3120\" data-element_type=\"column\">\n\t\t\t<div class=\"elementor-column-wrap elementor-element-populated\">\n\t\t\t\t\t\t\t<div class=\"elementor-widget-wrap\">\n\t\t\t\t\t\t<div class=\"elementor-element elementor-element-da41267 elementor-widget elementor-widget-heading\" data-id=\"da41267\" data-element_type=\"widget\" data-widget_type=\"heading.default\">\n\t\t\t\t<div class=\"elementor-widget-container\">\n\t\t\t<h1 class=\"elementor-heading-title elementor-size-default\">K705 Toz Ke\u00e7esi<\/h1>\t\t<\/div>\n\t\t\t\t<\/div>\n\t\t\t\t\t\t<\/div>\n\t\t\t\t\t<\/div>\n\t\t<\/div>\n\t\t\t\t\t\t\t\t<\/div>\n\t\t\t\t\t<\/div>\n\t\t<\/section>\n\t\t\t\t<section class=\"elementor-section elementor-top-section elementor-element elementor-element-fff8a2d elementor-section-boxed elementor-section-height-default elementor-section-height-default\" data-id=\"fff8a2d\" data-element_type=\"section\">\n\t\t\t\t\t\t<div class=\"elementor-container elementor-column-gap-default\">\n\t\t\t\t\t\t\t<div class=\"elementor-row\">\n\t\t\t\t\t<div class=\"elementor-column elementor-col-100 elementor-top-column elementor-element elementor-element-d5ea96c top column-style-top\" data-id=\"d5ea96c\" data-element_type=\"column\">\n\t\t\t<div class=\"elementor-column-wrap elementor-element-populated\">\n\t\t\t\t\t\t\t<div class=\"elementor-widget-wrap\">\n\t\t\t\t\t\t<div class=\"elementor-element elementor-element-901a197 elementor-widget elementor-widget-image\" data-id=\"901a197\" data-element_type=\"widget\" data-widget_type=\"image.default\">\n\t\t\t\t<div class=\"elementor-widget-container\">\n\t\t\t\t\t\t\t\t<div class=\"elementor-image\">\n\t\t\t\t\t\t\t\t\t\t\t\t<img loading=\"lazy\" decoding=\"async\" width=\"690\" height=\"261\" src=\"https:\/\/eksenmak.com\/global\/wp-content\/uploads\/2020\/12\/K705.jpg\" class=\"attachment-large size-large\" alt=\"\" srcset=\"https:\/\/eksenmak.com\/global\/wp-content\/uploads\/2020\/12\/K705.jpg 690w, https:\/\/eksenmak.com\/global\/wp-content\/uploads\/2020\/12\/K705-550x208.jpg 550w\" sizes=\"auto, (max-width: 690px) 100vw, 690px\" \/>\t\t\t\t\t\t\t\t\t\t\t\t\t\t<\/div>\n\t\t\t\t\t\t<\/div>\n\t\t\t\t<\/div>\n\t\t\t\t\t\t<\/div>\n\t\t\t\t\t<\/div>\n\t\t<\/div>\n\t\t\t\t\t\t\t\t<\/div>\n\t\t\t\t\t<\/div>\n\t\t<\/section>\n\t\t\t\t<section class=\"elementor-section elementor-top-section elementor-element elementor-element-b1aab48 elementor-section-boxed elementor-section-height-default elementor-section-height-default\" data-id=\"b1aab48\" data-element_type=\"section\">\n\t\t\t\t\t\t<div class=\"elementor-container elementor-column-gap-default\">\n\t\t\t\t\t\t\t<div class=\"elementor-row\">\n\t\t\t\t\t<div class=\"elementor-column elementor-col-100 elementor-top-column elementor-element elementor-element-82801f1 top column-style-top\" data-id=\"82801f1\" data-element_type=\"column\">\n\t\t\t<div class=\"elementor-column-wrap elementor-element-populated\">\n\t\t\t\t\t\t\t<div class=\"elementor-widget-wrap\">\n\t\t\t\t\t\t<div class=\"elementor-element elementor-element-816e391 elementor-widget elementor-widget-eael-advanced-data-table\" data-id=\"816e391\" data-element_type=\"widget\" data-widget_type=\"eael-advanced-data-table.default\">\n\t\t\t\t<div class=\"elementor-widget-container\">\n\t\t\t<div class=\"ea-advanced-data-table-wrap\" data-id=\"816e391\"><div class=\"ea-advanced-data-table-search-wrap ea-advanced-data-table-search-right\"><input type=\"search\" placeholder=\"\u00d6l\u00e7\u00fc aray\u0131n\" class=\"ea-advanced-data-table-search\"><\/div><div class=\"ea-advanced-data-table-wrap-inner\">\n                <table class=\"ea-advanced-data-table ea-advanced-data-table-static ea-advanced-data-table-816e391 ea-advanced-data-table-sortable ea-advanced-data-table-paginated ea-advanced-data-table-searchable\" data-id=\"816e391\" data-items-per-page=\"80\"><thead><tr><th> \u00dcR\u00dcN KODU<\/th><th> d(f8)<\/th><th> D(H9)<\/th><th> D1(-0\/+0.2)<\/th><th> B(-0\/+0.2)<\/th><th> B1<\/th><th> r<\/th><th> n<\/th><\/tr><\/thead><tbody><tr><td> K705-040<\/td><td>40<\/td><td>48.8<\/td><td>41.5<\/td><td>6.3<\/td><td>10.3<\/td><td>1.2<\/td><td>3<\/td><\/tr><tr><td> K705-045<\/td><td>45<\/td><td>53.8<\/td><td>46.5<\/td><td>6.3<\/td><td>10.3<\/td><td>1.2<\/td><td>3<\/td><\/tr><tr><td> K705-050<\/td><td>50<\/td><td>58.8<\/td><td>51.5<\/td><td>6.3<\/td><td>10.3<\/td><td>1.2<\/td><td>3<\/td><\/tr><tr><td> K705-055<\/td><td>55<\/td><td>63.8<\/td><td>56.5<\/td><td>6.3<\/td><td>10.3<\/td><td>1.2<\/td><td>4<\/td><\/tr><tr><td> K705-056<\/td><td>56<\/td><td>64.8<\/td><td>57.5<\/td><td>6.3<\/td><td>10.3<\/td><td>1.2<\/td><td>4<\/td><\/tr><tr><td> K705-060<\/td><td>60<\/td><td>68.8<\/td><td>61.5<\/td><td>6.3<\/td><td>10.3<\/td><td>1.2<\/td><td>4<\/td><\/tr><tr><td> K705-063<\/td><td>63<\/td><td>71.8<\/td><td>64.5<\/td><td>6.3<\/td><td>10.3<\/td><td>1.2<\/td><td>4<\/td><\/tr><tr><td> K705-065<\/td><td>65<\/td><td>73.8<\/td><td>66.5<\/td><td>6.3<\/td><td>10.3<\/td><td>1.2<\/td><td>4<\/td><\/tr><tr><td> K705-070<\/td><td>70<\/td><td>82.2<\/td><td>72<\/td><td>8.1<\/td><td>12.1<\/td><td>2<\/td><td>4<\/td><\/tr><tr><td> K705-075<\/td><td>75<\/td><td>87.2<\/td><td>77<\/td><td>8.1<\/td><td>12.1<\/td><td>2<\/td><td>4<\/td><\/tr><tr><td> K705-080<\/td><td>80<\/td><td>92.2<\/td><td>82<\/td><td>8.1<\/td><td>12.1<\/td><td>2<\/td><td>4<\/td><\/tr><tr><td> K705-085<\/td><td>85<\/td><td>97.2<\/td><td>87<\/td><td>8.1<\/td><td>12.1<\/td><td>2<\/td><td>4<\/td><\/tr><tr><td> K705-090<\/td><td>90<\/td><td>102.2<\/td><td>92<\/td><td>8.1<\/td><td>12.1<\/td><td>2<\/td><td>4<\/td><\/tr><tr><td> K705-100<\/td><td>100<\/td><td>112.2<\/td><td>102<\/td><td>8.1<\/td><td>12.1<\/td><td>2<\/td><td>4<\/td><\/tr><tr><td> K705-105<\/td><td>105<\/td><td>117.2<\/td><td>107<\/td><td>8.1<\/td><td>12.1<\/td><td>2<\/td><td>4<\/td><\/tr><tr><td> K705-110<\/td><td>110<\/td><td>122.2<\/td><td>112<\/td><td>8.1<\/td><td>12.1<\/td><td>2<\/td><td>4<\/td><\/tr><tr><td> K705-115<\/td><td>115<\/td><td>127.2<\/td><td>117<\/td><td>8.1<\/td><td>12.1<\/td><td>2<\/td><td>4<\/td><\/tr><tr><td> K705-120<\/td><td>120<\/td><td>132.1<\/td><td>122<\/td><td>8.1<\/td><td>12.1<\/td><td>2<\/td><td>4<\/td><\/tr><tr><td> K705-125<\/td><td>125<\/td><td>137.2<\/td><td>127<\/td><td>8.1<\/td><td>12.1<\/td><td>2<\/td><td>6<\/td><\/tr><tr><td> K705-130<\/td><td>130<\/td><td>142.2<\/td><td>132<\/td><td>8.1<\/td><td>12.1<\/td><td>2<\/td><td>6<\/td><\/tr><tr><td> K705-135<\/td><td>135<\/td><td>147.2<\/td><td>137<\/td><td>8.1<\/td><td>12.1<\/td><td>2<\/td><td>6<\/td><\/tr><tr><td> K705-140<\/td><td>140<\/td><td>156<\/td><td>142<\/td><td>11.5<\/td><td>15.5<\/td><td>2<\/td><td>6<\/td><\/tr><tr><td> K705-150<\/td><td>150<\/td><td>166<\/td><td>152<\/td><td>11.5<\/td><td>15.5<\/td><td>2<\/td><td>6<\/td><\/tr><tr><td> K705-155<\/td><td>155<\/td><td>171<\/td><td>157<\/td><td>11.5<\/td><td>15.5<\/td><td>2<\/td><td>6<\/td><\/tr><tr><td> K705-160<\/td><td>160<\/td><td>176<\/td><td>162<\/td><td>11.5<\/td><td>15.5<\/td><td>2<\/td><td>6<\/td><\/tr><tr><td> K705-170<\/td><td>170<\/td><td>186<\/td><td>172<\/td><td>11.5<\/td><td>15.5<\/td><td>2<\/td><td>6<\/td><\/tr><tr><td> K705-180<\/td><td>180<\/td><td>196<\/td><td>182<\/td><td>11.5<\/td><td>15.5<\/td><td>2<\/td><td>6<\/td><\/tr><tr><td> K705-190<\/td><td>190<\/td><td>206<\/td><td>192<\/td><td>11.5<\/td><td>15.5<\/td><td>2<\/td><td>6<\/td><\/tr><tr><td> K705-200<\/td><td>200<\/td><td>216<\/td><td>202<\/td><td>11.5<\/td><td>15.5<\/td><td>2<\/td><td>6<\/td><\/tr><tr><td> K705-220<\/td><td>220<\/td><td>236<\/td><td>222<\/td><td>11.5<\/td><td>15.5<\/td><td>2<\/td><td>6<\/td><\/tr><tr><td> K705-230<\/td><td>230<\/td><td>246<\/td><td>232<\/td><td>11.5<\/td><td>15.5<\/td><td>2<\/td><td>8<\/td><\/tr><tr><td> K705-240<\/td><td>240<\/td><td>256<\/td><td>242<\/td><td>11.5<\/td><td>15.5<\/td><td>2<\/td><td>8<\/td><\/tr><tr><td> K705-250<\/td><td>250<\/td><td>266<\/td><td>252<\/td><td>11.5<\/td><td>15.5<\/td><td>2<\/td><td>8<\/td><\/tr><tr><td> K705-265\/1<\/td><td>265<\/td><td>281<\/td><td>267<\/td><td>11.5<\/td><td>15.5<\/td><td>2<\/td><td>8<\/td><\/tr><tr><td> K705-290<\/td><td>290<\/td><td>306<\/td><td>292<\/td><td>11.5<\/td><td>15.5<\/td><td>2<\/td><td>8<\/td><\/tr><tr><td> K705-300<\/td><td>300<\/td><td>316<\/td><td>302<\/td><td>11.5<\/td><td>15.5<\/td><td>2<\/td><td>8<\/td><\/tr><tr><td> K705-310<\/td><td>310<\/td><td>326<\/td><td>312<\/td><td>11.5<\/td><td>15.5<\/td><td>2<\/td><td>8<\/td><\/tr><tr><td> K705-320<\/td><td>320<\/td><td>336<\/td><td>322<\/td><td>11.5<\/td><td>15.5<\/td><td>2<\/td><td>8<\/td><\/tr><tr><td> K705-330<\/td><td>330<\/td><td>346<\/td><td>332<\/td><td>11.5<\/td><td>15.5<\/td><td>2<\/td><td>8<\/td><\/tr><tr><td> K705-370<\/td><td>370<\/td><td>386<\/td><td>372<\/td><td>11.5<\/td><td>15.5<\/td><td>2<\/td><td>8<\/td><\/tr><tr><td> K705-380<\/td><td>380<\/td><td>396<\/td><td>382<\/td><td>11.5<\/td><td>15.5<\/td><td>2<\/td><td>8<\/td><\/tr><tr><td> K705-570<\/td><td>570<\/td><td>594<\/td><td>572.5<\/td><td>15.5<\/td><td>19.5<\/td><td>2<\/td><td>8<\/td><\/tr><\/tbody><\/table>\n            <\/div><div class=\"ea-advanced-data-table-pagination ea-advanced-data-table-pagination-button clearfix\"><\/div><\/div>\t\t<\/div>\n\t\t\t\t<\/div>\n\t\t\t\t\t\t<\/div>\n\t\t\t\t\t<\/div>\n\t\t<\/div>\n\t\t\t\t\t\t\t\t<\/div>\n\t\t\t\t\t<\/div>\n\t\t<\/section>\n\t\t\t\t<section class=\"elementor-section elementor-top-section elementor-element elementor-element-6836ddd elementor-section-boxed elementor-section-height-default elementor-section-height-default\" data-id=\"6836ddd\" data-element_type=\"section\" data-settings=\"{&quot;background_background&quot;:&quot;classic&quot;}\">\n\t\t\t\t\t\t<div class=\"elementor-container elementor-column-gap-default\">\n\t\t\t\t\t\t\t<div class=\"elementor-row\">\n\t\t\t\t\t<div class=\"elementor-column elementor-col-50 elementor-top-column elementor-element elementor-element-7f58afb top column-style-top\" data-id=\"7f58afb\" data-element_type=\"column\">\n\t\t\t<div class=\"elementor-column-wrap elementor-element-populated\">\n\t\t\t\t\t\t\t<div class=\"elementor-widget-wrap\">\n\t\t\t\t\t\t<section class=\"elementor-section elementor-inner-section elementor-element elementor-element-79222ed elementor-section-boxed elementor-section-height-default elementor-section-height-default\" data-id=\"79222ed\" data-element_type=\"section\" data-settings=\"{&quot;background_background&quot;:&quot;classic&quot;}\">\n\t\t\t\t\t\t<div class=\"elementor-container elementor-column-gap-default\">\n\t\t\t\t\t\t\t<div class=\"elementor-row\">\n\t\t\t\t\t<div class=\"elementor-column elementor-col-50 elementor-inner-column elementor-element elementor-element-5809c8b top column-style-top\" data-id=\"5809c8b\" data-element_type=\"column\">\n\t\t\t<div class=\"elementor-column-wrap elementor-element-populated\">\n\t\t\t\t\t\t\t<div class=\"elementor-widget-wrap\">\n\t\t\t\t\t\t<div class=\"elementor-element elementor-element-5660a0d elementor-widget elementor-widget-image\" data-id=\"5660a0d\" data-element_type=\"widget\" data-widget_type=\"image.default\">\n\t\t\t\t<div class=\"elementor-widget-container\">\n\t\t\t\t\t\t\t\t<div class=\"elementor-image\">\n\t\t\t\t\t\t\t\t\t\t\t\t<img decoding=\"async\" src=\"http:\/\/eksenmak.com\/main\/wp-content\/uploads\/2020\/04\/tlp-icon.jpg\" title=\"\" alt=\"\" \/>\t\t\t\t\t\t\t\t\t\t\t\t\t\t<\/div>\n\t\t\t\t\t\t<\/div>\n\t\t\t\t<\/div>\n\t\t\t\t\t\t<\/div>\n\t\t\t\t\t<\/div>\n\t\t<\/div>\n\t\t\t\t<div class=\"elementor-column elementor-col-50 elementor-inner-column elementor-element elementor-element-ea8a702 top column-style-top\" data-id=\"ea8a702\" data-element_type=\"column\">\n\t\t\t<div class=\"elementor-column-wrap elementor-element-populated\">\n\t\t\t\t\t\t\t<div class=\"elementor-widget-wrap\">\n\t\t\t\t\t\t<div class=\"elementor-element elementor-element-259e693 elementor-widget elementor-widget-heading\" data-id=\"259e693\" data-element_type=\"widget\" data-widget_type=\"heading.default\">\n\t\t\t\t<div class=\"elementor-widget-container\">\n\t\t\t<h1 class=\"elementor-heading-title elementor-size-default\">Size teklif vermek i\u00e7in haz\u0131r\u0131z. L\u00fctfen talep listenizi g\u00f6nderiniz.<\/h1>\t\t<\/div>\n\t\t\t\t<\/div>\n\t\t\t\t<div class=\"elementor-element elementor-element-8be8788 elementor-widget elementor-widget-elementskit-button\" data-id=\"8be8788\" data-element_type=\"widget\" data-widget_type=\"elementskit-button.default\">\n\t\t\t\t<div class=\"elementor-widget-container\">\n\t\t\t<div class=\"ekit-wid-con\" >\t\t<div class=\"ekit-btn-wraper\">\n\t\t\t\t\t\t\t<a href=\"http:\/\/eksenmak.com\/global\/hidrolik-kece-teklif-talebi\/\" target=\"_blank\" rel=\"nofollow\" class=\"elementskit-btn  whitespace--normal\" >\n\t\t\t\t\t\n\t\t\t\t\t\n\t\t\t\t\tTeklif isteyin\t\t\t\t<\/a>\n\t\t\t\t\t\t<\/div>\n        <\/div>\t\t<\/div>\n\t\t\t\t<\/div>\n\t\t\t\t\t\t<\/div>\n\t\t\t\t\t<\/div>\n\t\t<\/div>\n\t\t\t\t\t\t\t\t<\/div>\n\t\t\t\t\t<\/div>\n\t\t<\/section>\n\t\t\t\t\t\t<\/div>\n\t\t\t\t\t<\/div>\n\t\t<\/div>\n\t\t\t\t<div class=\"elementor-column elementor-col-50 elementor-top-column elementor-element elementor-element-e2a0009 top column-style-top\" data-id=\"e2a0009\" data-element_type=\"column\">\n\t\t\t<div class=\"elementor-column-wrap elementor-element-populated\">\n\t\t\t\t\t\t\t<div class=\"elementor-widget-wrap\">\n\t\t\t\t\t\t<section class=\"elementor-section elementor-inner-section elementor-element elementor-element-af652f8 elementor-section-boxed elementor-section-height-default elementor-section-height-default\" data-id=\"af652f8\" data-element_type=\"section\" data-settings=\"{&quot;background_background&quot;:&quot;classic&quot;}\">\n\t\t\t\t\t\t<div class=\"elementor-container elementor-column-gap-default\">\n\t\t\t\t\t\t\t<div class=\"elementor-row\">\n\t\t\t\t\t<div class=\"elementor-column elementor-col-50 elementor-inner-column elementor-element elementor-element-53dabe3 top column-style-top\" data-id=\"53dabe3\" data-element_type=\"column\">\n\t\t\t<div class=\"elementor-column-wrap elementor-element-populated\">\n\t\t\t\t\t\t\t<div class=\"elementor-widget-wrap\">\n\t\t\t\t\t\t<div class=\"elementor-element elementor-element-fe5b520 elementor-widget elementor-widget-image\" data-id=\"fe5b520\" data-element_type=\"widget\" data-widget_type=\"image.default\">\n\t\t\t\t<div class=\"elementor-widget-container\">\n\t\t\t\t\t\t\t\t<div class=\"elementor-image\">\n\t\t\t\t\t\t\t\t\t\t\t\t<img decoding=\"async\" src=\"http:\/\/eksenmak.com\/main\/wp-content\/uploads\/2020\/04\/consultant-phone.jpg\" title=\"\" alt=\"\" \/>\t\t\t\t\t\t\t\t\t\t\t\t\t\t<\/div>\n\t\t\t\t\t\t<\/div>\n\t\t\t\t<\/div>\n\t\t\t\t\t\t<\/div>\n\t\t\t\t\t<\/div>\n\t\t<\/div>\n\t\t\t\t<div class=\"elementor-column elementor-col-50 elementor-inner-column elementor-element elementor-element-362b2b3 top column-style-top\" data-id=\"362b2b3\" data-element_type=\"column\">\n\t\t\t<div class=\"elementor-column-wrap elementor-element-populated\">\n\t\t\t\t\t\t\t<div class=\"elementor-widget-wrap\">\n\t\t\t\t\t\t<div class=\"elementor-element elementor-element-1c29d5a elementor-widget elementor-widget-heading\" data-id=\"1c29d5a\" data-element_type=\"widget\" data-widget_type=\"heading.default\">\n\t\t\t\t<div class=\"elementor-widget-container\">\n\t\t\t<h1 class=\"elementor-heading-title elementor-size-default\">Bir uzmanla g\u00f6r\u00fc\u015ferek talebinize en uygun \u00e7\u00f6z\u00fcm\u00fc bulun.<\/h1>\t\t<\/div>\n\t\t\t\t<\/div>\n\t\t\t\t<div class=\"elementor-element elementor-element-2045ae1 elementor-widget elementor-widget-elementskit-button\" data-id=\"2045ae1\" data-element_type=\"widget\" data-widget_type=\"elementskit-button.default\">\n\t\t\t\t<div class=\"elementor-widget-container\">\n\t\t\t<div class=\"ekit-wid-con\" >\t\t<div class=\"ekit-btn-wraper\">\n\t\t\t\t\t\t\t<a href=\"http:\/\/eksenmak.com\/global\/beni-arayin\/\" target=\"_blank\" rel=\"nofollow\" class=\"elementskit-btn  whitespace--normal\" >\n\t\t\t\t\t\n\t\t\t\t\t\n\t\t\t\t\tBeni aray\u0131n\t\t\t\t<\/a>\n\t\t\t\t\t\t<\/div>\n        <\/div>\t\t<\/div>\n\t\t\t\t<\/div>\n\t\t\t\t\t\t<\/div>\n\t\t\t\t\t<\/div>\n\t\t<\/div>\n\t\t\t\t\t\t\t\t<\/div>\n\t\t\t\t\t<\/div>\n\t\t<\/section>\n\t\t\t\t\t\t<\/div>\n\t\t\t\t\t<\/div>\n\t\t<\/div>\n\t\t\t\t\t\t\t\t<\/div>\n\t\t\t\t\t<\/div>\n\t\t<\/section>\n\t\t\t\t<section class=\"elementor-section elementor-top-section elementor-element elementor-element-a842ea8 elementor-section-boxed elementor-section-height-default elementor-section-height-default\" data-id=\"a842ea8\" data-element_type=\"section\">\n\t\t\t\t\t\t<div class=\"elementor-container elementor-column-gap-default\">\n\t\t\t\t\t\t\t<div class=\"elementor-row\">\n\t\t\t\t\t<div class=\"elementor-column elementor-col-100 elementor-top-column elementor-element elementor-element-b02fe3a top column-style-top\" data-id=\"b02fe3a\" data-element_type=\"column\">\n\t\t\t<div class=\"elementor-column-wrap elementor-element-populated\">\n\t\t\t\t\t\t\t<div class=\"elementor-widget-wrap\">\n\t\t\t\t\t\t<div class=\"elementor-element elementor-element-25a13e7 elementor-widget elementor-widget-elementskit-heading\" data-id=\"25a13e7\" data-element_type=\"widget\" data-widget_type=\"elementskit-heading.default\">\n\t\t\t\t<div class=\"elementor-widget-container\">\n\t\t\t<div class=\"ekit-wid-con\" ><div class=\"ekit-heading elementskit-section-title-wraper text_left   ekit_heading_tablet-   ekit_heading_mobile-\">\t\t\t\t<div class='ekit-heading__description'>\n\t\t\t\t\t<p><strong>Kasta\u015f K705 Toz Ke\u00e7esi <\/strong>\u00e7e\u015fitleri ve \u00f6l\u00e7\u00fc listesi hakk\u0131nda detayl\u0131 bilgi edinin. Eksen Makina olarak en kaliteli markalar <strong>(Kasta\u015f, Merkel, Parker, Nok, TSS)<\/strong> ile i\u015f ortakl\u0131\u011f\u0131m\u0131z ve ithalatlar\u0131m\u0131z sayesinde en uygun fiyat\u0131 sunuyoruz.<\/p>\n\t\t\t\t<\/div>\n\t\t\t<\/div><\/div>\t\t<\/div>\n\t\t\t\t<\/div>\n\t\t\t\t\t\t<\/div>\n\t\t\t\t\t<\/div>\n\t\t<\/div>\n\t\t\t\t\t\t\t\t<\/div>\n\t\t\t\t\t<\/div>\n\t\t<\/section>\n\t\t\t\t\t\t\t\t\t<\/div>\n\t\t\t<\/div>\n\t\t\t\t\t<\/div>\n\t\t","protected":false},"excerpt":{"rendered":"<p>\u00dcr\u00fcn Gruplar\u0131 Ke\u00e7eler Hidrolik Ke\u00e7eler Hidrolik Toz Ke\u00e7eleri K705 Toz Ke\u00e7esi K705 Toz Ke\u00e7esi \u00dcR\u00dcN KODU d(f8) D(H9) D1(-0\/+0.2) B(-0\/+0.2) B1 r n K705-040 40 48.8 41.5 6.3 10.3 1.2 3 K705-045 45 53.8 46.5 6.3 10.3 1.2 3 K705-050 50 58.8 51.5 6.3 10.3 1.2 3 K705-055 55 63.8 56.5 6.3 10.3 1.2 4 [&hellip;]<\/p>\n","protected":false},"author":1,"featured_media":0,"parent":0,"menu_order":0,"comment_status":"closed","ping_status":"closed","template":"elementor_header_footer","meta":{"footnotes":""},"class_list":["post-12071","page","type-page","status-publish","hentry"],"yoast_head":"<!-- This site is optimized with the Yoast SEO plugin v15.4 - https:\/\/yoast.com\/wordpress\/plugins\/seo\/ -->\n<title>K705 Toz Ke\u00e7esi - Eksen Makina Ltd. \u015eti. |\u00a0TTO T\u00fcrkiye Temsilcisi<\/title>\n<meta name=\"description\" content=\"Kasta\u015f k705 toz ke\u00e7esi hidrolik toz ke\u00e7e \u00f6l\u00e7\u00fc listesi ve fiyat teklifi isteyin.\" \/>\n<meta name=\"robots\" content=\"index, follow, max-snippet:-1, max-image-preview:large, max-video-preview:-1\" \/>\n<link rel=\"canonical\" href=\"https:\/\/eksenmak.com\/global\/kastas-k705-toz-kecesi-olcu-listesi\/\" \/>\n<meta property=\"og:locale\" content=\"tr_TR\" \/>\n<meta property=\"og:type\" content=\"article\" \/>\n<meta property=\"og:title\" content=\"K705 Toz Ke\u00e7esi - Eksen Makina Ltd. \u015eti. |\u00a0TTO T\u00fcrkiye Temsilcisi\" \/>\n<meta property=\"og:description\" content=\"Kasta\u015f k705 toz ke\u00e7esi hidrolik toz ke\u00e7e \u00f6l\u00e7\u00fc listesi ve fiyat teklifi isteyin.\" \/>\n<meta property=\"og:url\" content=\"https:\/\/eksenmak.com\/global\/kastas-k705-toz-kecesi-olcu-listesi\/\" \/>\n<meta property=\"og:site_name\" content=\"Eksen Makina Ltd. \u015eti. |\u00a0TTO T\u00fcrkiye Temsilcisi\" \/>\n<meta property=\"article:modified_time\" content=\"2020-12-18T19:58:23+00:00\" \/>\n<meta property=\"og:image\" content=\"http:\/\/eksenmak.com\/global\/wp-content\/uploads\/2020\/12\/K705.jpg\" \/>\n<meta name=\"twitter:card\" content=\"summary_large_image\" \/>\n<meta name=\"twitter:label1\" content=\"Written by\">\n\t<meta name=\"twitter:data1\" content=\"halil.tohumoglu\">\n\t<meta name=\"twitter:label2\" content=\"Tahmini okuma s\u00fcresi\">\n\t<meta name=\"twitter:data2\" content=\"1 dakika\">\n<script type=\"application\/ld+json\" class=\"yoast-schema-graph\">{\"@context\":\"https:\/\/schema.org\",\"@graph\":[{\"@type\":\"WebSite\",\"@id\":\"https:\/\/eksenmak.com\/global\/#website\",\"url\":\"https:\/\/eksenmak.com\/global\/\",\"name\":\"Eksen Makina Ltd. \\u015eti. |\\u00a0TTO T\\u00fcrkiye Temsilcisi\",\"description\":\"\",\"potentialAction\":[{\"@type\":\"SearchAction\",\"target\":\"https:\/\/eksenmak.com\/global\/?s={search_term_string}\",\"query-input\":\"required name=search_term_string\"}],\"inLanguage\":\"tr\"},{\"@type\":\"ImageObject\",\"@id\":\"https:\/\/eksenmak.com\/global\/kastas-k705-toz-kecesi-olcu-listesi\/#primaryimage\",\"inLanguage\":\"tr\",\"url\":\"http:\/\/eksenmak.com\/global\/wp-content\/uploads\/2020\/12\/K705.jpg\"},{\"@type\":\"WebPage\",\"@id\":\"https:\/\/eksenmak.com\/global\/kastas-k705-toz-kecesi-olcu-listesi\/#webpage\",\"url\":\"https:\/\/eksenmak.com\/global\/kastas-k705-toz-kecesi-olcu-listesi\/\",\"name\":\"K705 Toz Ke\\u00e7esi - Eksen Makina Ltd. \\u015eti. |\\u00a0TTO T\\u00fcrkiye Temsilcisi\",\"isPartOf\":{\"@id\":\"https:\/\/eksenmak.com\/global\/#website\"},\"primaryImageOfPage\":{\"@id\":\"https:\/\/eksenmak.com\/global\/kastas-k705-toz-kecesi-olcu-listesi\/#primaryimage\"},\"datePublished\":\"2020-12-18T19:56:19+00:00\",\"dateModified\":\"2020-12-18T19:58:23+00:00\",\"description\":\"Kasta\\u015f k705 toz ke\\u00e7esi hidrolik toz ke\\u00e7e \\u00f6l\\u00e7\\u00fc listesi ve fiyat teklifi isteyin.\",\"inLanguage\":\"tr\",\"potentialAction\":[{\"@type\":\"ReadAction\",\"target\":[\"https:\/\/eksenmak.com\/global\/kastas-k705-toz-kecesi-olcu-listesi\/\"]}]}]}<\/script>\n<!-- \/ Yoast SEO plugin. -->","_links":{"self":[{"href":"https:\/\/eksenmak.com\/global\/wp-json\/wp\/v2\/pages\/12071","targetHints":{"allow":["GET"]}}],"collection":[{"href":"https:\/\/eksenmak.com\/global\/wp-json\/wp\/v2\/pages"}],"about":[{"href":"https:\/\/eksenmak.com\/global\/wp-json\/wp\/v2\/types\/page"}],"author":[{"embeddable":true,"href":"https:\/\/eksenmak.com\/global\/wp-json\/wp\/v2\/users\/1"}],"replies":[{"embeddable":true,"href":"https:\/\/eksenmak.com\/global\/wp-json\/wp\/v2\/comments?post=12071"}],"version-history":[{"count":0,"href":"https:\/\/eksenmak.com\/global\/wp-json\/wp\/v2\/pages\/12071\/revisions"}],"wp:attachment":[{"href":"https:\/\/eksenmak.com\/global\/wp-json\/wp\/v2\/media?parent=12071"}],"curies":[{"name":"wp","href":"https:\/\/api.w.org\/{rel}","templated":true}]}}