{"id":12061,"date":"2020-12-18T22:50:20","date_gmt":"2020-12-18T19:50:20","guid":{"rendered":"http:\/\/eksenmak.com\/global\/?page_id=12061"},"modified":"2020-12-18T22:52:12","modified_gmt":"2020-12-18T19:52:12","slug":"kastas-k103-nutring-dudakli-toz-kecesi-olculeri","status":"publish","type":"page","link":"https:\/\/eksenmak.com\/global\/kastas-k103-nutring-dudakli-toz-kecesi-olculeri\/","title":{"rendered":"K103 Nutring Dudakl\u0131 Toz Ke\u00e7esi"},"content":{"rendered":"\t\t<div data-elementor-type=\"wp-page\" data-elementor-id=\"12061\" class=\"elementor elementor-12061\">\n\t\t\t\t\t\t<div class=\"elementor-inner\">\n\t\t\t\t<div class=\"elementor-section-wrap\">\n\t\t\t\t\t\t\t\t\t<section class=\"elementor-section elementor-top-section elementor-element elementor-element-7ee50d5 elementor-section-boxed elementor-section-height-default elementor-section-height-default\" data-id=\"7ee50d5\" data-element_type=\"section\">\n\t\t\t\t\t\t<div class=\"elementor-container elementor-column-gap-default\">\n\t\t\t\t\t\t\t<div class=\"elementor-row\">\n\t\t\t\t\t<div class=\"elementor-column elementor-col-100 elementor-top-column elementor-element elementor-element-6221c62 top column-style-top\" data-id=\"6221c62\" data-element_type=\"column\">\n\t\t\t<div class=\"elementor-column-wrap elementor-element-populated\">\n\t\t\t\t\t\t\t<div class=\"elementor-widget-wrap\">\n\t\t\t\t\t\t<div class=\"elementor-element elementor-element-15ce7f0 elementor-widget elementor-widget-shortcode\" data-id=\"15ce7f0\" data-element_type=\"widget\" data-widget_type=\"shortcode.default\">\n\t\t\t\t<div class=\"elementor-widget-container\">\n\t\t\t\t\t<div class=\"elementor-shortcode\"><ul class=\"breadcrumb\">\n  <li><a href=\"http:\/\/eksenmak.com\/global\"><i class=\"fa fa-home\"><\/i><\/a><\/li>\n  <li><a href=\"http:\/\/eksenmak.com\/global\/urun-gruplari\/\">\u00dcr\u00fcn Gruplar\u0131<\/a><\/li>\n    <li><a href=\"http:\/\/eksenmak.com\/global\/kece-cesitleri-ve-fiyatlari\/\">Ke\u00e7eler<\/a><\/li>\n   <li><a href=\"http:\/\/eksenmak.com\/global\/hidrolik-keceler\/\">Hidrolik Ke\u00e7eler<\/a><\/li>\n    <li><a href=\"http:\/\/eksenmak.com\/global\/hidrolik-toz-keceleri\/\">Hidrolik Toz Ke\u00e7eleri<\/a><\/li>\n  <li>K103 Nutring Dudakl\u0131 Toz Ke\u00e7esi<\/li>\n<\/ul><\/div>\n\t\t\t\t<\/div>\n\t\t\t\t<\/div>\n\t\t\t\t\t\t<\/div>\n\t\t\t\t\t<\/div>\n\t\t<\/div>\n\t\t\t\t\t\t\t\t<\/div>\n\t\t\t\t\t<\/div>\n\t\t<\/section>\n\t\t\t\t<section class=\"elementor-section elementor-top-section elementor-element elementor-element-65b8fb2 elementor-section-boxed elementor-section-height-default elementor-section-height-default\" data-id=\"65b8fb2\" data-element_type=\"section\">\n\t\t\t\t\t\t<div class=\"elementor-container elementor-column-gap-default\">\n\t\t\t\t\t\t\t<div class=\"elementor-row\">\n\t\t\t\t\t<div class=\"elementor-column elementor-col-100 elementor-top-column elementor-element elementor-element-81f3120 top column-style-top\" data-id=\"81f3120\" data-element_type=\"column\">\n\t\t\t<div class=\"elementor-column-wrap elementor-element-populated\">\n\t\t\t\t\t\t\t<div class=\"elementor-widget-wrap\">\n\t\t\t\t\t\t<div class=\"elementor-element elementor-element-da41267 elementor-widget elementor-widget-heading\" data-id=\"da41267\" data-element_type=\"widget\" data-widget_type=\"heading.default\">\n\t\t\t\t<div class=\"elementor-widget-container\">\n\t\t\t<h1 class=\"elementor-heading-title elementor-size-default\">K103 Nutring Dudakl\u0131  Toz Ke\u00e7esi<\/h1>\t\t<\/div>\n\t\t\t\t<\/div>\n\t\t\t\t\t\t<\/div>\n\t\t\t\t\t<\/div>\n\t\t<\/div>\n\t\t\t\t\t\t\t\t<\/div>\n\t\t\t\t\t<\/div>\n\t\t<\/section>\n\t\t\t\t<section class=\"elementor-section elementor-top-section elementor-element elementor-element-fff8a2d elementor-section-boxed elementor-section-height-default elementor-section-height-default\" data-id=\"fff8a2d\" data-element_type=\"section\">\n\t\t\t\t\t\t<div class=\"elementor-container elementor-column-gap-default\">\n\t\t\t\t\t\t\t<div class=\"elementor-row\">\n\t\t\t\t\t<div class=\"elementor-column elementor-col-100 elementor-top-column elementor-element elementor-element-d5ea96c top column-style-top\" data-id=\"d5ea96c\" data-element_type=\"column\">\n\t\t\t<div class=\"elementor-column-wrap elementor-element-populated\">\n\t\t\t\t\t\t\t<div class=\"elementor-widget-wrap\">\n\t\t\t\t\t\t<div class=\"elementor-element elementor-element-901a197 elementor-widget elementor-widget-image\" data-id=\"901a197\" data-element_type=\"widget\" data-widget_type=\"image.default\">\n\t\t\t\t<div class=\"elementor-widget-container\">\n\t\t\t\t\t\t\t\t<div class=\"elementor-image\">\n\t\t\t\t\t\t\t\t\t\t\t\t<img loading=\"lazy\" decoding=\"async\" width=\"690\" height=\"261\" src=\"https:\/\/eksenmak.com\/global\/wp-content\/uploads\/2020\/12\/K103.jpg\" class=\"attachment-large size-large\" alt=\"\" srcset=\"https:\/\/eksenmak.com\/global\/wp-content\/uploads\/2020\/12\/K103.jpg 690w, https:\/\/eksenmak.com\/global\/wp-content\/uploads\/2020\/12\/K103-550x208.jpg 550w\" sizes=\"auto, (max-width: 690px) 100vw, 690px\" \/>\t\t\t\t\t\t\t\t\t\t\t\t\t\t<\/div>\n\t\t\t\t\t\t<\/div>\n\t\t\t\t<\/div>\n\t\t\t\t\t\t<\/div>\n\t\t\t\t\t<\/div>\n\t\t<\/div>\n\t\t\t\t\t\t\t\t<\/div>\n\t\t\t\t\t<\/div>\n\t\t<\/section>\n\t\t\t\t<section class=\"elementor-section elementor-top-section elementor-element elementor-element-b1aab48 elementor-section-boxed elementor-section-height-default elementor-section-height-default\" data-id=\"b1aab48\" data-element_type=\"section\">\n\t\t\t\t\t\t<div class=\"elementor-container elementor-column-gap-default\">\n\t\t\t\t\t\t\t<div class=\"elementor-row\">\n\t\t\t\t\t<div class=\"elementor-column elementor-col-100 elementor-top-column elementor-element elementor-element-82801f1 top column-style-top\" data-id=\"82801f1\" data-element_type=\"column\">\n\t\t\t<div class=\"elementor-column-wrap elementor-element-populated\">\n\t\t\t\t\t\t\t<div class=\"elementor-widget-wrap\">\n\t\t\t\t\t\t<div class=\"elementor-element elementor-element-4157cc1 elementor-widget elementor-widget-eael-advanced-data-table\" data-id=\"4157cc1\" data-element_type=\"widget\" data-widget_type=\"eael-advanced-data-table.default\">\n\t\t\t\t<div class=\"elementor-widget-container\">\n\t\t\t<div class=\"ea-advanced-data-table-wrap\" data-id=\"4157cc1\"><div class=\"ea-advanced-data-table-search-wrap ea-advanced-data-table-search-right\"><input type=\"search\" placeholder=\"\u00d6l\u00e7\u00fc aray\u0131n\" class=\"ea-advanced-data-table-search\"><\/div><div class=\"ea-advanced-data-table-wrap-inner\">\n                <table class=\"ea-advanced-data-table ea-advanced-data-table-static ea-advanced-data-table-4157cc1 ea-advanced-data-table-sortable ea-advanced-data-table-paginated ea-advanced-data-table-searchable\" data-id=\"4157cc1\" data-items-per-page=\"80\"><thead><tr><th> \u00dcR\u00dcN KODU<\/th><th> d (f8)<\/th><th> D (+0 -0.2)<\/th><th> D1 (H10)<\/th><th> S1 (-0\/+0.2)<\/th><th> S2<\/th><\/tr><\/thead><tbody><tr><td> K103-020<\/td><td>20<\/td><td>28<\/td><td>24.3<\/td><td>5<\/td><td>7<\/td><\/tr><tr><td> K103-025<\/td><td>25<\/td><td>33<\/td><td>29.3<\/td><td>5<\/td><td>7<\/td><\/tr><tr><td> K103-028<\/td><td>28<\/td><td>36<\/td><td>32.3<\/td><td>5<\/td><td>7<\/td><\/tr><tr><td> K103-030<\/td><td>30<\/td><td>38<\/td><td>34<\/td><td>6<\/td><td>8<\/td><\/tr><tr><td> K103-035<\/td><td>35<\/td><td>43<\/td><td>39<\/td><td>6<\/td><td>8<\/td><\/tr><tr><td> K103-040<\/td><td>40<\/td><td>48<\/td><td>44<\/td><td>6<\/td><td>8<\/td><\/tr><tr><td> K103-045<\/td><td>45<\/td><td>53<\/td><td>49<\/td><td>6<\/td><td>8<\/td><\/tr><tr><td> K103-050<\/td><td>50<\/td><td>58<\/td><td>54<\/td><td>6<\/td><td>8<\/td><\/tr><tr><td> K103-055<\/td><td>55<\/td><td>63<\/td><td>59<\/td><td>6<\/td><td>8<\/td><\/tr><tr><td> K103-060<\/td><td>60<\/td><td>68<\/td><td>64<\/td><td>6<\/td><td>8<\/td><\/tr><tr><td> K103-070<\/td><td>70<\/td><td>80<\/td><td>75<\/td><td>7<\/td><td>10<\/td><\/tr><tr><td> K103-075<\/td><td>75<\/td><td>85<\/td><td>80<\/td><td>7<\/td><td>10<\/td><\/tr><tr><td> K103-080<\/td><td>80<\/td><td>90<\/td><td>85<\/td><td>7<\/td><td>10<\/td><\/tr><tr><td> K103-090<\/td><td>90<\/td><td>100<\/td><td>95<\/td><td>7<\/td><td>10<\/td><\/tr><tr><td> K103-100<\/td><td>100<\/td><td>110<\/td><td>105<\/td><td>7<\/td><td>10<\/td><\/tr><tr><td> K103-125<\/td><td>125<\/td><td>138<\/td><td>132<\/td><td>8<\/td><td>11<\/td><\/tr><tr><td> K103-140<\/td><td>140<\/td><td>153<\/td><td>147<\/td><td>8<\/td><td>11<\/td><\/tr><tr><td> K103-150<\/td><td>150<\/td><td>163<\/td><td>157<\/td><td>8<\/td><td>11<\/td><\/tr><tr><td> K103-180<\/td><td>180<\/td><td>193<\/td><td>187<\/td><td>8<\/td><td>11<\/td><\/tr><tr><td> K103-200<\/td><td>200<\/td><td>213<\/td><td>207<\/td><td>8<\/td><td>11<\/td><\/tr><\/tbody><\/table>\n            <\/div><div class=\"ea-advanced-data-table-pagination ea-advanced-data-table-pagination-button clearfix\"><\/div><\/div>\t\t<\/div>\n\t\t\t\t<\/div>\n\t\t\t\t\t\t<\/div>\n\t\t\t\t\t<\/div>\n\t\t<\/div>\n\t\t\t\t\t\t\t\t<\/div>\n\t\t\t\t\t<\/div>\n\t\t<\/section>\n\t\t\t\t<section class=\"elementor-section elementor-top-section elementor-element elementor-element-6836ddd elementor-section-boxed elementor-section-height-default elementor-section-height-default\" data-id=\"6836ddd\" data-element_type=\"section\" data-settings=\"{&quot;background_background&quot;:&quot;classic&quot;}\">\n\t\t\t\t\t\t<div class=\"elementor-container elementor-column-gap-default\">\n\t\t\t\t\t\t\t<div class=\"elementor-row\">\n\t\t\t\t\t<div class=\"elementor-column elementor-col-50 elementor-top-column elementor-element elementor-element-7f58afb top column-style-top\" data-id=\"7f58afb\" data-element_type=\"column\">\n\t\t\t<div class=\"elementor-column-wrap elementor-element-populated\">\n\t\t\t\t\t\t\t<div class=\"elementor-widget-wrap\">\n\t\t\t\t\t\t<section class=\"elementor-section elementor-inner-section elementor-element elementor-element-79222ed elementor-section-boxed elementor-section-height-default elementor-section-height-default\" data-id=\"79222ed\" data-element_type=\"section\" data-settings=\"{&quot;background_background&quot;:&quot;classic&quot;}\">\n\t\t\t\t\t\t<div class=\"elementor-container elementor-column-gap-default\">\n\t\t\t\t\t\t\t<div class=\"elementor-row\">\n\t\t\t\t\t<div class=\"elementor-column elementor-col-50 elementor-inner-column elementor-element elementor-element-5809c8b top column-style-top\" data-id=\"5809c8b\" data-element_type=\"column\">\n\t\t\t<div class=\"elementor-column-wrap elementor-element-populated\">\n\t\t\t\t\t\t\t<div class=\"elementor-widget-wrap\">\n\t\t\t\t\t\t<div class=\"elementor-element elementor-element-5660a0d elementor-widget elementor-widget-image\" data-id=\"5660a0d\" data-element_type=\"widget\" data-widget_type=\"image.default\">\n\t\t\t\t<div class=\"elementor-widget-container\">\n\t\t\t\t\t\t\t\t<div class=\"elementor-image\">\n\t\t\t\t\t\t\t\t\t\t\t\t<img decoding=\"async\" src=\"http:\/\/eksenmak.com\/main\/wp-content\/uploads\/2020\/04\/tlp-icon.jpg\" title=\"\" alt=\"\" \/>\t\t\t\t\t\t\t\t\t\t\t\t\t\t<\/div>\n\t\t\t\t\t\t<\/div>\n\t\t\t\t<\/div>\n\t\t\t\t\t\t<\/div>\n\t\t\t\t\t<\/div>\n\t\t<\/div>\n\t\t\t\t<div class=\"elementor-column elementor-col-50 elementor-inner-column elementor-element elementor-element-ea8a702 top column-style-top\" data-id=\"ea8a702\" data-element_type=\"column\">\n\t\t\t<div class=\"elementor-column-wrap elementor-element-populated\">\n\t\t\t\t\t\t\t<div class=\"elementor-widget-wrap\">\n\t\t\t\t\t\t<div class=\"elementor-element elementor-element-259e693 elementor-widget elementor-widget-heading\" data-id=\"259e693\" data-element_type=\"widget\" data-widget_type=\"heading.default\">\n\t\t\t\t<div class=\"elementor-widget-container\">\n\t\t\t<h1 class=\"elementor-heading-title elementor-size-default\">Size teklif vermek i\u00e7in haz\u0131r\u0131z. L\u00fctfen talep listenizi g\u00f6nderiniz.<\/h1>\t\t<\/div>\n\t\t\t\t<\/div>\n\t\t\t\t<div class=\"elementor-element elementor-element-8be8788 elementor-widget elementor-widget-elementskit-button\" data-id=\"8be8788\" data-element_type=\"widget\" data-widget_type=\"elementskit-button.default\">\n\t\t\t\t<div class=\"elementor-widget-container\">\n\t\t\t<div class=\"ekit-wid-con\" >\t\t<div class=\"ekit-btn-wraper\">\n\t\t\t\t\t\t\t<a href=\"http:\/\/eksenmak.com\/global\/hidrolik-kece-teklif-talebi\/\" target=\"_blank\" rel=\"nofollow\" class=\"elementskit-btn  whitespace--normal\" >\n\t\t\t\t\t\n\t\t\t\t\t\n\t\t\t\t\tTeklif isteyin\t\t\t\t<\/a>\n\t\t\t\t\t\t<\/div>\n        <\/div>\t\t<\/div>\n\t\t\t\t<\/div>\n\t\t\t\t\t\t<\/div>\n\t\t\t\t\t<\/div>\n\t\t<\/div>\n\t\t\t\t\t\t\t\t<\/div>\n\t\t\t\t\t<\/div>\n\t\t<\/section>\n\t\t\t\t\t\t<\/div>\n\t\t\t\t\t<\/div>\n\t\t<\/div>\n\t\t\t\t<div class=\"elementor-column elementor-col-50 elementor-top-column elementor-element elementor-element-e2a0009 top column-style-top\" data-id=\"e2a0009\" data-element_type=\"column\">\n\t\t\t<div class=\"elementor-column-wrap elementor-element-populated\">\n\t\t\t\t\t\t\t<div class=\"elementor-widget-wrap\">\n\t\t\t\t\t\t<section class=\"elementor-section elementor-inner-section elementor-element elementor-element-af652f8 elementor-section-boxed elementor-section-height-default elementor-section-height-default\" data-id=\"af652f8\" data-element_type=\"section\" data-settings=\"{&quot;background_background&quot;:&quot;classic&quot;}\">\n\t\t\t\t\t\t<div class=\"elementor-container elementor-column-gap-default\">\n\t\t\t\t\t\t\t<div class=\"elementor-row\">\n\t\t\t\t\t<div class=\"elementor-column elementor-col-50 elementor-inner-column elementor-element elementor-element-53dabe3 top column-style-top\" data-id=\"53dabe3\" data-element_type=\"column\">\n\t\t\t<div class=\"elementor-column-wrap elementor-element-populated\">\n\t\t\t\t\t\t\t<div class=\"elementor-widget-wrap\">\n\t\t\t\t\t\t<div class=\"elementor-element elementor-element-fe5b520 elementor-widget elementor-widget-image\" data-id=\"fe5b520\" data-element_type=\"widget\" data-widget_type=\"image.default\">\n\t\t\t\t<div class=\"elementor-widget-container\">\n\t\t\t\t\t\t\t\t<div class=\"elementor-image\">\n\t\t\t\t\t\t\t\t\t\t\t\t<img decoding=\"async\" src=\"http:\/\/eksenmak.com\/main\/wp-content\/uploads\/2020\/04\/consultant-phone.jpg\" title=\"\" alt=\"\" \/>\t\t\t\t\t\t\t\t\t\t\t\t\t\t<\/div>\n\t\t\t\t\t\t<\/div>\n\t\t\t\t<\/div>\n\t\t\t\t\t\t<\/div>\n\t\t\t\t\t<\/div>\n\t\t<\/div>\n\t\t\t\t<div class=\"elementor-column elementor-col-50 elementor-inner-column elementor-element elementor-element-362b2b3 top column-style-top\" data-id=\"362b2b3\" data-element_type=\"column\">\n\t\t\t<div class=\"elementor-column-wrap elementor-element-populated\">\n\t\t\t\t\t\t\t<div class=\"elementor-widget-wrap\">\n\t\t\t\t\t\t<div class=\"elementor-element elementor-element-1c29d5a elementor-widget elementor-widget-heading\" data-id=\"1c29d5a\" data-element_type=\"widget\" data-widget_type=\"heading.default\">\n\t\t\t\t<div class=\"elementor-widget-container\">\n\t\t\t<h1 class=\"elementor-heading-title elementor-size-default\">Bir uzmanla g\u00f6r\u00fc\u015ferek talebinize en uygun \u00e7\u00f6z\u00fcm\u00fc bulun.<\/h1>\t\t<\/div>\n\t\t\t\t<\/div>\n\t\t\t\t<div class=\"elementor-element elementor-element-2045ae1 elementor-widget elementor-widget-elementskit-button\" data-id=\"2045ae1\" data-element_type=\"widget\" data-widget_type=\"elementskit-button.default\">\n\t\t\t\t<div class=\"elementor-widget-container\">\n\t\t\t<div class=\"ekit-wid-con\" >\t\t<div class=\"ekit-btn-wraper\">\n\t\t\t\t\t\t\t<a href=\"http:\/\/eksenmak.com\/global\/beni-arayin\/\" target=\"_blank\" rel=\"nofollow\" class=\"elementskit-btn  whitespace--normal\" >\n\t\t\t\t\t\n\t\t\t\t\t\n\t\t\t\t\tBeni aray\u0131n\t\t\t\t<\/a>\n\t\t\t\t\t\t<\/div>\n        <\/div>\t\t<\/div>\n\t\t\t\t<\/div>\n\t\t\t\t\t\t<\/div>\n\t\t\t\t\t<\/div>\n\t\t<\/div>\n\t\t\t\t\t\t\t\t<\/div>\n\t\t\t\t\t<\/div>\n\t\t<\/section>\n\t\t\t\t\t\t<\/div>\n\t\t\t\t\t<\/div>\n\t\t<\/div>\n\t\t\t\t\t\t\t\t<\/div>\n\t\t\t\t\t<\/div>\n\t\t<\/section>\n\t\t\t\t<section class=\"elementor-section elementor-top-section elementor-element elementor-element-a842ea8 elementor-section-boxed elementor-section-height-default elementor-section-height-default\" data-id=\"a842ea8\" data-element_type=\"section\">\n\t\t\t\t\t\t<div class=\"elementor-container elementor-column-gap-default\">\n\t\t\t\t\t\t\t<div class=\"elementor-row\">\n\t\t\t\t\t<div class=\"elementor-column elementor-col-100 elementor-top-column elementor-element elementor-element-b02fe3a top column-style-top\" data-id=\"b02fe3a\" data-element_type=\"column\">\n\t\t\t<div class=\"elementor-column-wrap elementor-element-populated\">\n\t\t\t\t\t\t\t<div class=\"elementor-widget-wrap\">\n\t\t\t\t\t\t<div class=\"elementor-element elementor-element-25a13e7 elementor-widget elementor-widget-elementskit-heading\" data-id=\"25a13e7\" data-element_type=\"widget\" data-widget_type=\"elementskit-heading.default\">\n\t\t\t\t<div class=\"elementor-widget-container\">\n\t\t\t<div class=\"ekit-wid-con\" ><div class=\"ekit-heading elementskit-section-title-wraper text_left   ekit_heading_tablet-   ekit_heading_mobile-\">\t\t\t\t<div class='ekit-heading__description'>\n\t\t\t\t\t<p><strong>Kasta\u015f K103 Nutring Dudakl\u0131 Toz Ke\u00e7esi <\/strong>\u00e7e\u015fitleri ve \u00f6l\u00e7\u00fc listesi hakk\u0131nda detayl\u0131 bilgi edinin. Eksen Makina olarak en kaliteli markalar <strong>(Kasta\u015f, Merkel, Parker, Nok, TSS)<\/strong> ile i\u015f ortakl\u0131\u011f\u0131m\u0131z ve ithalatlar\u0131m\u0131z sayesinde en uygun fiyat\u0131 sunuyoruz.<\/p>\n\t\t\t\t<\/div>\n\t\t\t<\/div><\/div>\t\t<\/div>\n\t\t\t\t<\/div>\n\t\t\t\t\t\t<\/div>\n\t\t\t\t\t<\/div>\n\t\t<\/div>\n\t\t\t\t\t\t\t\t<\/div>\n\t\t\t\t\t<\/div>\n\t\t<\/section>\n\t\t\t\t\t\t\t\t\t<\/div>\n\t\t\t<\/div>\n\t\t\t\t\t<\/div>\n\t\t","protected":false},"excerpt":{"rendered":"<p>\u00dcr\u00fcn Gruplar\u0131 Ke\u00e7eler Hidrolik Ke\u00e7eler Hidrolik Toz Ke\u00e7eleri K103 Nutring Dudakl\u0131 Toz Ke\u00e7esi K103 Nutring Dudakl\u0131 Toz Ke\u00e7esi \u00dcR\u00dcN KODU d (f8) D (+0 -0.2) D1 (H10) S1 (-0\/+0.2) S2 K103-020 20 28 24.3 5 7 K103-025 25 33 29.3 5 7 K103-028 28 36 32.3 5 7 K103-030 30 38 34 6 8 K103-035 [&hellip;]<\/p>\n","protected":false},"author":1,"featured_media":0,"parent":0,"menu_order":0,"comment_status":"closed","ping_status":"closed","template":"elementor_header_footer","meta":{"footnotes":""},"class_list":["post-12061","page","type-page","status-publish","hentry"],"yoast_head":"<!-- This site is optimized with the Yoast SEO plugin v15.4 - https:\/\/yoast.com\/wordpress\/plugins\/seo\/ -->\n<title>K103 Nutring Dudakl\u0131 Toz Ke\u00e7esi - Eksen Makina Ltd. \u015eti. |\u00a0TTO T\u00fcrkiye Temsilcisi<\/title>\n<meta name=\"description\" content=\"Kasta\u015f k103 nutring dudakl\u0131 toz ke\u00e7esi hidrolik toz ke\u00e7e \u00f6l\u00e7\u00fc listesi ve fiyat teklifi isteyin.\" \/>\n<meta name=\"robots\" content=\"index, follow, max-snippet:-1, max-image-preview:large, max-video-preview:-1\" \/>\n<link rel=\"canonical\" href=\"https:\/\/eksenmak.com\/global\/kastas-k103-nutring-dudakli-toz-kecesi-olculeri\/\" \/>\n<meta property=\"og:locale\" content=\"tr_TR\" \/>\n<meta property=\"og:type\" content=\"article\" \/>\n<meta property=\"og:title\" content=\"K103 Nutring Dudakl\u0131 Toz Ke\u00e7esi - Eksen Makina Ltd. \u015eti. |\u00a0TTO T\u00fcrkiye Temsilcisi\" \/>\n<meta property=\"og:description\" content=\"Kasta\u015f k103 nutring dudakl\u0131 toz ke\u00e7esi hidrolik toz ke\u00e7e \u00f6l\u00e7\u00fc listesi ve fiyat teklifi isteyin.\" \/>\n<meta property=\"og:url\" content=\"https:\/\/eksenmak.com\/global\/kastas-k103-nutring-dudakli-toz-kecesi-olculeri\/\" \/>\n<meta property=\"og:site_name\" content=\"Eksen Makina Ltd. \u015eti. |\u00a0TTO T\u00fcrkiye Temsilcisi\" \/>\n<meta property=\"article:modified_time\" content=\"2020-12-18T19:52:12+00:00\" \/>\n<meta property=\"og:image\" content=\"http:\/\/eksenmak.com\/global\/wp-content\/uploads\/2020\/12\/K103.jpg\" \/>\n<meta name=\"twitter:card\" content=\"summary_large_image\" \/>\n<meta name=\"twitter:label1\" content=\"Written by\">\n\t<meta name=\"twitter:data1\" content=\"halil.tohumoglu\">\n\t<meta name=\"twitter:label2\" content=\"Tahmini okuma s\u00fcresi\">\n\t<meta name=\"twitter:data2\" content=\"1 dakika\">\n<script type=\"application\/ld+json\" class=\"yoast-schema-graph\">{\"@context\":\"https:\/\/schema.org\",\"@graph\":[{\"@type\":\"WebSite\",\"@id\":\"https:\/\/eksenmak.com\/global\/#website\",\"url\":\"https:\/\/eksenmak.com\/global\/\",\"name\":\"Eksen Makina Ltd. \\u015eti. |\\u00a0TTO T\\u00fcrkiye Temsilcisi\",\"description\":\"\",\"potentialAction\":[{\"@type\":\"SearchAction\",\"target\":\"https:\/\/eksenmak.com\/global\/?s={search_term_string}\",\"query-input\":\"required name=search_term_string\"}],\"inLanguage\":\"tr\"},{\"@type\":\"ImageObject\",\"@id\":\"https:\/\/eksenmak.com\/global\/kastas-k103-nutring-dudakli-toz-kecesi-olculeri\/#primaryimage\",\"inLanguage\":\"tr\",\"url\":\"http:\/\/eksenmak.com\/global\/wp-content\/uploads\/2020\/12\/K103.jpg\"},{\"@type\":\"WebPage\",\"@id\":\"https:\/\/eksenmak.com\/global\/kastas-k103-nutring-dudakli-toz-kecesi-olculeri\/#webpage\",\"url\":\"https:\/\/eksenmak.com\/global\/kastas-k103-nutring-dudakli-toz-kecesi-olculeri\/\",\"name\":\"K103 Nutring Dudakl\\u0131 Toz Ke\\u00e7esi - Eksen Makina Ltd. \\u015eti. |\\u00a0TTO T\\u00fcrkiye Temsilcisi\",\"isPartOf\":{\"@id\":\"https:\/\/eksenmak.com\/global\/#website\"},\"primaryImageOfPage\":{\"@id\":\"https:\/\/eksenmak.com\/global\/kastas-k103-nutring-dudakli-toz-kecesi-olculeri\/#primaryimage\"},\"datePublished\":\"2020-12-18T19:50:20+00:00\",\"dateModified\":\"2020-12-18T19:52:12+00:00\",\"description\":\"Kasta\\u015f k103 nutring dudakl\\u0131 toz ke\\u00e7esi hidrolik toz ke\\u00e7e \\u00f6l\\u00e7\\u00fc listesi ve fiyat teklifi isteyin.\",\"inLanguage\":\"tr\",\"potentialAction\":[{\"@type\":\"ReadAction\",\"target\":[\"https:\/\/eksenmak.com\/global\/kastas-k103-nutring-dudakli-toz-kecesi-olculeri\/\"]}]}]}<\/script>\n<!-- \/ Yoast SEO plugin. -->","_links":{"self":[{"href":"https:\/\/eksenmak.com\/global\/wp-json\/wp\/v2\/pages\/12061","targetHints":{"allow":["GET"]}}],"collection":[{"href":"https:\/\/eksenmak.com\/global\/wp-json\/wp\/v2\/pages"}],"about":[{"href":"https:\/\/eksenmak.com\/global\/wp-json\/wp\/v2\/types\/page"}],"author":[{"embeddable":true,"href":"https:\/\/eksenmak.com\/global\/wp-json\/wp\/v2\/users\/1"}],"replies":[{"embeddable":true,"href":"https:\/\/eksenmak.com\/global\/wp-json\/wp\/v2\/comments?post=12061"}],"version-history":[{"count":0,"href":"https:\/\/eksenmak.com\/global\/wp-json\/wp\/v2\/pages\/12061\/revisions"}],"wp:attachment":[{"href":"https:\/\/eksenmak.com\/global\/wp-json\/wp\/v2\/media?parent=12061"}],"curies":[{"name":"wp","href":"https:\/\/api.w.org\/{rel}","templated":true}]}}