{"id":11282,"date":"2020-12-12T18:33:18","date_gmt":"2020-12-12T15:33:18","guid":{"rendered":"http:\/\/eksenmak.com\/global\/?page_id=11282"},"modified":"2020-12-12T18:34:49","modified_gmt":"2020-12-12T15:34:49","slug":"muhendislik-hizli-yapistiricilar","status":"publish","type":"page","link":"https:\/\/eksenmak.com\/global\/muhendislik-hizli-yapistiricilar\/","title":{"rendered":"M\u00fchendislik H\u0131zl\u0131 Yap\u0131\u015ft\u0131r\u0131c\u0131lar"},"content":{"rendered":"\t\t<div data-elementor-type=\"wp-page\" data-elementor-id=\"11282\" class=\"elementor elementor-11282\">\n\t\t\t\t\t\t<div class=\"elementor-inner\">\n\t\t\t\t<div class=\"elementor-section-wrap\">\n\t\t\t\t\t\t\t\t\t<section class=\"elementor-section elementor-top-section elementor-element elementor-element-82e93a6 elementor-section-boxed elementor-section-height-default elementor-section-height-default\" data-id=\"82e93a6\" data-element_type=\"section\">\n\t\t\t\t\t\t<div class=\"elementor-container elementor-column-gap-default\">\n\t\t\t\t\t\t\t<div class=\"elementor-row\">\n\t\t\t\t\t<div class=\"elementor-column elementor-col-50 elementor-top-column elementor-element elementor-element-00d44e8 top column-style-top\" data-id=\"00d44e8\" data-element_type=\"column\">\n\t\t\t<div class=\"elementor-column-wrap elementor-element-populated\">\n\t\t\t\t\t\t\t<div class=\"elementor-widget-wrap\">\n\t\t\t\t\t\t<div class=\"elementor-element elementor-element-d51c7ea elementor-widget elementor-widget-heading\" data-id=\"d51c7ea\" data-element_type=\"widget\" data-widget_type=\"heading.default\">\n\t\t\t\t<div class=\"elementor-widget-container\">\n\t\t\t<h1 class=\"elementor-heading-title elementor-size-default\">H\u0131zl\u0131 Yap\u0131\u015ft\u0131r\u0131c\u0131lar<\/h1>\t\t<\/div>\n\t\t\t\t<\/div>\n\t\t\t\t\t\t<\/div>\n\t\t\t\t\t<\/div>\n\t\t<\/div>\n\t\t\t\t<div class=\"elementor-column elementor-col-50 elementor-top-column elementor-element elementor-element-79cc215 elementor-hidden-phone top column-style-top\" data-id=\"79cc215\" data-element_type=\"column\">\n\t\t\t<div class=\"elementor-column-wrap elementor-element-populated\">\n\t\t\t\t\t\t\t<div class=\"elementor-widget-wrap\">\n\t\t\t\t\t\t<div class=\"elementor-element elementor-element-025a9d5 elementor-widget elementor-widget-shortcode\" data-id=\"025a9d5\" data-element_type=\"widget\" data-widget_type=\"shortcode.default\">\n\t\t\t\t<div class=\"elementor-widget-container\">\n\t\t\t\t\t<div class=\"elementor-shortcode\">    <ul class=\"breadcrumb\">\n      <li><a href=\"http:\/\/eksenmak.com\/main\"><i class=\"fa fa-home\"><\/i><\/a><\/li>\n      <li><a href=\"http:\/\/eksenmak.com\/global\/urun-gruplari\/\">\u00dcr\u00fcn Gruplar\u0131<\/a><\/li>\n        <li><a href=\"http:\/\/eksenmak.com\/global\/kimyasal-yapistirici-nedir-cesitleri\/\">Kimyasal Yap\u0131\u015ft\u0131r\u0131c\u0131lar<\/a><\/li>\n      <li>M\u00fchendislik H\u0131zl\u0131 Yap\u0131\u015ft\u0131r\u0131c\u0131lar<\/li>\n    <\/ul>\n\n<\/div>\n\t\t\t\t<\/div>\n\t\t\t\t<\/div>\n\t\t\t\t\t\t<\/div>\n\t\t\t\t\t<\/div>\n\t\t<\/div>\n\t\t\t\t\t\t\t\t<\/div>\n\t\t\t\t\t<\/div>\n\t\t<\/section>\n\t\t\t\t<section class=\"elementor-section elementor-top-section elementor-element elementor-element-eae55b8 elementor-section-boxed elementor-section-height-default elementor-section-height-default\" data-id=\"eae55b8\" data-element_type=\"section\">\n\t\t\t\t\t\t<div class=\"elementor-container elementor-column-gap-default\">\n\t\t\t\t\t\t\t<div class=\"elementor-row\">\n\t\t\t\t\t<div class=\"elementor-column elementor-col-100 elementor-top-column elementor-element elementor-element-95397ea top column-style-top\" data-id=\"95397ea\" data-element_type=\"column\">\n\t\t\t<div class=\"elementor-column-wrap elementor-element-populated\">\n\t\t\t\t\t\t\t<div class=\"elementor-widget-wrap\">\n\t\t\t\t\t\t<div class=\"elementor-element elementor-element-9ec3dbc elementor-widget elementor-widget-accordion\" data-id=\"9ec3dbc\" data-element_type=\"widget\" data-widget_type=\"accordion.default\">\n\t\t\t\t<div class=\"elementor-widget-container\">\n\t\t\t\t\t<div class=\"elementor-accordion\" role=\"tablist\">\n\t\t\t\t\t\t\t<div class=\"elementor-accordion-item\">\n\t\t\t\t\t<div id=\"elementor-tab-title-1661\" class=\"elementor-tab-title\" data-tab=\"1\" role=\"tab\" aria-controls=\"elementor-tab-content-1661\" aria-expanded=\"false\">\n\t\t\t\t\t\t\t\t\t\t\t\t\t<span class=\"elementor-accordion-icon elementor-accordion-icon-left\" aria-hidden=\"true\">\n\t\t\t\t\t\t\t\t\t\t\t\t\t\t\t<span class=\"elementor-accordion-icon-closed\"><i class=\"fas fa-plus\"><\/i><\/span>\n\t\t\t\t\t\t\t\t<span class=\"elementor-accordion-icon-opened\"><i class=\"fas fa-minus\"><\/i><\/span>\n\t\t\t\t\t\t\t\t\t\t\t\t\t\t<\/span>\n\t\t\t\t\t\t\t\t\t\t\t\t<a class=\"elementor-accordion-title\" href=\"\">Plastik ve Kau\u00e7uk H\u0131zl\u0131 Yap\u0131\u015ft\u0131r\u0131c\u0131<\/a>\n\t\t\t\t\t<\/div>\n\t\t\t\t\t<div id=\"elementor-tab-content-1661\" class=\"elementor-tab-content elementor-clearfix\" data-tab=\"1\" role=\"tabpanel\" aria-labelledby=\"elementor-tab-title-1661\">\nOrta-d\u00fc\u015f\u00fck ak\u0131\u015fkanl\u0131kta bir h\u0131zl\u0131 yap\u0131\u015ft\u0131r\u0131c\u0131d\u0131r. Plastikler i\u00e7in geli\u015ftirilmi\u015f bir \u00fcr\u00fcnd\u00fcr. O-ring\u2019leri m\u00fckemmel yap\u0131\u015ft\u0131r\u0131r. Plastik t\u00fcr\u00fc \u00fcr\u00fcnlerin yan\u0131 s\u0131ra metal, plastik, lastik, kau\u00e7uk, seramik, vb. malzemelerde ve bunlar\u0131n kombinasyonlar\u0131nda da kullan\u0131l\u0131r.\n\n<strong>Ambalaj \u0130\u00e7eri\u011fi<\/strong>\n\n\n<table class=\"table\">\n<thead>\n<tr>\n<th>Ambalaj<\/th>\n    <th>Kutu<\/th>\n    <th>Koli<\/th>\n<\/tr>\n<\/thead>\n<tbody>\n<tr>\n<td>20 gr<\/td>\n<td>10<\/td>\n<td>120<\/td>\n<\/tr>\n<tr>\n<td>500 gr<\/td>\n<td>1<\/td>\n<td>1<\/td>\n<\/tr>\n<\/tbody>\n<\/table><\/div>\n\t\t\t\t<\/div>\n\t\t\t\t\t\t\t<div class=\"elementor-accordion-item\">\n\t\t\t\t\t<div id=\"elementor-tab-title-1662\" class=\"elementor-tab-title\" data-tab=\"2\" role=\"tab\" aria-controls=\"elementor-tab-content-1662\" aria-expanded=\"false\">\n\t\t\t\t\t\t\t\t\t\t\t\t\t<span class=\"elementor-accordion-icon elementor-accordion-icon-left\" aria-hidden=\"true\">\n\t\t\t\t\t\t\t\t\t\t\t\t\t\t\t<span class=\"elementor-accordion-icon-closed\"><i class=\"fas fa-plus\"><\/i><\/span>\n\t\t\t\t\t\t\t\t<span class=\"elementor-accordion-icon-opened\"><i class=\"fas fa-minus\"><\/i><\/span>\n\t\t\t\t\t\t\t\t\t\t\t\t\t\t<\/span>\n\t\t\t\t\t\t\t\t\t\t\t\t<a class=\"elementor-accordion-title\" href=\"\">Zor Y\u00fczeyler i\u00e7in H\u0131zl\u0131 Yap\u0131\u015ft\u0131r\u0131c\u0131<\/a>\n\t\t\t\t\t<\/div>\n\t\t\t\t\t<div id=\"elementor-tab-content-1662\" class=\"elementor-tab-content elementor-clearfix\" data-tab=\"2\" role=\"tabpanel\" aria-labelledby=\"elementor-tab-title-1662\"><p>Orta ak\u0131\u015fkanl\u0131kta, bir h\u0131zl\u0131 yap\u0131\u015ft\u0131r\u0131c\u0131d\u0131r. Zor y\u00fczeyler i\u00e7in form\u00fcle edilmi\u015ftir. Deri, ah\u015fap, ka\u011f\u0131t vb duyars\u0131z ve p\u00fcr\u00fczl\u00fc y\u00fczeylerin yan\u0131 s\u0131ra metal, plastik, lastik, kaucuk, seramik vb. malzemeleride m\u00fckemmel ve h\u0131zl\u0131 yap\u0131\u015ft\u0131r\u0131r.<\/p><\/div>\n\t\t\t\t<\/div>\n\t\t\t\t\t\t\t\t<\/div>\n\t\t\t\t<\/div>\n\t\t\t\t<\/div>\n\t\t\t\t\t\t<\/div>\n\t\t\t\t\t<\/div>\n\t\t<\/div>\n\t\t\t\t\t\t\t\t<\/div>\n\t\t\t\t\t<\/div>\n\t\t<\/section>\n\t\t\t\t\t\t\t\t\t<\/div>\n\t\t\t<\/div>\n\t\t\t\t\t<\/div>\n\t\t","protected":false},"excerpt":{"rendered":"<p>H\u0131zl\u0131 Yap\u0131\u015ft\u0131r\u0131c\u0131lar \u00dcr\u00fcn Gruplar\u0131 Kimyasal Yap\u0131\u015ft\u0131r\u0131c\u0131lar M\u00fchendislik H\u0131zl\u0131 Yap\u0131\u015ft\u0131r\u0131c\u0131lar Plastik ve Kau\u00e7uk H\u0131zl\u0131 Yap\u0131\u015ft\u0131r\u0131c\u0131 Orta-d\u00fc\u015f\u00fck ak\u0131\u015fkanl\u0131kta bir h\u0131zl\u0131 yap\u0131\u015ft\u0131r\u0131c\u0131d\u0131r. Plastikler i\u00e7in geli\u015ftirilmi\u015f bir \u00fcr\u00fcnd\u00fcr. O-ring\u2019leri m\u00fckemmel yap\u0131\u015ft\u0131r\u0131r. Plastik t\u00fcr\u00fc \u00fcr\u00fcnlerin yan\u0131 s\u0131ra metal, plastik, lastik, kau\u00e7uk, seramik, vb. malzemelerde ve bunlar\u0131n kombinasyonlar\u0131nda da kullan\u0131l\u0131r. Ambalaj \u0130\u00e7eri\u011fi Ambalaj Kutu Koli 20 gr 10 120 500 gr [&hellip;]<\/p>\n","protected":false},"author":1,"featured_media":0,"parent":0,"menu_order":0,"comment_status":"closed","ping_status":"closed","template":"elementor_header_footer","meta":{"footnotes":""},"class_list":["post-11282","page","type-page","status-publish","hentry"],"yoast_head":"<!-- This site is optimized with the Yoast SEO plugin v15.4 - https:\/\/yoast.com\/wordpress\/plugins\/seo\/ -->\n<title>M\u00fchendislik H\u0131zl\u0131 Yap\u0131\u015ft\u0131r\u0131c\u0131lar - Eksen Makina Ltd. \u015eti. |\u00a0TTO T\u00fcrkiye Temsilcisi<\/title>\n<meta name=\"robots\" content=\"index, follow, max-snippet:-1, max-image-preview:large, max-video-preview:-1\" \/>\n<link rel=\"canonical\" href=\"https:\/\/eksenmak.com\/global\/muhendislik-hizli-yapistiricilar\/\" \/>\n<meta property=\"og:locale\" content=\"tr_TR\" \/>\n<meta property=\"og:type\" content=\"article\" \/>\n<meta property=\"og:title\" content=\"M\u00fchendislik H\u0131zl\u0131 Yap\u0131\u015ft\u0131r\u0131c\u0131lar - Eksen Makina Ltd. \u015eti. |\u00a0TTO T\u00fcrkiye Temsilcisi\" \/>\n<meta property=\"og:description\" content=\"H\u0131zl\u0131 Yap\u0131\u015ft\u0131r\u0131c\u0131lar \u00dcr\u00fcn Gruplar\u0131 Kimyasal Yap\u0131\u015ft\u0131r\u0131c\u0131lar M\u00fchendislik H\u0131zl\u0131 Yap\u0131\u015ft\u0131r\u0131c\u0131lar Plastik ve Kau\u00e7uk H\u0131zl\u0131 Yap\u0131\u015ft\u0131r\u0131c\u0131 Orta-d\u00fc\u015f\u00fck ak\u0131\u015fkanl\u0131kta bir h\u0131zl\u0131 yap\u0131\u015ft\u0131r\u0131c\u0131d\u0131r. Plastikler i\u00e7in geli\u015ftirilmi\u015f bir \u00fcr\u00fcnd\u00fcr. O-ring\u2019leri m\u00fckemmel yap\u0131\u015ft\u0131r\u0131r. Plastik t\u00fcr\u00fc \u00fcr\u00fcnlerin yan\u0131 s\u0131ra metal, plastik, lastik, kau\u00e7uk, seramik, vb. malzemelerde ve bunlar\u0131n kombinasyonlar\u0131nda da kullan\u0131l\u0131r. Ambalaj \u0130\u00e7eri\u011fi Ambalaj Kutu Koli 20 gr 10 120 500 gr [&hellip;]\" \/>\n<meta property=\"og:url\" content=\"https:\/\/eksenmak.com\/global\/muhendislik-hizli-yapistiricilar\/\" \/>\n<meta property=\"og:site_name\" content=\"Eksen Makina Ltd. \u015eti. |\u00a0TTO T\u00fcrkiye Temsilcisi\" \/>\n<meta property=\"article:modified_time\" content=\"2020-12-12T15:34:49+00:00\" \/>\n<meta name=\"twitter:card\" content=\"summary_large_image\" \/>\n<meta name=\"twitter:label1\" content=\"Written by\">\n\t<meta name=\"twitter:data1\" content=\"halil.tohumoglu\">\n\t<meta name=\"twitter:label2\" content=\"Tahmini okuma s\u00fcresi\">\n\t<meta name=\"twitter:data2\" content=\"1 dakika\">\n<script type=\"application\/ld+json\" class=\"yoast-schema-graph\">{\"@context\":\"https:\/\/schema.org\",\"@graph\":[{\"@type\":\"WebSite\",\"@id\":\"https:\/\/eksenmak.com\/global\/#website\",\"url\":\"https:\/\/eksenmak.com\/global\/\",\"name\":\"Eksen Makina Ltd. \\u015eti. |\\u00a0TTO T\\u00fcrkiye Temsilcisi\",\"description\":\"\",\"potentialAction\":[{\"@type\":\"SearchAction\",\"target\":\"https:\/\/eksenmak.com\/global\/?s={search_term_string}\",\"query-input\":\"required name=search_term_string\"}],\"inLanguage\":\"tr\"},{\"@type\":\"WebPage\",\"@id\":\"https:\/\/eksenmak.com\/global\/muhendislik-hizli-yapistiricilar\/#webpage\",\"url\":\"https:\/\/eksenmak.com\/global\/muhendislik-hizli-yapistiricilar\/\",\"name\":\"M\\u00fchendislik H\\u0131zl\\u0131 Yap\\u0131\\u015ft\\u0131r\\u0131c\\u0131lar - Eksen Makina Ltd. \\u015eti. |\\u00a0TTO T\\u00fcrkiye Temsilcisi\",\"isPartOf\":{\"@id\":\"https:\/\/eksenmak.com\/global\/#website\"},\"datePublished\":\"2020-12-12T15:33:18+00:00\",\"dateModified\":\"2020-12-12T15:34:49+00:00\",\"inLanguage\":\"tr\",\"potentialAction\":[{\"@type\":\"ReadAction\",\"target\":[\"https:\/\/eksenmak.com\/global\/muhendislik-hizli-yapistiricilar\/\"]}]}]}<\/script>\n<!-- \/ Yoast SEO plugin. -->","_links":{"self":[{"href":"https:\/\/eksenmak.com\/global\/wp-json\/wp\/v2\/pages\/11282","targetHints":{"allow":["GET"]}}],"collection":[{"href":"https:\/\/eksenmak.com\/global\/wp-json\/wp\/v2\/pages"}],"about":[{"href":"https:\/\/eksenmak.com\/global\/wp-json\/wp\/v2\/types\/page"}],"author":[{"embeddable":true,"href":"https:\/\/eksenmak.com\/global\/wp-json\/wp\/v2\/users\/1"}],"replies":[{"embeddable":true,"href":"https:\/\/eksenmak.com\/global\/wp-json\/wp\/v2\/comments?post=11282"}],"version-history":[{"count":0,"href":"https:\/\/eksenmak.com\/global\/wp-json\/wp\/v2\/pages\/11282\/revisions"}],"wp:attachment":[{"href":"https:\/\/eksenmak.com\/global\/wp-json\/wp\/v2\/media?parent=11282"}],"curies":[{"name":"wp","href":"https:\/\/api.w.org\/{rel}","templated":true}]}}