{"id":11277,"date":"2020-12-12T18:23:01","date_gmt":"2020-12-12T15:23:01","guid":{"rendered":"http:\/\/eksenmak.com\/global\/?page_id=11277"},"modified":"2020-12-12T18:31:27","modified_gmt":"2020-12-12T15:31:27","slug":"muhendislik-epoksi-nedir-cesitleri","status":"publish","type":"page","link":"https:\/\/eksenmak.com\/global\/muhendislik-epoksi-nedir-cesitleri\/","title":{"rendered":"Epoksiler"},"content":{"rendered":"\t\t<div data-elementor-type=\"wp-page\" data-elementor-id=\"11277\" class=\"elementor elementor-11277\">\n\t\t\t\t\t\t<div class=\"elementor-inner\">\n\t\t\t\t<div class=\"elementor-section-wrap\">\n\t\t\t\t\t\t\t\t\t<section class=\"elementor-section elementor-top-section elementor-element elementor-element-e23ff41 elementor-section-boxed elementor-section-height-default elementor-section-height-default\" data-id=\"e23ff41\" data-element_type=\"section\">\n\t\t\t\t\t\t<div class=\"elementor-container elementor-column-gap-default\">\n\t\t\t\t\t\t\t<div class=\"elementor-row\">\n\t\t\t\t\t<div class=\"elementor-column elementor-col-50 elementor-top-column elementor-element elementor-element-e2d6bfc top column-style-top\" data-id=\"e2d6bfc\" data-element_type=\"column\">\n\t\t\t<div class=\"elementor-column-wrap elementor-element-populated\">\n\t\t\t\t\t\t\t<div class=\"elementor-widget-wrap\">\n\t\t\t\t\t\t<div class=\"elementor-element elementor-element-105f182 elementor-widget elementor-widget-heading\" data-id=\"105f182\" data-element_type=\"widget\" data-widget_type=\"heading.default\">\n\t\t\t\t<div class=\"elementor-widget-container\">\n\t\t\t<h1 class=\"elementor-heading-title elementor-size-default\">Epoksiler<\/h1>\t\t<\/div>\n\t\t\t\t<\/div>\n\t\t\t\t\t\t<\/div>\n\t\t\t\t\t<\/div>\n\t\t<\/div>\n\t\t\t\t<div class=\"elementor-column elementor-col-50 elementor-top-column elementor-element elementor-element-a53cc4a elementor-hidden-phone top column-style-top\" data-id=\"a53cc4a\" data-element_type=\"column\">\n\t\t\t<div class=\"elementor-column-wrap elementor-element-populated\">\n\t\t\t\t\t\t\t<div class=\"elementor-widget-wrap\">\n\t\t\t\t\t\t<div class=\"elementor-element elementor-element-fdd8129 elementor-widget elementor-widget-shortcode\" data-id=\"fdd8129\" data-element_type=\"widget\" data-widget_type=\"shortcode.default\">\n\t\t\t\t<div class=\"elementor-widget-container\">\n\t\t\t\t\t<div class=\"elementor-shortcode\">    <ul class=\"breadcrumb\">\n      <li><a href=\"http:\/\/eksenmak.com\/global\">Ana Sayfa<\/a><\/li>\n      <li><a href=\"http:\/\/eksenmak.com\/global\/urun-gruplari\/\">\u00dcr\u00fcn Gruplar\u0131<\/a><\/li>\n        <li><a href=\"http:\/\/eksenmak.com\/global\/kimyasal-yapistirici-nedir-cesitleri\/\">Kimyasal Yap\u0131\u015ft\u0131r\u0131c\u0131lar<\/a><\/li>\n      <li>Epoksiler<\/li>\n    <\/ul><\/div>\n\t\t\t\t<\/div>\n\t\t\t\t<\/div>\n\t\t\t\t\t\t<\/div>\n\t\t\t\t\t<\/div>\n\t\t<\/div>\n\t\t\t\t\t\t\t\t<\/div>\n\t\t\t\t\t<\/div>\n\t\t<\/section>\n\t\t\t\t<section class=\"elementor-section elementor-top-section elementor-element elementor-element-59b48b9 elementor-section-boxed elementor-section-height-default elementor-section-height-default\" data-id=\"59b48b9\" data-element_type=\"section\">\n\t\t\t\t\t\t<div class=\"elementor-container elementor-column-gap-default\">\n\t\t\t\t\t\t\t<div class=\"elementor-row\">\n\t\t\t\t\t<div class=\"elementor-column elementor-col-100 elementor-top-column elementor-element elementor-element-bceced1 top column-style-top\" data-id=\"bceced1\" data-element_type=\"column\">\n\t\t\t<div class=\"elementor-column-wrap elementor-element-populated\">\n\t\t\t\t\t\t\t<div class=\"elementor-widget-wrap\">\n\t\t\t\t\t\t<div class=\"elementor-element elementor-element-c0b8644 elementor-widget elementor-widget-accordion\" data-id=\"c0b8644\" data-element_type=\"widget\" data-widget_type=\"accordion.default\">\n\t\t\t\t<div class=\"elementor-widget-container\">\n\t\t\t\t\t<div class=\"elementor-accordion\" role=\"tablist\">\n\t\t\t\t\t\t\t<div class=\"elementor-accordion-item\">\n\t\t\t\t\t<div id=\"elementor-tab-title-2021\" class=\"elementor-tab-title\" data-tab=\"1\" role=\"tab\" aria-controls=\"elementor-tab-content-2021\" aria-expanded=\"false\">\n\t\t\t\t\t\t\t\t\t\t\t\t\t<span class=\"elementor-accordion-icon elementor-accordion-icon-left\" aria-hidden=\"true\">\n\t\t\t\t\t\t\t\t\t\t\t\t\t\t\t<span class=\"elementor-accordion-icon-closed\"><i class=\"fas fa-plus\"><\/i><\/span>\n\t\t\t\t\t\t\t\t<span class=\"elementor-accordion-icon-opened\"><i class=\"fas fa-minus\"><\/i><\/span>\n\t\t\t\t\t\t\t\t\t\t\t\t\t\t<\/span>\n\t\t\t\t\t\t\t\t\t\t\t\t<a class=\"elementor-accordion-title\" href=\"\">2 Ton Epoksi<\/a>\n\t\t\t\t\t<\/div>\n\t\t\t\t\t<div id=\"elementor-tab-content-2021\" class=\"elementor-tab-content elementor-clearfix\" data-tab=\"1\" role=\"tabpanel\" aria-labelledby=\"elementor-tab-title-2021\"><p>\n  Y\u00fcksek mukavemetli \u00e7ekme yapmayan yap\u0131\u015ft\u0131rma ve izolasyon ama\u00e7l\u0131 epoksi yap\u0131\u015ft\u0131r\u0131c\u0131.<br>\n\nKristal \u015feffafl\u0131\u011f\u0131ndad\u0131r darbe ve suya kar\u015f\u0131 diren\u00e7lidir.<br>\n\nElektronik par\u00e7alarda ve montajda yap\u0131\u015ft\u0131rma ve izolasyon ama\u00e7l\u0131.<br>\n\nFerit ah\u015fap ve betonda yap\u0131\u015ft\u0131rma i\u015fleminde,hediyelik e\u015fya montaj\u0131nda.\n<\/p>\n<p><strong>\u00d6zellikler<\/strong><\/p>\n<ul>\n    <li>Akrilik, seramik, fiberglas, cam, porselen, metal, ah\u015fap ve betonu yap\u0131\u015ft\u0131rmada kullan\u0131l\u0131r.<\/li>\n    <li>\u00c7ekme Mukavemeti: 2500 psi (175 kg\/cm2)<\/li>\n    <li>Renk: \u015eeffaf<\/li>\n    <li>Su ge\u00e7irmez.<\/li>\n    <li>\u00c7al\u0131\u015fma S\u00fcresi: 30 Dakika<\/li>\n    <li>Kuruma S\u00fcresi: 30 Dakika<\/li>\n    <li>K\u00fcrle\u015fme S\u00fcresi: 8 \u2013 12 saat<\/li>\n    <li>S\u0131cakl\u0131k Aral\u0131\u011f\u0131:  -5\u00b0C ile 95 \u00b0C aral\u0131\u011f\u0131nda<\/li>\n<\/ul><br>\n<p><strong>Kullan\u0131m \u00f6nerileri<\/strong><\/p>\n<p>\n    Yaln\u0131zca \u00e7al\u0131\u015fma s\u00fcresi i\u00e7erisinde kullan\u0131labilecek miktardaki \u00fcr\u00fcn\u00fc kar\u0131\u015ft\u0131r\u0131n\u0131z.<br>\n\nHasar g\u00f6rm\u00fc\u015f emaye ve porselen y\u00fczeyleri renkli al\u00e7\u0131 tozunu epoksiyle kar\u0131\u015ft\u0131rarak tamir edebilirsiniz. Renk pigmenti konsantresi de ekleyebilirsiniz. Bu i\u015flem, sertle\u015ftirici ve re\u00e7ine beraber iyice kar\u0131\u015ft\u0131r\u0131ld\u0131ktan sonra yap\u0131lmal\u0131d\u0131r. Epoksinin bula\u015fmas\u0131n\u0131 istemedi\u011finiz y\u00fczeylere s\u00f6k\u00fclebilir bant yap\u0131\u015ft\u0131rabilirisiniz. Epoksi k\u00fcrle\u015fmeden \u00f6nce, band\u0131 \u00e7\u0131kar\u0131n\u0131z.\n<\/p>\n<\/div>\n\t\t\t\t<\/div>\n\t\t\t\t\t\t\t<div class=\"elementor-accordion-item\">\n\t\t\t\t\t<div id=\"elementor-tab-title-2022\" class=\"elementor-tab-title\" data-tab=\"2\" role=\"tab\" aria-controls=\"elementor-tab-content-2022\" aria-expanded=\"false\">\n\t\t\t\t\t\t\t\t\t\t\t\t\t<span class=\"elementor-accordion-icon elementor-accordion-icon-left\" aria-hidden=\"true\">\n\t\t\t\t\t\t\t\t\t\t\t\t\t\t\t<span class=\"elementor-accordion-icon-closed\"><i class=\"fas fa-plus\"><\/i><\/span>\n\t\t\t\t\t\t\t\t<span class=\"elementor-accordion-icon-opened\"><i class=\"fas fa-minus\"><\/i><\/span>\n\t\t\t\t\t\t\t\t\t\t\t\t\t\t<\/span>\n\t\t\t\t\t\t\t\t\t\t\t\t<a class=\"elementor-accordion-title\" href=\"\">5 Dakika Epoksi<\/a>\n\t\t\t\t\t<\/div>\n\t\t\t\t\t<div id=\"elementor-tab-content-2022\" class=\"elementor-tab-content elementor-clearfix\" data-tab=\"2\" role=\"tabpanel\" aria-labelledby=\"elementor-tab-title-2022\"><p>\u0130ki bile\u015fenli, h\u0131zl\u0131 k\u00fcrle\u015fen, \u015feffaf, genel ama\u00e7l\u0131 epoksi.<\/p><p>Sert y\u00fczeylerde daha iyi sonu\u00e7 verir.<\/p><p>Otomobil, bisiklet, bot ve daha bir\u00e7ok alandaki tamirlerde kullan\u0131l\u0131r.<\/p><p>Ayr\u0131ca metal dolgu malzemesi olarak kullan\u0131labilir ve \u00e7\u00fcr\u00fcyen ah\u015fab\u0131n yerine kullan\u0131labilir.<\/p><p>Kar\u0131\u015ft\u0131r\u0131lm\u0131\u015f epoksiyi tamir edilecek b\u00f6lgeye uygulay\u0131n.<\/p><p>Flow-mix ucu re\u00e7ine ve sertle\u015ftiriciyi otomatik olarak kar\u0131\u015ft\u0131r\u0131r.<\/p><p>\u0130ki adet kendili\u011finden kar\u0131\u015ft\u0131ran flow-mix kar\u0131\u015ft\u0131r\u0131c\u0131 u\u00e7 i\u00e7erir.<\/p><p><strong>\u00d6zellikler<\/strong><\/p><ul><li>Metali, ah\u015fab\u0131, cam\u0131, serami\u011fi, betonu, ta\u015f\u0131, porselen, fiberglas\u0131 yap\u0131\u015ft\u0131r\u0131r.<\/li><li>\u00c7ekme Mukavemeti: 1500 psi (105 kg\/cm2)<\/li><li>Renk: \u015eeffaf<\/li><li>Su ge\u00e7irmezdir.<\/li><li>\u00c7al\u0131\u015fma S\u00fcresi: 5 dakika<\/li><li>Kuruma S\u00fcresi: 8-10 dakika<\/li><li>K\u00fcrle\u015fme S\u00fcresi: 1 Saat<\/li><li>S\u0131cakl\u0131k Aral\u0131\u011f\u0131: -5\u00b0C ile 95 \u00b0C aral\u0131\u011f\u0131nda<\/li><\/ul><p>\u00a0<\/p><p><strong>Kullan\u0131m \u00f6nerileri<\/strong><\/p><p>Hava kabarc\u0131klar\u0131n\u0131n y\u00fczeye \u00e7\u0131kmas\u0131 ve bu sayede Flow-Mix kar\u0131\u015ft\u0131r\u0131c\u0131 ucun i\u00e7ine girmemesi i\u00e7in pistonu yava\u015f\u00e7a geriye do\u011fru \u00e7ekin (0.7 cm).<\/p><p>E\u015fit miktarda re\u00e7ine ve sertle\u015ftirici elde etmek i\u00e7in, piston a\u015fa\u011f\u0131ya do\u011fru dengeli bir \u015fekilde itiniz.<br \/><strong>Not:<\/strong> Bu \u00fcr\u00fcn\u00fcn d\u00fczg\u00fcn bir \u015fekilde k\u00fcrle\u015febilmesi i\u00e7in, sertle\u015ftirici ve re\u00e7ine iyice kar\u0131\u015ft\u0131r\u0131lmal\u0131d\u0131r.<br \/>E\u011fer iki kar\u0131\u015ft\u0131r\u0131c\u0131 u\u00e7 da kullan\u0131lm\u0131\u015fsa ve geride kullan\u0131lacak epoksi kalm\u0131\u015fsa, manuel olarak da kar\u0131\u015ft\u0131r\u0131labilir<\/p><\/div>\n\t\t\t\t<\/div>\n\t\t\t\t\t\t\t<div class=\"elementor-accordion-item\">\n\t\t\t\t\t<div id=\"elementor-tab-title-2023\" class=\"elementor-tab-title\" data-tab=\"3\" role=\"tab\" aria-controls=\"elementor-tab-content-2023\" aria-expanded=\"false\">\n\t\t\t\t\t\t\t\t\t\t\t\t\t<span class=\"elementor-accordion-icon elementor-accordion-icon-left\" aria-hidden=\"true\">\n\t\t\t\t\t\t\t\t\t\t\t\t\t\t\t<span class=\"elementor-accordion-icon-closed\"><i class=\"fas fa-plus\"><\/i><\/span>\n\t\t\t\t\t\t\t\t<span class=\"elementor-accordion-icon-opened\"><i class=\"fas fa-minus\"><\/i><\/span>\n\t\t\t\t\t\t\t\t\t\t\t\t\t\t<\/span>\n\t\t\t\t\t\t\t\t\t\t\t\t<a class=\"elementor-accordion-title\" href=\"\">Magic Bond Epoksi<\/a>\n\t\t\t\t\t<\/div>\n\t\t\t\t\t<div id=\"elementor-tab-content-2023\" class=\"elementor-tab-content elementor-clearfix\" data-tab=\"3\" role=\"tabpanel\" aria-labelledby=\"elementor-tab-title-2023\"><p>\n \u0130ki kar\u0131\u015f\u0131ml\u0131 epoksi macun.<br>\n\n\u0130\u00e7 i\u00e7e sar\u0131lm\u0131\u015f \u00e7ubuk formundad\u0131r.<br>\n\nMetal,fiberglas,beton ve seramikte kal\u0131c\u0131 s\u0131z\u0131nt\u0131 tamirat\u0131  yapar,delik ve \u00e7atlaklar\u0131n kapat\u0131lmas\u0131na imkan verir.<br>\n\nEl ile yo\u011furulan pratik \u00e7ubuklu ambalajd\u0131r,\u0131slak y\u00fczeylere yap\u0131\u015f\u0131r,su alt\u0131nda uygulanabilir,h\u0131zl\u0131 kurur,sertle\u015ftikten sonra tesviye edilebilir,\u00fczeri boyanabilir.<br>\n\nTavsiye edilen uygulamalar:Tank ve varillerde  \u00e7atlak ve k\u0131r\u0131k par\u00e7alar\u0131n tamirinde,tesisat ve borulardaki onar\u0131mlarda, makina ve ekipmanlar\u0131n tamirat\u0131nda, i\u00e7me suyuna temas edecek noktalarda,su alt\u0131ndan yap\u0131lan tamiratlarda kullan\u0131l\u0131r.<br>\n\n<strong>Su ge\u00e7irmezdir. Tuzlu veya tatl\u0131 suda \u00e7al\u0131\u015f\u0131labilir.<\/strong>\n<\/p>\n<p><strong>\u00d6zellikler<\/strong><\/p>\n<ul>\n    <li>Metal, beton,  ah\u015fap, seramik, fiberglas, sert plastik, PVC\u2019yi yap\u0131\u015ft\u0131r\u0131r.<\/li>\n    <li>\u00c7ekme Mukavemeti: 1500 psi (105 kg\/cm2)<\/li>\n    <li>Renk: K\u0131r\u0131k Beyaz<\/li>\n    <li>Su ge\u00e7irmez.<\/li>\n    <li>\u00c7al\u0131\u015fma S\u00fcresi: 2-3 Dakika<\/li>\n    <li>Kuruma S\u00fcresi: 3-4 dakika<\/li>\n    <li>Tamamen K\u00fcrle\u015fme: 24 saat<\/li>\n    <li>S\u0131cakl\u0131k Aral\u0131\u011f\u0131: 93\u00b0C  kuru, 51\u00b0C \u0131slak<\/li>\n<\/ul><br>\n<p><strong>Kullan\u0131m \u00f6nerileri<\/strong><\/p>\n<p>\n    Kes, kar\u0131\u015ft\u0131r, yap\u0131\u015ft\u0131r! Uygulama i\u00e7in ihtiya\u00e7 duydu\u011funuz miktar\u0131 kesin ve \u00fcr\u00fcn\u00fc homojen bir renk elde edene kadar yo\u011furun, tamir edilecek b\u00f6lgeye uygulay\u0131n.<br>\n\n\u0130stedi\u011finiz herhangi bir y\u00fczeye yap\u0131\u015ft\u0131racak \u015fekilde \u015fekil verin. Yaln\u0131zca \u00e7al\u0131\u015fma s\u00fcresi i\u00e7erisinde kullan\u0131labilecek miktardaki \u00fcr\u00fcn\u00fc kar\u0131\u015ft\u0131r\u0131n\u0131z. Tamamen k\u00fcrle\u015ftikten sonra z\u0131mpara yap\u0131labilir,  k\u0131lavuzla yuva a\u00e7\u0131labilir, i\u015flenebilir, delinebilir, boyanabilir.\n<\/p><\/div>\n\t\t\t\t<\/div>\n\t\t\t\t\t\t\t<div class=\"elementor-accordion-item\">\n\t\t\t\t\t<div id=\"elementor-tab-title-2024\" class=\"elementor-tab-title\" data-tab=\"4\" role=\"tab\" aria-controls=\"elementor-tab-content-2024\" aria-expanded=\"false\">\n\t\t\t\t\t\t\t\t\t\t\t\t\t<span class=\"elementor-accordion-icon elementor-accordion-icon-left\" aria-hidden=\"true\">\n\t\t\t\t\t\t\t\t\t\t\t\t\t\t\t<span class=\"elementor-accordion-icon-closed\"><i class=\"fas fa-plus\"><\/i><\/span>\n\t\t\t\t\t\t\t\t<span class=\"elementor-accordion-icon-opened\"><i class=\"fas fa-minus\"><\/i><\/span>\n\t\t\t\t\t\t\t\t\t\t\t\t\t\t<\/span>\n\t\t\t\t\t\t\t\t\t\t\t\t<a class=\"elementor-accordion-title\" href=\"\">Plastic Steel Epoksi<\/a>\n\t\t\t\t\t<\/div>\n\t\t\t\t\t<div id=\"elementor-tab-content-2024\" class=\"elementor-tab-content elementor-clearfix\" data-tab=\"4\" role=\"tabpanel\" aria-labelledby=\"elementor-tab-title-2024\"><p>\n Tamamen k\u00fcrle\u015fti\u011finde delinebilen, di\u015f a\u00e7\u0131labilen, i\u015flenebilen, dolgu yapabilen iki bile\u015fenli,  y\u00fcksek g\u00fc\u00e7l\u00fc so\u011fuk kaynak epoksisi.  Bo\u015fluklar\u0131 doldurur, \u00e7atlaklar\u0131 onar\u0131r. Paslanmayan bir \u00e7elik ala\u015f\u0131m i\u00e7erir. Her t\u00fcrl\u00fc metal \u00fczerinde kullan\u0131labilir. K\u0131r\u0131lm\u0131\u015f mobilyalar, aletler, cihazlar, oyuncaklar, otomobiller ve daha bir\u00e7ok alanda kullan\u0131labilir.  Alev almaz. Paslanmaz. Su ge\u00e7irmezdir.\n<\/p>\n<p><strong>\u00d6zellikler<\/strong><\/p>\n<ul>\n    <li>\u00c7elik, paslanmaz \u00e7elik, al\u00fcminyum, pirin\u00e7, demir, kalay, bak\u0131r\u0131 yap\u0131\u015ft\u0131r\u0131r.<\/li>\n    <li>\u00c7\u00c7ekme Mukavemeti: 2500 psi (175 kg\/cm2)<\/li>\n    <li>\u00c7Renk: Koyu Gri<\/li>\n    <li>\u00c7\u00c7al\u0131\u015fma S\u00fcresi: 60 Dakika<\/li>\n    <li>\u00c7Kuruma S\u00fcresi: 6 saat<\/li>\n    <li>\u00c7Tamamen K\u00fcrle\u015fme: 16-24 saat<\/li>\n    <li>\u00c7S\u0131cakl\u0131k Aral\u0131\u011f\u0131: 93\u00b0C  s\u00fcrekli, 121\u00b0C aral\u0131kl\u0131<\/li>\n<\/ul><br>\n<p><strong>Kullan\u0131m \u00f6nerileri<\/strong><\/p>\n<p>\n    Yaln\u0131zca \u00e7al\u0131\u015fma s\u00fcresi i\u00e7erisinde kullan\u0131labilecek miktardaki re\u00e7ine ve sertle\u015ftiriciyi kar\u0131\u015ft\u0131r\u0131n\u0131z.<br>\n\nBu \u00fcr\u00fcn\u00fcn d\u00fczg\u00fcn bir \u015fekilde k\u00fcrle\u015febilmesi i\u00e7in re\u00e7ine ve sertle\u015ftiricinin iyice kar\u0131\u015ft\u0131r\u0131lm\u0131\u015f olmas\u0131 gerekir. <br>\n\nEpoksilerin genelde kimyasallara ve solventlere \u00e7ok fazla maruz b\u0131rak\u0131lmas\u0131 tavsiye edilmez. Polietilen ve polipropilen plastikler \u00fczerinde kullan\u0131lmas\u0131 tavsiye edilmez. \n<\/p>\n<\/div>\n\t\t\t\t<\/div>\n\t\t\t\t\t\t\t<div class=\"elementor-accordion-item\">\n\t\t\t\t\t<div id=\"elementor-tab-title-2025\" class=\"elementor-tab-title\" data-tab=\"5\" role=\"tab\" aria-controls=\"elementor-tab-content-2025\" aria-expanded=\"false\">\n\t\t\t\t\t\t\t\t\t\t\t\t\t<span class=\"elementor-accordion-icon elementor-accordion-icon-left\" aria-hidden=\"true\">\n\t\t\t\t\t\t\t\t\t\t\t\t\t\t\t<span class=\"elementor-accordion-icon-closed\"><i class=\"fas fa-plus\"><\/i><\/span>\n\t\t\t\t\t\t\t\t<span class=\"elementor-accordion-icon-opened\"><i class=\"fas fa-minus\"><\/i><\/span>\n\t\t\t\t\t\t\t\t\t\t\t\t\t\t<\/span>\n\t\t\t\t\t\t\t\t\t\t\t\t<a class=\"elementor-accordion-title\" href=\"\">Plastic Welder Epoksi<\/a>\n\t\t\t\t\t<\/div>\n\t\t\t\t\t<div id=\"elementor-tab-content-2025\" class=\"elementor-tab-content elementor-clearfix\" data-tab=\"5\" role=\"tabpanel\" aria-labelledby=\"elementor-tab-title-2025\"><p>\n Bo\u015fluk doldurma kapasitesi olan yap\u0131sal epoksi yap\u0131\u015ft\u0131r\u0131c\u0131d\u0131r.<br>\n\nBirbirinden farkl\u0131 y\u00fczeylerin, metallerin, seramik, ah\u015fap vb. yap\u0131\u015ft\u0131r\u0131lmas\u0131nda ideal bir malzemedir.<br>\n\n\u00c7evresel \u015fartlara, y\u00fcksek nem oran\u0131na, s\u0131cakl\u0131k de\u011fi\u015fimlerine diren\u00e7lidir.\u00c7ok az y\u00fczey haz\u0131rl\u0131\u011f\u0131 gerektirmektedir.K\u00fcrle\u015fmi\u015f yap\u0131\u015ft\u0131r\u0131c\u0131 delinebilir, z\u0131mparalanabilir ve boyanabilir.<br>\n\nSert plastik yap\u0131\u015ft\u0131r\u0131c\u0131 PVC, akrilik, seramik, beton, fiberglas, metal, ah\u015fap, vinil yap\u0131\u015ft\u0131r\u0131c\u0131\n<\/p>\n<p><strong>\u00d6zellikler<\/strong><\/p>\n<ul>\n    <li>Sert plastik, stiren, PVC, akrilik, seramik, beton, fiberglas, metal, ah\u015fap, vinili yap\u0131\u015ft\u0131r\u0131r.<\/li>\n    <li>\u00c7ekme Mukavemeti: 3500 psi (245 kg\/cm2)<\/li>\n    <li>Su Ge\u00e7irmezdir.<\/li>\n    <li>Renk: Krem<\/li>\n    <li>\u00c7al\u0131\u015fma S\u00fcresi: 4 &#8211; 5 Dakika<\/li>\n    <li>Kuruma S\u00fcresi: 10 \u2013 15  Dakika<\/li>\n    <li>K\u00fcrle\u015fme S\u00fcresi: 24 Saat<\/li>\n    <li>S\u0131cakl\u0131k Aral\u0131\u011f\u0131: -5\u00b0C ile 95 \u00b0C aral\u0131\u011f\u0131nda<\/li>\n<\/ul><br>\n<p><strong>Kullan\u0131m \u00f6nerileri<\/strong><\/p>\n<p>\n    Dondurmay\u0131n\u0131z; 13 \u00b0C ile 24\u00b0C s\u0131cakl\u0131klar\u0131 aras\u0131nda depolay\u0131n\u0131z. Bu \u00fcr\u00fcn\u00fcn iyice k\u00fcrle\u015fmesi i\u00e7in e\u015fit miktardaki yap\u0131\u015ft\u0131r\u0131c\u0131 ve aktivat\u00f6r\u00fcn iyice kar\u0131\u015ft\u0131r\u0131lm\u0131\u015f olmas\u0131 gerekmektedir. Yaln\u0131zca \u00e7al\u0131\u015fma s\u00fcresi i\u00e7erisinde kullan\u0131labilecek miktardaki \u00fcr\u00fcn\u00fc kar\u0131\u015ft\u0131r\u0131n\u0131z. Polietilen veya polipropilen plastiklere yap\u0131\u015fmaz. Bak\u0131r ve pirin\u00e7 y\u00fczeylerde kullan\u0131lmas\u0131 tavsiye edilmez.\n<\/p><\/div>\n\t\t\t\t<\/div>\n\t\t\t\t\t\t\t<div class=\"elementor-accordion-item\">\n\t\t\t\t\t<div id=\"elementor-tab-title-2026\" class=\"elementor-tab-title\" data-tab=\"6\" role=\"tab\" aria-controls=\"elementor-tab-content-2026\" aria-expanded=\"false\">\n\t\t\t\t\t\t\t\t\t\t\t\t\t<span class=\"elementor-accordion-icon elementor-accordion-icon-left\" aria-hidden=\"true\">\n\t\t\t\t\t\t\t\t\t\t\t\t\t\t\t<span class=\"elementor-accordion-icon-closed\"><i class=\"fas fa-plus\"><\/i><\/span>\n\t\t\t\t\t\t\t\t<span class=\"elementor-accordion-icon-opened\"><i class=\"fas fa-minus\"><\/i><\/span>\n\t\t\t\t\t\t\t\t\t\t\t\t\t\t<\/span>\n\t\t\t\t\t\t\t\t\t\t\t\t<a class=\"elementor-accordion-title\" href=\"\">Kau\u00e7uk Yap\u0131\u015ft\u0131r\u0131c\u0131 Epoksi<\/a>\n\t\t\t\t\t<\/div>\n\t\t\t\t\t<div id=\"elementor-tab-content-2026\" class=\"elementor-tab-content elementor-clearfix\" data-tab=\"6\" role=\"tabpanel\" aria-labelledby=\"elementor-tab-title-2026\"><p>\nEsnek kal\u0131c\u0131 kau\u00e7uk yap\u0131\u015ft\u0131rma ama\u00e7l\u0131 ,end\u00fcstriyel tek bile\u015fenli yap\u0131\u015ft\u0131r\u0131c\u0131d\u0131r.<br>\n\nKau\u00e7uk,\u00e7ad\u0131r bezi,branda,ah\u015fap,metal ve baz\u0131 plastikleri yap\u0131\u015ft\u0131r\u0131r.<br>\n\nUltraViyole \u0131\u015f\u0131nlar\u0131  hava \u015fartlar\u0131 ya\u011flar,asitler ve alkaillere kar\u015f\u0131 diren\u00e7lidir.<br>\n\nTamirat,dolgu,izolasyon yapar,su ge\u00e7irmez tamirat sa\u011flar.<br>\n<strong>Kau\u00e7u\u011fun metale yap\u0131\u015ft\u0131r\u0131lmas\u0131nda, kau\u00e7u\u011fun kau\u00e7u\u011fa yap\u0131\u015ft\u0131r\u0131lmas\u0131nda lastik yamalar\u0131n yap\u0131\u015ft\u0131r\u0131lmas\u0131nda, kau\u00e7u\u011fun plasti\u011fe yap\u0131\u015ft\u0131r\u0131lmas\u0131nda, zodiak bot tamirinde kullan\u0131l\u0131r.<\/strong>\n<\/p>\n<p><strong>\u00d6zellikler<\/strong><\/p>\n<ul>\n    <li>UV, hava \u015fartlar\u0131, ya\u011flar, asitler ve alkalilere kar\u015f\u0131 diren\u00e7lidir.<\/li>\n<\/ul><\/div>\n\t\t\t\t<\/div>\n\t\t\t\t\t\t\t\t<\/div>\n\t\t\t\t<\/div>\n\t\t\t\t<\/div>\n\t\t\t\t\t\t<\/div>\n\t\t\t\t\t<\/div>\n\t\t<\/div>\n\t\t\t\t\t\t\t\t<\/div>\n\t\t\t\t\t<\/div>\n\t\t<\/section>\n\t\t\t\t\t\t\t\t\t<\/div>\n\t\t\t<\/div>\n\t\t\t\t\t<\/div>\n\t\t","protected":false},"excerpt":{"rendered":"<p>Epoksiler Ana Sayfa \u00dcr\u00fcn Gruplar\u0131 Kimyasal Yap\u0131\u015ft\u0131r\u0131c\u0131lar Epoksiler 2 Ton Epoksi Y\u00fcksek mukavemetli \u00e7ekme yapmayan yap\u0131\u015ft\u0131rma ve izolasyon ama\u00e7l\u0131 epoksi yap\u0131\u015ft\u0131r\u0131c\u0131. Kristal \u015feffafl\u0131\u011f\u0131ndad\u0131r darbe ve suya kar\u015f\u0131 diren\u00e7lidir. Elektronik par\u00e7alarda ve montajda yap\u0131\u015ft\u0131rma ve izolasyon ama\u00e7l\u0131. Ferit ah\u015fap ve betonda yap\u0131\u015ft\u0131rma i\u015fleminde,hediyelik e\u015fya montaj\u0131nda. \u00d6zellikler Akrilik, seramik, fiberglas, cam, porselen, metal, ah\u015fap ve betonu yap\u0131\u015ft\u0131rmada [&hellip;]<\/p>\n","protected":false},"author":1,"featured_media":0,"parent":0,"menu_order":0,"comment_status":"closed","ping_status":"closed","template":"elementor_header_footer","meta":{"footnotes":""},"class_list":["post-11277","page","type-page","status-publish","hentry"],"yoast_head":"<!-- This site is optimized with the Yoast SEO plugin v15.4 - https:\/\/yoast.com\/wordpress\/plugins\/seo\/ -->\n<title>Epoksiler - Eksen Makina Ltd. \u015eti. |\u00a0TTO T\u00fcrkiye Temsilcisi<\/title>\n<meta name=\"robots\" content=\"index, follow, max-snippet:-1, max-image-preview:large, max-video-preview:-1\" \/>\n<link rel=\"canonical\" href=\"https:\/\/eksenmak.com\/global\/muhendislik-epoksi-nedir-cesitleri\/\" \/>\n<meta property=\"og:locale\" content=\"tr_TR\" \/>\n<meta property=\"og:type\" content=\"article\" \/>\n<meta property=\"og:title\" content=\"Epoksiler - Eksen Makina Ltd. \u015eti. |\u00a0TTO T\u00fcrkiye Temsilcisi\" \/>\n<meta property=\"og:description\" content=\"Epoksiler Ana Sayfa \u00dcr\u00fcn Gruplar\u0131 Kimyasal Yap\u0131\u015ft\u0131r\u0131c\u0131lar Epoksiler 2 Ton Epoksi Y\u00fcksek mukavemetli \u00e7ekme yapmayan yap\u0131\u015ft\u0131rma ve izolasyon ama\u00e7l\u0131 epoksi yap\u0131\u015ft\u0131r\u0131c\u0131. Kristal \u015feffafl\u0131\u011f\u0131ndad\u0131r darbe ve suya kar\u015f\u0131 diren\u00e7lidir. Elektronik par\u00e7alarda ve montajda yap\u0131\u015ft\u0131rma ve izolasyon ama\u00e7l\u0131. Ferit ah\u015fap ve betonda yap\u0131\u015ft\u0131rma i\u015fleminde,hediyelik e\u015fya montaj\u0131nda. \u00d6zellikler Akrilik, seramik, fiberglas, cam, porselen, metal, ah\u015fap ve betonu yap\u0131\u015ft\u0131rmada [&hellip;]\" \/>\n<meta property=\"og:url\" content=\"https:\/\/eksenmak.com\/global\/muhendislik-epoksi-nedir-cesitleri\/\" \/>\n<meta property=\"og:site_name\" content=\"Eksen Makina Ltd. \u015eti. |\u00a0TTO T\u00fcrkiye Temsilcisi\" \/>\n<meta property=\"article:modified_time\" content=\"2020-12-12T15:31:27+00:00\" \/>\n<meta name=\"twitter:card\" content=\"summary_large_image\" \/>\n<meta name=\"twitter:label1\" content=\"Written by\">\n\t<meta name=\"twitter:data1\" content=\"halil.tohumoglu\">\n\t<meta name=\"twitter:label2\" content=\"Tahmini okuma s\u00fcresi\">\n\t<meta name=\"twitter:data2\" content=\"5 dakika\">\n<script type=\"application\/ld+json\" class=\"yoast-schema-graph\">{\"@context\":\"https:\/\/schema.org\",\"@graph\":[{\"@type\":\"WebSite\",\"@id\":\"https:\/\/eksenmak.com\/global\/#website\",\"url\":\"https:\/\/eksenmak.com\/global\/\",\"name\":\"Eksen Makina Ltd. \\u015eti. |\\u00a0TTO T\\u00fcrkiye Temsilcisi\",\"description\":\"\",\"potentialAction\":[{\"@type\":\"SearchAction\",\"target\":\"https:\/\/eksenmak.com\/global\/?s={search_term_string}\",\"query-input\":\"required name=search_term_string\"}],\"inLanguage\":\"tr\"},{\"@type\":\"WebPage\",\"@id\":\"https:\/\/eksenmak.com\/global\/muhendislik-epoksi-nedir-cesitleri\/#webpage\",\"url\":\"https:\/\/eksenmak.com\/global\/muhendislik-epoksi-nedir-cesitleri\/\",\"name\":\"Epoksiler - Eksen Makina Ltd. \\u015eti. |\\u00a0TTO T\\u00fcrkiye Temsilcisi\",\"isPartOf\":{\"@id\":\"https:\/\/eksenmak.com\/global\/#website\"},\"datePublished\":\"2020-12-12T15:23:01+00:00\",\"dateModified\":\"2020-12-12T15:31:27+00:00\",\"inLanguage\":\"tr\",\"potentialAction\":[{\"@type\":\"ReadAction\",\"target\":[\"https:\/\/eksenmak.com\/global\/muhendislik-epoksi-nedir-cesitleri\/\"]}]}]}<\/script>\n<!-- \/ Yoast SEO plugin. -->","_links":{"self":[{"href":"https:\/\/eksenmak.com\/global\/wp-json\/wp\/v2\/pages\/11277","targetHints":{"allow":["GET"]}}],"collection":[{"href":"https:\/\/eksenmak.com\/global\/wp-json\/wp\/v2\/pages"}],"about":[{"href":"https:\/\/eksenmak.com\/global\/wp-json\/wp\/v2\/types\/page"}],"author":[{"embeddable":true,"href":"https:\/\/eksenmak.com\/global\/wp-json\/wp\/v2\/users\/1"}],"replies":[{"embeddable":true,"href":"https:\/\/eksenmak.com\/global\/wp-json\/wp\/v2\/comments?post=11277"}],"version-history":[{"count":0,"href":"https:\/\/eksenmak.com\/global\/wp-json\/wp\/v2\/pages\/11277\/revisions"}],"wp:attachment":[{"href":"https:\/\/eksenmak.com\/global\/wp-json\/wp\/v2\/media?parent=11277"}],"curies":[{"name":"wp","href":"https:\/\/api.w.org\/{rel}","templated":true}]}}