{"id":11244,"date":"2020-12-12T18:01:26","date_gmt":"2020-12-12T15:01:26","guid":{"rendered":"http:\/\/eksenmak.com\/global\/?page_id=11244"},"modified":"2020-12-12T18:02:26","modified_gmt":"2020-12-12T15:02:26","slug":"hidrolik-akumulator-cesitleri","status":"publish","type":"page","link":"https:\/\/eksenmak.com\/global\/hidrolik-akumulator-cesitleri\/","title":{"rendered":"Hidrolik Ak\u00fcm\u00fclat\u00f6rler"},"content":{"rendered":"\t\t<div data-elementor-type=\"wp-page\" data-elementor-id=\"11244\" class=\"elementor elementor-11244\">\n\t\t\t\t\t\t<div class=\"elementor-inner\">\n\t\t\t\t<div class=\"elementor-section-wrap\">\n\t\t\t\t\t\t\t\t\t<section class=\"elementor-section elementor-top-section elementor-element elementor-element-57a966a elementor-section-boxed elementor-section-height-default elementor-section-height-default\" data-id=\"57a966a\" data-element_type=\"section\">\n\t\t\t\t\t\t<div class=\"elementor-container elementor-column-gap-default\">\n\t\t\t\t\t\t\t<div class=\"elementor-row\">\n\t\t\t\t\t<div class=\"elementor-column elementor-col-50 elementor-top-column elementor-element elementor-element-ea20884 top column-style-top\" data-id=\"ea20884\" data-element_type=\"column\">\n\t\t\t<div class=\"elementor-column-wrap elementor-element-populated\">\n\t\t\t\t\t\t\t<div class=\"elementor-widget-wrap\">\n\t\t\t\t\t\t<div class=\"elementor-element elementor-element-f991c28 elementor-widget elementor-widget-heading\" data-id=\"f991c28\" data-element_type=\"widget\" data-widget_type=\"heading.default\">\n\t\t\t\t<div class=\"elementor-widget-container\">\n\t\t\t<h1 class=\"elementor-heading-title elementor-size-default\">Hidrolik Ak\u00fcm\u00fclat\u00f6rler<\/h1>\t\t<\/div>\n\t\t\t\t<\/div>\n\t\t\t\t\t\t<\/div>\n\t\t\t\t\t<\/div>\n\t\t<\/div>\n\t\t\t\t<div class=\"elementor-column elementor-col-50 elementor-top-column elementor-element elementor-element-8293ed2 elementor-hidden-phone top column-style-top\" data-id=\"8293ed2\" data-element_type=\"column\">\n\t\t\t<div class=\"elementor-column-wrap elementor-element-populated\">\n\t\t\t\t\t\t\t<div class=\"elementor-widget-wrap\">\n\t\t\t\t\t\t<div class=\"elementor-element elementor-element-99af71c elementor-widget elementor-widget-shortcode\" data-id=\"99af71c\" data-element_type=\"widget\" data-widget_type=\"shortcode.default\">\n\t\t\t\t<div class=\"elementor-widget-container\">\n\t\t\t\t\t<div class=\"elementor-shortcode\">    <ul class=\"breadcrumb\">\n      <li><a href=\"http:\/\/eksenmak.com\/global\">Ana Sayfa<\/a><\/li>\n      <li><a href=\"http:\/\/eksenmak.com\/global\/urun-gruplari\/\">\u00dcr\u00fcn Gruplar\u0131<\/a><\/li>\n      <li>Hidrolik Ak\u00fcm\u00fclat\u00f6rler<\/li>\n    <\/ul><\/div>\n\t\t\t\t<\/div>\n\t\t\t\t<\/div>\n\t\t\t\t\t\t<\/div>\n\t\t\t\t\t<\/div>\n\t\t<\/div>\n\t\t\t\t\t\t\t\t<\/div>\n\t\t\t\t\t<\/div>\n\t\t<\/section>\n\t\t\t\t<section class=\"elementor-section elementor-top-section elementor-element elementor-element-314c420 elementor-hidden-phone elementor-section-boxed elementor-section-height-default elementor-section-height-default\" data-id=\"314c420\" data-element_type=\"section\" data-settings=\"{&quot;background_background&quot;:&quot;classic&quot;}\">\n\t\t\t\t\t\t<div class=\"elementor-container elementor-column-gap-default\">\n\t\t\t\t\t\t\t<div class=\"elementor-row\">\n\t\t\t\t\t<div class=\"elementor-column elementor-col-100 elementor-top-column elementor-element elementor-element-b7afa85 top column-style-top\" data-id=\"b7afa85\" data-element_type=\"column\">\n\t\t\t<div class=\"elementor-column-wrap elementor-element-populated\">\n\t\t\t\t\t\t\t<div class=\"elementor-widget-wrap\">\n\t\t\t\t\t\t<div class=\"elementor-element elementor-element-654611c elementor-widget elementor-widget-image\" data-id=\"654611c\" data-element_type=\"widget\" data-widget_type=\"image.default\">\n\t\t\t\t<div class=\"elementor-widget-container\">\n\t\t\t\t\t\t\t\t<div class=\"elementor-image\">\n\t\t\t\t\t\t\t\t\t\t\t\t<img decoding=\"async\" src=\"http:\/\/eksenmak.com\/main\/wp-content\/uploads\/2020\/07\/aku-banner-guncel.jpg\" title=\"\" alt=\"\" \/>\t\t\t\t\t\t\t\t\t\t\t\t\t\t<\/div>\n\t\t\t\t\t\t<\/div>\n\t\t\t\t<\/div>\n\t\t\t\t\t\t<\/div>\n\t\t\t\t\t<\/div>\n\t\t<\/div>\n\t\t\t\t\t\t\t\t<\/div>\n\t\t\t\t\t<\/div>\n\t\t<\/section>\n\t\t\t\t<section class=\"elementor-section elementor-top-section elementor-element elementor-element-a43a447 elementor-section-boxed elementor-section-height-default elementor-section-height-default\" data-id=\"a43a447\" data-element_type=\"section\" data-settings=\"{&quot;background_background&quot;:&quot;classic&quot;}\">\n\t\t\t\t\t\t<div class=\"elementor-container elementor-column-gap-default\">\n\t\t\t\t\t\t\t<div class=\"elementor-row\">\n\t\t\t\t\t<div class=\"elementor-column elementor-col-100 elementor-top-column elementor-element elementor-element-a01e7bf top column-style-top\" data-id=\"a01e7bf\" data-element_type=\"column\">\n\t\t\t<div class=\"elementor-column-wrap elementor-element-populated\">\n\t\t\t\t\t\t\t<div class=\"elementor-widget-wrap\">\n\t\t\t\t\t\t<div class=\"elementor-element elementor-element-3dc6547 elementor-widget elementor-widget-heading\" data-id=\"3dc6547\" data-element_type=\"widget\" data-widget_type=\"heading.default\">\n\t\t\t\t<div class=\"elementor-widget-container\">\n\t\t\t<h1 class=\"elementor-heading-title elementor-size-default\">Hidrolik Ak\u00fcm\u00fclat\u00f6r Nedir? Nas\u0131l \u00c7al\u0131\u015f\u0131r?<\/h1>\t\t<\/div>\n\t\t\t\t<\/div>\n\t\t\t\t\t\t<\/div>\n\t\t\t\t\t<\/div>\n\t\t<\/div>\n\t\t\t\t\t\t\t\t<\/div>\n\t\t\t\t\t<\/div>\n\t\t<\/section>\n\t\t\t\t<section class=\"elementor-section elementor-top-section elementor-element elementor-element-c11cc93 elementor-section-boxed elementor-section-height-default elementor-section-height-default\" data-id=\"c11cc93\" data-element_type=\"section\" data-settings=\"{&quot;background_background&quot;:&quot;classic&quot;}\">\n\t\t\t\t\t\t<div class=\"elementor-container elementor-column-gap-default\">\n\t\t\t\t\t\t\t<div class=\"elementor-row\">\n\t\t\t\t\t<div class=\"elementor-column elementor-col-100 elementor-top-column elementor-element elementor-element-c05fb4c top column-style-top\" data-id=\"c05fb4c\" data-element_type=\"column\">\n\t\t\t<div class=\"elementor-column-wrap elementor-element-populated\">\n\t\t\t\t\t\t\t<div class=\"elementor-widget-wrap\">\n\t\t\t\t\t\t<div class=\"elementor-element elementor-element-d2728fa elementor-widget elementor-widget-text-editor\" data-id=\"d2728fa\" data-element_type=\"widget\" data-widget_type=\"text-editor.default\">\n\t\t\t\t<div class=\"elementor-widget-container\">\n\t\t\t\t\t\t\t\t<div class=\"elementor-text-editor elementor-clearfix\">\n\t\t\t\t<p class=\"product-groups\" title=\"hidrolik ak\u00fcm\u00fclat\u00f6r nedir? nas\u0131l \u00e7al\u0131\u015f\u0131r?\">Hidrolik ak\u00fcm\u00fclat\u00f6r, hidrolik sistemde bir\u00e7ok g\u00f6revi yerine getiren bir bas\u0131n\u00e7l\u0131 kapt\u0131r. Bas\u0131nc\u0131 korumak, enerjiyi depolamak ve yeniden yakalamak, bas\u0131n\u00e7 piklerini, g\u00fc\u00e7 \u015fasisi s\u00fcspansiyonlar\u0131n\u0131 azaltmak ve \u015fok, titre\u015fim ve titre\u015fimleri azaltmak i\u00e7in kullan\u0131l\u0131rlar.<br \/>Gaz bas\u0131nc\u0131 alt\u0131nda, ak\u00fcm\u00fclat\u00f6rler gerekti\u011finde hidrolik sisteme tekrar beslenebilecek bir s\u0131v\u0131 hacmini depolar. Hidrolik sistemdeki bas\u0131n\u00e7 art\u0131\u015f\u0131 ile hidrolik ak\u00fcm\u00fclat\u00f6r bas\u0131n\u00e7 s\u0131v\u0131s\u0131n\u0131 toplar. Sonu\u00e7: Gaz s\u0131k\u0131\u015ft\u0131r\u0131l\u0131r. Bas\u0131n\u00e7 d\u00fc\u015ferse, s\u0131k\u0131\u015ft\u0131r\u0131lm\u0131\u015f gaz tekrar genle\u015fir ve depolanan s\u0131v\u0131y\u0131 hidrolik devreye zorlar.<\/p>\t\t\t\t\t<\/div>\n\t\t\t\t\t\t<\/div>\n\t\t\t\t<\/div>\n\t\t\t\t\t\t<\/div>\n\t\t\t\t\t<\/div>\n\t\t<\/div>\n\t\t\t\t\t\t\t\t<\/div>\n\t\t\t\t\t<\/div>\n\t\t<\/section>\n\t\t\t\t<section class=\"elementor-section elementor-top-section elementor-element elementor-element-a89d04a elementor-section-boxed elementor-section-height-default elementor-section-height-default\" data-id=\"a89d04a\" data-element_type=\"section\">\n\t\t\t\t\t\t<div class=\"elementor-container elementor-column-gap-default\">\n\t\t\t\t\t\t\t<div class=\"elementor-row\">\n\t\t\t\t\t<div class=\"elementor-column elementor-col-100 elementor-top-column elementor-element elementor-element-4f52fd9 top column-style-top\" data-id=\"4f52fd9\" data-element_type=\"column\">\n\t\t\t<div class=\"elementor-column-wrap elementor-element-populated\">\n\t\t\t\t\t\t\t<div class=\"elementor-widget-wrap\">\n\t\t\t\t\t\t<div class=\"elementor-element elementor-element-2232298 elementor-widget elementor-widget-accordion\" data-id=\"2232298\" data-element_type=\"widget\" data-widget_type=\"accordion.default\">\n\t\t\t\t<div class=\"elementor-widget-container\">\n\t\t\t\t\t<div class=\"elementor-accordion\" role=\"tablist\">\n\t\t\t\t\t\t\t<div class=\"elementor-accordion-item\">\n\t\t\t\t\t<div id=\"elementor-tab-title-3581\" class=\"elementor-tab-title\" data-tab=\"1\" role=\"tab\" aria-controls=\"elementor-tab-content-3581\" aria-expanded=\"false\">\n\t\t\t\t\t\t\t\t\t\t\t\t\t<span class=\"elementor-accordion-icon elementor-accordion-icon-left\" aria-hidden=\"true\">\n\t\t\t\t\t\t\t\t\t\t\t\t\t\t\t<span class=\"elementor-accordion-icon-closed\"><i class=\"fas fa-plus\"><\/i><\/span>\n\t\t\t\t\t\t\t\t<span class=\"elementor-accordion-icon-opened\"><i class=\"fas fa-minus\"><\/i><\/span>\n\t\t\t\t\t\t\t\t\t\t\t\t\t\t<\/span>\n\t\t\t\t\t\t\t\t\t\t\t\t<a class=\"elementor-accordion-title\" href=\"\">Kaynakl\u0131 Diyafram Ak\u00fcm\u00fclat\u00f6rleri<\/a>\n\t\t\t\t\t<\/div>\n\t\t\t\t\t<div id=\"elementor-tab-content-3581\" class=\"elementor-tab-content elementor-clearfix\" data-tab=\"1\" role=\"tabpanel\" aria-labelledby=\"elementor-tab-title-3581\"><p>Kaynakl\u0131 Diyafram Ak\u00fcm\u00fclat\u00f6rlerimiz 350 bara kadar bas\u0131n\u00e7larla doldurulabilir ve kapal\u0131 versiyonlar halinde mevcuttur.<\/p><\/div>\n\t\t\t\t<\/div>\n\t\t\t\t\t\t\t<div class=\"elementor-accordion-item\">\n\t\t\t\t\t<div id=\"elementor-tab-title-3582\" class=\"elementor-tab-title\" data-tab=\"2\" role=\"tab\" aria-controls=\"elementor-tab-content-3582\" aria-expanded=\"false\">\n\t\t\t\t\t\t\t\t\t\t\t\t\t<span class=\"elementor-accordion-icon elementor-accordion-icon-left\" aria-hidden=\"true\">\n\t\t\t\t\t\t\t\t\t\t\t\t\t\t\t<span class=\"elementor-accordion-icon-closed\"><i class=\"fas fa-plus\"><\/i><\/span>\n\t\t\t\t\t\t\t\t<span class=\"elementor-accordion-icon-opened\"><i class=\"fas fa-minus\"><\/i><\/span>\n\t\t\t\t\t\t\t\t\t\t\t\t\t\t<\/span>\n\t\t\t\t\t\t\t\t\t\t\t\t<a class=\"elementor-accordion-title\" href=\"\">Hafif Diyaframl\u0131 Ak\u00fcm\u00fclat\u00f6rler<\/a>\n\t\t\t\t\t<\/div>\n\t\t\t\t\t<div id=\"elementor-tab-content-3582\" class=\"elementor-tab-content elementor-clearfix\" data-tab=\"2\" role=\"tabpanel\" aria-labelledby=\"elementor-tab-title-3582\"><p>Hafif Diyafram Al\u00fcminyum kabuklardan yap\u0131lan ak\u00fcm\u00fclat\u00f6rler, elektromanyetik darbe teknolojisi kullan\u0131larak tamamen yeni ve yenilik\u00e7i bir montaj konseptiyle tasarlanm\u0131\u015ft\u0131r. \u00d6nemli \u00f6l\u00e7\u00fcde azalt\u0131lm\u0131\u015f a\u011f\u0131rl\u0131k, farkl\u0131 uygulamalar i\u00e7in yeni f\u0131rsatlar sunar.<\/p><\/div>\n\t\t\t\t<\/div>\n\t\t\t\t\t\t\t\t<\/div>\n\t\t\t\t<\/div>\n\t\t\t\t<\/div>\n\t\t\t\t\t\t<\/div>\n\t\t\t\t\t<\/div>\n\t\t<\/div>\n\t\t\t\t\t\t\t\t<\/div>\n\t\t\t\t\t<\/div>\n\t\t<\/section>\n\t\t\t\t\t\t\t\t\t<\/div>\n\t\t\t<\/div>\n\t\t\t\t\t<\/div>\n\t\t","protected":false},"excerpt":{"rendered":"<p>Hidrolik Ak\u00fcm\u00fclat\u00f6rler Ana Sayfa \u00dcr\u00fcn Gruplar\u0131 Hidrolik Ak\u00fcm\u00fclat\u00f6rler Hidrolik Ak\u00fcm\u00fclat\u00f6r Nedir? Nas\u0131l \u00c7al\u0131\u015f\u0131r? Hidrolik ak\u00fcm\u00fclat\u00f6r, hidrolik sistemde bir\u00e7ok g\u00f6revi yerine getiren bir bas\u0131n\u00e7l\u0131 kapt\u0131r. Bas\u0131nc\u0131 korumak, enerjiyi depolamak ve yeniden yakalamak, bas\u0131n\u00e7 piklerini, g\u00fc\u00e7 \u015fasisi s\u00fcspansiyonlar\u0131n\u0131 azaltmak ve \u015fok, titre\u015fim ve titre\u015fimleri azaltmak i\u00e7in kullan\u0131l\u0131rlar.Gaz bas\u0131nc\u0131 alt\u0131nda, ak\u00fcm\u00fclat\u00f6rler gerekti\u011finde hidrolik sisteme tekrar beslenebilecek bir s\u0131v\u0131 [&hellip;]<\/p>\n","protected":false},"author":1,"featured_media":0,"parent":0,"menu_order":0,"comment_status":"closed","ping_status":"closed","template":"elementor_header_footer","meta":{"footnotes":""},"class_list":["post-11244","page","type-page","status-publish","hentry"],"yoast_head":"<!-- This site is optimized with the Yoast SEO plugin v15.4 - https:\/\/yoast.com\/wordpress\/plugins\/seo\/ -->\n<title>Hidrolik Ak\u00fcm\u00fclat\u00f6rler - Eksen Makina Ltd. \u015eti. |\u00a0TTO T\u00fcrkiye Temsilcisi<\/title>\n<meta name=\"description\" content=\"Hidrolik ak\u00fcm\u00fclat\u00f6r, hidrolik sistemde bir\u00e7ok g\u00f6revi yerine getiren bir bas\u0131n\u00e7l\u0131 kapt\u0131r. 0.16 lt, 0.32 lt, 0.50 lt, 0.75 lt, 1 lt, 1.4 lt hidrolik ak\u00fcm\u00fclat\u00f6rler.\" \/>\n<meta name=\"robots\" content=\"index, follow, max-snippet:-1, max-image-preview:large, max-video-preview:-1\" \/>\n<link rel=\"canonical\" href=\"http:\/\/eksenmak.com\/global\/hidrolik-akumulator-cesitleri\" \/>\n<meta property=\"og:locale\" content=\"tr_TR\" \/>\n<meta property=\"og:type\" content=\"article\" \/>\n<meta property=\"og:title\" content=\"Hidrolik Ak\u00fcm\u00fclat\u00f6rler - Eksen Makina Ltd. \u015eti. |\u00a0TTO T\u00fcrkiye Temsilcisi\" \/>\n<meta property=\"og:description\" content=\"Hidrolik ak\u00fcm\u00fclat\u00f6r, hidrolik sistemde bir\u00e7ok g\u00f6revi yerine getiren bir bas\u0131n\u00e7l\u0131 kapt\u0131r. 0.16 lt, 0.32 lt, 0.50 lt, 0.75 lt, 1 lt, 1.4 lt hidrolik ak\u00fcm\u00fclat\u00f6rler.\" \/>\n<meta property=\"og:url\" content=\"http:\/\/eksenmak.com\/global\/hidrolik-akumulator-cesitleri\" \/>\n<meta property=\"og:site_name\" content=\"Eksen Makina Ltd. \u015eti. |\u00a0TTO T\u00fcrkiye Temsilcisi\" \/>\n<meta property=\"article:modified_time\" content=\"2020-12-12T15:02:26+00:00\" \/>\n<meta property=\"og:image\" content=\"http:\/\/eksenmak.com\/main\/wp-content\/uploads\/2020\/07\/aku-banner-guncel.jpg\" \/>\n<meta name=\"twitter:card\" content=\"summary_large_image\" \/>\n<meta name=\"twitter:label1\" content=\"Written by\">\n\t<meta name=\"twitter:data1\" content=\"halil.tohumoglu\">\n\t<meta name=\"twitter:label2\" content=\"Tahmini okuma s\u00fcresi\">\n\t<meta name=\"twitter:data2\" content=\"1 dakika\">\n<script type=\"application\/ld+json\" class=\"yoast-schema-graph\">{\"@context\":\"https:\/\/schema.org\",\"@graph\":[{\"@type\":\"WebSite\",\"@id\":\"https:\/\/eksenmak.com\/global\/#website\",\"url\":\"https:\/\/eksenmak.com\/global\/\",\"name\":\"Eksen Makina Ltd. \\u015eti. |\\u00a0TTO T\\u00fcrkiye Temsilcisi\",\"description\":\"\",\"potentialAction\":[{\"@type\":\"SearchAction\",\"target\":\"https:\/\/eksenmak.com\/global\/?s={search_term_string}\",\"query-input\":\"required name=search_term_string\"}],\"inLanguage\":\"tr\"},{\"@type\":\"ImageObject\",\"@id\":\"http:\/\/eksenmak.com\/global\/hidrolik-akumulator-cesitleri#primaryimage\",\"inLanguage\":\"tr\",\"url\":\"http:\/\/eksenmak.com\/main\/wp-content\/uploads\/2020\/07\/aku-banner-guncel.jpg\"},{\"@type\":\"WebPage\",\"@id\":\"http:\/\/eksenmak.com\/global\/hidrolik-akumulator-cesitleri#webpage\",\"url\":\"http:\/\/eksenmak.com\/global\/hidrolik-akumulator-cesitleri\",\"name\":\"Hidrolik Ak\\u00fcm\\u00fclat\\u00f6rler - Eksen Makina Ltd. \\u015eti. |\\u00a0TTO T\\u00fcrkiye Temsilcisi\",\"isPartOf\":{\"@id\":\"https:\/\/eksenmak.com\/global\/#website\"},\"primaryImageOfPage\":{\"@id\":\"http:\/\/eksenmak.com\/global\/hidrolik-akumulator-cesitleri#primaryimage\"},\"datePublished\":\"2020-12-12T15:01:26+00:00\",\"dateModified\":\"2020-12-12T15:02:26+00:00\",\"description\":\"Hidrolik ak\\u00fcm\\u00fclat\\u00f6r, hidrolik sistemde bir\\u00e7ok g\\u00f6revi yerine getiren bir bas\\u0131n\\u00e7l\\u0131 kapt\\u0131r. 0.16 lt, 0.32 lt, 0.50 lt, 0.75 lt, 1 lt, 1.4 lt hidrolik ak\\u00fcm\\u00fclat\\u00f6rler.\",\"inLanguage\":\"tr\",\"potentialAction\":[{\"@type\":\"ReadAction\",\"target\":[\"http:\/\/eksenmak.com\/global\/hidrolik-akumulator-cesitleri\"]}]}]}<\/script>\n<!-- \/ Yoast SEO plugin. -->","_links":{"self":[{"href":"https:\/\/eksenmak.com\/global\/wp-json\/wp\/v2\/pages\/11244","targetHints":{"allow":["GET"]}}],"collection":[{"href":"https:\/\/eksenmak.com\/global\/wp-json\/wp\/v2\/pages"}],"about":[{"href":"https:\/\/eksenmak.com\/global\/wp-json\/wp\/v2\/types\/page"}],"author":[{"embeddable":true,"href":"https:\/\/eksenmak.com\/global\/wp-json\/wp\/v2\/users\/1"}],"replies":[{"embeddable":true,"href":"https:\/\/eksenmak.com\/global\/wp-json\/wp\/v2\/comments?post=11244"}],"version-history":[{"count":0,"href":"https:\/\/eksenmak.com\/global\/wp-json\/wp\/v2\/pages\/11244\/revisions"}],"wp:attachment":[{"href":"https:\/\/eksenmak.com\/global\/wp-json\/wp\/v2\/media?parent=11244"}],"curies":[{"name":"wp","href":"https:\/\/api.w.org\/{rel}","templated":true}]}}