{"id":11186,"date":"2020-12-12T16:57:13","date_gmt":"2020-12-12T13:57:13","guid":{"rendered":"http:\/\/eksenmak.com\/global\/?page_id=11186"},"modified":"2020-12-12T16:58:24","modified_gmt":"2020-12-12T13:58:24","slug":"kantseal-kare-ring-nedir-cesitleri","status":"publish","type":"page","link":"https:\/\/eksenmak.com\/global\/kantseal-kare-ring-nedir-cesitleri\/","title":{"rendered":"Kantseal Ring"},"content":{"rendered":"\t\t<div data-elementor-type=\"wp-page\" data-elementor-id=\"11186\" class=\"elementor elementor-11186\">\n\t\t\t\t\t\t<div class=\"elementor-inner\">\n\t\t\t\t<div class=\"elementor-section-wrap\">\n\t\t\t\t\t\t\t\t\t<section class=\"elementor-section elementor-top-section elementor-element elementor-element-65f8f0d elementor-section-boxed elementor-section-height-default elementor-section-height-default\" data-id=\"65f8f0d\" data-element_type=\"section\">\n\t\t\t\t\t\t<div class=\"elementor-container elementor-column-gap-default\">\n\t\t\t\t\t\t\t<div class=\"elementor-row\">\n\t\t\t\t\t<div class=\"elementor-column elementor-col-50 elementor-top-column elementor-element elementor-element-47d57eb top column-style-top\" data-id=\"47d57eb\" data-element_type=\"column\">\n\t\t\t<div class=\"elementor-column-wrap elementor-element-populated\">\n\t\t\t\t\t\t\t<div class=\"elementor-widget-wrap\">\n\t\t\t\t\t\t<div class=\"elementor-element elementor-element-ee44fb9 elementor-widget elementor-widget-heading\" data-id=\"ee44fb9\" data-element_type=\"widget\" data-widget_type=\"heading.default\">\n\t\t\t\t<div class=\"elementor-widget-container\">\n\t\t\t<h1 class=\"elementor-heading-title elementor-size-default\">Kantseal Ring<\/h1>\t\t<\/div>\n\t\t\t\t<\/div>\n\t\t\t\t\t\t<\/div>\n\t\t\t\t\t<\/div>\n\t\t<\/div>\n\t\t\t\t<div class=\"elementor-column elementor-col-50 elementor-top-column elementor-element elementor-element-1a7d7f6 elementor-hidden-phone top column-style-top\" data-id=\"1a7d7f6\" data-element_type=\"column\">\n\t\t\t<div class=\"elementor-column-wrap elementor-element-populated\">\n\t\t\t\t\t\t\t<div class=\"elementor-widget-wrap\">\n\t\t\t\t\t\t<div class=\"elementor-element elementor-element-fe59a21 elementor-widget elementor-widget-shortcode\" data-id=\"fe59a21\" data-element_type=\"widget\" data-widget_type=\"shortcode.default\">\n\t\t\t\t<div class=\"elementor-widget-container\">\n\t\t\t\t\t<div class=\"elementor-shortcode\">    <ul class=\"breadcrumb\">\n      <li><a href=\"http:\/\/eksenmak.com\/global\">Ana Sayfa<\/a><\/li>\n      <li><a href=\"http:\/\/eksenmak.com\/global\/urun-gruplari\/\">\u00dcr\u00fcn Gruplar\u0131<\/a><\/li>\n        <li><a href=\"http:\/\/eksenmak.com\/global\/statik-sizdirmaz-cesitleri-olcu-listesi\/\">Statik S\u0131zd\u0131rmazlar<\/a><\/li>\n      <li>Kantseal (Kare Ring)<\/li>\n    <\/ul><\/div>\n\t\t\t\t<\/div>\n\t\t\t\t<\/div>\n\t\t\t\t\t\t<\/div>\n\t\t\t\t\t<\/div>\n\t\t<\/div>\n\t\t\t\t\t\t\t\t<\/div>\n\t\t\t\t\t<\/div>\n\t\t<\/section>\n\t\t\t\t<section class=\"elementor-section elementor-top-section elementor-element elementor-element-cd1a194 elementor-section-boxed elementor-section-height-default elementor-section-height-default\" data-id=\"cd1a194\" data-element_type=\"section\" data-settings=\"{&quot;background_background&quot;:&quot;classic&quot;}\">\n\t\t\t\t\t\t<div class=\"elementor-container elementor-column-gap-default\">\n\t\t\t\t\t\t\t<div class=\"elementor-row\">\n\t\t\t\t\t<div class=\"elementor-column elementor-col-100 elementor-top-column elementor-element elementor-element-5a8d780 top column-style-top\" data-id=\"5a8d780\" data-element_type=\"column\">\n\t\t\t<div class=\"elementor-column-wrap elementor-element-populated\">\n\t\t\t\t\t\t\t<div class=\"elementor-widget-wrap\">\n\t\t\t\t\t\t<div class=\"elementor-element elementor-element-1acc231 elementor-widget elementor-widget-image\" data-id=\"1acc231\" data-element_type=\"widget\" data-widget_type=\"image.default\">\n\t\t\t\t<div class=\"elementor-widget-container\">\n\t\t\t\t\t\t\t\t<div class=\"elementor-image\">\n\t\t\t\t\t\t\t\t\t\t\t\t<img loading=\"lazy\" decoding=\"async\" width=\"1920\" height=\"400\" src=\"https:\/\/eksenmak.com\/global\/wp-content\/uploads\/2020\/12\/kantseal-banner.jpg\" class=\"attachment-full size-full\" alt=\"\" srcset=\"https:\/\/eksenmak.com\/global\/wp-content\/uploads\/2020\/12\/kantseal-banner.jpg 1920w, https:\/\/eksenmak.com\/global\/wp-content\/uploads\/2020\/12\/kantseal-banner-1024x213.jpg 1024w, https:\/\/eksenmak.com\/global\/wp-content\/uploads\/2020\/12\/kantseal-banner-768x160.jpg 768w, https:\/\/eksenmak.com\/global\/wp-content\/uploads\/2020\/12\/kantseal-banner-550x115.jpg 550w\" sizes=\"auto, (max-width: 1920px) 100vw, 1920px\" \/>\t\t\t\t\t\t\t\t\t\t\t\t\t\t<\/div>\n\t\t\t\t\t\t<\/div>\n\t\t\t\t<\/div>\n\t\t\t\t\t\t<\/div>\n\t\t\t\t\t<\/div>\n\t\t<\/div>\n\t\t\t\t\t\t\t\t<\/div>\n\t\t\t\t\t<\/div>\n\t\t<\/section>\n\t\t\t\t<section class=\"elementor-section elementor-top-section elementor-element elementor-element-2de12bd elementor-section-boxed elementor-section-height-default elementor-section-height-default\" data-id=\"2de12bd\" data-element_type=\"section\" data-settings=\"{&quot;background_background&quot;:&quot;classic&quot;}\">\n\t\t\t\t\t\t<div class=\"elementor-container elementor-column-gap-default\">\n\t\t\t\t\t\t\t<div class=\"elementor-row\">\n\t\t\t\t\t<div class=\"elementor-column elementor-col-100 elementor-top-column elementor-element elementor-element-1376188 top column-style-top\" data-id=\"1376188\" data-element_type=\"column\">\n\t\t\t<div class=\"elementor-column-wrap elementor-element-populated\">\n\t\t\t\t\t\t\t<div class=\"elementor-widget-wrap\">\n\t\t\t\t\t\t<div class=\"elementor-element elementor-element-e8a889a elementor-widget elementor-widget-heading\" data-id=\"e8a889a\" data-element_type=\"widget\" data-widget_type=\"heading.default\">\n\t\t\t\t<div class=\"elementor-widget-container\">\n\t\t\t<h1 class=\"elementor-heading-title elementor-size-default\">Kantseal Ring Nedir?<\/h1>\t\t<\/div>\n\t\t\t\t<\/div>\n\t\t\t\t\t\t<\/div>\n\t\t\t\t\t<\/div>\n\t\t<\/div>\n\t\t\t\t\t\t\t\t<\/div>\n\t\t\t\t\t<\/div>\n\t\t<\/section>\n\t\t\t\t<section class=\"elementor-section elementor-top-section elementor-element elementor-element-34fcee4 elementor-section-boxed elementor-section-height-default elementor-section-height-default\" data-id=\"34fcee4\" data-element_type=\"section\" data-settings=\"{&quot;background_background&quot;:&quot;classic&quot;}\">\n\t\t\t\t\t\t<div class=\"elementor-container elementor-column-gap-default\">\n\t\t\t\t\t\t\t<div class=\"elementor-row\">\n\t\t\t\t\t<div class=\"elementor-column elementor-col-100 elementor-top-column elementor-element elementor-element-4187bb1 top column-style-top\" data-id=\"4187bb1\" data-element_type=\"column\">\n\t\t\t<div class=\"elementor-column-wrap elementor-element-populated\">\n\t\t\t\t\t\t\t<div class=\"elementor-widget-wrap\">\n\t\t\t\t\t\t<div class=\"elementor-element elementor-element-9b583bd elementor-widget elementor-widget-text-editor\" data-id=\"9b583bd\" data-element_type=\"widget\" data-widget_type=\"text-editor.default\">\n\t\t\t\t<div class=\"elementor-widget-container\">\n\t\t\t\t\t\t\t\t<div class=\"elementor-text-editor elementor-clearfix\">\n\t\t\t\t<p class=\"product-groups\" title=\"o-ring avantajlar\u0131\">Kantseal, statik uygulamalar i\u00e7in elastomer kare kesitli bir halkad\u0131r. \u00c7o\u011funlukla SAE standartlar\u0131na ve kapaklar\u0131na sahip flan\u015flarda kullan\u0131l\u0131r, y\u00fcksek s\u0131zd\u0131rmazl\u0131k verimlili\u011fine sahiptir ve \u015feklini korur. Nitril (NBR) ve florokarbonda (FKM) bulunur.<\/p>\t\t\t\t\t<\/div>\n\t\t\t\t\t\t<\/div>\n\t\t\t\t<\/div>\n\t\t\t\t\t\t<\/div>\n\t\t\t\t\t<\/div>\n\t\t<\/div>\n\t\t\t\t\t\t\t\t<\/div>\n\t\t\t\t\t<\/div>\n\t\t<\/section>\n\t\t\t\t<section class=\"elementor-section elementor-top-section elementor-element elementor-element-cc38ef0 elementor-section-boxed elementor-section-height-default elementor-section-height-default\" data-id=\"cc38ef0\" data-element_type=\"section\">\n\t\t\t\t\t\t<div class=\"elementor-container elementor-column-gap-default\">\n\t\t\t\t\t\t\t<div class=\"elementor-row\">\n\t\t\t\t\t<div class=\"elementor-column elementor-col-100 elementor-top-column elementor-element elementor-element-1b0c7e0 top column-style-top\" data-id=\"1b0c7e0\" data-element_type=\"column\">\n\t\t\t<div class=\"elementor-column-wrap elementor-element-populated\">\n\t\t\t\t\t\t\t<div class=\"elementor-widget-wrap\">\n\t\t\t\t\t\t<div class=\"elementor-element elementor-element-c9df3c3 elementor-widget elementor-widget-html\" data-id=\"c9df3c3\" data-element_type=\"widget\" data-widget_type=\"html.default\">\n\t\t\t\t<div class=\"elementor-widget-container\">\n\t\t\t<table class=\"table\">\n  <thead class=\"thead-dark\">\n    <tr>\n      <th scope=\"col\">\u00d8 - \u00d6l\u00e7\u00fc Aral\u0131\u011f\u0131<\/th>\n      <th scope=\"col\">Statik Bas\u0131n\u00e7<\/th>\n      <th scope=\"col\">S\u0131cakl\u0131k Aral\u0131\u011f\u0131<\/th>\n    <\/tr>\n  <\/thead>\n  <tbody>\n    <tr>\n      <th scope=\"row\">5 - 456 mm<\/th>\n      <td>50 MPa<\/td>\n      <td>-30\u00b0C   +200\u00b0C<\/td>\n    <\/tr>\n    <tr>\n      <th scope=\"row\">0.197\" - 18\"<\/th>\n      <td>7,250 psi<\/td>\n      <td>-20\u00b0F   +390\u00b0F<\/td>\n    <\/tr>\n  <\/tbody>\n<\/table>\t\t<\/div>\n\t\t\t\t<\/div>\n\t\t\t\t\t\t<\/div>\n\t\t\t\t\t<\/div>\n\t\t<\/div>\n\t\t\t\t\t\t\t\t<\/div>\n\t\t\t\t\t<\/div>\n\t\t<\/section>\n\t\t\t\t<section class=\"elementor-section elementor-top-section elementor-element elementor-element-2b9fa90 elementor-section-boxed elementor-section-height-default elementor-section-height-default\" data-id=\"2b9fa90\" data-element_type=\"section\">\n\t\t\t\t\t\t<div class=\"elementor-container elementor-column-gap-default\">\n\t\t\t\t\t\t\t<div class=\"elementor-row\">\n\t\t\t\t\t<div class=\"elementor-column elementor-col-100 elementor-top-column elementor-element elementor-element-0f15c48 top column-style-top\" data-id=\"0f15c48\" data-element_type=\"column\">\n\t\t\t<div class=\"elementor-column-wrap elementor-element-populated\">\n\t\t\t\t\t\t\t<div class=\"elementor-widget-wrap\">\n\t\t\t\t\t\t<div class=\"elementor-element elementor-element-241a3c0 elementor-widget elementor-widget-elementskit-heading\" data-id=\"241a3c0\" data-element_type=\"widget\" data-widget_type=\"elementskit-heading.default\">\n\t\t\t\t<div class=\"elementor-widget-container\">\n\t\t\t<div class=\"ekit-wid-con\" ><div class=\"ekit-heading elementskit-section-title-wraper text_left   ekit_heading_tablet-   ekit_heading_mobile-\">\t\t\t\t<div class='ekit-heading__description'>\n\t\t\t\t\t<p><strong>Kantseal Ring (Kare Ring) <\/strong>\u00e7e\u015fitleri ve \u00f6l\u00e7\u00fc listesi hakk\u0131nda detayl\u0131 bilgi edinin. Eksen Makina olarak en kaliteli markalar ile i\u015f ortakl\u0131\u011f\u0131m\u0131z ve ithalatlar\u0131m\u0131z sayesinde en uygun fiyat\u0131 sunuyoruz.<\/p>\n\t\t\t\t<\/div>\n\t\t\t<\/div><\/div>\t\t<\/div>\n\t\t\t\t<\/div>\n\t\t\t\t\t\t<\/div>\n\t\t\t\t\t<\/div>\n\t\t<\/div>\n\t\t\t\t\t\t\t\t<\/div>\n\t\t\t\t\t<\/div>\n\t\t<\/section>\n\t\t\t\t\t\t\t\t\t<\/div>\n\t\t\t<\/div>\n\t\t\t\t\t<\/div>\n\t\t","protected":false},"excerpt":{"rendered":"<p>Kantseal Ring Ana Sayfa \u00dcr\u00fcn Gruplar\u0131 Statik S\u0131zd\u0131rmazlar Kantseal (Kare Ring) Kantseal Ring Nedir? Kantseal, statik uygulamalar i\u00e7in elastomer kare kesitli bir halkad\u0131r. \u00c7o\u011funlukla SAE standartlar\u0131na ve kapaklar\u0131na sahip flan\u015flarda kullan\u0131l\u0131r, y\u00fcksek s\u0131zd\u0131rmazl\u0131k verimlili\u011fine sahiptir ve \u015feklini korur. Nitril (NBR) ve florokarbonda (FKM) bulunur. \u00d8 &#8211; \u00d6l\u00e7\u00fc Aral\u0131\u011f\u0131 Statik Bas\u0131n\u00e7 S\u0131cakl\u0131k Aral\u0131\u011f\u0131 5 &#8211; 456 [&hellip;]<\/p>\n","protected":false},"author":1,"featured_media":0,"parent":0,"menu_order":0,"comment_status":"closed","ping_status":"closed","template":"elementor_header_footer","meta":{"footnotes":""},"class_list":["post-11186","page","type-page","status-publish","hentry"],"yoast_head":"<!-- This site is optimized with the Yoast SEO plugin v15.4 - https:\/\/yoast.com\/wordpress\/plugins\/seo\/ -->\n<title>Kantseal Ring - Eksen Makina Ltd. \u015eti. |\u00a0TTO T\u00fcrkiye Temsilcisi<\/title>\n<meta name=\"description\" content=\"Kantseal (Kare Ring), statik uygulamalar i\u00e7in elastomer kare kesitli bir halkad\u0131r. Kare ring nedir, \u00f6l\u00e7\u00fc listesi ve fiyat teklifi isteyin. Bir uzman ile g\u00f6r\u00fc\u015f\u00fcn.\" \/>\n<meta name=\"robots\" content=\"index, follow, max-snippet:-1, max-image-preview:large, max-video-preview:-1\" \/>\n<link rel=\"canonical\" href=\"http:\/\/eksenmak.com\/global\/?page_id=11186\" \/>\n<meta property=\"og:locale\" content=\"tr_TR\" \/>\n<meta property=\"og:type\" content=\"article\" \/>\n<meta property=\"og:title\" content=\"Kantseal Ring - Eksen Makina Ltd. \u015eti. |\u00a0TTO T\u00fcrkiye Temsilcisi\" \/>\n<meta property=\"og:description\" content=\"Kantseal (Kare Ring), statik uygulamalar i\u00e7in elastomer kare kesitli bir halkad\u0131r. Kare ring nedir, \u00f6l\u00e7\u00fc listesi ve fiyat teklifi isteyin. Bir uzman ile g\u00f6r\u00fc\u015f\u00fcn.\" \/>\n<meta property=\"og:url\" content=\"http:\/\/eksenmak.com\/global\/?page_id=11186\" \/>\n<meta property=\"og:site_name\" content=\"Eksen Makina Ltd. \u015eti. |\u00a0TTO T\u00fcrkiye Temsilcisi\" \/>\n<meta property=\"article:modified_time\" content=\"2020-12-12T13:58:24+00:00\" \/>\n<meta property=\"og:image\" content=\"http:\/\/eksenmak.com\/global\/wp-content\/uploads\/2020\/12\/kantseal-banner.jpg\" \/>\n<meta name=\"twitter:card\" content=\"summary_large_image\" \/>\n<meta name=\"twitter:label1\" content=\"Written by\">\n\t<meta name=\"twitter:data1\" content=\"halil.tohumoglu\">\n\t<meta name=\"twitter:label2\" content=\"Tahmini okuma s\u00fcresi\">\n\t<meta name=\"twitter:data2\" content=\"0 dakika\">\n<script type=\"application\/ld+json\" class=\"yoast-schema-graph\">{\"@context\":\"https:\/\/schema.org\",\"@graph\":[{\"@type\":\"WebSite\",\"@id\":\"https:\/\/eksenmak.com\/global\/#website\",\"url\":\"https:\/\/eksenmak.com\/global\/\",\"name\":\"Eksen Makina Ltd. \\u015eti. |\\u00a0TTO T\\u00fcrkiye Temsilcisi\",\"description\":\"\",\"potentialAction\":[{\"@type\":\"SearchAction\",\"target\":\"https:\/\/eksenmak.com\/global\/?s={search_term_string}\",\"query-input\":\"required name=search_term_string\"}],\"inLanguage\":\"tr\"},{\"@type\":\"ImageObject\",\"@id\":\"http:\/\/eksenmak.com\/global\/?page_id=11186#primaryimage\",\"inLanguage\":\"tr\",\"url\":\"http:\/\/eksenmak.com\/global\/wp-content\/uploads\/2020\/12\/kantseal-banner.jpg\"},{\"@type\":\"WebPage\",\"@id\":\"http:\/\/eksenmak.com\/global\/?page_id=11186#webpage\",\"url\":\"http:\/\/eksenmak.com\/global\/?page_id=11186\",\"name\":\"Kantseal Ring - Eksen Makina Ltd. \\u015eti. |\\u00a0TTO T\\u00fcrkiye Temsilcisi\",\"isPartOf\":{\"@id\":\"https:\/\/eksenmak.com\/global\/#website\"},\"primaryImageOfPage\":{\"@id\":\"http:\/\/eksenmak.com\/global\/?page_id=11186#primaryimage\"},\"datePublished\":\"2020-12-12T13:57:13+00:00\",\"dateModified\":\"2020-12-12T13:58:24+00:00\",\"description\":\"Kantseal (Kare Ring), statik uygulamalar i\\u00e7in elastomer kare kesitli bir halkad\\u0131r. Kare ring nedir, \\u00f6l\\u00e7\\u00fc listesi ve fiyat teklifi isteyin. Bir uzman ile g\\u00f6r\\u00fc\\u015f\\u00fcn.\",\"inLanguage\":\"tr\",\"potentialAction\":[{\"@type\":\"ReadAction\",\"target\":[\"http:\/\/eksenmak.com\/global\/?page_id=11186\"]}]}]}<\/script>\n<!-- \/ Yoast SEO plugin. -->","_links":{"self":[{"href":"https:\/\/eksenmak.com\/global\/wp-json\/wp\/v2\/pages\/11186","targetHints":{"allow":["GET"]}}],"collection":[{"href":"https:\/\/eksenmak.com\/global\/wp-json\/wp\/v2\/pages"}],"about":[{"href":"https:\/\/eksenmak.com\/global\/wp-json\/wp\/v2\/types\/page"}],"author":[{"embeddable":true,"href":"https:\/\/eksenmak.com\/global\/wp-json\/wp\/v2\/users\/1"}],"replies":[{"embeddable":true,"href":"https:\/\/eksenmak.com\/global\/wp-json\/wp\/v2\/comments?post=11186"}],"version-history":[{"count":0,"href":"https:\/\/eksenmak.com\/global\/wp-json\/wp\/v2\/pages\/11186\/revisions"}],"wp:attachment":[{"href":"https:\/\/eksenmak.com\/global\/wp-json\/wp\/v2\/media?parent=11186"}],"curies":[{"name":"wp","href":"https:\/\/api.w.org\/{rel}","templated":true}]}}