{"id":11132,"date":"2020-12-11T23:12:25","date_gmt":"2020-12-11T20:12:25","guid":{"rendered":"http:\/\/eksenmak.com\/global\/?page_id=11132"},"modified":"2020-12-11T23:13:28","modified_gmt":"2020-12-11T20:13:28","slug":"pnomatik-kece-teklif-talebi","status":"publish","type":"page","link":"https:\/\/eksenmak.com\/global\/pnomatik-kece-teklif-talebi\/","title":{"rendered":"Pn\u00f6matik Ke\u00e7e Teklif Talebi"},"content":{"rendered":"\t\t<div data-elementor-type=\"wp-page\" data-elementor-id=\"11132\" class=\"elementor elementor-11132\">\n\t\t\t\t\t\t<div class=\"elementor-inner\">\n\t\t\t\t<div class=\"elementor-section-wrap\">\n\t\t\t\t\t\t\t\t\t<section class=\"elementor-section elementor-top-section elementor-element elementor-element-170516d elementor-section-boxed elementor-section-height-default elementor-section-height-default\" data-id=\"170516d\" data-element_type=\"section\">\n\t\t\t\t\t\t<div class=\"elementor-container elementor-column-gap-default\">\n\t\t\t\t\t\t\t<div class=\"elementor-row\">\n\t\t\t\t\t<div class=\"elementor-column elementor-col-100 elementor-top-column elementor-element elementor-element-a933f46 top column-style-top\" data-id=\"a933f46\" data-element_type=\"column\">\n\t\t\t<div class=\"elementor-column-wrap elementor-element-populated\">\n\t\t\t\t\t\t\t<div class=\"elementor-widget-wrap\">\n\t\t\t\t\t\t<div class=\"elementor-element elementor-element-bee6de0 elementor-widget elementor-widget-heading\" data-id=\"bee6de0\" data-element_type=\"widget\" data-widget_type=\"heading.default\">\n\t\t\t\t<div class=\"elementor-widget-container\">\n\t\t\t<h1 class=\"elementor-heading-title elementor-size-default\">Pn\u00f6matik Ke\u00e7e Teklif Talebi<\/h1>\t\t<\/div>\n\t\t\t\t<\/div>\n\t\t\t\t\t\t<\/div>\n\t\t\t\t\t<\/div>\n\t\t<\/div>\n\t\t\t\t\t\t\t\t<\/div>\n\t\t\t\t\t<\/div>\n\t\t<\/section>\n\t\t\t\t<section class=\"elementor-section elementor-top-section elementor-element elementor-element-4cd5577 elementor-section-boxed elementor-section-height-default elementor-section-height-default\" data-id=\"4cd5577\" data-element_type=\"section\">\n\t\t\t\t\t\t<div class=\"elementor-container elementor-column-gap-default\">\n\t\t\t\t\t\t\t<div class=\"elementor-row\">\n\t\t\t\t\t<div class=\"elementor-column elementor-col-100 elementor-top-column elementor-element elementor-element-89a71d1 top column-style-top\" data-id=\"89a71d1\" data-element_type=\"column\">\n\t\t\t<div class=\"elementor-column-wrap elementor-element-populated\">\n\t\t\t\t\t\t\t<div class=\"elementor-widget-wrap\">\n\t\t\t\t\t\t<div class=\"elementor-element elementor-element-d175cc2 elementor-widget elementor-widget-shortcode\" data-id=\"d175cc2\" data-element_type=\"widget\" data-widget_type=\"shortcode.default\">\n\t\t\t\t<div class=\"elementor-widget-container\">\n\t\t\t\t\t<div class=\"elementor-shortcode\"><div class=\"mf-form-shortcode\">\r\n\t\t<div\r\n\t\t\tid=\"metform-wrap-11134-11134\"\r\n\t\t\tclass=\"mf-form-wrapper\"\r\n\t\t\tdata-form-id=\"11134\"\r\n\t\t\tdata-action=\"https:\/\/eksenmak.com\/global\/wp-json\/metform\/v1\/entries\/insert\/11134\"\r\n\t\t\tdata-wp-nonce=\"dbf51cbd53\"\r\n\t\t\tdata-form-nonce=\"28068e5985\"\r\n\t\t\tdata-quiz-summery = \"false\"\r\n\t\t\tdata-save-progress = \"false\"\r\n\t\t\tdata-form-type=\"contact_form\"\r\n\t\t\tdata-stop-vertical-effect=\"\"\r\n\t\t\t><\/div>\r\n\r\n\r\n\t\t<!----------------------------- \r\n\t\t\t* controls_data : find the the props passed indie of data attribute\r\n\t\t\t* props.SubmitResponseMarkup : contains the markup of error or success message\r\n\t\t\t* https:\/\/developer.mozilla.org\/en-US\/docs\/Web\/JavaScript\/Reference\/Template_literals\r\n\t\t--------------------------- -->\r\n\r\n\t\t\t\t<script type=\"text\/mf\" class=\"mf-template\">\r\n\t\t\tfunction controls_data (value){\r\n\t\t\t\tlet currentWrapper = \"mf-response-props-id-11134\";\r\n\t\t\t\tlet currentEl = document.getElementById(currentWrapper);\r\n\t\t\t\t\r\n\t\t\t\treturn currentEl ? currentEl.dataset[value] : false\r\n\t\t\t}\r\n\r\n\r\n\t\t\tlet is_edit_mode = '' ? true : false;\r\n\t\t\tlet message_position = controls_data('messageposition') || 'top';\r\n\r\n\t\t\t\r\n\t\t\tlet message_successIcon = controls_data('successicon') || '';\r\n\t\t\tlet message_errorIcon = controls_data('erroricon') || '';\r\n\t\t\tlet message_editSwitch = controls_data('editswitchopen') === 'yes' ? true : false;\r\n\t\t\tlet message_proClass = controls_data('editswitchopen') === 'yes' ? 'mf_pro_activated' : '';\r\n\t\t\t\r\n\t\t\tlet is_dummy_markup = is_edit_mode && message_editSwitch ? true : false;\r\n\r\n\t\t\t\r\n\t\t\treturn html`\r\n\t\t\t\t<form\r\n\t\t\t\t\tclassName=\"metform-form-content\"\r\n\t\t\t\t\tref=${parent.formContainerRef}\r\n\t\t\t\t\tonSubmit=${ validation.handleSubmit( parent.handleFormSubmit ) }\r\n\t\t\t\t\r\n\t\t\t\t\t>\r\n\t\t\t\r\n\t\t\t\r\n\t\t\t\t\t${is_dummy_markup ? message_position === 'top' ?  props.ResponseDummyMarkup(message_successIcon, message_proClass) : '' : ''}\r\n\t\t\t\t\t${is_dummy_markup ? ' ' :  message_position === 'top' ? props.SubmitResponseMarkup`${parent}${state}${message_successIcon}${message_errorIcon}${message_proClass}` : ''}\r\n\r\n\t\t\t\t\t<!--------------------------------------------------------\r\n\t\t\t\t\t*** IMPORTANT \/ DANGEROUS ***\r\n\t\t\t\t\t${html``} must be used as in immediate child of \"metform-form-main-wrapper\"\r\n\t\t\t\t\tclass otherwise multistep form will not run at all\r\n\t\t\t\t\t---------------------------------------------------------->\r\n\r\n\t\t\t\t\t<div className=\"metform-form-main-wrapper\" key=${'hide-form-after-submit'} ref=${parent.formRef}>\r\n\t\t\t\t\t${html`\r\n\t\t\t\t\t\t\t\t<div data-elementor-type=\"wp-post\" key=\"2\" data-elementor-id=\"11134\" className=\"elementor elementor-11134\">\n\t\t\t\t\t\t<div className=\"elementor-inner\">\n\t\t\t\t<div className=\"elementor-section-wrap\">\n\t\t\t\t\t\t\t\t\t<section className=\"elementor-section elementor-top-section elementor-element elementor-element-90739a5 elementor-section-boxed elementor-section-height-default elementor-section-height-default\" data-id=\"90739a5\" data-element_type=\"section\">\n\t\t\t\t\t\t<div className=\"elementor-container elementor-column-gap-default\">\n\t\t\t\t\t\t\t<div className=\"elementor-row\">\n\t\t\t\t\t<div className=\"elementor-column elementor-col-100 elementor-top-column elementor-element elementor-element-8549257 top column-style-top\" data-id=\"8549257\" data-element_type=\"column\">\n\t\t\t<div className=\"elementor-column-wrap elementor-element-populated\">\n\t\t\t\t\t\t\t<div className=\"elementor-widget-wrap\">\n\t\t\t\t\t\t<div className=\"elementor-element elementor-element-1732920 elementor-widget elementor-widget-mf-text\" data-id=\"1732920\" data-element_type=\"widget\" data-settings=\"{&quot;mf_input_name&quot;:&quot;adi-soyadi&quot;}\" data-widget_type=\"mf-text.default\">\n\t\t\t\t<div className=\"elementor-widget-container\">\n\t\t\t\r\n\t\t<div className=\"mf-input-wrapper\">\r\n\t\t\t\t\t\t\t<label className=\"mf-input-label\" htmlFor=\"mf-input-text-1732920\">\r\n\t\t\t\t\t${ parent.decodeEntities(`Ad\u0131n\u0131z Soyad\u0131n\u0131z`) } \t\t\t\t\t<span className=\"mf-input-required-indicator\">*<\/span>\r\n\t\t\t\t<\/label>\r\n\t\t\t\r\n\t\t\t<input\r\n\t\t\t\ttype=\"text\"\r\n\t\t\t\tclassName=\"mf-input \"\r\n\t\t\t\tid=\"mf-input-text-1732920\"\r\n\t\t\t\tname=\"adi-soyadi\"\r\n\t\t\t\tplaceholder=\"${ parent.decodeEntities(``) } \"\r\n\t\t\t\t\t\t\t\t\tonInput=${parent.handleChange}\r\n\t\t\t\t\tonBlur=${parent.handleChange}\r\n\t\t\t\t\taria-invalid=${validation.errors['adi-soyadi'] ? 'true' : 'false'}\r\n\t\t\t\t\tref=${el =>{\r\n\t\t\t\t\t\t\t\t\t\t\t\tparent.activateValidation({\"message\":\"Something went wrong.\",\"minLength\":1,\"maxLength\":\"\",\"type\":\"none\",\"required\":true,\"expression\":\"null\"}, el)\r\n\t\t\t\t\t}}\r\n\t\t\t\t\t\t\t\t\/>\r\n\r\n\t\t\t\t\t\t\t<${validation.ErrorMessage}\r\n\t\t\t\t\terrors=${validation.errors}\r\n\t\t\t\t\tname=\"adi-soyadi\"\r\n\t\t\t\t\tas=${html`<span className=\"mf-error-message\"><\/span>`}\r\n\t\t\t\t\t\/>\r\n\t\t\t\r\n\t\t\t\t\t<\/div>\r\n\r\n\t\t\t\t<\/div>\n\t\t\t\t<\/div>\n\t\t\t\t\t\t<\/div>\n\t\t\t\t\t<\/div>\n\t\t<\/div>\n\t\t\t\t\t\t\t\t<\/div>\n\t\t\t\t\t<\/div>\n\t\t<\/section>\n\t\t\t\t<section className=\"elementor-section elementor-top-section elementor-element elementor-element-5e6366a elementor-section-boxed elementor-section-height-default elementor-section-height-default\" data-id=\"5e6366a\" data-element_type=\"section\">\n\t\t\t\t\t\t<div className=\"elementor-container elementor-column-gap-default\">\n\t\t\t\t\t\t\t<div className=\"elementor-row\">\n\t\t\t\t\t<div className=\"elementor-column elementor-col-100 elementor-top-column elementor-element elementor-element-af73edd top column-style-top\" data-id=\"af73edd\" data-element_type=\"column\">\n\t\t\t<div className=\"elementor-column-wrap elementor-element-populated\">\n\t\t\t\t\t\t\t<div className=\"elementor-widget-wrap\">\n\t\t\t\t\t\t<div className=\"elementor-element elementor-element-1762a1c elementor-widget elementor-widget-mf-text\" data-id=\"1762a1c\" data-element_type=\"widget\" data-settings=\"{&quot;mf_input_name&quot;:&quot;firma&quot;}\" data-widget_type=\"mf-text.default\">\n\t\t\t\t<div className=\"elementor-widget-container\">\n\t\t\t\r\n\t\t<div className=\"mf-input-wrapper\">\r\n\t\t\t\t\t\t\t<label className=\"mf-input-label\" htmlFor=\"mf-input-text-1762a1c\">\r\n\t\t\t\t\t${ parent.decodeEntities(`Firma`) } \t\t\t\t\t<span className=\"mf-input-required-indicator\">*<\/span>\r\n\t\t\t\t<\/label>\r\n\t\t\t\r\n\t\t\t<input\r\n\t\t\t\ttype=\"text\"\r\n\t\t\t\tclassName=\"mf-input \"\r\n\t\t\t\tid=\"mf-input-text-1762a1c\"\r\n\t\t\t\tname=\"firma\"\r\n\t\t\t\tplaceholder=\"${ parent.decodeEntities(``) } \"\r\n\t\t\t\t\t\t\t\t\tonInput=${parent.handleChange}\r\n\t\t\t\t\tonBlur=${parent.handleChange}\r\n\t\t\t\t\taria-invalid=${validation.errors['firma'] ? 'true' : 'false'}\r\n\t\t\t\t\tref=${el =>{\r\n\t\t\t\t\t\t\t\t\t\t\t\tparent.activateValidation({\"message\":\"Something went wrong.\",\"minLength\":1,\"maxLength\":\"\",\"type\":\"none\",\"required\":true,\"expression\":\"null\"}, el)\r\n\t\t\t\t\t}}\r\n\t\t\t\t\t\t\t\t\/>\r\n\r\n\t\t\t\t\t\t\t<${validation.ErrorMessage}\r\n\t\t\t\t\terrors=${validation.errors}\r\n\t\t\t\t\tname=\"firma\"\r\n\t\t\t\t\tas=${html`<span className=\"mf-error-message\"><\/span>`}\r\n\t\t\t\t\t\/>\r\n\t\t\t\r\n\t\t\t\t\t<\/div>\r\n\r\n\t\t\t\t<\/div>\n\t\t\t\t<\/div>\n\t\t\t\t\t\t<\/div>\n\t\t\t\t\t<\/div>\n\t\t<\/div>\n\t\t\t\t\t\t\t\t<\/div>\n\t\t\t\t\t<\/div>\n\t\t<\/section>\n\t\t\t\t<section className=\"elementor-section elementor-top-section elementor-element elementor-element-a41caf8 elementor-section-boxed elementor-section-height-default elementor-section-height-default\" data-id=\"a41caf8\" data-element_type=\"section\">\n\t\t\t\t\t\t<div className=\"elementor-container elementor-column-gap-default\">\n\t\t\t\t\t\t\t<div className=\"elementor-row\">\n\t\t\t\t\t<div className=\"elementor-column elementor-col-100 elementor-top-column elementor-element elementor-element-6e7dbb7 top column-style-top\" data-id=\"6e7dbb7\" data-element_type=\"column\">\n\t\t\t<div className=\"elementor-column-wrap elementor-element-populated\">\n\t\t\t\t\t\t\t<div className=\"elementor-widget-wrap\">\n\t\t\t\t\t\t<div className=\"elementor-element elementor-element-2afd73c elementor-widget elementor-widget-mf-telephone\" data-id=\"2afd73c\" data-element_type=\"widget\" data-settings=\"{&quot;mf_input_name&quot;:&quot;telefon&quot;}\" data-widget_type=\"mf-telephone.default\">\n\t\t\t\t<div className=\"elementor-widget-container\">\n\t\t\t\n\t\t<div className=\"mf-input-wrapper\">\n\t\t\t\t\t\t\t<label className=\"mf-input-label\" htmlFor=\"mf-input-telephone-2afd73c\">\n\t\t\t\t\t${ parent.decodeEntities(`Telefon`) } \t\t\t\t\t<span className=\"mf-input-required-indicator\">*<\/span>\n\t\t\t\t<\/label>\n\t\t\t\n\t\t\t<input\n\t\t\t\ttype=\"tel\"\n\t\t\t\tclassName=\"mf-input \"\n\t\t\t\tid=\"mf-input-telephone-2afd73c\" \n\t\t\t\tname=\"telefon\"\n\t\t\t\tplaceholder=\"${ parent.decodeEntities(`(xxx) xxx xx xx`) } \"\n\t\t\t\t\t\t\t\t\tonInput=${parent.handleChange}\n\t\t\t\t\taria-invalid=${validation.errors['telefon'] ? 'true' : 'false'}\n\t\t\t\t\tref=${el => parent.activateValidation({\"message\":\"Something went wrong.\",\"minLength\":1,\"maxLength\":\"\",\"type\":\"none\",\"required\":true,\"expression\":\"null\"}, el)}\n\t\t\t\t\t\t\t\t\/>\n\t\t\t\n\t\t\t\t\t\t\t<${validation.ErrorMessage}\n\t\t\t\t\terrors=${validation.errors}\n\t\t\t\t\tname=\"telefon\"\n\t\t\t\t\tas=${html`<span className=\"mf-error-message\"><\/span>`}\n\t\t\t\t\t\/>\n\t\t\t\n\t\t\t\n\t\t<\/div>\n\n\t\t\t\t<\/div>\n\t\t\t\t<\/div>\n\t\t\t\t\t\t<\/div>\n\t\t\t\t\t<\/div>\n\t\t<\/div>\n\t\t\t\t\t\t\t\t<\/div>\n\t\t\t\t\t<\/div>\n\t\t<\/section>\n\t\t\t\t<section className=\"elementor-section elementor-top-section elementor-element elementor-element-0803bcd elementor-section-boxed elementor-section-height-default elementor-section-height-default\" data-id=\"0803bcd\" data-element_type=\"section\">\n\t\t\t\t\t\t<div className=\"elementor-container elementor-column-gap-default\">\n\t\t\t\t\t\t\t<div className=\"elementor-row\">\n\t\t\t\t\t<div className=\"elementor-column elementor-col-100 elementor-top-column elementor-element elementor-element-885f599 top column-style-top\" data-id=\"885f599\" data-element_type=\"column\">\n\t\t\t<div className=\"elementor-column-wrap elementor-element-populated\">\n\t\t\t\t\t\t\t<div className=\"elementor-widget-wrap\">\n\t\t\t\t\t\t<div className=\"elementor-element elementor-element-053c670 elementor-widget elementor-widget-mf-email\" data-id=\"053c670\" data-element_type=\"widget\" data-settings=\"{&quot;mf_input_name&quot;:&quot;eposta&quot;}\" data-widget_type=\"mf-email.default\">\n\t\t\t\t<div className=\"elementor-widget-container\">\n\t\t\t\r\n\t\t<div className=\"mf-input-wrapper\">\r\n\t\t\t\t\t\t\t<label className=\"mf-input-label\" htmlFor=\"mf-input-email-053c670\">\r\n\t\t\t\t\t${ parent.decodeEntities(`E-Posta`) } \t\t\t\t\t<span className=\"mf-input-required-indicator\">*<\/span>\r\n\t\t\t\t<\/label>\r\n\t\t\t\r\n\t\t\t<input \r\n\t\t\t\ttype=\"email\" \r\n\t\t\t\t \r\n\t\t\t\tdefaultValue=\"\" \r\n\t\t\t\tclassName=\"mf-input \" \r\n\t\t\t\tid=\"mf-input-email-053c670\" \r\n\t\t\t\tname=\"eposta\" \r\n\t\t\t\tplaceholder=\"${ parent.decodeEntities(`isim@domain.com`) } \" \r\n\t\t\t\t \r\n\t\t\t\tonBlur=${parent.handleChange} onFocus=${parent.handleChange} aria-invalid=${validation.errors['eposta'] ? 'true' : 'false' } \r\n\t\t\t\tref=${el=> parent.activateValidation({\"message\":\"Something went wrong.\",\"emailMessage\":\"Please enter a valid Email address\",\"minLength\":1,\"maxLength\":\"\",\"type\":\"none\",\"required\":true,\"expression\":\"null\"}, el)}\r\n\t\t\t\t\t\t\t\/>\r\n\r\n\t\t\t\t\t\t<${validation.ErrorMessage} \r\n\t\t\t\terrors=${validation.errors} \r\n\t\t\t\tname=\"eposta\" \r\n\t\t\t\tas=${html`<span className=\"mf-error-message\"><\/span>`}\r\n\t\t\t\/>\r\n\t\t\t\r\n\t\t\t\t\t<\/div>\r\n\r\n\t\t<\/div>\n\t\t\t\t<\/div>\n\t\t\t\t\t\t<\/div>\n\t\t\t\t\t<\/div>\n\t\t<\/div>\n\t\t\t\t\t\t\t\t<\/div>\n\t\t\t\t\t<\/div>\n\t\t<\/section>\n\t\t\t\t<section className=\"elementor-section elementor-top-section elementor-element elementor-element-fafbb59 elementor-section-boxed elementor-section-height-default elementor-section-height-default\" data-id=\"fafbb59\" data-element_type=\"section\">\n\t\t\t\t\t\t<div className=\"elementor-container elementor-column-gap-default\">\n\t\t\t\t\t\t\t<div className=\"elementor-row\">\n\t\t\t\t\t<div className=\"elementor-column elementor-col-100 elementor-top-column elementor-element elementor-element-6b381d4 top column-style-top\" data-id=\"6b381d4\" data-element_type=\"column\">\n\t\t\t<div className=\"elementor-column-wrap elementor-element-populated\">\n\t\t\t\t\t\t\t<div className=\"elementor-widget-wrap\">\n\t\t\t\t\t\t<div className=\"elementor-element elementor-element-7b7befd elementor-widget elementor-widget-mf-textarea\" data-id=\"7b7befd\" data-element_type=\"widget\" data-settings=\"{&quot;mf_input_name&quot;:&quot;eklenenler&quot;}\" data-widget_type=\"mf-textarea.default\">\n\t\t\t\t<div className=\"elementor-widget-container\">\n\t\t\t\r\n\t\t<div className=\"mf-input-wrapper\">\r\n\t\t\t\t\t\t\t<label className=\"mf-input-label\" htmlFor=\"mf-input-text-area-7b7befd\">\r\n\t\t\t\t\t${ parent.decodeEntities(`Eklemek istedikleriniz`) } \t\t\t\t\t<span className=\"mf-input-required-indicator\"><\/span>\r\n\t\t\t\t<\/label>\r\n\t\t\t\r\n\t\t\t<textarea className=\"mf-input mf-textarea \" id=\"mf-input-text-area-7b7befd\"\r\n\t\t\t\tname=\"eklenenler\" \r\n\t\t\t\tplaceholder=\"${ parent.decodeEntities(``) } \"\r\n\t\t\t\tcols=\"30\" rows=\"10\"\r\n\t\t\t\t\t\t\t\t\tonInput=${ parent.handleChange }\r\n\t\t\t\t\taria-invalid=${validation.errors['eklenenler'] ? 'true' : 'false'}\r\n\t\t\t\t\tref=${ el => parent.activateValidation({\"message\":\"This field is required.\",\"minLength\":1,\"maxLength\":\"\",\"type\":\"none\",\"required\":false,\"expression\":\"null\"}, el)}\r\n\t\t\t\t\t\t\t\t><\/textarea>\r\n\r\n\t\t\t\t\t\t\t<${validation.ErrorMessage}\r\n\t\t\t\t\terrors=${validation.errors}\r\n\t\t\t\t\tname=\"eklenenler\"\r\n\t\t\t\t\tas=${html`<span className=\"mf-error-message\"><\/span>`}\r\n\t\t\t\t\t\/>\r\n\t\t\t\t\t\t\t\t<\/div>\r\n\r\n\t\t\t\t<\/div>\n\t\t\t\t<\/div>\n\t\t\t\t\t\t<\/div>\n\t\t\t\t\t<\/div>\n\t\t<\/div>\n\t\t\t\t\t\t\t\t<\/div>\n\t\t\t\t\t<\/div>\n\t\t<\/section>\n\t\t\t\t<section className=\"elementor-section elementor-top-section elementor-element elementor-element-afd329b elementor-section-boxed elementor-section-height-default elementor-section-height-default\" data-id=\"afd329b\" data-element_type=\"section\">\n\t\t\t\t\t\t<div className=\"elementor-container elementor-column-gap-default\">\n\t\t\t\t\t\t\t<div className=\"elementor-row\">\n\t\t\t\t\t<div className=\"elementor-column elementor-col-100 elementor-top-column elementor-element elementor-element-97f16e6 top column-style-top\" data-id=\"97f16e6\" data-element_type=\"column\">\n\t\t\t<div className=\"elementor-column-wrap elementor-element-populated\">\n\t\t\t\t\t\t\t<div className=\"elementor-widget-wrap\">\n\t\t\t\t\t\t<div className=\"elementor-element elementor-element-7494669 elementor-widget elementor-widget-mf-file-upload\" data-id=\"7494669\" data-element_type=\"widget\" data-settings=\"{&quot;mf_input_name&quot;:&quot;mf-file-upload&quot;}\" data-widget_type=\"mf-file-upload.default\">\n\t\t\t\t<div className=\"elementor-widget-container\">\n\t\t\t\t\t\r\n\t\t\r\n\t\t<div className=\"mf-input-wrapper\">\r\n\t\t\t\t\t\t\t<label className=\"mf-input-label\" htmlFor=\"mf-input-file-upload-7494669\">\r\n\t\t\t\t\t${ parent.decodeEntities(`Talep listeniz`) } \t\t\t\t\t<span className=\"mf-input-required-indicator\">*<\/span>\r\n\t\t\t\t<\/label>\r\n\t\t\t\r\n\t\t\t<div className=\"mf-file-upload-container multi-option-input-type\">\r\n\t\t\t\t<input\r\n\t\t\t\t\ttype=\"file\"\r\n\t\t\t\t\tclassName=\"mf-input mf-input-file-upload \"\r\n\t\t\t\t\tid=\"mf-input-file-upload-7494669\" \r\n\t\t\t\t\tname=\"mf-file-upload\" \r\n\t\t\t\t\t\t\t\t\t\taccept=\".jpg, .jpeg, .gif, .png, .pdf, .doc, .docx, .xls, .xlsx\"\r\n\t\t\t\t\tonInput=${ parent.handleFileUpload }\r\n\t\t\t\t\taria-invalid=${validation.errors['mf-file-upload'] ? 'true' : 'false'}\r\n\t\t\t\t\tref=${ el => parent.activateValidation({\"message\":\"Something went wrong.\",\"required\":true,\"file_types\":[\".jpg\",\".jpeg\",\".gif\",\".png\",\".pdf\",\".doc\",\".docx\",\".xls\",\".xlsx\"],\"type_message\":\"Invalid file extension\",\"size_limit\":-1,\"limit_message\":\"Something went wrong.\"}, el) }\r\n\t\t\t\t\t\/>\r\n\t\t\t\t<label htmlFor=\"mf-input-file-upload-7494669\" className=\"mf-input-file-upload-label metform-btn\">\r\n\t\t\t\t\t<span>${ parent.decodeEntities(`Choose a file`) } <\/span>\t\t\t\t<\/label>\r\n\t\t\t\t<div className=\"mf-file-name\">\r\n\t\t\t\t\t<span>${parent.getFileLabel( 'mf-file-upload', 'No file chosen.' )}<\/span>\r\n\t\t\t\t<\/div>\r\n\t\t\t\t\r\n\t\t\t<\/div>\r\n\r\n\t\t\t\t\t\t\t<${validation.ErrorMessage}\r\n\t\t\t\t\terrors=${validation.errors}\r\n\t\t\t\t\tname=\"mf-file-upload\"\r\n\t\t\t\t\tas=${html`<span className=\"mf-error-message\"><\/span>`}\r\n\t\t\t\t\t\/>\r\n\t\t\t\r\n\t\t\t\t\t<\/div>\r\n\r\n\t\t\r\n\t\t\t\t<\/div>\n\t\t\t\t<\/div>\n\t\t\t\t\t\t<\/div>\n\t\t\t\t\t<\/div>\n\t\t<\/div>\n\t\t\t\t\t\t\t\t<\/div>\n\t\t\t\t\t<\/div>\n\t\t<\/section>\n\t\t\t\t<section className=\"elementor-section elementor-top-section elementor-element elementor-element-119a4a7 elementor-section-boxed elementor-section-height-default elementor-section-height-default\" data-id=\"119a4a7\" data-element_type=\"section\">\n\t\t\t\t\t\t<div className=\"elementor-container elementor-column-gap-default\">\n\t\t\t\t\t\t\t<div className=\"elementor-row\">\n\t\t\t\t\t<div className=\"elementor-column elementor-col-100 elementor-top-column elementor-element elementor-element-a3af2dd top column-style-top\" data-id=\"a3af2dd\" data-element_type=\"column\">\n\t\t\t<div className=\"elementor-column-wrap elementor-element-populated\">\n\t\t\t\t\t\t\t<div className=\"elementor-widget-wrap\">\n\t\t\t\t\t\t<div className=\"elementor-element elementor-element-4d2545f mf-btn--center elementor-widget elementor-widget-mf-button\" data-id=\"4d2545f\" data-element_type=\"widget\" data-widget_type=\"mf-button.default\">\n\t\t\t\t<div className=\"elementor-widget-container\">\n\t\t\t\t\t<div className=\"mf-btn-wraper \" data-mf-form-conditional-logic-requirement=\"\">\r\n\t\t\t\t\t\t\t<button type=\"submit\" className=\"metform-btn metform-submit-btn \" id=\"\">\r\n\t\t\t\t\t<span>${ parent.decodeEntities(`Teklif isteyin`) } <\/span>\r\n\t\t\t\t<\/button>\r\n\t\t\t        <\/div>\r\n        \t\t<\/div>\n\t\t\t\t<\/div>\n\t\t\t\t\t\t<\/div>\n\t\t\t\t\t<\/div>\n\t\t<\/div>\n\t\t\t\t\t\t\t\t<\/div>\n\t\t\t\t\t<\/div>\n\t\t<\/section>\n\t\t\t\t\t\t\t\t\t<\/div>\n\t\t\t<\/div>\n\t\t\t\t\t<\/div>\n\t\t\t\t\t\t\t`}\r\n\t\t\t\t\t<\/div>\r\n\r\n\t\t\t\t\t${is_dummy_markup ? message_position === 'bottom' ? props.ResponseDummyMarkup(message_successIcon, message_proClass) : '' : ''}\r\n\t\t\t\t\t${is_dummy_markup ? ' ' : message_position === 'bottom' ? props.SubmitResponseMarkup`${parent}${state}${message_successIcon}${message_errorIcon}${message_proClass}` : ''}\r\n\t\t\t\t\r\n\t\t\t\t<\/form>\r\n\t\t\t`\r\n\t\t<\/script>\r\n\r\n\t\t<\/div><\/div>\n\t\t\t\t<\/div>\n\t\t\t\t<\/div>\n\t\t\t\t\t\t<\/div>\n\t\t\t\t\t<\/div>\n\t\t<\/div>\n\t\t\t\t\t\t\t\t<\/div>\n\t\t\t\t\t<\/div>\n\t\t<\/section>\n\t\t\t\t\t\t\t\t\t<\/div>\n\t\t\t<\/div>\n\t\t\t\t\t<\/div>\n\t\t","protected":false},"excerpt":{"rendered":"<p>Pn\u00f6matik Ke\u00e7e Teklif Talebi<\/p>\n","protected":false},"author":1,"featured_media":0,"parent":0,"menu_order":0,"comment_status":"closed","ping_status":"closed","template":"elementor_header_footer","meta":{"footnotes":""},"class_list":["post-11132","page","type-page","status-publish","hentry"],"yoast_head":"<!-- This site is optimized with the Yoast SEO plugin v15.4 - https:\/\/yoast.com\/wordpress\/plugins\/seo\/ -->\n<title>Pn\u00f6matik Ke\u00e7e Teklif Talebi - Eksen Makina Ltd. \u015eti. |\u00a0TTO T\u00fcrkiye Temsilcisi<\/title>\n<meta name=\"robots\" content=\"index, follow, max-snippet:-1, max-image-preview:large, max-video-preview:-1\" \/>\n<link rel=\"canonical\" href=\"https:\/\/eksenmak.com\/global\/pnomatik-kece-teklif-talebi\/\" \/>\n<meta property=\"og:locale\" content=\"tr_TR\" \/>\n<meta property=\"og:type\" content=\"article\" \/>\n<meta property=\"og:title\" content=\"Pn\u00f6matik Ke\u00e7e Teklif Talebi - Eksen Makina Ltd. \u015eti. |\u00a0TTO T\u00fcrkiye Temsilcisi\" \/>\n<meta property=\"og:description\" content=\"Pn\u00f6matik Ke\u00e7e Teklif Talebi\" \/>\n<meta property=\"og:url\" content=\"https:\/\/eksenmak.com\/global\/pnomatik-kece-teklif-talebi\/\" \/>\n<meta property=\"og:site_name\" content=\"Eksen Makina Ltd. \u015eti. |\u00a0TTO T\u00fcrkiye Temsilcisi\" \/>\n<meta property=\"article:modified_time\" content=\"2020-12-11T20:13:28+00:00\" \/>\n<meta name=\"twitter:card\" content=\"summary_large_image\" \/>\n<meta name=\"twitter:label1\" content=\"Written by\">\n\t<meta name=\"twitter:data1\" content=\"halil.tohumoglu\">\n\t<meta name=\"twitter:label2\" content=\"Tahmini okuma s\u00fcresi\">\n\t<meta name=\"twitter:data2\" content=\"0 dakika\">\n<script type=\"application\/ld+json\" class=\"yoast-schema-graph\">{\"@context\":\"https:\/\/schema.org\",\"@graph\":[{\"@type\":\"WebSite\",\"@id\":\"https:\/\/eksenmak.com\/global\/#website\",\"url\":\"https:\/\/eksenmak.com\/global\/\",\"name\":\"Eksen Makina Ltd. \\u015eti. |\\u00a0TTO T\\u00fcrkiye Temsilcisi\",\"description\":\"\",\"potentialAction\":[{\"@type\":\"SearchAction\",\"target\":\"https:\/\/eksenmak.com\/global\/?s={search_term_string}\",\"query-input\":\"required name=search_term_string\"}],\"inLanguage\":\"tr\"},{\"@type\":\"WebPage\",\"@id\":\"https:\/\/eksenmak.com\/global\/pnomatik-kece-teklif-talebi\/#webpage\",\"url\":\"https:\/\/eksenmak.com\/global\/pnomatik-kece-teklif-talebi\/\",\"name\":\"Pn\\u00f6matik Ke\\u00e7e Teklif Talebi - Eksen Makina Ltd. \\u015eti. |\\u00a0TTO T\\u00fcrkiye Temsilcisi\",\"isPartOf\":{\"@id\":\"https:\/\/eksenmak.com\/global\/#website\"},\"datePublished\":\"2020-12-11T20:12:25+00:00\",\"dateModified\":\"2020-12-11T20:13:28+00:00\",\"inLanguage\":\"tr\",\"potentialAction\":[{\"@type\":\"ReadAction\",\"target\":[\"https:\/\/eksenmak.com\/global\/pnomatik-kece-teklif-talebi\/\"]}]}]}<\/script>\n<!-- \/ Yoast SEO plugin. -->","_links":{"self":[{"href":"https:\/\/eksenmak.com\/global\/wp-json\/wp\/v2\/pages\/11132","targetHints":{"allow":["GET"]}}],"collection":[{"href":"https:\/\/eksenmak.com\/global\/wp-json\/wp\/v2\/pages"}],"about":[{"href":"https:\/\/eksenmak.com\/global\/wp-json\/wp\/v2\/types\/page"}],"author":[{"embeddable":true,"href":"https:\/\/eksenmak.com\/global\/wp-json\/wp\/v2\/users\/1"}],"replies":[{"embeddable":true,"href":"https:\/\/eksenmak.com\/global\/wp-json\/wp\/v2\/comments?post=11132"}],"version-history":[{"count":0,"href":"https:\/\/eksenmak.com\/global\/wp-json\/wp\/v2\/pages\/11132\/revisions"}],"wp:attachment":[{"href":"https:\/\/eksenmak.com\/global\/wp-json\/wp\/v2\/media?parent=11132"}],"curies":[{"name":"wp","href":"https:\/\/api.w.org\/{rel}","templated":true}]}}