{"id":11455,"date":"2020-12-12T21:55:54","date_gmt":"2020-12-12T18:55:54","guid":{"rendered":"https:\/\/eksenmak.com\/en\/?page_id=11455"},"modified":"2025-12-05T17:07:01","modified_gmt":"2025-12-05T14:07:01","slug":"enerji-uretim-endustrisi-sizdirmazlik-elemanlari","status":"publish","type":"page","link":"https:\/\/eksenmak.com\/en\/enerji-uretim-endustrisi-sizdirmazlik-elemanlari\/","title":{"rendered":"Enerji \u00dcretim End\u00fcstrisi S\u0131zd\u0131rmazl\u0131k Elemanlar\u0131"},"content":{"rendered":"\t\t<div data-elementor-type=\"wp-page\" data-elementor-id=\"11455\" class=\"elementor elementor-11455\">\n\t\t\t\t\t\t<section class=\"elementor-section elementor-top-section elementor-element elementor-element-c5a137a elementor-section-boxed elementor-section-height-default elementor-section-height-default\" data-id=\"c5a137a\" data-element_type=\"section\">\n\t\t\t\t\t\t<div class=\"elementor-container elementor-column-gap-default\">\n\t\t\t\t\t<div class=\"elementor-column elementor-col-50 elementor-top-column elementor-element elementor-element-0e611dd top column-style-top\" data-id=\"0e611dd\" data-element_type=\"column\">\n\t\t\t<div class=\"elementor-widget-wrap elementor-element-populated\">\n\t\t\t\t\t\t<div class=\"elementor-element elementor-element-187c81a elementor-widget elementor-widget-heading\" data-id=\"187c81a\" data-element_type=\"widget\" data-widget_type=\"heading.default\">\n\t\t\t\t<div class=\"elementor-widget-container\">\n\t\t\t\t\t<h1 class=\"elementor-heading-title elementor-size-default\">Energy Generation<\/h1>\t\t\t\t<\/div>\n\t\t\t\t<\/div>\n\t\t\t\t\t<\/div>\n\t\t<\/div>\n\t\t\t\t<div class=\"elementor-column elementor-col-50 elementor-top-column elementor-element elementor-element-2e1c9a7 elementor-hidden-phone top column-style-top\" data-id=\"2e1c9a7\" data-element_type=\"column\">\n\t\t\t<div class=\"elementor-widget-wrap elementor-element-populated\">\n\t\t\t\t\t\t<div class=\"elementor-element elementor-element-e25ceba elementor-widget elementor-widget-shortcode\" data-id=\"e25ceba\" data-element_type=\"widget\" data-widget_type=\"shortcode.default\">\n\t\t\t\t<div class=\"elementor-widget-container\">\n\t\t\t\t\t\t\t<div class=\"elementor-shortcode\"><ul class=\"breadcrumb\">\n      <li><a href=\"https:\/\/eksenmak.com\/en\">Home<\/a><\/li>\n       <li><a href=\"https:\/\/eksenmak.com\/en\/sektorler\">Industries<\/a><\/li>\n      <li>Energy Generation<\/li>\n    <\/ul><\/div>\n\t\t\t\t\t\t<\/div>\n\t\t\t\t<\/div>\n\t\t\t\t\t<\/div>\n\t\t<\/div>\n\t\t\t\t\t<\/div>\n\t\t<\/section>\n\t\t\t\t<section class=\"elementor-section elementor-top-section elementor-element elementor-element-b711e28 elementor-section-boxed elementor-section-height-default elementor-section-height-default\" data-id=\"b711e28\" data-element_type=\"section\" data-settings=\"{&quot;background_background&quot;:&quot;classic&quot;}\">\n\t\t\t\t\t\t<div class=\"elementor-container elementor-column-gap-default\">\n\t\t\t\t\t<div class=\"elementor-column elementor-col-100 elementor-top-column elementor-element elementor-element-3fad797 top column-style-top\" data-id=\"3fad797\" data-element_type=\"column\">\n\t\t\t<div class=\"elementor-widget-wrap elementor-element-populated\">\n\t\t\t\t\t\t<div class=\"elementor-element elementor-element-c793d69 elementor-widget elementor-widget-text-editor\" data-id=\"c793d69\" data-element_type=\"widget\" data-widget_type=\"text-editor.default\">\n\t\t\t\t<div class=\"elementor-widget-container\">\n\t\t\t\t\t\t\t\t\t<p>Seals for wind turbines must deliver low friction, long life, zero leakage, and ease of installation; achieving maximum uptime through extended service intervals is the key requirement. Eksen Oil Seals\u2019s Sealing Solutions contribute significantly to the effective functioning of hydraulics, with products engineered to withstand the rigors of both onshore and offshore facilities.The seals are designed and tested to withstand continuous short strokes at 250 bar (3,625 psi) and temperatures as low as -40\u00b0C (-40\u00b0F).<\/p>\t\t\t\t\t\t\t\t<\/div>\n\t\t\t\t<\/div>\n\t\t\t\t\t<\/div>\n\t\t<\/div>\n\t\t\t\t\t<\/div>\n\t\t<\/section>\n\t\t\t\t<section class=\"elementor-section elementor-top-section elementor-element elementor-element-4d47d17 elementor-section-boxed elementor-section-height-default elementor-section-height-default\" data-id=\"4d47d17\" data-element_type=\"section\" data-settings=\"{&quot;background_background&quot;:&quot;classic&quot;}\">\n\t\t\t\t\t\t<div class=\"elementor-container elementor-column-gap-default\">\n\t\t\t\t\t<div class=\"elementor-column elementor-col-100 elementor-top-column elementor-element elementor-element-7771501 top column-style-top\" data-id=\"7771501\" data-element_type=\"column\">\n\t\t\t<div class=\"elementor-widget-wrap elementor-element-populated\">\n\t\t\t\t\t\t<div class=\"elementor-element elementor-element-19d0ac4 elementor-widget elementor-widget-heading\" data-id=\"19d0ac4\" data-element_type=\"widget\" data-widget_type=\"heading.default\">\n\t\t\t\t<div class=\"elementor-widget-container\">\n\t\t\t\t\t<h1 class=\"elementor-heading-title elementor-size-default\">Our Solutions<\/h1>\t\t\t\t<\/div>\n\t\t\t\t<\/div>\n\t\t\t\t\t<\/div>\n\t\t<\/div>\n\t\t\t\t\t<\/div>\n\t\t<\/section>\n\t\t\t\t<section class=\"elementor-section elementor-top-section elementor-element elementor-element-9f18e27 elementor-section-boxed elementor-section-height-default elementor-section-height-default\" data-id=\"9f18e27\" data-element_type=\"section\" data-settings=\"{&quot;background_background&quot;:&quot;classic&quot;}\">\n\t\t\t\t\t\t<div class=\"elementor-container elementor-column-gap-default\">\n\t\t\t\t\t<div class=\"elementor-column elementor-col-50 elementor-top-column elementor-element elementor-element-b669512 top column-style-top\" data-id=\"b669512\" data-element_type=\"column\">\n\t\t\t<div class=\"elementor-widget-wrap elementor-element-populated\">\n\t\t\t\t\t\t<section class=\"elementor-section elementor-inner-section elementor-element elementor-element-9bfd416 elementor-section-boxed elementor-section-height-default elementor-section-height-default\" data-id=\"9bfd416\" data-element_type=\"section\" data-settings=\"{&quot;background_background&quot;:&quot;classic&quot;}\">\n\t\t\t\t\t\t<div class=\"elementor-container elementor-column-gap-default\">\n\t\t\t\t\t<div class=\"elementor-column elementor-col-100 elementor-inner-column elementor-element elementor-element-fd2ab5d top column-style-top\" data-id=\"fd2ab5d\" data-element_type=\"column\">\n\t\t\t<div class=\"elementor-widget-wrap elementor-element-populated\">\n\t\t\t\t\t\t<div class=\"elementor-element elementor-element-46b59cb elementor-widget elementor-widget-heading\" data-id=\"46b59cb\" data-element_type=\"widget\" data-widget_type=\"heading.default\">\n\t\t\t\t<div class=\"elementor-widget-container\">\n\t\t\t\t\t<h1 class=\"elementor-heading-title elementor-size-default\">Rotary Shaft Seals<\/h1>\t\t\t\t<\/div>\n\t\t\t\t<\/div>\n\t\t\t\t<div class=\"elementor-element elementor-element-8e27966 elementor-widget-elementskit-dual-button-mobile-center elementor-widget elementor-widget-elementskit-dual-button\" data-id=\"8e27966\" data-element_type=\"widget\" data-widget_type=\"elementskit-dual-button.default\">\n\t\t\t\t<div class=\"elementor-widget-container\">\n\t\t\t\t\t<div class=\"ekit-wid-con\" >\n                <div class=\"ekit-element-align-wrapper\">\n                    <div class=\"ekit_double_button\">                <a class=\"ekit-double-btn ekit-double-btn-one\" href=\"https:\/\/eksenmak.com\/en\/doner-mil-keceleri\/\">\n                    Products                <\/a>\n            <span class='ekit_button_middle_text'>or<\/span>\n            <a class=\"ekit-double-btn ekit-double-btn-two\" href=\"https:\/\/eksenmak.com\/en\/doner-mil-kece-teklif-talebi\/\">\n                    Get a Quote                <\/a>\n                  <\/div>\n                <\/div>\n            <\/div>\t\t\t\t<\/div>\n\t\t\t\t<\/div>\n\t\t\t\t\t<\/div>\n\t\t<\/div>\n\t\t\t\t\t<\/div>\n\t\t<\/section>\n\t\t\t\t\t<\/div>\n\t\t<\/div>\n\t\t\t\t<div class=\"elementor-column elementor-col-50 elementor-top-column elementor-element elementor-element-2affabc top column-style-top\" data-id=\"2affabc\" data-element_type=\"column\">\n\t\t\t<div class=\"elementor-widget-wrap elementor-element-populated\">\n\t\t\t\t\t\t<section class=\"elementor-section elementor-inner-section elementor-element elementor-element-0f688f5 elementor-section-boxed elementor-section-height-default elementor-section-height-default\" data-id=\"0f688f5\" data-element_type=\"section\" data-settings=\"{&quot;background_background&quot;:&quot;classic&quot;}\">\n\t\t\t\t\t\t<div class=\"elementor-container elementor-column-gap-default\">\n\t\t\t\t\t<div class=\"elementor-column elementor-col-100 elementor-inner-column elementor-element elementor-element-924b072 top column-style-top\" data-id=\"924b072\" data-element_type=\"column\">\n\t\t\t<div class=\"elementor-widget-wrap elementor-element-populated\">\n\t\t\t\t\t\t<div class=\"elementor-element elementor-element-a2d3f4b elementor-widget elementor-widget-heading\" data-id=\"a2d3f4b\" data-element_type=\"widget\" data-widget_type=\"heading.default\">\n\t\t\t\t<div class=\"elementor-widget-container\">\n\t\t\t\t\t<h1 class=\"elementor-heading-title elementor-size-default\">Hydraulic Seals<\/h1>\t\t\t\t<\/div>\n\t\t\t\t<\/div>\n\t\t\t\t<div class=\"elementor-element elementor-element-c9cd47f elementor-widget-elementskit-dual-button-mobile-center elementor-widget elementor-widget-elementskit-dual-button\" data-id=\"c9cd47f\" data-element_type=\"widget\" data-widget_type=\"elementskit-dual-button.default\">\n\t\t\t\t<div class=\"elementor-widget-container\">\n\t\t\t\t\t<div class=\"ekit-wid-con\" >\n                <div class=\"ekit-element-align-wrapper\">\n                    <div class=\"ekit_double_button\">                <a class=\"ekit-double-btn ekit-double-btn-one\" href=\"https:\/\/eksenmak.com\/en\/hidrolik-keceler\/\">\n                    Products                <\/a>\n            <span class='ekit_button_middle_text'>or<\/span>\n            <a class=\"ekit-double-btn ekit-double-btn-two\" href=\"https:\/\/eksenmak.com\/en\/hidrolik-kece-teklif-talebi\/\">\n                    Get a Quote                <\/a>\n                  <\/div>\n                <\/div>\n            <\/div>\t\t\t\t<\/div>\n\t\t\t\t<\/div>\n\t\t\t\t\t<\/div>\n\t\t<\/div>\n\t\t\t\t\t<\/div>\n\t\t<\/section>\n\t\t\t\t\t<\/div>\n\t\t<\/div>\n\t\t\t\t\t<\/div>\n\t\t<\/section>\n\t\t\t\t<section class=\"elementor-section elementor-top-section elementor-element elementor-element-7eb7cdf elementor-section-boxed elementor-section-height-default elementor-section-height-default\" data-id=\"7eb7cdf\" data-element_type=\"section\" data-settings=\"{&quot;background_background&quot;:&quot;classic&quot;}\">\n\t\t\t\t\t\t<div class=\"elementor-container elementor-column-gap-default\">\n\t\t\t\t\t<div class=\"elementor-column elementor-col-50 elementor-top-column elementor-element elementor-element-f726a58 top column-style-top\" data-id=\"f726a58\" data-element_type=\"column\">\n\t\t\t<div class=\"elementor-widget-wrap elementor-element-populated\">\n\t\t\t\t\t\t<section class=\"elementor-section elementor-inner-section elementor-element elementor-element-e3e4359 elementor-section-boxed elementor-section-height-default elementor-section-height-default\" data-id=\"e3e4359\" data-element_type=\"section\" data-settings=\"{&quot;background_background&quot;:&quot;classic&quot;}\">\n\t\t\t\t\t\t<div class=\"elementor-container elementor-column-gap-default\">\n\t\t\t\t\t<div class=\"elementor-column elementor-col-100 elementor-inner-column elementor-element elementor-element-c801444 top column-style-top\" data-id=\"c801444\" data-element_type=\"column\">\n\t\t\t<div class=\"elementor-widget-wrap elementor-element-populated\">\n\t\t\t\t\t\t<div class=\"elementor-element elementor-element-0e54b54 elementor-widget elementor-widget-heading\" data-id=\"0e54b54\" data-element_type=\"widget\" data-widget_type=\"heading.default\">\n\t\t\t\t<div class=\"elementor-widget-container\">\n\t\t\t\t\t<h1 class=\"elementor-heading-title elementor-size-default\">Static Seals<\/h1>\t\t\t\t<\/div>\n\t\t\t\t<\/div>\n\t\t\t\t<div class=\"elementor-element elementor-element-5756152 elementor-widget-elementskit-dual-button-mobile-center elementor-widget elementor-widget-elementskit-dual-button\" data-id=\"5756152\" data-element_type=\"widget\" data-widget_type=\"elementskit-dual-button.default\">\n\t\t\t\t<div class=\"elementor-widget-container\">\n\t\t\t\t\t<div class=\"ekit-wid-con\" >\n                <div class=\"ekit-element-align-wrapper\">\n                    <div class=\"ekit_double_button\">                <a class=\"ekit-double-btn ekit-double-btn-one\" href=\"https:\/\/eksenmak.com\/en\/statik-sizdirmaz-cesitleri-olcu-listesi\/\">\n                    Products                <\/a>\n            <span class='ekit_button_middle_text'>or<\/span>\n            <a class=\"ekit-double-btn ekit-double-btn-two\" href=\"https:\/\/eksenmak.com\/en\/o-ring-teklif-talebi\/\">\n                    Get a Quote                <\/a>\n                  <\/div>\n                <\/div>\n            <\/div>\t\t\t\t<\/div>\n\t\t\t\t<\/div>\n\t\t\t\t\t<\/div>\n\t\t<\/div>\n\t\t\t\t\t<\/div>\n\t\t<\/section>\n\t\t\t\t\t<\/div>\n\t\t<\/div>\n\t\t\t\t<div class=\"elementor-column elementor-col-50 elementor-top-column elementor-element elementor-element-5ed5193 top column-style-top\" data-id=\"5ed5193\" data-element_type=\"column\">\n\t\t\t<div class=\"elementor-widget-wrap elementor-element-populated\">\n\t\t\t\t\t\t<section class=\"elementor-section elementor-inner-section elementor-element elementor-element-1420be0 elementor-section-boxed elementor-section-height-default elementor-section-height-default\" data-id=\"1420be0\" data-element_type=\"section\" data-settings=\"{&quot;background_background&quot;:&quot;classic&quot;}\">\n\t\t\t\t\t\t<div class=\"elementor-container elementor-column-gap-default\">\n\t\t\t\t\t<div class=\"elementor-column elementor-col-100 elementor-inner-column elementor-element elementor-element-910455e top column-style-top\" data-id=\"910455e\" data-element_type=\"column\">\n\t\t\t<div class=\"elementor-widget-wrap elementor-element-populated\">\n\t\t\t\t\t\t<div class=\"elementor-element elementor-element-b2eac97 elementor-widget elementor-widget-heading\" data-id=\"b2eac97\" data-element_type=\"widget\" data-widget_type=\"heading.default\">\n\t\t\t\t<div class=\"elementor-widget-container\">\n\t\t\t\t\t<h1 class=\"elementor-heading-title elementor-size-default\">Consult an Expert<\/h1>\t\t\t\t<\/div>\n\t\t\t\t<\/div>\n\t\t\t\t<div class=\"elementor-element elementor-element-98fdcf7 elementor-align-left elementor-align--mobilecenter elementor-widget elementor-widget-elementskit-button\" data-id=\"98fdcf7\" data-element_type=\"widget\" data-widget_type=\"elementskit-button.default\">\n\t\t\t\t<div class=\"elementor-widget-container\">\n\t\t\t\t\t<div class=\"ekit-wid-con\" >\t\t<div class=\"ekit-btn-wraper\">\n\t\t\t\t\t\t\t<a href=\"https:\/\/eksenmak.com\/en\/beni-arayin\/\" target=\"_blank\" rel=\"nofollow\" class=\"elementskit-btn  whitespace--normal\" id=\"\">\n\t\t\t\t\tLet us call you\t\t\t\t<\/a>\n\t\t\t\t\t<\/div>\n        <\/div>\t\t\t\t<\/div>\n\t\t\t\t<\/div>\n\t\t\t\t\t<\/div>\n\t\t<\/div>\n\t\t\t\t\t<\/div>\n\t\t<\/section>\n\t\t\t\t\t<\/div>\n\t\t<\/div>\n\t\t\t\t\t<\/div>\n\t\t<\/section>\n\t\t\t\t<\/div>\n\t\t","protected":false},"excerpt":{"rendered":"<p>Energy Generation Home Industries Energy Generation Seals for wind turbines must deliver low friction, long life, zero leakage, and ease of installation; achieving maximum uptime through extended service intervals is the key requirement. Eksen Oil Seals\u2019s Sealing Solutions contribute significantly to the effective functioning of hydraulics, with products engineered to withstand the rigors of both [&hellip;]<\/p>\n","protected":false},"author":1,"featured_media":0,"parent":0,"menu_order":0,"comment_status":"closed","ping_status":"closed","template":"elementor_header_footer","meta":{"footnotes":""},"class_list":["post-11455","page","type-page","status-publish","hentry"],"yoast_head":"<!-- This site is optimized with the Yoast SEO plugin v26.4 - https:\/\/yoast.com\/wordpress\/plugins\/seo\/ -->\n<title>Enerji \u00dcretim End\u00fcstrisi S\u0131zd\u0131rmazl\u0131k Elemanlar\u0131 - Eksen Makina Ltd. \u015eti. |\u00a0TTO Representative for Turkey<\/title>\n<meta name=\"robots\" content=\"index, follow, max-snippet:-1, max-image-preview:large, max-video-preview:-1\" \/>\n<link rel=\"canonical\" href=\"https:\/\/eksenmak.com\/en\/enerji-uretim-endustrisi-sizdirmazlik-elemanlari\/\" \/>\n<meta property=\"og:locale\" content=\"tr_TR\" \/>\n<meta property=\"og:type\" content=\"article\" \/>\n<meta property=\"og:title\" content=\"Enerji \u00dcretim End\u00fcstrisi S\u0131zd\u0131rmazl\u0131k Elemanlar\u0131 - Eksen Makina Ltd. \u015eti. |\u00a0TTO Representative for Turkey\" \/>\n<meta property=\"og:description\" content=\"Energy Generation Home Industries Energy Generation Seals for wind turbines must deliver low friction, long life, zero leakage, and ease of installation; achieving maximum uptime through extended service intervals is the key requirement. Eksen Oil Seals\u2019s Sealing Solutions contribute significantly to the effective functioning of hydraulics, with products engineered to withstand the rigors of both [&hellip;]\" \/>\n<meta property=\"og:url\" content=\"https:\/\/eksenmak.com\/en\/enerji-uretim-endustrisi-sizdirmazlik-elemanlari\/\" \/>\n<meta property=\"og:site_name\" content=\"Eksen Makina Ltd. \u015eti. |\u00a0TTO Representative for Turkey\" \/>\n<meta property=\"article:modified_time\" content=\"2025-12-05T14:07:01+00:00\" \/>\n<meta name=\"twitter:card\" content=\"summary_large_image\" \/>\n<meta name=\"twitter:label1\" content=\"Tahmini okuma s\u00fcresi\" \/>\n\t<meta name=\"twitter:data1\" content=\"2 dakika\" \/>\n<script type=\"application\/ld+json\" class=\"yoast-schema-graph\">{\"@context\":\"https:\/\/schema.org\",\"@graph\":[{\"@type\":\"WebPage\",\"@id\":\"https:\/\/eksenmak.com\/en\/enerji-uretim-endustrisi-sizdirmazlik-elemanlari\/\",\"url\":\"https:\/\/eksenmak.com\/en\/enerji-uretim-endustrisi-sizdirmazlik-elemanlari\/\",\"name\":\"Enerji \u00dcretim End\u00fcstrisi S\u0131zd\u0131rmazl\u0131k Elemanlar\u0131 - Eksen Makina Ltd. \u015eti. |\u00a0TTO Representative for Turkey\",\"isPartOf\":{\"@id\":\"https:\/\/eksenmak.com\/en\/#website\"},\"datePublished\":\"2020-12-12T18:55:54+00:00\",\"dateModified\":\"2025-12-05T14:07:01+00:00\",\"breadcrumb\":{\"@id\":\"https:\/\/eksenmak.com\/en\/enerji-uretim-endustrisi-sizdirmazlik-elemanlari\/#breadcrumb\"},\"inLanguage\":\"tr\",\"potentialAction\":[{\"@type\":\"ReadAction\",\"target\":[\"https:\/\/eksenmak.com\/en\/enerji-uretim-endustrisi-sizdirmazlik-elemanlari\/\"]}]},{\"@type\":\"BreadcrumbList\",\"@id\":\"https:\/\/eksenmak.com\/en\/enerji-uretim-endustrisi-sizdirmazlik-elemanlari\/#breadcrumb\",\"itemListElement\":[{\"@type\":\"ListItem\",\"position\":1,\"name\":\"Ana sayfa\",\"item\":\"https:\/\/eksenmak.com\/en\/\"},{\"@type\":\"ListItem\",\"position\":2,\"name\":\"Enerji \u00dcretim End\u00fcstrisi S\u0131zd\u0131rmazl\u0131k Elemanlar\u0131\"}]},{\"@type\":\"WebSite\",\"@id\":\"https:\/\/eksenmak.com\/en\/#website\",\"url\":\"https:\/\/eksenmak.com\/en\/\",\"name\":\"Eksen Makina Ltd. \u015eti. |\u00a0TTO Representative for Turkey\",\"description\":\"\",\"potentialAction\":[{\"@type\":\"SearchAction\",\"target\":{\"@type\":\"EntryPoint\",\"urlTemplate\":\"https:\/\/eksenmak.com\/en\/?s={search_term_string}\"},\"query-input\":{\"@type\":\"PropertyValueSpecification\",\"valueRequired\":true,\"valueName\":\"search_term_string\"}}],\"inLanguage\":\"tr\"}]}<\/script>\n<!-- \/ Yoast SEO plugin. -->","yoast_head_json":{"title":"Enerji \u00dcretim End\u00fcstrisi S\u0131zd\u0131rmazl\u0131k Elemanlar\u0131 - Eksen Makina Ltd. \u015eti. |\u00a0TTO Representative for Turkey","robots":{"index":"index","follow":"follow","max-snippet":"max-snippet:-1","max-image-preview":"max-image-preview:large","max-video-preview":"max-video-preview:-1"},"canonical":"https:\/\/eksenmak.com\/en\/enerji-uretim-endustrisi-sizdirmazlik-elemanlari\/","og_locale":"tr_TR","og_type":"article","og_title":"Enerji \u00dcretim End\u00fcstrisi S\u0131zd\u0131rmazl\u0131k Elemanlar\u0131 - Eksen Makina Ltd. \u015eti. |\u00a0TTO Representative for Turkey","og_description":"Energy Generation Home Industries Energy Generation Seals for wind turbines must deliver low friction, long life, zero leakage, and ease of installation; achieving maximum uptime through extended service intervals is the key requirement. Eksen Oil Seals\u2019s Sealing Solutions contribute significantly to the effective functioning of hydraulics, with products engineered to withstand the rigors of both [&hellip;]","og_url":"https:\/\/eksenmak.com\/en\/enerji-uretim-endustrisi-sizdirmazlik-elemanlari\/","og_site_name":"Eksen Makina Ltd. \u015eti. |\u00a0TTO Representative for Turkey","article_modified_time":"2025-12-05T14:07:01+00:00","twitter_card":"summary_large_image","twitter_misc":{"Tahmini okuma s\u00fcresi":"2 dakika"},"schema":{"@context":"https:\/\/schema.org","@graph":[{"@type":"WebPage","@id":"https:\/\/eksenmak.com\/en\/enerji-uretim-endustrisi-sizdirmazlik-elemanlari\/","url":"https:\/\/eksenmak.com\/en\/enerji-uretim-endustrisi-sizdirmazlik-elemanlari\/","name":"Enerji \u00dcretim End\u00fcstrisi S\u0131zd\u0131rmazl\u0131k Elemanlar\u0131 - Eksen Makina Ltd. \u015eti. |\u00a0TTO Representative for Turkey","isPartOf":{"@id":"https:\/\/eksenmak.com\/en\/#website"},"datePublished":"2020-12-12T18:55:54+00:00","dateModified":"2025-12-05T14:07:01+00:00","breadcrumb":{"@id":"https:\/\/eksenmak.com\/en\/enerji-uretim-endustrisi-sizdirmazlik-elemanlari\/#breadcrumb"},"inLanguage":"tr","potentialAction":[{"@type":"ReadAction","target":["https:\/\/eksenmak.com\/en\/enerji-uretim-endustrisi-sizdirmazlik-elemanlari\/"]}]},{"@type":"BreadcrumbList","@id":"https:\/\/eksenmak.com\/en\/enerji-uretim-endustrisi-sizdirmazlik-elemanlari\/#breadcrumb","itemListElement":[{"@type":"ListItem","position":1,"name":"Ana sayfa","item":"https:\/\/eksenmak.com\/en\/"},{"@type":"ListItem","position":2,"name":"Enerji \u00dcretim End\u00fcstrisi S\u0131zd\u0131rmazl\u0131k Elemanlar\u0131"}]},{"@type":"WebSite","@id":"https:\/\/eksenmak.com\/en\/#website","url":"https:\/\/eksenmak.com\/en\/","name":"Eksen Makina Ltd. \u015eti. |\u00a0TTO Representative for Turkey","description":"","potentialAction":[{"@type":"SearchAction","target":{"@type":"EntryPoint","urlTemplate":"https:\/\/eksenmak.com\/en\/?s={search_term_string}"},"query-input":{"@type":"PropertyValueSpecification","valueRequired":true,"valueName":"search_term_string"}}],"inLanguage":"tr"}]}},"_links":{"self":[{"href":"https:\/\/eksenmak.com\/en\/wp-json\/wp\/v2\/pages\/11455","targetHints":{"allow":["GET"]}}],"collection":[{"href":"https:\/\/eksenmak.com\/en\/wp-json\/wp\/v2\/pages"}],"about":[{"href":"https:\/\/eksenmak.com\/en\/wp-json\/wp\/v2\/types\/page"}],"author":[{"embeddable":true,"href":"https:\/\/eksenmak.com\/en\/wp-json\/wp\/v2\/users\/1"}],"replies":[{"embeddable":true,"href":"https:\/\/eksenmak.com\/en\/wp-json\/wp\/v2\/comments?post=11455"}],"version-history":[{"count":6,"href":"https:\/\/eksenmak.com\/en\/wp-json\/wp\/v2\/pages\/11455\/revisions"}],"predecessor-version":[{"id":13232,"href":"https:\/\/eksenmak.com\/en\/wp-json\/wp\/v2\/pages\/11455\/revisions\/13232"}],"wp:attachment":[{"href":"https:\/\/eksenmak.com\/en\/wp-json\/wp\/v2\/media?parent=11455"}],"curies":[{"name":"wp","href":"https:\/\/api.w.org\/{rel}","templated":true}]}}