{"id":11350,"date":"2020-12-12T20:14:09","date_gmt":"2020-12-12T17:14:09","guid":{"rendered":"https:\/\/eksenmak.com\/en\/?page_id=11350"},"modified":"2020-12-12T20:15:35","modified_gmt":"2020-12-12T17:15:35","slug":"diyafram-nedir-cesitleri","status":"publish","type":"page","link":"https:\/\/eksenmak.com\/en\/diyafram-nedir-cesitleri\/","title":{"rendered":"Diyaframlar"},"content":{"rendered":"\t\t<div data-elementor-type=\"wp-page\" data-elementor-id=\"11350\" class=\"elementor elementor-11350\">\n\t\t\t\t\t\t<section class=\"elementor-section elementor-top-section elementor-element elementor-element-e9c6cc4 elementor-section-boxed elementor-section-height-default elementor-section-height-default\" data-id=\"e9c6cc4\" data-element_type=\"section\">\n\t\t\t\t\t\t<div class=\"elementor-container elementor-column-gap-default\">\n\t\t\t\t\t<div class=\"elementor-column elementor-col-50 elementor-top-column elementor-element elementor-element-18e5e7c top column-style-top\" data-id=\"18e5e7c\" data-element_type=\"column\">\n\t\t\t<div class=\"elementor-widget-wrap elementor-element-populated\">\n\t\t\t\t\t\t<div class=\"elementor-element elementor-element-6482492 elementor-widget elementor-widget-heading\" data-id=\"6482492\" data-element_type=\"widget\" data-widget_type=\"heading.default\">\n\t\t\t\t<div class=\"elementor-widget-container\">\n\t\t\t\t\t<h1 class=\"elementor-heading-title elementor-size-default\">Diyaframlar<\/h1>\t\t\t\t<\/div>\n\t\t\t\t<\/div>\n\t\t\t\t\t<\/div>\n\t\t<\/div>\n\t\t\t\t<div class=\"elementor-column elementor-col-50 elementor-top-column elementor-element elementor-element-ba596d8 elementor-hidden-phone top column-style-top\" data-id=\"ba596d8\" data-element_type=\"column\">\n\t\t\t<div class=\"elementor-widget-wrap elementor-element-populated\">\n\t\t\t\t\t\t<div class=\"elementor-element elementor-element-c952f82 elementor-widget elementor-widget-shortcode\" data-id=\"c952f82\" data-element_type=\"widget\" data-widget_type=\"shortcode.default\">\n\t\t\t\t<div class=\"elementor-widget-container\">\n\t\t\t\t\t\t\t<div class=\"elementor-shortcode\"><ul class=\"breadcrumb\">\n      <li><a href=\"https:\/\/eksenmak.com\/en\">Ana Sayfa<\/a><\/li>\n       <li><a href=\"https:\/\/eksenmak.com\/en\/urun-gruplari\/\">\u00dcr\u00fcn Gruplar\u0131<\/a><\/li>\n      <li>Diyaframlar<\/li>\n    <\/ul><\/div>\n\t\t\t\t\t\t<\/div>\n\t\t\t\t<\/div>\n\t\t\t\t\t<\/div>\n\t\t<\/div>\n\t\t\t\t\t<\/div>\n\t\t<\/section>\n\t\t\t\t<section class=\"elementor-section elementor-top-section elementor-element elementor-element-8d0a36c elementor-section-boxed elementor-section-height-default elementor-section-height-default\" data-id=\"8d0a36c\" data-element_type=\"section\" data-settings=\"{&quot;background_background&quot;:&quot;classic&quot;}\">\n\t\t\t\t\t\t<div class=\"elementor-container elementor-column-gap-default\">\n\t\t\t\t\t<div class=\"elementor-column elementor-col-100 elementor-top-column elementor-element elementor-element-d1ff9af top column-style-top\" data-id=\"d1ff9af\" data-element_type=\"column\">\n\t\t\t<div class=\"elementor-widget-wrap elementor-element-populated\">\n\t\t\t\t\t\t<div class=\"elementor-element elementor-element-59f06e0 elementor-widget elementor-widget-image\" data-id=\"59f06e0\" data-element_type=\"widget\" data-widget_type=\"image.default\">\n\t\t\t\t<div class=\"elementor-widget-container\">\n\t\t\t\t\t\t\t\t\t\t\t\t\t\t\t<img decoding=\"async\" src=\"http:\/\/eksenmak.com\/main\/wp-content\/uploads\/2020\/05\/diyafram_banner.jpg\" title=\"\" alt=\"\" loading=\"lazy\" \/>\t\t\t\t\t\t\t\t\t\t\t\t\t\t\t<\/div>\n\t\t\t\t<\/div>\n\t\t\t\t\t<\/div>\n\t\t<\/div>\n\t\t\t\t\t<\/div>\n\t\t<\/section>\n\t\t\t\t<section class=\"elementor-section elementor-top-section elementor-element elementor-element-aca6390 elementor-section-boxed elementor-section-height-default elementor-section-height-default\" data-id=\"aca6390\" data-element_type=\"section\" data-settings=\"{&quot;background_background&quot;:&quot;classic&quot;}\">\n\t\t\t\t\t\t<div class=\"elementor-container elementor-column-gap-default\">\n\t\t\t\t\t<div class=\"elementor-column elementor-col-100 elementor-top-column elementor-element elementor-element-03a105b top column-style-top\" data-id=\"03a105b\" data-element_type=\"column\">\n\t\t\t<div class=\"elementor-widget-wrap elementor-element-populated\">\n\t\t\t\t\t\t<div class=\"elementor-element elementor-element-0797d75 elementor-widget elementor-widget-text-editor\" data-id=\"0797d75\" data-element_type=\"widget\" data-widget_type=\"text-editor.default\">\n\t\t\t\t<div class=\"elementor-widget-container\">\n\t\t\t\t\t\t\t\t\t<p class=\"product-groups\" title=\"diyafram nedir? diyafram nerelerde kullan\u0131l\u0131r?\"><strong>Diyafram Nedir? Diyaframlar nerelerde kullan\u0131l\u0131r?<\/strong><\/p>\n<p class=\"product-groups\">Diyaframlar, pompalar, akt\u00fcat\u00f6rler, hidro ak\u00fcm\u00fclat\u00f6rler, valfler ve reg\u00fclat\u00f6rler dahil olmak \u00fczere bir dizi uygulamada kullan\u0131labilir. Eksen Oil Seals, ekipman\u0131n\u0131z\u0131n talep etti\u011fi y\u00fcksek performansl\u0131 diyaframlar\u0131 herhangi bir uygulama i\u00e7in standart veya \u00f6zel olarak tasarlanm\u0131\u015f boyut ve formatlarda sa\u011flamak i\u00e7in uzman m\u00fchendislik ve malzeme uzmanl\u0131\u011f\u0131na sahiptir. <\/p>\n<p class=\"product-groups\">\nElastomerik malzemelerden yap\u0131lm\u0131\u015f diyaframlar neredeyse t\u00fcm end\u00fcstriyel sekt\u00f6rler i\u00e7in \u00f6zel s\u0131zd\u0131rmazl\u0131k \u00e7\u00f6z\u00fcmleri sunar ve a\u015fa\u011f\u0131daki temel i\u015flevleri yerine getirebilir:\n<\/p>\n<ul>\n<li>Pompa i\u015flevi<\/li>\n<li>Kontrol veya anahtarlama fonksiyonu<\/li>\n<li>Birikim veya ay\u0131rma i\u015flevi<\/li>\n<\/ul><br>\n<p class=\"product-groups\">\n\u0130\u015fleme end\u00fcstrisinde, diyaframlar \u00e7o\u011funlukla g\u0131da end\u00fcstrisindeki akt\u00fcat\u00f6rlerde, ba\u011flant\u0131 elemanlar\u0131nda, hidrolik ak\u00fcm\u00fclat\u00f6rlerde, pompalarda, kompres\u00f6rlerde, vanalarda ve reg\u00fclat\u00f6rlerde bulunur.\n<\/p>\n<p class=\"product-groups\">\nAk\u0131\u015f testleri, t\u00fcketici iyi ya\u015fam d\u00f6ng\u00fcs\u00fc testi ve \u0131s\u0131 ya\u015f\u0131 veya h\u0131zland\u0131r\u0131lm\u0131\u015f ya\u015fam d\u00f6ng\u00fcs\u00fc testi gibi bir dizi kapsaml\u0131 test sunuyoruz ve m\u00fc\u015fteri spesifikasyonlar\u0131n\u0131 kar\u015f\u0131lamak i\u00e7in \u00f6zel tasar\u0131m testleri yap\u0131yoruz. \n<\/p>\n<p class=\"product-groups\">\nSekt\u00f6re \u00f6zg\u00fc uygulama standartlar\u0131na uyan veya orijinal ekipman \u00fcreticileri (OEM&#8217;ler) taraf\u0131ndan onaylanan malzemelerimiz mevcuttur.\n<\/p>\t\t\t\t\t\t\t\t<\/div>\n\t\t\t\t<\/div>\n\t\t\t\t\t<\/div>\n\t\t<\/div>\n\t\t\t\t\t<\/div>\n\t\t<\/section>\n\t\t\t\t<section class=\"elementor-section elementor-top-section elementor-element elementor-element-0336ee2 elementor-section-boxed elementor-section-height-default elementor-section-height-default\" data-id=\"0336ee2\" data-element_type=\"section\" data-settings=\"{&quot;background_background&quot;:&quot;classic&quot;}\">\n\t\t\t\t\t\t<div class=\"elementor-container elementor-column-gap-default\">\n\t\t\t\t\t<div class=\"elementor-column elementor-col-100 elementor-top-column elementor-element elementor-element-bd927d5 top column-style-top\" data-id=\"bd927d5\" data-element_type=\"column\">\n\t\t\t<div class=\"elementor-widget-wrap elementor-element-populated\">\n\t\t\t\t\t\t<div class=\"elementor-element elementor-element-605ee9b elementor-widget elementor-widget-heading\" data-id=\"605ee9b\" data-element_type=\"widget\" data-widget_type=\"heading.default\">\n\t\t\t\t<div class=\"elementor-widget-container\">\n\t\t\t\t\t<h1 class=\"elementor-heading-title elementor-size-default\">Sertifikalar<\/h1>\t\t\t\t<\/div>\n\t\t\t\t<\/div>\n\t\t\t\t\t<\/div>\n\t\t<\/div>\n\t\t\t\t\t<\/div>\n\t\t<\/section>\n\t\t\t\t<section class=\"elementor-section elementor-top-section elementor-element elementor-element-c219f51 elementor-section-boxed elementor-section-height-default elementor-section-height-default\" data-id=\"c219f51\" data-element_type=\"section\" data-settings=\"{&quot;background_background&quot;:&quot;classic&quot;}\">\n\t\t\t\t\t\t<div class=\"elementor-container elementor-column-gap-default\">\n\t\t\t\t\t<div class=\"elementor-column elementor-col-100 elementor-top-column elementor-element elementor-element-47e0c35 top column-style-top\" data-id=\"47e0c35\" data-element_type=\"column\">\n\t\t\t<div class=\"elementor-widget-wrap elementor-element-populated\">\n\t\t\t\t\t\t<div class=\"elementor-element elementor-element-5b0b3fb elementor-widget elementor-widget-text-editor\" data-id=\"5b0b3fb\" data-element_type=\"widget\" data-widget_type=\"text-editor.default\">\n\t\t\t\t<div class=\"elementor-widget-container\">\n\t\t\t\t\t\t\t\t\t<p class=\"product-groups\" title=\"diyafram sertifikalar\u0131\">Elastomerler ve kuma\u015f i\u00e7in DIN EN 549 normuna (gaz i\u00e7in NBR ve FKM) g\u00f6re FDA, KTW, ACS, USP S\u0131n\u0131f VI, UL157, NSF 51, 3A (S\u0131hhi), DVGW (Alman Gaz ve Su i\u00e7in Teknik ve Bilimsel Derne\u011fi) onay\u0131 farkl\u0131 kuma\u015f t\u00fcrleri ile kombinasyon halinde uygulamalar).\n<\/p><p class=\"product-groups\">\n600&#8217;den fazla geleneksel elastomer kar\u0131\u015f\u0131m\u0131 ile, NBR, CR, VMQ ve EPDM dahil neredeyse t\u00fcm standart elastomerleri kapsayan d\u00fcnyan\u0131n en b\u00fcy\u00fck malzeme tekliflerinden birini sunuyoruz. Ayr\u0131ca CIIR, ECO, FKM, CSM, HNBR, FVMQ ve FFKM gibi y\u00fcksek performansl\u0131 elastomerler kullan\u0131yoruz.\n<\/p>\n\t\t\t\t\t\t\t\t<\/div>\n\t\t\t\t<\/div>\n\t\t\t\t\t<\/div>\n\t\t<\/div>\n\t\t\t\t\t<\/div>\n\t\t<\/section>\n\t\t\t\t<section class=\"elementor-section elementor-top-section elementor-element elementor-element-a755547 elementor-section-boxed elementor-section-height-default elementor-section-height-default\" data-id=\"a755547\" data-element_type=\"section\" data-settings=\"{&quot;background_background&quot;:&quot;classic&quot;}\">\n\t\t\t\t\t\t<div class=\"elementor-container elementor-column-gap-default\">\n\t\t\t\t\t<div class=\"elementor-column elementor-col-100 elementor-top-column elementor-element elementor-element-fb8b4d3 top column-style-top\" data-id=\"fb8b4d3\" data-element_type=\"column\">\n\t\t\t<div class=\"elementor-widget-wrap elementor-element-populated\">\n\t\t\t\t\t\t<section class=\"elementor-section elementor-inner-section elementor-element elementor-element-42fe963 elementor-section-boxed elementor-section-height-default elementor-section-height-default\" data-id=\"42fe963\" data-element_type=\"section\" data-settings=\"{&quot;background_background&quot;:&quot;classic&quot;}\">\n\t\t\t\t\t\t<div class=\"elementor-container elementor-column-gap-default\">\n\t\t\t\t\t<div class=\"elementor-column elementor-col-50 elementor-inner-column elementor-element elementor-element-d6d944d top column-style-top\" data-id=\"d6d944d\" data-element_type=\"column\">\n\t\t\t<div class=\"elementor-widget-wrap elementor-element-populated\">\n\t\t\t\t\t\t<div class=\"elementor-element elementor-element-3aa1e35 elementor-widget elementor-widget-image\" data-id=\"3aa1e35\" data-element_type=\"widget\" data-widget_type=\"image.default\">\n\t\t\t\t<div class=\"elementor-widget-container\">\n\t\t\t\t\t\t\t\t\t\t\t\t\t\t\t<img decoding=\"async\" src=\"http:\/\/eksenmak.com\/main\/wp-content\/uploads\/2020\/04\/consultant-phone.jpg\" title=\"\" alt=\"\" loading=\"lazy\" \/>\t\t\t\t\t\t\t\t\t\t\t\t\t\t\t<\/div>\n\t\t\t\t<\/div>\n\t\t\t\t\t<\/div>\n\t\t<\/div>\n\t\t\t\t<div class=\"elementor-column elementor-col-50 elementor-inner-column elementor-element elementor-element-64afb91 top column-style-top\" data-id=\"64afb91\" data-element_type=\"column\">\n\t\t\t<div class=\"elementor-widget-wrap elementor-element-populated\">\n\t\t\t\t\t\t<div class=\"elementor-element elementor-element-ac8b85e elementor-widget elementor-widget-heading\" data-id=\"ac8b85e\" data-element_type=\"widget\" data-widget_type=\"heading.default\">\n\t\t\t\t<div class=\"elementor-widget-container\">\n\t\t\t\t\t<h1 class=\"elementor-heading-title elementor-size-default\">Bir uzmanla g\u00f6r\u00fc\u015ferek talebinize en uygun \u00e7\u00f6z\u00fcm\u00fc bulun.<\/h1>\t\t\t\t<\/div>\n\t\t\t\t<\/div>\n\t\t\t\t<div class=\"elementor-element elementor-element-ec0bc8c elementor-align-left elementor-align--mobilecenter elementor-widget elementor-widget-elementskit-button\" data-id=\"ec0bc8c\" data-element_type=\"widget\" data-widget_type=\"elementskit-button.default\">\n\t\t\t\t<div class=\"elementor-widget-container\">\n\t\t\t\t\t<div class=\"ekit-wid-con\" >\t\t<div class=\"ekit-btn-wraper\">\n\t\t\t\t\t\t\t<a href=\"https:\/\/eksenmak.com\/en\/beni-arayin\/\" target=\"_blank\" rel=\"nofollow\" class=\"elementskit-btn  whitespace--normal\" id=\"\">\n\t\t\t\t\tBeni aray\u0131n\t\t\t\t<\/a>\n\t\t\t\t\t<\/div>\n        <\/div>\t\t\t\t<\/div>\n\t\t\t\t<\/div>\n\t\t\t\t\t<\/div>\n\t\t<\/div>\n\t\t\t\t\t<\/div>\n\t\t<\/section>\n\t\t\t\t\t<\/div>\n\t\t<\/div>\n\t\t\t\t\t<\/div>\n\t\t<\/section>\n\t\t\t\t<\/div>\n\t\t","protected":false},"excerpt":{"rendered":"<p>Diyaframlar Ana Sayfa \u00dcr\u00fcn Gruplar\u0131 Diyaframlar Diyafram Nedir? Diyaframlar nerelerde kullan\u0131l\u0131r? Diyaframlar, pompalar, akt\u00fcat\u00f6rler, hidro ak\u00fcm\u00fclat\u00f6rler, valfler ve reg\u00fclat\u00f6rler dahil olmak \u00fczere bir dizi uygulamada kullan\u0131labilir. Eksen Oil Seals, ekipman\u0131n\u0131z\u0131n talep etti\u011fi y\u00fcksek performansl\u0131 diyaframlar\u0131 herhangi bir uygulama i\u00e7in standart veya \u00f6zel olarak tasarlanm\u0131\u015f boyut ve formatlarda sa\u011flamak i\u00e7in uzman m\u00fchendislik ve malzeme uzmanl\u0131\u011f\u0131na sahiptir. [&hellip;]<\/p>\n","protected":false},"author":1,"featured_media":0,"parent":0,"menu_order":0,"comment_status":"closed","ping_status":"closed","template":"elementor_header_footer","meta":{"footnotes":""},"class_list":["post-11350","page","type-page","status-publish","hentry"],"yoast_head":"<!-- This site is optimized with the Yoast SEO plugin v26.4 - https:\/\/yoast.com\/wordpress\/plugins\/seo\/ -->\n<title>Diyaframlar - Eksen Makina Ltd. \u015eti. |\u00a0TTO Representative for Turkey<\/title>\n<meta name=\"description\" content=\"Diyaframlar, pompalar, akt\u00fcat\u00f6rler, hidro ak\u00fcm\u00fclat\u00f6rler, valfler ve reg\u00fclat\u00f6rler dahil olmak \u00fczere bir dizi uygulamada kullan\u0131labilir. Diyafram \u00e7e\u015fitleri ve fiyat teklifi isteyin.\" \/>\n<meta name=\"robots\" content=\"index, follow, max-snippet:-1, max-image-preview:large, max-video-preview:-1\" \/>\n<link rel=\"canonical\" href=\"https:\/\/eksenmak.com\/en\/diyafram-nedir-cesitleri\" \/>\n<meta property=\"og:locale\" content=\"tr_TR\" \/>\n<meta property=\"og:type\" content=\"article\" \/>\n<meta property=\"og:title\" content=\"Diyaframlar - Eksen Makina Ltd. \u015eti. |\u00a0TTO Representative for Turkey\" \/>\n<meta property=\"og:description\" content=\"Diyaframlar, pompalar, akt\u00fcat\u00f6rler, hidro ak\u00fcm\u00fclat\u00f6rler, valfler ve reg\u00fclat\u00f6rler dahil olmak \u00fczere bir dizi uygulamada kullan\u0131labilir. Diyafram \u00e7e\u015fitleri ve fiyat teklifi isteyin.\" \/>\n<meta property=\"og:url\" content=\"https:\/\/eksenmak.com\/en\/diyafram-nedir-cesitleri\" \/>\n<meta property=\"og:site_name\" content=\"Eksen Makina Ltd. \u015eti. |\u00a0TTO Representative for Turkey\" \/>\n<meta property=\"article:modified_time\" content=\"2020-12-12T17:15:35+00:00\" \/>\n<meta property=\"og:image\" content=\"http:\/\/eksenmak.com\/main\/wp-content\/uploads\/2020\/05\/diyafram_banner.jpg\" \/>\n<meta name=\"twitter:card\" content=\"summary_large_image\" \/>\n<meta name=\"twitter:label1\" content=\"Tahmini okuma s\u00fcresi\" \/>\n\t<meta name=\"twitter:data1\" content=\"2 dakika\" \/>\n<script type=\"application\/ld+json\" class=\"yoast-schema-graph\">{\"@context\":\"https:\/\/schema.org\",\"@graph\":[{\"@type\":\"WebPage\",\"@id\":\"https:\/\/eksenmak.com\/en\/diyafram-nedir-cesitleri\/\",\"url\":\"https:\/\/eksenmak.com\/en\/diyafram-nedir-cesitleri\",\"name\":\"Diyaframlar - Eksen Makina Ltd. \u015eti. |\u00a0TTO Representative for Turkey\",\"isPartOf\":{\"@id\":\"https:\/\/eksenmak.com\/en\/#website\"},\"primaryImageOfPage\":{\"@id\":\"https:\/\/eksenmak.com\/en\/diyafram-nedir-cesitleri#primaryimage\"},\"image\":{\"@id\":\"https:\/\/eksenmak.com\/en\/diyafram-nedir-cesitleri#primaryimage\"},\"thumbnailUrl\":\"http:\/\/eksenmak.com\/main\/wp-content\/uploads\/2020\/05\/diyafram_banner.jpg\",\"datePublished\":\"2020-12-12T17:14:09+00:00\",\"dateModified\":\"2020-12-12T17:15:35+00:00\",\"description\":\"Diyaframlar, pompalar, akt\u00fcat\u00f6rler, hidro ak\u00fcm\u00fclat\u00f6rler, valfler ve reg\u00fclat\u00f6rler dahil olmak \u00fczere bir dizi uygulamada kullan\u0131labilir. Diyafram \u00e7e\u015fitleri ve fiyat teklifi isteyin.\",\"breadcrumb\":{\"@id\":\"https:\/\/eksenmak.com\/en\/diyafram-nedir-cesitleri#breadcrumb\"},\"inLanguage\":\"tr\",\"potentialAction\":[{\"@type\":\"ReadAction\",\"target\":[\"https:\/\/eksenmak.com\/en\/diyafram-nedir-cesitleri\"]}]},{\"@type\":\"ImageObject\",\"inLanguage\":\"tr\",\"@id\":\"https:\/\/eksenmak.com\/en\/diyafram-nedir-cesitleri#primaryimage\",\"url\":\"http:\/\/eksenmak.com\/main\/wp-content\/uploads\/2020\/05\/diyafram_banner.jpg\",\"contentUrl\":\"http:\/\/eksenmak.com\/main\/wp-content\/uploads\/2020\/05\/diyafram_banner.jpg\"},{\"@type\":\"BreadcrumbList\",\"@id\":\"https:\/\/eksenmak.com\/en\/diyafram-nedir-cesitleri#breadcrumb\",\"itemListElement\":[{\"@type\":\"ListItem\",\"position\":1,\"name\":\"Ana sayfa\",\"item\":\"https:\/\/eksenmak.com\/en\/\"},{\"@type\":\"ListItem\",\"position\":2,\"name\":\"Diyaframlar\"}]},{\"@type\":\"WebSite\",\"@id\":\"https:\/\/eksenmak.com\/en\/#website\",\"url\":\"https:\/\/eksenmak.com\/en\/\",\"name\":\"Eksen Makina Ltd. \u015eti. |\u00a0TTO Representative for Turkey\",\"description\":\"\",\"potentialAction\":[{\"@type\":\"SearchAction\",\"target\":{\"@type\":\"EntryPoint\",\"urlTemplate\":\"https:\/\/eksenmak.com\/en\/?s={search_term_string}\"},\"query-input\":{\"@type\":\"PropertyValueSpecification\",\"valueRequired\":true,\"valueName\":\"search_term_string\"}}],\"inLanguage\":\"tr\"}]}<\/script>\n<!-- \/ Yoast SEO plugin. -->","yoast_head_json":{"title":"Diyaframlar - Eksen Makina Ltd. \u015eti. |\u00a0TTO Representative for Turkey","description":"Diyaframlar, pompalar, akt\u00fcat\u00f6rler, hidro ak\u00fcm\u00fclat\u00f6rler, valfler ve reg\u00fclat\u00f6rler dahil olmak \u00fczere bir dizi uygulamada kullan\u0131labilir. Diyafram \u00e7e\u015fitleri ve fiyat teklifi isteyin.","robots":{"index":"index","follow":"follow","max-snippet":"max-snippet:-1","max-image-preview":"max-image-preview:large","max-video-preview":"max-video-preview:-1"},"canonical":"https:\/\/eksenmak.com\/en\/diyafram-nedir-cesitleri","og_locale":"tr_TR","og_type":"article","og_title":"Diyaframlar - Eksen Makina Ltd. \u015eti. |\u00a0TTO Representative for Turkey","og_description":"Diyaframlar, pompalar, akt\u00fcat\u00f6rler, hidro ak\u00fcm\u00fclat\u00f6rler, valfler ve reg\u00fclat\u00f6rler dahil olmak \u00fczere bir dizi uygulamada kullan\u0131labilir. Diyafram \u00e7e\u015fitleri ve fiyat teklifi isteyin.","og_url":"https:\/\/eksenmak.com\/en\/diyafram-nedir-cesitleri","og_site_name":"Eksen Makina Ltd. \u015eti. |\u00a0TTO Representative for Turkey","article_modified_time":"2020-12-12T17:15:35+00:00","og_image":[{"url":"http:\/\/eksenmak.com\/main\/wp-content\/uploads\/2020\/05\/diyafram_banner.jpg","type":"","width":"","height":""}],"twitter_card":"summary_large_image","twitter_misc":{"Tahmini okuma s\u00fcresi":"2 dakika"},"schema":{"@context":"https:\/\/schema.org","@graph":[{"@type":"WebPage","@id":"https:\/\/eksenmak.com\/en\/diyafram-nedir-cesitleri\/","url":"https:\/\/eksenmak.com\/en\/diyafram-nedir-cesitleri","name":"Diyaframlar - Eksen Makina Ltd. \u015eti. |\u00a0TTO Representative for Turkey","isPartOf":{"@id":"https:\/\/eksenmak.com\/en\/#website"},"primaryImageOfPage":{"@id":"https:\/\/eksenmak.com\/en\/diyafram-nedir-cesitleri#primaryimage"},"image":{"@id":"https:\/\/eksenmak.com\/en\/diyafram-nedir-cesitleri#primaryimage"},"thumbnailUrl":"http:\/\/eksenmak.com\/main\/wp-content\/uploads\/2020\/05\/diyafram_banner.jpg","datePublished":"2020-12-12T17:14:09+00:00","dateModified":"2020-12-12T17:15:35+00:00","description":"Diyaframlar, pompalar, akt\u00fcat\u00f6rler, hidro ak\u00fcm\u00fclat\u00f6rler, valfler ve reg\u00fclat\u00f6rler dahil olmak \u00fczere bir dizi uygulamada kullan\u0131labilir. Diyafram \u00e7e\u015fitleri ve fiyat teklifi isteyin.","breadcrumb":{"@id":"https:\/\/eksenmak.com\/en\/diyafram-nedir-cesitleri#breadcrumb"},"inLanguage":"tr","potentialAction":[{"@type":"ReadAction","target":["https:\/\/eksenmak.com\/en\/diyafram-nedir-cesitleri"]}]},{"@type":"ImageObject","inLanguage":"tr","@id":"https:\/\/eksenmak.com\/en\/diyafram-nedir-cesitleri#primaryimage","url":"http:\/\/eksenmak.com\/main\/wp-content\/uploads\/2020\/05\/diyafram_banner.jpg","contentUrl":"http:\/\/eksenmak.com\/main\/wp-content\/uploads\/2020\/05\/diyafram_banner.jpg"},{"@type":"BreadcrumbList","@id":"https:\/\/eksenmak.com\/en\/diyafram-nedir-cesitleri#breadcrumb","itemListElement":[{"@type":"ListItem","position":1,"name":"Ana sayfa","item":"https:\/\/eksenmak.com\/en\/"},{"@type":"ListItem","position":2,"name":"Diyaframlar"}]},{"@type":"WebSite","@id":"https:\/\/eksenmak.com\/en\/#website","url":"https:\/\/eksenmak.com\/en\/","name":"Eksen Makina Ltd. \u015eti. |\u00a0TTO Representative for Turkey","description":"","potentialAction":[{"@type":"SearchAction","target":{"@type":"EntryPoint","urlTemplate":"https:\/\/eksenmak.com\/en\/?s={search_term_string}"},"query-input":{"@type":"PropertyValueSpecification","valueRequired":true,"valueName":"search_term_string"}}],"inLanguage":"tr"}]}},"_links":{"self":[{"href":"https:\/\/eksenmak.com\/en\/wp-json\/wp\/v2\/pages\/11350","targetHints":{"allow":["GET"]}}],"collection":[{"href":"https:\/\/eksenmak.com\/en\/wp-json\/wp\/v2\/pages"}],"about":[{"href":"https:\/\/eksenmak.com\/en\/wp-json\/wp\/v2\/types\/page"}],"author":[{"embeddable":true,"href":"https:\/\/eksenmak.com\/en\/wp-json\/wp\/v2\/users\/1"}],"replies":[{"embeddable":true,"href":"https:\/\/eksenmak.com\/en\/wp-json\/wp\/v2\/comments?post=11350"}],"version-history":[{"count":0,"href":"https:\/\/eksenmak.com\/en\/wp-json\/wp\/v2\/pages\/11350\/revisions"}],"wp:attachment":[{"href":"https:\/\/eksenmak.com\/en\/wp-json\/wp\/v2\/media?parent=11350"}],"curies":[{"name":"wp","href":"https:\/\/api.w.org\/{rel}","templated":true}]}}