{"id":11197,"date":"2020-12-12T17:02:40","date_gmt":"2020-12-12T14:02:40","guid":{"rendered":"https:\/\/eksenmak.com\/en\/?page_id=11197"},"modified":"2025-12-02T22:04:38","modified_gmt":"2025-12-02T19:04:38","slug":"sae-j-518-flange-seals","status":"publish","type":"page","link":"https:\/\/eksenmak.com\/en\/sae-j-518-flange-seals\/","title":{"rendered":"SAE J 518 Flange Seals"},"content":{"rendered":"\t\t<div data-elementor-type=\"wp-page\" data-elementor-id=\"11197\" class=\"elementor elementor-11197\">\n\t\t\t\t\t\t<section class=\"elementor-section elementor-top-section elementor-element elementor-element-a69c0a0 elementor-section-boxed elementor-section-height-default elementor-section-height-default\" data-id=\"a69c0a0\" data-element_type=\"section\">\n\t\t\t\t\t\t<div class=\"elementor-container elementor-column-gap-default\">\n\t\t\t\t\t<div class=\"elementor-column elementor-col-50 elementor-top-column elementor-element elementor-element-933e50a top column-style-top\" data-id=\"933e50a\" data-element_type=\"column\">\n\t\t\t<div class=\"elementor-widget-wrap elementor-element-populated\">\n\t\t\t\t\t\t<div class=\"elementor-element elementor-element-900c754 elementor-widget elementor-widget-heading\" data-id=\"900c754\" data-element_type=\"widget\" data-widget_type=\"heading.default\">\n\t\t\t\t<div class=\"elementor-widget-container\">\n\t\t\t\t\t<h1 class=\"elementor-heading-title elementor-size-default\">SAE J 518 Flange Seals<\/h1>\t\t\t\t<\/div>\n\t\t\t\t<\/div>\n\t\t\t\t\t<\/div>\n\t\t<\/div>\n\t\t\t\t<div class=\"elementor-column elementor-col-50 elementor-top-column elementor-element elementor-element-4671888 elementor-hidden-phone top column-style-top\" data-id=\"4671888\" data-element_type=\"column\">\n\t\t\t<div class=\"elementor-widget-wrap elementor-element-populated\">\n\t\t\t\t\t\t<div class=\"elementor-element elementor-element-189ac59 elementor-widget elementor-widget-shortcode\" data-id=\"189ac59\" data-element_type=\"widget\" data-widget_type=\"shortcode.default\">\n\t\t\t\t<div class=\"elementor-widget-container\">\n\t\t\t\t\t\t\t<div class=\"elementor-shortcode\"><ul class=\"breadcrumb\">\n  <li><a href=\"http:\/\/eksenmak.com\/main\">Home<\/a><\/li>\n  <li><a href=\"http:\/\/eksenmak.com\/main\/index.php\/urun-gruplari\/\">Product Groups<\/a><\/li>\n <li><a href=\"http:\/\/eksenmak.com\/main\/index.php\/statik-sizdirmazlar\">Static Seals<\/a><\/li>\n  <li>SAE J 518 Flange Seals<\/li>\n<\/ul><\/div>\n\t\t\t\t\t\t<\/div>\n\t\t\t\t<\/div>\n\t\t\t\t\t<\/div>\n\t\t<\/div>\n\t\t\t\t\t<\/div>\n\t\t<\/section>\n\t\t\t\t<section class=\"elementor-section elementor-top-section elementor-element elementor-element-30beeea elementor-section-boxed elementor-section-height-default elementor-section-height-default\" data-id=\"30beeea\" data-element_type=\"section\" data-settings=\"{&quot;background_background&quot;:&quot;classic&quot;}\">\n\t\t\t\t\t\t<div class=\"elementor-container elementor-column-gap-default\">\n\t\t\t\t\t<div class=\"elementor-column elementor-col-100 elementor-top-column elementor-element elementor-element-1faf6ca top column-style-top\" data-id=\"1faf6ca\" data-element_type=\"column\">\n\t\t\t<div class=\"elementor-widget-wrap elementor-element-populated\">\n\t\t\t\t\t\t<div class=\"elementor-element elementor-element-907fa57 elementor-widget elementor-widget-image\" data-id=\"907fa57\" data-element_type=\"widget\" data-widget_type=\"image.default\">\n\t\t\t\t<div class=\"elementor-widget-container\">\n\t\t\t\t\t\t\t\t\t\t\t\t\t\t\t<img fetchpriority=\"high\" decoding=\"async\" width=\"1920\" height=\"400\" src=\"https:\/\/eksenmak.com\/en\/wp-content\/uploads\/2020\/12\/sae-banner.jpg\" class=\"attachment-full size-full wp-image-11199\" alt=\"\" srcset=\"https:\/\/eksenmak.com\/en\/wp-content\/uploads\/2020\/12\/sae-banner.jpg 1920w, https:\/\/eksenmak.com\/en\/wp-content\/uploads\/2020\/12\/sae-banner-1024x213.jpg 1024w, https:\/\/eksenmak.com\/en\/wp-content\/uploads\/2020\/12\/sae-banner-768x160.jpg 768w, https:\/\/eksenmak.com\/en\/wp-content\/uploads\/2020\/12\/sae-banner-550x115.jpg 550w\" sizes=\"(max-width: 1920px) 100vw, 1920px\" \/>\t\t\t\t\t\t\t\t\t\t\t\t\t\t\t<\/div>\n\t\t\t\t<\/div>\n\t\t\t\t\t<\/div>\n\t\t<\/div>\n\t\t\t\t\t<\/div>\n\t\t<\/section>\n\t\t\t\t<section class=\"elementor-section elementor-top-section elementor-element elementor-element-0811edc elementor-section-boxed elementor-section-height-default elementor-section-height-default\" data-id=\"0811edc\" data-element_type=\"section\" data-settings=\"{&quot;background_background&quot;:&quot;classic&quot;}\">\n\t\t\t\t\t\t<div class=\"elementor-container elementor-column-gap-default\">\n\t\t\t\t\t<div class=\"elementor-column elementor-col-100 elementor-top-column elementor-element elementor-element-68ef4ec top column-style-top\" data-id=\"68ef4ec\" data-element_type=\"column\">\n\t\t\t<div class=\"elementor-widget-wrap elementor-element-populated\">\n\t\t\t\t\t\t<div class=\"elementor-element elementor-element-c9bca35 elementor-widget elementor-widget-heading\" data-id=\"c9bca35\" data-element_type=\"widget\" data-widget_type=\"heading.default\">\n\t\t\t\t<div class=\"elementor-widget-container\">\n\t\t\t\t\t<h1 class=\"elementor-heading-title elementor-size-default\">What is SAE J518 Flange Seal?<\/h1>\t\t\t\t<\/div>\n\t\t\t\t<\/div>\n\t\t\t\t\t<\/div>\n\t\t<\/div>\n\t\t\t\t\t<\/div>\n\t\t<\/section>\n\t\t\t\t<section class=\"elementor-section elementor-top-section elementor-element elementor-element-0d050f8 elementor-section-boxed elementor-section-height-default elementor-section-height-default\" data-id=\"0d050f8\" data-element_type=\"section\" data-settings=\"{&quot;background_background&quot;:&quot;classic&quot;}\">\n\t\t\t\t\t\t<div class=\"elementor-container elementor-column-gap-default\">\n\t\t\t\t\t<div class=\"elementor-column elementor-col-100 elementor-top-column elementor-element elementor-element-7e6b4ee top column-style-top\" data-id=\"7e6b4ee\" data-element_type=\"column\">\n\t\t\t<div class=\"elementor-widget-wrap elementor-element-populated\">\n\t\t\t\t\t\t<div class=\"elementor-element elementor-element-eb5b6f3 elementor-widget elementor-widget-text-editor\" data-id=\"eb5b6f3\" data-element_type=\"widget\" data-widget_type=\"text-editor.default\">\n\t\t\t\t<div class=\"elementor-widget-container\">\n\t\t\t\t\t\t\t\t\t<p class=\"p1\">SAE Flange Seals provide high functional safety and can be easily installed and removed. They are used in a wide range of applications such as hydraulics, press manufacturing, and material handling. Corresponding to SAE J518, these SAE flange gaskets are available in three different variants: O-Rings, Kantseal Rings, and DRV5 Flange Gaskets.<\/p>\t\t\t\t\t\t\t\t<\/div>\n\t\t\t\t<\/div>\n\t\t\t\t\t<\/div>\n\t\t<\/div>\n\t\t\t\t\t<\/div>\n\t\t<\/section>\n\t\t\t\t<section class=\"elementor-section elementor-top-section elementor-element elementor-element-92d50f0 elementor-section-boxed elementor-section-height-default elementor-section-height-default\" data-id=\"92d50f0\" data-element_type=\"section\">\n\t\t\t\t\t\t<div class=\"elementor-container elementor-column-gap-default\">\n\t\t\t\t\t<div class=\"elementor-column elementor-col-100 elementor-top-column elementor-element elementor-element-620a3a1 top column-style-top\" data-id=\"620a3a1\" data-element_type=\"column\">\n\t\t\t<div class=\"elementor-widget-wrap elementor-element-populated\">\n\t\t\t\t\t\t<div class=\"elementor-element elementor-element-ae8ebab elementor-widget elementor-widget-html\" data-id=\"ae8ebab\" data-element_type=\"widget\" data-widget_type=\"html.default\">\n\t\t\t\t<div class=\"elementor-widget-container\">\n\t\t\t\t\t<table class=\"table\">\n  <thead class=\"thead-dark\">\n    <tr>\n      <th scope=\"col\">\u00d8 \u2013 Size Range<\/th>\n      <th scope=\"col\">Static Pressure<\/th>\n      <th scope=\"col\">Temperature Range<\/th>\n    <\/tr>\n  <\/thead>\n  <tbody>\n    <tr>\n      <th scope=\"row\">15 \u2013 50 mm<\/th>\n      <td>42 MPa<\/td>\n      <td>-35\u00b0C to +110\u00b0C<\/td>\n    <\/tr>\n    <tr>\n      <th scope=\"row\">0.59\" \u2013 2\"<\/th>\n      <td>6,000 psi<\/td>\n      <td>-30\u00b0F to +230\u00b0F<\/td>\n    <\/tr>\n  <\/tbody>\n<\/table>\n\t\t\t\t<\/div>\n\t\t\t\t<\/div>\n\t\t\t\t\t<\/div>\n\t\t<\/div>\n\t\t\t\t\t<\/div>\n\t\t<\/section>\n\t\t\t\t<section class=\"elementor-section elementor-top-section elementor-element elementor-element-fe077d5 elementor-section-boxed elementor-section-height-default elementor-section-height-default\" data-id=\"fe077d5\" data-element_type=\"section\">\n\t\t\t\t\t\t<div class=\"elementor-container elementor-column-gap-default\">\n\t\t\t\t\t<div class=\"elementor-column elementor-col-100 elementor-top-column elementor-element elementor-element-152f143 top column-style-top\" data-id=\"152f143\" data-element_type=\"column\">\n\t\t\t<div class=\"elementor-widget-wrap elementor-element-populated\">\n\t\t\t\t\t\t<div class=\"elementor-element elementor-element-d3e8447 elementor-widget elementor-widget-elementskit-heading\" data-id=\"d3e8447\" data-element_type=\"widget\" data-widget_type=\"elementskit-heading.default\">\n\t\t\t\t<div class=\"elementor-widget-container\">\n\t\t\t\t\t<div class=\"ekit-wid-con\" ><div class=\"ekit-heading elementskit-section-title-wraper text_left   ekit_heading_tablet-   ekit_heading_mobile-\">\t\t\t\t<div class='ekit-heading__description'>\n\t\t\t\t\t<p class=\"p1\">Learn detailed information about <strong>SAE J518 Flange Seal<\/strong> types and their size lists. At Eksen Makina, thanks to our partnerships and direct imports from top-quality brands, we offer the most competitive prices.<\/p>\n\t\t\t\t<\/div>\n\t\t\t<\/div><\/div>\t\t\t\t<\/div>\n\t\t\t\t<\/div>\n\t\t\t\t\t<\/div>\n\t\t<\/div>\n\t\t\t\t\t<\/div>\n\t\t<\/section>\n\t\t\t\t<\/div>\n\t\t","protected":false},"excerpt":{"rendered":"<p>SAE J 518 Flange Seals Home Product Groups Static Seals SAE J 518 Flange Seals What is SAE J518 Flange Seal? SAE Flange Seals provide high functional safety and can be easily installed and removed. They are used in a wide range of applications such as hydraulics, press manufacturing, and material handling. Corresponding to SAE [&hellip;]<\/p>\n","protected":false},"author":1,"featured_media":0,"parent":0,"menu_order":0,"comment_status":"closed","ping_status":"closed","template":"elementor_header_footer","meta":{"footnotes":""},"class_list":["post-11197","page","type-page","status-publish","hentry"],"yoast_head":"<!-- This site is optimized with the Yoast SEO plugin v26.4 - https:\/\/yoast.com\/wordpress\/plugins\/seo\/ -->\n<title>SAE J 518 Flange Seals - Eksen Makina Ltd. \u015eti. |\u00a0TTO Representative for Turkey<\/title>\n<meta name=\"description\" content=\"SAE J 518 Flan\u015f S\u0131zd\u0131rmazlar\u0131 y\u00fcksek fonksiyonel g\u00fcvenlik sa\u011flar ve kolayca monte edilebilir ve s\u00f6k\u00fclebilir. \u00d6l\u00e7\u00fc listesi ve fiyat teklifi isteyin. Bir uzman ile g\u00f6r\u00fc\u015f\u00fcn.\" \/>\n<meta name=\"robots\" content=\"index, follow, max-snippet:-1, max-image-preview:large, max-video-preview:-1\" \/>\n<link rel=\"canonical\" href=\"https:\/\/eksenmak.com\/en\/sae-j-518-flange-seals\" \/>\n<meta property=\"og:locale\" content=\"tr_TR\" \/>\n<meta property=\"og:type\" content=\"article\" \/>\n<meta property=\"og:title\" content=\"SAE J 518 Flange Seals - Eksen Makina Ltd. \u015eti. |\u00a0TTO Representative for Turkey\" \/>\n<meta property=\"og:description\" content=\"SAE J 518 Flan\u015f S\u0131zd\u0131rmazlar\u0131 y\u00fcksek fonksiyonel g\u00fcvenlik sa\u011flar ve kolayca monte edilebilir ve s\u00f6k\u00fclebilir. \u00d6l\u00e7\u00fc listesi ve fiyat teklifi isteyin. Bir uzman ile g\u00f6r\u00fc\u015f\u00fcn.\" \/>\n<meta property=\"og:url\" content=\"https:\/\/eksenmak.com\/en\/sae-j-518-flange-seals\" \/>\n<meta property=\"og:site_name\" content=\"Eksen Makina Ltd. \u015eti. |\u00a0TTO Representative for Turkey\" \/>\n<meta property=\"article:modified_time\" content=\"2025-12-02T19:04:38+00:00\" \/>\n<meta property=\"og:image\" content=\"https:\/\/eksenmak.com\/en\/wp-content\/uploads\/2020\/12\/sae-banner.jpg\" \/>\n\t<meta property=\"og:image:width\" content=\"1920\" \/>\n\t<meta property=\"og:image:height\" content=\"400\" \/>\n\t<meta property=\"og:image:type\" content=\"image\/jpeg\" \/>\n<meta name=\"twitter:card\" content=\"summary_large_image\" \/>\n<script type=\"application\/ld+json\" class=\"yoast-schema-graph\">{\"@context\":\"https:\/\/schema.org\",\"@graph\":[{\"@type\":\"WebPage\",\"@id\":\"https:\/\/eksenmak.com\/en\/sae-j-518-flange-seals\/\",\"url\":\"https:\/\/eksenmak.com\/en\/sae-j-518-flange-seals\",\"name\":\"SAE J 518 Flange Seals - Eksen Makina Ltd. \u015eti. |\u00a0TTO Representative for Turkey\",\"isPartOf\":{\"@id\":\"https:\/\/eksenmak.com\/en\/#website\"},\"primaryImageOfPage\":{\"@id\":\"https:\/\/eksenmak.com\/en\/sae-j-518-flange-seals#primaryimage\"},\"image\":{\"@id\":\"https:\/\/eksenmak.com\/en\/sae-j-518-flange-seals#primaryimage\"},\"thumbnailUrl\":\"https:\/\/eksenmak.com\/en\/wp-content\/uploads\/2020\/12\/sae-banner.jpg\",\"datePublished\":\"2020-12-12T14:02:40+00:00\",\"dateModified\":\"2025-12-02T19:04:38+00:00\",\"description\":\"SAE J 518 Flan\u015f S\u0131zd\u0131rmazlar\u0131 y\u00fcksek fonksiyonel g\u00fcvenlik sa\u011flar ve kolayca monte edilebilir ve s\u00f6k\u00fclebilir. \u00d6l\u00e7\u00fc listesi ve fiyat teklifi isteyin. Bir uzman ile g\u00f6r\u00fc\u015f\u00fcn.\",\"breadcrumb\":{\"@id\":\"https:\/\/eksenmak.com\/en\/sae-j-518-flange-seals#breadcrumb\"},\"inLanguage\":\"tr\",\"potentialAction\":[{\"@type\":\"ReadAction\",\"target\":[\"https:\/\/eksenmak.com\/en\/sae-j-518-flange-seals\"]}]},{\"@type\":\"ImageObject\",\"inLanguage\":\"tr\",\"@id\":\"https:\/\/eksenmak.com\/en\/sae-j-518-flange-seals#primaryimage\",\"url\":\"https:\/\/eksenmak.com\/en\/wp-content\/uploads\/2020\/12\/sae-banner.jpg\",\"contentUrl\":\"https:\/\/eksenmak.com\/en\/wp-content\/uploads\/2020\/12\/sae-banner.jpg\",\"width\":1920,\"height\":400},{\"@type\":\"BreadcrumbList\",\"@id\":\"https:\/\/eksenmak.com\/en\/sae-j-518-flange-seals#breadcrumb\",\"itemListElement\":[{\"@type\":\"ListItem\",\"position\":1,\"name\":\"Ana sayfa\",\"item\":\"https:\/\/eksenmak.com\/en\/\"},{\"@type\":\"ListItem\",\"position\":2,\"name\":\"SAE J 518 Flange Seals\"}]},{\"@type\":\"WebSite\",\"@id\":\"https:\/\/eksenmak.com\/en\/#website\",\"url\":\"https:\/\/eksenmak.com\/en\/\",\"name\":\"Eksen Makina Ltd. \u015eti. |\u00a0TTO Representative for Turkey\",\"description\":\"\",\"potentialAction\":[{\"@type\":\"SearchAction\",\"target\":{\"@type\":\"EntryPoint\",\"urlTemplate\":\"https:\/\/eksenmak.com\/en\/?s={search_term_string}\"},\"query-input\":{\"@type\":\"PropertyValueSpecification\",\"valueRequired\":true,\"valueName\":\"search_term_string\"}}],\"inLanguage\":\"tr\"}]}<\/script>\n<!-- \/ Yoast SEO plugin. -->","yoast_head_json":{"title":"SAE J 518 Flange Seals - Eksen Makina Ltd. \u015eti. |\u00a0TTO Representative for Turkey","description":"SAE J 518 Flan\u015f S\u0131zd\u0131rmazlar\u0131 y\u00fcksek fonksiyonel g\u00fcvenlik sa\u011flar ve kolayca monte edilebilir ve s\u00f6k\u00fclebilir. \u00d6l\u00e7\u00fc listesi ve fiyat teklifi isteyin. Bir uzman ile g\u00f6r\u00fc\u015f\u00fcn.","robots":{"index":"index","follow":"follow","max-snippet":"max-snippet:-1","max-image-preview":"max-image-preview:large","max-video-preview":"max-video-preview:-1"},"canonical":"https:\/\/eksenmak.com\/en\/sae-j-518-flange-seals","og_locale":"tr_TR","og_type":"article","og_title":"SAE J 518 Flange Seals - Eksen Makina Ltd. \u015eti. |\u00a0TTO Representative for Turkey","og_description":"SAE J 518 Flan\u015f S\u0131zd\u0131rmazlar\u0131 y\u00fcksek fonksiyonel g\u00fcvenlik sa\u011flar ve kolayca monte edilebilir ve s\u00f6k\u00fclebilir. \u00d6l\u00e7\u00fc listesi ve fiyat teklifi isteyin. Bir uzman ile g\u00f6r\u00fc\u015f\u00fcn.","og_url":"https:\/\/eksenmak.com\/en\/sae-j-518-flange-seals","og_site_name":"Eksen Makina Ltd. \u015eti. |\u00a0TTO Representative for Turkey","article_modified_time":"2025-12-02T19:04:38+00:00","og_image":[{"width":1920,"height":400,"url":"https:\/\/eksenmak.com\/en\/wp-content\/uploads\/2020\/12\/sae-banner.jpg","type":"image\/jpeg"}],"twitter_card":"summary_large_image","schema":{"@context":"https:\/\/schema.org","@graph":[{"@type":"WebPage","@id":"https:\/\/eksenmak.com\/en\/sae-j-518-flange-seals\/","url":"https:\/\/eksenmak.com\/en\/sae-j-518-flange-seals","name":"SAE J 518 Flange Seals - Eksen Makina Ltd. \u015eti. |\u00a0TTO Representative for Turkey","isPartOf":{"@id":"https:\/\/eksenmak.com\/en\/#website"},"primaryImageOfPage":{"@id":"https:\/\/eksenmak.com\/en\/sae-j-518-flange-seals#primaryimage"},"image":{"@id":"https:\/\/eksenmak.com\/en\/sae-j-518-flange-seals#primaryimage"},"thumbnailUrl":"https:\/\/eksenmak.com\/en\/wp-content\/uploads\/2020\/12\/sae-banner.jpg","datePublished":"2020-12-12T14:02:40+00:00","dateModified":"2025-12-02T19:04:38+00:00","description":"SAE J 518 Flan\u015f S\u0131zd\u0131rmazlar\u0131 y\u00fcksek fonksiyonel g\u00fcvenlik sa\u011flar ve kolayca monte edilebilir ve s\u00f6k\u00fclebilir. \u00d6l\u00e7\u00fc listesi ve fiyat teklifi isteyin. Bir uzman ile g\u00f6r\u00fc\u015f\u00fcn.","breadcrumb":{"@id":"https:\/\/eksenmak.com\/en\/sae-j-518-flange-seals#breadcrumb"},"inLanguage":"tr","potentialAction":[{"@type":"ReadAction","target":["https:\/\/eksenmak.com\/en\/sae-j-518-flange-seals"]}]},{"@type":"ImageObject","inLanguage":"tr","@id":"https:\/\/eksenmak.com\/en\/sae-j-518-flange-seals#primaryimage","url":"https:\/\/eksenmak.com\/en\/wp-content\/uploads\/2020\/12\/sae-banner.jpg","contentUrl":"https:\/\/eksenmak.com\/en\/wp-content\/uploads\/2020\/12\/sae-banner.jpg","width":1920,"height":400},{"@type":"BreadcrumbList","@id":"https:\/\/eksenmak.com\/en\/sae-j-518-flange-seals#breadcrumb","itemListElement":[{"@type":"ListItem","position":1,"name":"Ana sayfa","item":"https:\/\/eksenmak.com\/en\/"},{"@type":"ListItem","position":2,"name":"SAE J 518 Flange Seals"}]},{"@type":"WebSite","@id":"https:\/\/eksenmak.com\/en\/#website","url":"https:\/\/eksenmak.com\/en\/","name":"Eksen Makina Ltd. \u015eti. |\u00a0TTO Representative for Turkey","description":"","potentialAction":[{"@type":"SearchAction","target":{"@type":"EntryPoint","urlTemplate":"https:\/\/eksenmak.com\/en\/?s={search_term_string}"},"query-input":{"@type":"PropertyValueSpecification","valueRequired":true,"valueName":"search_term_string"}}],"inLanguage":"tr"}]}},"_links":{"self":[{"href":"https:\/\/eksenmak.com\/en\/wp-json\/wp\/v2\/pages\/11197","targetHints":{"allow":["GET"]}}],"collection":[{"href":"https:\/\/eksenmak.com\/en\/wp-json\/wp\/v2\/pages"}],"about":[{"href":"https:\/\/eksenmak.com\/en\/wp-json\/wp\/v2\/types\/page"}],"author":[{"embeddable":true,"href":"https:\/\/eksenmak.com\/en\/wp-json\/wp\/v2\/users\/1"}],"replies":[{"embeddable":true,"href":"https:\/\/eksenmak.com\/en\/wp-json\/wp\/v2\/comments?post=11197"}],"version-history":[{"count":3,"href":"https:\/\/eksenmak.com\/en\/wp-json\/wp\/v2\/pages\/11197\/revisions"}],"predecessor-version":[{"id":13110,"href":"https:\/\/eksenmak.com\/en\/wp-json\/wp\/v2\/pages\/11197\/revisions\/13110"}],"wp:attachment":[{"href":"https:\/\/eksenmak.com\/en\/wp-json\/wp\/v2\/media?parent=11197"}],"curies":[{"name":"wp","href":"https:\/\/api.w.org\/{rel}","templated":true}]}}