{"id":11125,"date":"2020-12-11T23:08:51","date_gmt":"2020-12-11T20:08:51","guid":{"rendered":"https:\/\/eksenmak.com\/en\/?page_id=11125"},"modified":"2025-11-25T09:33:47","modified_gmt":"2025-11-25T06:33:47","slug":"kece-cesitleri-ve-fiyatlari","status":"publish","type":"page","link":"https:\/\/eksenmak.com\/en\/kece-cesitleri-ve-fiyatlari\/","title":{"rendered":"Ke\u00e7eler"},"content":{"rendered":"\t\t<div data-elementor-type=\"wp-page\" data-elementor-id=\"11125\" class=\"elementor elementor-11125\">\n\t\t\t\t\t\t<section class=\"elementor-section elementor-top-section elementor-element elementor-element-b247b0e elementor-section-boxed elementor-section-height-default elementor-section-height-default\" data-id=\"b247b0e\" data-element_type=\"section\">\n\t\t\t\t\t\t<div class=\"elementor-container elementor-column-gap-default\">\n\t\t\t\t\t<div class=\"elementor-column elementor-col-50 elementor-top-column elementor-element elementor-element-e5a77be top column-style-top\" data-id=\"e5a77be\" data-element_type=\"column\">\n\t\t\t<div class=\"elementor-widget-wrap elementor-element-populated\">\n\t\t\t\t\t\t<div class=\"elementor-element elementor-element-6456506 elementor-widget elementor-widget-heading\" data-id=\"6456506\" data-element_type=\"widget\" data-widget_type=\"heading.default\">\n\t\t\t\t<div class=\"elementor-widget-container\">\n\t\t\t\t\t<h1 class=\"elementor-heading-title elementor-size-default\">Seals<\/h1>\t\t\t\t<\/div>\n\t\t\t\t<\/div>\n\t\t\t\t\t<\/div>\n\t\t<\/div>\n\t\t\t\t<div class=\"elementor-column elementor-col-50 elementor-top-column elementor-element elementor-element-fae8b0f elementor-hidden-phone top column-style-top\" data-id=\"fae8b0f\" data-element_type=\"column\">\n\t\t\t<div class=\"elementor-widget-wrap elementor-element-populated\">\n\t\t\t\t\t\t<div class=\"elementor-element elementor-element-e068eef elementor-widget elementor-widget-shortcode\" data-id=\"e068eef\" data-element_type=\"widget\" data-widget_type=\"shortcode.default\">\n\t\t\t\t<div class=\"elementor-widget-container\">\n\t\t\t\t\t\t\t<div class=\"elementor-shortcode\"><ul class=\"breadcrumb\">\n  <li><a href=\"https:\/\/eksenmak.com\/en\">Home<\/a><\/li>\n  <li><a href=\"https:\/\/eksenmak.com\/en\/urun-gruplari\/\">Product Groups<\/a><\/li>\n  <li>Seals<\/li>\n<\/ul><\/div>\n\t\t\t\t\t\t<\/div>\n\t\t\t\t<\/div>\n\t\t\t\t\t<\/div>\n\t\t<\/div>\n\t\t\t\t\t<\/div>\n\t\t<\/section>\n\t\t\t\t<section class=\"elementor-section elementor-top-section elementor-element elementor-element-c18d88a elementor-section-boxed elementor-section-height-default elementor-section-height-default\" data-id=\"c18d88a\" data-element_type=\"section\" data-settings=\"{&quot;background_background&quot;:&quot;classic&quot;}\">\n\t\t\t\t\t\t<div class=\"elementor-container elementor-column-gap-default\">\n\t\t\t\t\t<div class=\"elementor-column elementor-col-50 elementor-top-column elementor-element elementor-element-7dff119 top column-style-top\" data-id=\"7dff119\" data-element_type=\"column\">\n\t\t\t<div class=\"elementor-widget-wrap elementor-element-populated\">\n\t\t\t\t\t\t<section class=\"elementor-section elementor-inner-section elementor-element elementor-element-53f78dd elementor-section-boxed elementor-section-height-default elementor-section-height-default\" data-id=\"53f78dd\" data-element_type=\"section\" data-settings=\"{&quot;background_background&quot;:&quot;classic&quot;}\">\n\t\t\t\t\t\t<div class=\"elementor-container elementor-column-gap-default\">\n\t\t\t\t\t<div class=\"elementor-column elementor-col-50 elementor-inner-column elementor-element elementor-element-5ff6ace top column-style-top\" data-id=\"5ff6ace\" data-element_type=\"column\">\n\t\t\t<div class=\"elementor-widget-wrap elementor-element-populated\">\n\t\t\t\t\t\t<div class=\"elementor-element elementor-element-9c8fd52 elementor-widget elementor-widget-image\" data-id=\"9c8fd52\" data-element_type=\"widget\" data-widget_type=\"image.default\">\n\t\t\t\t<div class=\"elementor-widget-container\">\n\t\t\t\t\t\t\t\t\t\t\t\t\t\t\t<img decoding=\"async\" width=\"188\" height=\"138\" src=\"https:\/\/eksenmak.com\/en\/wp-content\/uploads\/2021\/02\/urun2.jpg\" class=\"attachment-full size-full wp-image-12794\" alt=\"\" \/>\t\t\t\t\t\t\t\t\t\t\t\t\t\t\t<\/div>\n\t\t\t\t<\/div>\n\t\t\t\t\t<\/div>\n\t\t<\/div>\n\t\t\t\t<div class=\"elementor-column elementor-col-50 elementor-inner-column elementor-element elementor-element-483e611 top column-style-top\" data-id=\"483e611\" data-element_type=\"column\">\n\t\t\t<div class=\"elementor-widget-wrap elementor-element-populated\">\n\t\t\t\t\t\t<div class=\"elementor-element elementor-element-f7b4064 elementor-widget elementor-widget-heading\" data-id=\"f7b4064\" data-element_type=\"widget\" data-widget_type=\"heading.default\">\n\t\t\t\t<div class=\"elementor-widget-container\">\n\t\t\t\t\t<h1 class=\"elementor-heading-title elementor-size-default\">Rotary Shaft Seals<\/h1>\t\t\t\t<\/div>\n\t\t\t\t<\/div>\n\t\t\t\t<div class=\"elementor-element elementor-element-3b0e330 elementor-align-left elementor-align--mobilecenter elementor-widget elementor-widget-elementskit-button\" data-id=\"3b0e330\" data-element_type=\"widget\" data-widget_type=\"elementskit-button.default\">\n\t\t\t\t<div class=\"elementor-widget-container\">\n\t\t\t\t\t<div class=\"ekit-wid-con\" >\t\t<div class=\"ekit-btn-wraper\">\n\t\t\t\t\t\t\t<a href=\"#\" rel=\"nofollow\" class=\"elementskit-btn  whitespace--normal\" id=\"\">\n\t\t\t\t\tDetails\t\t\t\t<\/a>\n\t\t\t\t\t<\/div>\n        <\/div>\t\t\t\t<\/div>\n\t\t\t\t<\/div>\n\t\t\t\t\t<\/div>\n\t\t<\/div>\n\t\t\t\t\t<\/div>\n\t\t<\/section>\n\t\t\t\t\t<\/div>\n\t\t<\/div>\n\t\t\t\t<div class=\"elementor-column elementor-col-50 elementor-top-column elementor-element elementor-element-226881d top column-style-top\" data-id=\"226881d\" data-element_type=\"column\">\n\t\t\t<div class=\"elementor-widget-wrap elementor-element-populated\">\n\t\t\t\t\t\t<section class=\"elementor-section elementor-inner-section elementor-element elementor-element-6e042ce elementor-section-boxed elementor-section-height-default elementor-section-height-default\" data-id=\"6e042ce\" data-element_type=\"section\" data-settings=\"{&quot;background_background&quot;:&quot;classic&quot;}\">\n\t\t\t\t\t\t<div class=\"elementor-container elementor-column-gap-default\">\n\t\t\t\t\t<div class=\"elementor-column elementor-col-50 elementor-inner-column elementor-element elementor-element-f922896 top column-style-top\" data-id=\"f922896\" data-element_type=\"column\">\n\t\t\t<div class=\"elementor-widget-wrap elementor-element-populated\">\n\t\t\t\t\t\t<div class=\"elementor-element elementor-element-432465a elementor-widget elementor-widget-image\" data-id=\"432465a\" data-element_type=\"widget\" data-widget_type=\"image.default\">\n\t\t\t\t<div class=\"elementor-widget-container\">\n\t\t\t\t\t\t\t\t\t\t\t\t\t\t\t<img decoding=\"async\" width=\"188\" height=\"138\" src=\"https:\/\/eksenmak.com\/en\/wp-content\/uploads\/2021\/02\/hidrolik-kece.jpg\" class=\"attachment-full size-full wp-image-12795\" alt=\"\" \/>\t\t\t\t\t\t\t\t\t\t\t\t\t\t\t<\/div>\n\t\t\t\t<\/div>\n\t\t\t\t\t<\/div>\n\t\t<\/div>\n\t\t\t\t<div class=\"elementor-column elementor-col-50 elementor-inner-column elementor-element elementor-element-d3b300d top column-style-top\" data-id=\"d3b300d\" data-element_type=\"column\">\n\t\t\t<div class=\"elementor-widget-wrap elementor-element-populated\">\n\t\t\t\t\t\t<div class=\"elementor-element elementor-element-dcad769 elementor-widget elementor-widget-heading\" data-id=\"dcad769\" data-element_type=\"widget\" data-widget_type=\"heading.default\">\n\t\t\t\t<div class=\"elementor-widget-container\">\n\t\t\t\t\t<h1 class=\"elementor-heading-title elementor-size-default\"><a href=\"http:\/\/eksenmak.com\/main\/index.php\/back-up-ring\/\">Hydraulic Seals<\/a><\/h1>\t\t\t\t<\/div>\n\t\t\t\t<\/div>\n\t\t\t\t<div class=\"elementor-element elementor-element-b190897 elementor-align-left elementor-align--mobilecenter elementor-widget elementor-widget-elementskit-button\" data-id=\"b190897\" data-element_type=\"widget\" data-widget_type=\"elementskit-button.default\">\n\t\t\t\t<div class=\"elementor-widget-container\">\n\t\t\t\t\t<div class=\"ekit-wid-con\" >\t\t<div class=\"ekit-btn-wraper\">\n\t\t\t\t\t\t\t<a href=\"#\" rel=\"nofollow\" class=\"elementskit-btn  whitespace--normal\" id=\"\">\n\t\t\t\t\tDetails\t\t\t\t<\/a>\n\t\t\t\t\t<\/div>\n        <\/div>\t\t\t\t<\/div>\n\t\t\t\t<\/div>\n\t\t\t\t\t<\/div>\n\t\t<\/div>\n\t\t\t\t\t<\/div>\n\t\t<\/section>\n\t\t\t\t\t<\/div>\n\t\t<\/div>\n\t\t\t\t\t<\/div>\n\t\t<\/section>\n\t\t\t\t<section class=\"elementor-section elementor-top-section elementor-element elementor-element-1db7ef1 elementor-section-boxed elementor-section-height-default elementor-section-height-default\" data-id=\"1db7ef1\" data-element_type=\"section\" data-settings=\"{&quot;background_background&quot;:&quot;classic&quot;}\">\n\t\t\t\t\t\t<div class=\"elementor-container elementor-column-gap-default\">\n\t\t\t\t\t<div class=\"elementor-column elementor-col-50 elementor-top-column elementor-element elementor-element-d4d531d top column-style-top\" data-id=\"d4d531d\" data-element_type=\"column\">\n\t\t\t<div class=\"elementor-widget-wrap elementor-element-populated\">\n\t\t\t\t\t\t<section class=\"elementor-section elementor-inner-section elementor-element elementor-element-73c6a17 elementor-section-boxed elementor-section-height-default elementor-section-height-default\" data-id=\"73c6a17\" data-element_type=\"section\" data-settings=\"{&quot;background_background&quot;:&quot;classic&quot;}\">\n\t\t\t\t\t\t<div class=\"elementor-container elementor-column-gap-default\">\n\t\t\t\t\t<div class=\"elementor-column elementor-col-50 elementor-inner-column elementor-element elementor-element-a15eae0 top column-style-top\" data-id=\"a15eae0\" data-element_type=\"column\">\n\t\t\t<div class=\"elementor-widget-wrap elementor-element-populated\">\n\t\t\t\t\t\t<div class=\"elementor-element elementor-element-8d8c02b elementor-widget elementor-widget-image\" data-id=\"8d8c02b\" data-element_type=\"widget\" data-widget_type=\"image.default\">\n\t\t\t\t<div class=\"elementor-widget-container\">\n\t\t\t\t\t\t\t\t\t\t\t\t\t\t\t<img decoding=\"async\" width=\"188\" height=\"138\" src=\"https:\/\/eksenmak.com\/en\/wp-content\/uploads\/2021\/02\/pnomatik-kece.jpg\" class=\"attachment-full size-full wp-image-12796\" alt=\"\" \/>\t\t\t\t\t\t\t\t\t\t\t\t\t\t\t<\/div>\n\t\t\t\t<\/div>\n\t\t\t\t\t<\/div>\n\t\t<\/div>\n\t\t\t\t<div class=\"elementor-column elementor-col-50 elementor-inner-column elementor-element elementor-element-a12e8d1 top column-style-top\" data-id=\"a12e8d1\" data-element_type=\"column\">\n\t\t\t<div class=\"elementor-widget-wrap elementor-element-populated\">\n\t\t\t\t\t\t<div class=\"elementor-element elementor-element-29feec0 elementor-widget elementor-widget-heading\" data-id=\"29feec0\" data-element_type=\"widget\" data-widget_type=\"heading.default\">\n\t\t\t\t<div class=\"elementor-widget-container\">\n\t\t\t\t\t<h1 class=\"elementor-heading-title elementor-size-default\">Pneumatic Seals<\/h1>\t\t\t\t<\/div>\n\t\t\t\t<\/div>\n\t\t\t\t<div class=\"elementor-element elementor-element-8ed0260 elementor-align-left elementor-align--mobilecenter elementor-widget elementor-widget-elementskit-button\" data-id=\"8ed0260\" data-element_type=\"widget\" data-widget_type=\"elementskit-button.default\">\n\t\t\t\t<div class=\"elementor-widget-container\">\n\t\t\t\t\t<div class=\"ekit-wid-con\" >\t\t<div class=\"ekit-btn-wraper\">\n\t\t\t\t\t\t\t<a href=\"#\" rel=\"nofollow\" class=\"elementskit-btn  whitespace--normal\" id=\"\">\n\t\t\t\t\tDetails\t\t\t\t<\/a>\n\t\t\t\t\t<\/div>\n        <\/div>\t\t\t\t<\/div>\n\t\t\t\t<\/div>\n\t\t\t\t\t<\/div>\n\t\t<\/div>\n\t\t\t\t\t<\/div>\n\t\t<\/section>\n\t\t\t\t\t<\/div>\n\t\t<\/div>\n\t\t\t\t<div class=\"elementor-column elementor-col-50 elementor-top-column elementor-element elementor-element-0268474 top column-style-top\" data-id=\"0268474\" data-element_type=\"column\">\n\t\t\t<div class=\"elementor-widget-wrap elementor-element-populated\">\n\t\t\t\t\t\t<section class=\"elementor-section elementor-inner-section elementor-element elementor-element-f66634f elementor-section-boxed elementor-section-height-default elementor-section-height-default\" data-id=\"f66634f\" data-element_type=\"section\" data-settings=\"{&quot;background_background&quot;:&quot;classic&quot;}\">\n\t\t\t\t\t\t<div class=\"elementor-container elementor-column-gap-default\">\n\t\t\t\t\t<div class=\"elementor-column elementor-col-50 elementor-inner-column elementor-element elementor-element-85a3104 top column-style-top\" data-id=\"85a3104\" data-element_type=\"column\">\n\t\t\t<div class=\"elementor-widget-wrap elementor-element-populated\">\n\t\t\t\t\t\t<div class=\"elementor-element elementor-element-2392495 elementor-widget elementor-widget-image\" data-id=\"2392495\" data-element_type=\"widget\" data-widget_type=\"image.default\">\n\t\t\t\t<div class=\"elementor-widget-container\">\n\t\t\t\t\t\t\t\t\t\t\t\t\t\t\t<img loading=\"lazy\" decoding=\"async\" width=\"188\" height=\"138\" src=\"https:\/\/eksenmak.com\/en\/wp-content\/uploads\/2021\/02\/consultant-phone.jpg\" class=\"attachment-full size-full wp-image-12790\" alt=\"\" \/>\t\t\t\t\t\t\t\t\t\t\t\t\t\t\t<\/div>\n\t\t\t\t<\/div>\n\t\t\t\t\t<\/div>\n\t\t<\/div>\n\t\t\t\t<div class=\"elementor-column elementor-col-50 elementor-inner-column elementor-element elementor-element-bd31f83 top column-style-top\" data-id=\"bd31f83\" data-element_type=\"column\">\n\t\t\t<div class=\"elementor-widget-wrap elementor-element-populated\">\n\t\t\t\t\t\t<div class=\"elementor-element elementor-element-f9c7dec elementor-widget elementor-widget-heading\" data-id=\"f9c7dec\" data-element_type=\"widget\" data-widget_type=\"heading.default\">\n\t\t\t\t<div class=\"elementor-widget-container\">\n\t\t\t\t\t<h1 class=\"elementor-heading-title elementor-size-default\">Custom-Made Seals<\/h1>\t\t\t\t<\/div>\n\t\t\t\t<\/div>\n\t\t\t\t<div class=\"elementor-element elementor-element-33fcc2e elementor-align-left elementor-align--mobilecenter elementor-widget elementor-widget-elementskit-button\" data-id=\"33fcc2e\" data-element_type=\"widget\" data-widget_type=\"elementskit-button.default\">\n\t\t\t\t<div class=\"elementor-widget-container\">\n\t\t\t\t\t<div class=\"ekit-wid-con\" >\t\t<div class=\"ekit-btn-wraper\">\n\t\t\t\t\t\t\t<a href=\"https:\/\/eksenmak.com\/en\/beni-arayin\/\" target=\"_blank\" rel=\"nofollow\" class=\"elementskit-btn  whitespace--normal\" id=\"\">\n\t\t\t\t\t<i class=\"fas fa-phone-alt\"><\/i>Request a Call Back\t\t\t\t<\/a>\n\t\t\t\t\t<\/div>\n        <\/div>\t\t\t\t<\/div>\n\t\t\t\t<\/div>\n\t\t\t\t\t<\/div>\n\t\t<\/div>\n\t\t\t\t\t<\/div>\n\t\t<\/section>\n\t\t\t\t\t<\/div>\n\t\t<\/div>\n\t\t\t\t\t<\/div>\n\t\t<\/section>\n\t\t\t\t<\/div>\n\t\t","protected":false},"excerpt":{"rendered":"<p>Seals Home Product Groups Seals Rotary Shaft Seals Details Hydraulic Seals Details Pneumatic Seals Details Custom-Made Seals Request a Call Back<\/p>\n","protected":false},"author":1,"featured_media":0,"parent":0,"menu_order":0,"comment_status":"closed","ping_status":"closed","template":"elementor_header_footer","meta":{"footnotes":""},"class_list":["post-11125","page","type-page","status-publish","hentry"],"yoast_head":"<!-- This site is optimized with the Yoast SEO plugin v26.4 - https:\/\/yoast.com\/wordpress\/plugins\/seo\/ -->\n<title>Ke\u00e7eler - Eksen Makina Ltd. \u015eti. |\u00a0TTO Representative for Turkey<\/title>\n<meta name=\"description\" content=\"Ke\u00e7e \u00e7e\u015fitlerimiz, d\u00f6ner mil ke\u00e7esi, hidrolik ke\u00e7e ve pn\u00f6matk ke\u00e7e \u00f6l\u00e7\u00fc listesi ve fiyat teklifi isteyin. Bir uzman ile g\u00f6r\u00fc\u015f\u00fcn.\" \/>\n<meta name=\"robots\" content=\"index, follow, max-snippet:-1, max-image-preview:large, max-video-preview:-1\" \/>\n<link rel=\"canonical\" href=\"https:\/\/eksenmak.com\/en\/?page_id=11125\" \/>\n<meta property=\"og:locale\" content=\"tr_TR\" \/>\n<meta property=\"og:type\" content=\"article\" \/>\n<meta property=\"og:title\" content=\"Ke\u00e7eler - Eksen Makina Ltd. \u015eti. |\u00a0TTO Representative for Turkey\" \/>\n<meta property=\"og:description\" content=\"Ke\u00e7e \u00e7e\u015fitlerimiz, d\u00f6ner mil ke\u00e7esi, hidrolik ke\u00e7e ve pn\u00f6matk ke\u00e7e \u00f6l\u00e7\u00fc listesi ve fiyat teklifi isteyin. Bir uzman ile g\u00f6r\u00fc\u015f\u00fcn.\" \/>\n<meta property=\"og:url\" content=\"https:\/\/eksenmak.com\/en\/?page_id=11125\" \/>\n<meta property=\"og:site_name\" content=\"Eksen Makina Ltd. \u015eti. |\u00a0TTO Representative for Turkey\" \/>\n<meta property=\"article:modified_time\" content=\"2025-11-25T06:33:47+00:00\" \/>\n<meta property=\"og:image\" content=\"https:\/\/eksenmak.com\/en\/wp-content\/uploads\/2021\/02\/urun2.jpg\" \/>\n\t<meta property=\"og:image:width\" content=\"188\" \/>\n\t<meta property=\"og:image:height\" content=\"138\" \/>\n\t<meta property=\"og:image:type\" content=\"image\/jpeg\" \/>\n<meta name=\"twitter:card\" content=\"summary_large_image\" \/>\n<script type=\"application\/ld+json\" class=\"yoast-schema-graph\">{\"@context\":\"https:\/\/schema.org\",\"@graph\":[{\"@type\":\"WebPage\",\"@id\":\"https:\/\/eksenmak.com\/en\/kece-cesitleri-ve-fiyatlari\/\",\"url\":\"https:\/\/eksenmak.com\/en\/?page_id=11125\",\"name\":\"Ke\u00e7eler - Eksen Makina Ltd. \u015eti. |\u00a0TTO Representative for Turkey\",\"isPartOf\":{\"@id\":\"https:\/\/eksenmak.com\/en\/#website\"},\"primaryImageOfPage\":{\"@id\":\"https:\/\/eksenmak.com\/en\/?page_id=11125#primaryimage\"},\"image\":{\"@id\":\"https:\/\/eksenmak.com\/en\/?page_id=11125#primaryimage\"},\"thumbnailUrl\":\"https:\/\/eksenmak.com\/en\/wp-content\/uploads\/2021\/02\/urun2.jpg\",\"datePublished\":\"2020-12-11T20:08:51+00:00\",\"dateModified\":\"2025-11-25T06:33:47+00:00\",\"description\":\"Ke\u00e7e \u00e7e\u015fitlerimiz, d\u00f6ner mil ke\u00e7esi, hidrolik ke\u00e7e ve pn\u00f6matk ke\u00e7e \u00f6l\u00e7\u00fc listesi ve fiyat teklifi isteyin. Bir uzman ile g\u00f6r\u00fc\u015f\u00fcn.\",\"breadcrumb\":{\"@id\":\"https:\/\/eksenmak.com\/en\/?page_id=11125#breadcrumb\"},\"inLanguage\":\"tr\",\"potentialAction\":[{\"@type\":\"ReadAction\",\"target\":[\"https:\/\/eksenmak.com\/en\/?page_id=11125\"]}]},{\"@type\":\"ImageObject\",\"inLanguage\":\"tr\",\"@id\":\"https:\/\/eksenmak.com\/en\/?page_id=11125#primaryimage\",\"url\":\"https:\/\/eksenmak.com\/en\/wp-content\/uploads\/2021\/02\/urun2.jpg\",\"contentUrl\":\"https:\/\/eksenmak.com\/en\/wp-content\/uploads\/2021\/02\/urun2.jpg\",\"width\":188,\"height\":138},{\"@type\":\"BreadcrumbList\",\"@id\":\"https:\/\/eksenmak.com\/en\/?page_id=11125#breadcrumb\",\"itemListElement\":[{\"@type\":\"ListItem\",\"position\":1,\"name\":\"Ana sayfa\",\"item\":\"https:\/\/eksenmak.com\/en\/\"},{\"@type\":\"ListItem\",\"position\":2,\"name\":\"Ke\u00e7eler\"}]},{\"@type\":\"WebSite\",\"@id\":\"https:\/\/eksenmak.com\/en\/#website\",\"url\":\"https:\/\/eksenmak.com\/en\/\",\"name\":\"Eksen Makina Ltd. \u015eti. |\u00a0TTO Representative for Turkey\",\"description\":\"\",\"potentialAction\":[{\"@type\":\"SearchAction\",\"target\":{\"@type\":\"EntryPoint\",\"urlTemplate\":\"https:\/\/eksenmak.com\/en\/?s={search_term_string}\"},\"query-input\":{\"@type\":\"PropertyValueSpecification\",\"valueRequired\":true,\"valueName\":\"search_term_string\"}}],\"inLanguage\":\"tr\"}]}<\/script>\n<!-- \/ Yoast SEO plugin. -->","yoast_head_json":{"title":"Ke\u00e7eler - Eksen Makina Ltd. \u015eti. |\u00a0TTO Representative for Turkey","description":"Ke\u00e7e \u00e7e\u015fitlerimiz, d\u00f6ner mil ke\u00e7esi, hidrolik ke\u00e7e ve pn\u00f6matk ke\u00e7e \u00f6l\u00e7\u00fc listesi ve fiyat teklifi isteyin. Bir uzman ile g\u00f6r\u00fc\u015f\u00fcn.","robots":{"index":"index","follow":"follow","max-snippet":"max-snippet:-1","max-image-preview":"max-image-preview:large","max-video-preview":"max-video-preview:-1"},"canonical":"https:\/\/eksenmak.com\/en\/?page_id=11125","og_locale":"tr_TR","og_type":"article","og_title":"Ke\u00e7eler - Eksen Makina Ltd. \u015eti. |\u00a0TTO Representative for Turkey","og_description":"Ke\u00e7e \u00e7e\u015fitlerimiz, d\u00f6ner mil ke\u00e7esi, hidrolik ke\u00e7e ve pn\u00f6matk ke\u00e7e \u00f6l\u00e7\u00fc listesi ve fiyat teklifi isteyin. Bir uzman ile g\u00f6r\u00fc\u015f\u00fcn.","og_url":"https:\/\/eksenmak.com\/en\/?page_id=11125","og_site_name":"Eksen Makina Ltd. \u015eti. |\u00a0TTO Representative for Turkey","article_modified_time":"2025-11-25T06:33:47+00:00","og_image":[{"width":188,"height":138,"url":"https:\/\/eksenmak.com\/en\/wp-content\/uploads\/2021\/02\/urun2.jpg","type":"image\/jpeg"}],"twitter_card":"summary_large_image","schema":{"@context":"https:\/\/schema.org","@graph":[{"@type":"WebPage","@id":"https:\/\/eksenmak.com\/en\/kece-cesitleri-ve-fiyatlari\/","url":"https:\/\/eksenmak.com\/en\/?page_id=11125","name":"Ke\u00e7eler - Eksen Makina Ltd. \u015eti. |\u00a0TTO Representative for Turkey","isPartOf":{"@id":"https:\/\/eksenmak.com\/en\/#website"},"primaryImageOfPage":{"@id":"https:\/\/eksenmak.com\/en\/?page_id=11125#primaryimage"},"image":{"@id":"https:\/\/eksenmak.com\/en\/?page_id=11125#primaryimage"},"thumbnailUrl":"https:\/\/eksenmak.com\/en\/wp-content\/uploads\/2021\/02\/urun2.jpg","datePublished":"2020-12-11T20:08:51+00:00","dateModified":"2025-11-25T06:33:47+00:00","description":"Ke\u00e7e \u00e7e\u015fitlerimiz, d\u00f6ner mil ke\u00e7esi, hidrolik ke\u00e7e ve pn\u00f6matk ke\u00e7e \u00f6l\u00e7\u00fc listesi ve fiyat teklifi isteyin. Bir uzman ile g\u00f6r\u00fc\u015f\u00fcn.","breadcrumb":{"@id":"https:\/\/eksenmak.com\/en\/?page_id=11125#breadcrumb"},"inLanguage":"tr","potentialAction":[{"@type":"ReadAction","target":["https:\/\/eksenmak.com\/en\/?page_id=11125"]}]},{"@type":"ImageObject","inLanguage":"tr","@id":"https:\/\/eksenmak.com\/en\/?page_id=11125#primaryimage","url":"https:\/\/eksenmak.com\/en\/wp-content\/uploads\/2021\/02\/urun2.jpg","contentUrl":"https:\/\/eksenmak.com\/en\/wp-content\/uploads\/2021\/02\/urun2.jpg","width":188,"height":138},{"@type":"BreadcrumbList","@id":"https:\/\/eksenmak.com\/en\/?page_id=11125#breadcrumb","itemListElement":[{"@type":"ListItem","position":1,"name":"Ana sayfa","item":"https:\/\/eksenmak.com\/en\/"},{"@type":"ListItem","position":2,"name":"Ke\u00e7eler"}]},{"@type":"WebSite","@id":"https:\/\/eksenmak.com\/en\/#website","url":"https:\/\/eksenmak.com\/en\/","name":"Eksen Makina Ltd. \u015eti. |\u00a0TTO Representative for Turkey","description":"","potentialAction":[{"@type":"SearchAction","target":{"@type":"EntryPoint","urlTemplate":"https:\/\/eksenmak.com\/en\/?s={search_term_string}"},"query-input":{"@type":"PropertyValueSpecification","valueRequired":true,"valueName":"search_term_string"}}],"inLanguage":"tr"}]}},"_links":{"self":[{"href":"https:\/\/eksenmak.com\/en\/wp-json\/wp\/v2\/pages\/11125","targetHints":{"allow":["GET"]}}],"collection":[{"href":"https:\/\/eksenmak.com\/en\/wp-json\/wp\/v2\/pages"}],"about":[{"href":"https:\/\/eksenmak.com\/en\/wp-json\/wp\/v2\/types\/page"}],"author":[{"embeddable":true,"href":"https:\/\/eksenmak.com\/en\/wp-json\/wp\/v2\/users\/1"}],"replies":[{"embeddable":true,"href":"https:\/\/eksenmak.com\/en\/wp-json\/wp\/v2\/comments?post=11125"}],"version-history":[{"count":6,"href":"https:\/\/eksenmak.com\/en\/wp-json\/wp\/v2\/pages\/11125\/revisions"}],"predecessor-version":[{"id":13021,"href":"https:\/\/eksenmak.com\/en\/wp-json\/wp\/v2\/pages\/11125\/revisions\/13021"}],"wp:attachment":[{"href":"https:\/\/eksenmak.com\/en\/wp-json\/wp\/v2\/media?parent=11125"}],"curies":[{"name":"wp","href":"https:\/\/api.w.org\/{rel}","templated":true}]}}