{"id":11071,"date":"2020-12-09T21:33:07","date_gmt":"2020-12-09T18:33:07","guid":{"rendered":"https:\/\/eksenmak.com\/en\/?page_id=11071"},"modified":"2020-12-09T21:34:44","modified_gmt":"2020-12-09T18:34:44","slug":"beni-arayin","status":"publish","type":"page","link":"https:\/\/eksenmak.com\/en\/beni-arayin\/","title":{"rendered":"Beni Aray\u0131n"},"content":{"rendered":"\t\t<div data-elementor-type=\"wp-page\" data-elementor-id=\"11071\" class=\"elementor elementor-11071\">\n\t\t\t\t\t\t<section class=\"elementor-section elementor-top-section elementor-element elementor-element-64e26cb elementor-section-boxed elementor-section-height-default elementor-section-height-default\" data-id=\"64e26cb\" data-element_type=\"section\">\n\t\t\t\t\t\t<div class=\"elementor-container elementor-column-gap-default\">\n\t\t\t\t\t<div class=\"elementor-column elementor-col-100 elementor-top-column elementor-element elementor-element-a15c8f7 top column-style-top\" data-id=\"a15c8f7\" data-element_type=\"column\">\n\t\t\t<div class=\"elementor-widget-wrap elementor-element-populated\">\n\t\t\t\t\t\t<div class=\"elementor-element elementor-element-48f3691 elementor-widget elementor-widget-heading\" data-id=\"48f3691\" data-element_type=\"widget\" data-widget_type=\"heading.default\">\n\t\t\t\t<div class=\"elementor-widget-container\">\n\t\t\t\t\t<h1 class=\"elementor-heading-title elementor-size-default\">Beni Aray\u0131n<\/h1>\t\t\t\t<\/div>\n\t\t\t\t<\/div>\n\t\t\t\t\t<\/div>\n\t\t<\/div>\n\t\t\t\t\t<\/div>\n\t\t<\/section>\n\t\t\t\t<section class=\"elementor-section elementor-top-section elementor-element elementor-element-11dfade elementor-section-boxed elementor-section-height-default elementor-section-height-default\" data-id=\"11dfade\" data-element_type=\"section\">\n\t\t\t\t\t\t<div class=\"elementor-container elementor-column-gap-default\">\n\t\t\t\t\t<div class=\"elementor-column elementor-col-100 elementor-top-column elementor-element elementor-element-00320d7 top column-style-top\" data-id=\"00320d7\" data-element_type=\"column\">\n\t\t\t<div class=\"elementor-widget-wrap elementor-element-populated\">\n\t\t\t\t\t\t<div class=\"elementor-element elementor-element-7627b8c elementor-widget elementor-widget-text-editor\" data-id=\"7627b8c\" data-element_type=\"widget\" data-widget_type=\"text-editor.default\">\n\t\t\t\t<div class=\"elementor-widget-container\">\n\t\t\t\t\t\t\t\t\t<p>Telefonda bir uzmanla konu\u015fmaya ihtiyac\u0131n\u0131z m\u0131 var? Bir uzman\u0131n tavsiyesine veya \u00f6nemli bir sorunun cevab\u0131na ihtiyac\u0131n\u0131z m\u0131 var? \u0130leti\u015fim bilgilerinizi a\u015fa\u011f\u0131ya girdikten sonra bize g\u00f6nderirseniz, uzmanlar\u0131m\u0131zdan biri en k\u0131sa s\u00fcrede sizi telefonla arayacakt\u0131r.<\/p>\t\t\t\t\t\t\t\t<\/div>\n\t\t\t\t<\/div>\n\t\t\t\t\t<\/div>\n\t\t<\/div>\n\t\t\t\t\t<\/div>\n\t\t<\/section>\n\t\t\t\t<section class=\"elementor-section elementor-top-section elementor-element elementor-element-464ca35 elementor-section-boxed elementor-section-height-default elementor-section-height-default\" data-id=\"464ca35\" data-element_type=\"section\">\n\t\t\t\t\t\t<div class=\"elementor-container elementor-column-gap-default\">\n\t\t\t\t\t<div class=\"elementor-column elementor-col-100 elementor-top-column elementor-element elementor-element-34f5e89 top column-style-top\" data-id=\"34f5e89\" data-element_type=\"column\">\n\t\t\t<div class=\"elementor-widget-wrap elementor-element-populated\">\n\t\t\t\t\t\t<div class=\"elementor-element elementor-element-938c27c elementor-widget elementor-widget-shortcode\" data-id=\"938c27c\" data-element_type=\"widget\" data-widget_type=\"shortcode.default\">\n\t\t\t\t<div class=\"elementor-widget-container\">\n\t\t\t\t\t\t\t<div class=\"elementor-shortcode\"><div class=\"mf-form-shortcode\">\r\n\t\t<div\r\n\t\t\tid=\"metform-wrap-11067-11067\"\r\n\t\t\tclass=\"mf-form-wrapper\"\r\n\t\t\tdata-form-id=\"11067\"\r\n\t\t\tdata-action=\"https:\/\/eksenmak.com\/en\/wp-json\/metform\/v1\/entries\/insert\/11067\"\r\n\t\t\tdata-wp-nonce=\"b2bd454904\"\r\n\t\t\tdata-form-nonce=\"5475dcae01\"\r\n\t\t\tdata-quiz-summery = \"false\"\r\n\t\t\tdata-save-progress = \"false\"\r\n\t\t\tdata-form-type=\"contact_form\"\r\n\t\t\tdata-stop-vertical-effect=\"\"\r\n\t\t\t><\/div>\r\n\r\n\r\n\t\t<!----------------------------- \r\n\t\t\t* controls_data : find the the props passed indie of data attribute\r\n\t\t\t* props.SubmitResponseMarkup : contains the markup of error or success message\r\n\t\t\t* https:\/\/developer.mozilla.org\/en-US\/docs\/Web\/JavaScript\/Reference\/Template_literals\r\n\t\t--------------------------- -->\r\n\r\n\t\t\t\t<script type=\"text\/mf\" class=\"mf-template\">\r\n\t\t\tfunction controls_data (value){\r\n\t\t\t\tlet currentWrapper = \"mf-response-props-id-11067\";\r\n\t\t\t\tlet currentEl = document.getElementById(currentWrapper);\r\n\t\t\t\t\r\n\t\t\t\treturn currentEl ? currentEl.dataset[value] : false\r\n\t\t\t}\r\n\r\n\r\n\t\t\tlet is_edit_mode = '' ? true : false;\r\n\t\t\tlet message_position = controls_data('messageposition') || 'top';\r\n\r\n\t\t\t\r\n\t\t\tlet message_successIcon = controls_data('successicon') || '';\r\n\t\t\tlet message_errorIcon = controls_data('erroricon') || '';\r\n\t\t\tlet message_editSwitch = controls_data('editswitchopen') === 'yes' ? true : false;\r\n\t\t\tlet message_proClass = controls_data('editswitchopen') === 'yes' ? 'mf_pro_activated' : '';\r\n\t\t\t\r\n\t\t\tlet is_dummy_markup = is_edit_mode && message_editSwitch ? true : false;\r\n\r\n\t\t\t\r\n\t\t\treturn html`\r\n\t\t\t\t<form\r\n\t\t\t\t\tclassName=\"metform-form-content\"\r\n\t\t\t\t\tref=${parent.formContainerRef}\r\n\t\t\t\t\tonSubmit=${ validation.handleSubmit( parent.handleFormSubmit ) }\r\n\t\t\t\t\r\n\t\t\t\t\t>\r\n\t\t\t\r\n\t\t\t\r\n\t\t\t\t\t${is_dummy_markup ? message_position === 'top' ?  props.ResponseDummyMarkup(message_successIcon, message_proClass) : '' : ''}\r\n\t\t\t\t\t${is_dummy_markup ? ' ' :  message_position === 'top' ? props.SubmitResponseMarkup`${parent}${state}${message_successIcon}${message_errorIcon}${message_proClass}` : ''}\r\n\r\n\t\t\t\t\t<!--------------------------------------------------------\r\n\t\t\t\t\t*** IMPORTANT \/ DANGEROUS ***\r\n\t\t\t\t\t${html``} must be used as in immediate child of \"metform-form-main-wrapper\"\r\n\t\t\t\t\tclass otherwise multistep form will not run at all\r\n\t\t\t\t\t---------------------------------------------------------->\r\n\r\n\t\t\t\t\t<div className=\"metform-form-main-wrapper\" key=${'hide-form-after-submit'} ref=${parent.formRef}>\r\n\t\t\t\t\t${html`\r\n\t\t\t\t\t\t\t\t<div data-elementor-type=\"wp-post\" key=\"2\" data-elementor-id=\"11067\" className=\"elementor elementor-11067\">\n\t\t\t\t\t\t<section className=\"elementor-section elementor-top-section elementor-element elementor-element-1a6d9e2 elementor-section-boxed elementor-section-height-default elementor-section-height-default\" data-id=\"1a6d9e2\" data-element_type=\"section\">\n\t\t\t\t\t\t<div className=\"elementor-container elementor-column-gap-default\">\n\t\t\t\t\t<div className=\"elementor-column elementor-col-100 elementor-top-column elementor-element elementor-element-814ffb0 top column-style-top\" data-id=\"814ffb0\" data-element_type=\"column\">\n\t\t\t<div className=\"elementor-widget-wrap elementor-element-populated\">\n\t\t\t\t\t\t<div className=\"elementor-element elementor-element-4b2d57a elementor-widget elementor-widget-mf-text\" data-id=\"4b2d57a\" data-element_type=\"widget\" data-settings=\"{&quot;mf_input_name&quot;:&quot;adi-soyadi&quot;}\" data-widget_type=\"mf-text.default\">\n\t\t\t\t<div className=\"elementor-widget-container\">\n\t\t\t\t\t\r\n\t\t<div className=\"mf-input-wrapper\">\r\n\t\t\t\t\t\t\t<label className=\"mf-input-label\" htmlFor=\"mf-input-text-4b2d57a\">\r\n\t\t\t\t\t${ parent.decodeEntities(`Ad\u0131n\u0131z Soyad\u0131n\u0131z`) } \t\t\t\t\t<span className=\"mf-input-required-indicator\">*<\/span>\r\n\t\t\t\t<\/label>\r\n\t\t\t\r\n\t\t\t<input\r\n\t\t\t\ttype=\"text\"\r\n\t\t\t\tclassName=\"mf-input \"\r\n\t\t\t\tid=\"mf-input-text-4b2d57a\"\r\n\t\t\t\tname=\"adi-soyadi\"\r\n\t\t\t\tplaceholder=\"${ parent.decodeEntities(``) } \"\r\n\t\t\t\t\t\t\t\t\tonInput=${parent.handleChange}\r\n\t\t\t\t\tonBlur=${parent.handleChange}\r\n\t\t\t\t\taria-invalid=${validation.errors['adi-soyadi'] ? 'true' : 'false'}\r\n\t\t\t\t\tref=${el =>{\r\n\t\t\t\t\t\t\t\t\t\t\t\tparent.activateValidation({\"message\":\"Something went wrong.\",\"minLength\":1,\"maxLength\":\"\",\"type\":\"none\",\"required\":true,\"expression\":\"null\"}, el)\r\n\t\t\t\t\t}}\r\n\t\t\t\t\t\t\t\t\/>\r\n\r\n\t\t\t\t\t\t\t<${validation.ErrorMessage}\r\n\t\t\t\t\terrors=${validation.errors}\r\n\t\t\t\t\tname=\"adi-soyadi\"\r\n\t\t\t\t\tas=${html`<span className=\"mf-error-message\"><\/span>`}\r\n\t\t\t\t\t\/>\r\n\t\t\t\r\n\t\t\t\t\t<\/div>\r\n\r\n\t\t\t\t\t\t<\/div>\n\t\t\t\t<\/div>\n\t\t\t\t\t<\/div>\n\t\t<\/div>\n\t\t\t\t\t<\/div>\n\t\t<\/section>\n\t\t\t\t<section className=\"elementor-section elementor-top-section elementor-element elementor-element-6f9355d elementor-section-boxed elementor-section-height-default elementor-section-height-default\" data-id=\"6f9355d\" data-element_type=\"section\">\n\t\t\t\t\t\t<div className=\"elementor-container elementor-column-gap-default\">\n\t\t\t\t\t<div className=\"elementor-column elementor-col-100 elementor-top-column elementor-element elementor-element-8d7c265 top column-style-top\" data-id=\"8d7c265\" data-element_type=\"column\">\n\t\t\t<div className=\"elementor-widget-wrap elementor-element-populated\">\n\t\t\t\t\t\t<div className=\"elementor-element elementor-element-2614d38 elementor-widget elementor-widget-mf-telephone\" data-id=\"2614d38\" data-element_type=\"widget\" data-settings=\"{&quot;mf_input_name&quot;:&quot;telefon&quot;}\" data-widget_type=\"mf-telephone.default\">\n\t\t\t\t<div className=\"elementor-widget-container\">\n\t\t\t\t\t\n\t\t<div className=\"mf-input-wrapper\">\n\t\t\t\t\t\t\t<label className=\"mf-input-label\" htmlFor=\"mf-input-telephone-2614d38\">\n\t\t\t\t\t${ parent.decodeEntities(`Telefon`) } \t\t\t\t\t<span className=\"mf-input-required-indicator\">*<\/span>\n\t\t\t\t<\/label>\n\t\t\t\n\t\t\t<input\n\t\t\t\ttype=\"tel\"\n\t\t\t\tclassName=\"mf-input \"\n\t\t\t\tid=\"mf-input-telephone-2614d38\" \n\t\t\t\tname=\"telefon\"\n\t\t\t\tplaceholder=\"${ parent.decodeEntities(`(xxx) xxx xx xx`) } \"\n\t\t\t\t\t\t\t\t\tonInput=${parent.handleChange}\n\t\t\t\t\taria-invalid=${validation.errors['telefon'] ? 'true' : 'false'}\n\t\t\t\t\tref=${el => parent.activateValidation({\"message\":\"Something went wrong.\",\"minLength\":1,\"maxLength\":\"\",\"type\":\"none\",\"required\":true,\"expression\":\"null\"}, el)}\n\t\t\t\t\t\t\t\t\/>\n\t\t\t\n\t\t\t\t\t\t\t<${validation.ErrorMessage}\n\t\t\t\t\terrors=${validation.errors}\n\t\t\t\t\tname=\"telefon\"\n\t\t\t\t\tas=${html`<span className=\"mf-error-message\"><\/span>`}\n\t\t\t\t\t\/>\n\t\t\t\n\t\t\t\n\t\t<\/div>\n\n\t\t\t\t\t\t<\/div>\n\t\t\t\t<\/div>\n\t\t\t\t\t<\/div>\n\t\t<\/div>\n\t\t\t\t\t<\/div>\n\t\t<\/section>\n\t\t\t\t<section className=\"elementor-section elementor-top-section elementor-element elementor-element-bceff30 elementor-section-boxed elementor-section-height-default elementor-section-height-default\" data-id=\"bceff30\" data-element_type=\"section\">\n\t\t\t\t\t\t<div className=\"elementor-container elementor-column-gap-default\">\n\t\t\t\t\t<div className=\"elementor-column elementor-col-100 elementor-top-column elementor-element elementor-element-0db0075 top column-style-top\" data-id=\"0db0075\" data-element_type=\"column\">\n\t\t\t<div className=\"elementor-widget-wrap elementor-element-populated\">\n\t\t\t\t\t\t<div className=\"elementor-element elementor-element-01560b6 elementor-widget elementor-widget-mf-email\" data-id=\"01560b6\" data-element_type=\"widget\" data-settings=\"{&quot;mf_input_name&quot;:&quot;eposta&quot;}\" data-widget_type=\"mf-email.default\">\n\t\t\t\t<div className=\"elementor-widget-container\">\n\t\t\t\t\t\r\n\t\t<div className=\"mf-input-wrapper\">\r\n\t\t\t\t\t\t\t<label className=\"mf-input-label\" htmlFor=\"mf-input-email-01560b6\">\r\n\t\t\t\t\t${ parent.decodeEntities(`E-Posta`) } \t\t\t\t\t<span className=\"mf-input-required-indicator\">*<\/span>\r\n\t\t\t\t<\/label>\r\n\t\t\t\r\n\t\t\t<input \r\n\t\t\t\ttype=\"email\" \r\n\t\t\t\t \r\n\t\t\t\tdefaultValue=\"\" \r\n\t\t\t\tclassName=\"mf-input \" \r\n\t\t\t\tid=\"mf-input-email-01560b6\" \r\n\t\t\t\tname=\"eposta\" \r\n\t\t\t\tplaceholder=\"${ parent.decodeEntities(`isim@domain.com`) } \" \r\n\t\t\t\t \r\n\t\t\t\tonBlur=${parent.handleChange} onFocus=${parent.handleChange} aria-invalid=${validation.errors['eposta'] ? 'true' : 'false' } \r\n\t\t\t\tref=${el=> parent.activateValidation({\"message\":\"Something went wrong.\",\"emailMessage\":\"Please enter a valid Email address\",\"minLength\":1,\"maxLength\":\"\",\"type\":\"none\",\"required\":true,\"expression\":\"null\"}, el)}\r\n\t\t\t\t\t\t\t\/>\r\n\r\n\t\t\t\t\t\t<${validation.ErrorMessage} \r\n\t\t\t\terrors=${validation.errors} \r\n\t\t\t\tname=\"eposta\" \r\n\t\t\t\tas=${html`<span className=\"mf-error-message\"><\/span>`}\r\n\t\t\t\/>\r\n\t\t\t\r\n\t\t\t\t\t<\/div>\r\n\r\n\t\t\t\t<\/div>\n\t\t\t\t<\/div>\n\t\t\t\t\t<\/div>\n\t\t<\/div>\n\t\t\t\t\t<\/div>\n\t\t<\/section>\n\t\t\t\t<section className=\"elementor-section elementor-top-section elementor-element elementor-element-a1cf58f elementor-section-boxed elementor-section-height-default elementor-section-height-default\" data-id=\"a1cf58f\" data-element_type=\"section\">\n\t\t\t\t\t\t<div className=\"elementor-container elementor-column-gap-default\">\n\t\t\t\t\t<div className=\"elementor-column elementor-col-100 elementor-top-column elementor-element elementor-element-32ac3e9 top column-style-top\" data-id=\"32ac3e9\" data-element_type=\"column\">\n\t\t\t<div className=\"elementor-widget-wrap elementor-element-populated\">\n\t\t\t\t\t\t<div className=\"elementor-element elementor-element-18b97b1 elementor-widget elementor-widget-mf-text\" data-id=\"18b97b1\" data-element_type=\"widget\" data-settings=\"{&quot;mf_input_name&quot;:&quot;konu&quot;}\" data-widget_type=\"mf-text.default\">\n\t\t\t\t<div className=\"elementor-widget-container\">\n\t\t\t\t\t\r\n\t\t<div className=\"mf-input-wrapper\">\r\n\t\t\t\t\t\t\t<label className=\"mf-input-label\" htmlFor=\"mf-input-text-18b97b1\">\r\n\t\t\t\t\t${ parent.decodeEntities(`Konu`) } \t\t\t\t\t<span className=\"mf-input-required-indicator\">*<\/span>\r\n\t\t\t\t<\/label>\r\n\t\t\t\r\n\t\t\t<input\r\n\t\t\t\ttype=\"text\"\r\n\t\t\t\tclassName=\"mf-input \"\r\n\t\t\t\tid=\"mf-input-text-18b97b1\"\r\n\t\t\t\tname=\"konu\"\r\n\t\t\t\tplaceholder=\"${ parent.decodeEntities(``) } \"\r\n\t\t\t\t\t\t\t\t\tonInput=${parent.handleChange}\r\n\t\t\t\t\tonBlur=${parent.handleChange}\r\n\t\t\t\t\taria-invalid=${validation.errors['konu'] ? 'true' : 'false'}\r\n\t\t\t\t\tref=${el =>{\r\n\t\t\t\t\t\t\t\t\t\t\t\tparent.activateValidation({\"message\":\"Something went wrong.\",\"minLength\":1,\"maxLength\":\"\",\"type\":\"none\",\"required\":true,\"expression\":\"null\"}, el)\r\n\t\t\t\t\t}}\r\n\t\t\t\t\t\t\t\t\/>\r\n\r\n\t\t\t\t\t\t\t<${validation.ErrorMessage}\r\n\t\t\t\t\terrors=${validation.errors}\r\n\t\t\t\t\tname=\"konu\"\r\n\t\t\t\t\tas=${html`<span className=\"mf-error-message\"><\/span>`}\r\n\t\t\t\t\t\/>\r\n\t\t\t\r\n\t\t\t\t\t<\/div>\r\n\r\n\t\t\t\t\t\t<\/div>\n\t\t\t\t<\/div>\n\t\t\t\t\t<\/div>\n\t\t<\/div>\n\t\t\t\t\t<\/div>\n\t\t<\/section>\n\t\t\t\t<section className=\"elementor-section elementor-top-section elementor-element elementor-element-1d254b0 elementor-section-boxed elementor-section-height-default elementor-section-height-default\" data-id=\"1d254b0\" data-element_type=\"section\">\n\t\t\t\t\t\t<div className=\"elementor-container elementor-column-gap-default\">\n\t\t\t\t\t<div className=\"elementor-column elementor-col-100 elementor-top-column elementor-element elementor-element-0f68b32 top column-style-top\" data-id=\"0f68b32\" data-element_type=\"column\">\n\t\t\t<div className=\"elementor-widget-wrap elementor-element-populated\">\n\t\t\t\t\t\t<div className=\"elementor-element elementor-element-9d0a6f1 elementor-widget elementor-widget-mf-textarea\" data-id=\"9d0a6f1\" data-element_type=\"widget\" data-settings=\"{&quot;mf_input_name&quot;:&quot;mf-textarea&quot;}\" data-widget_type=\"mf-textarea.default\">\n\t\t\t\t<div className=\"elementor-widget-container\">\n\t\t\t\t\t\r\n\t\t<div className=\"mf-input-wrapper\">\r\n\t\t\t\t\t\t\t<label className=\"mf-input-label\" htmlFor=\"mf-input-text-area-9d0a6f1\">\r\n\t\t\t\t\t${ parent.decodeEntities(`L\u00fctfen detayl\u0131 bilgi veriniz.`) } \t\t\t\t\t<span className=\"mf-input-required-indicator\">*<\/span>\r\n\t\t\t\t<\/label>\r\n\t\t\t\r\n\t\t\t<textarea className=\"mf-input mf-textarea \" id=\"mf-input-text-area-9d0a6f1\"\r\n\t\t\t\tname=\"mf-textarea\" \r\n\t\t\t\tplaceholder=\"${ parent.decodeEntities(``) } \"\r\n\t\t\t\tcols=\"30\" rows=\"10\"\r\n\t\t\t\t\t\t\t\t\tonInput=${ parent.handleChange }\r\n\t\t\t\t\taria-invalid=${validation.errors['mf-textarea'] ? 'true' : 'false'}\r\n\t\t\t\t\tref=${ el => parent.activateValidation({\"message\":\"Something went wrong.\",\"minLength\":1,\"maxLength\":\"\",\"type\":\"none\",\"required\":true,\"expression\":\"null\"}, el)}\r\n\t\t\t\t\t\t\t\t><\/textarea>\r\n\r\n\t\t\t\t\t\t\t<${validation.ErrorMessage}\r\n\t\t\t\t\terrors=${validation.errors}\r\n\t\t\t\t\tname=\"mf-textarea\"\r\n\t\t\t\t\tas=${html`<span className=\"mf-error-message\"><\/span>`}\r\n\t\t\t\t\t\/>\r\n\t\t\t\t\t\t\t\t<\/div>\r\n\r\n\t\t\t\t\t\t<\/div>\n\t\t\t\t<\/div>\n\t\t\t\t\t<\/div>\n\t\t<\/div>\n\t\t\t\t\t<\/div>\n\t\t<\/section>\n\t\t\t\t<section className=\"elementor-section elementor-top-section elementor-element elementor-element-77a5cac elementor-section-boxed elementor-section-height-default elementor-section-height-default\" data-id=\"77a5cac\" data-element_type=\"section\">\n\t\t\t\t\t\t<div className=\"elementor-container elementor-column-gap-default\">\n\t\t\t\t\t<div className=\"elementor-column elementor-col-100 elementor-top-column elementor-element elementor-element-a5a70cb top column-style-top\" data-id=\"a5a70cb\" data-element_type=\"column\">\n\t\t\t<div className=\"elementor-widget-wrap elementor-element-populated\">\n\t\t\t\t\t\t<div className=\"elementor-element elementor-element-fb140e5 mf-btn--center elementor-widget elementor-widget-mf-button\" data-id=\"fb140e5\" data-element_type=\"widget\" data-widget_type=\"mf-button.default\">\n\t\t\t\t<div className=\"elementor-widget-container\">\n\t\t\t\t\t\t\t<div className=\"mf-btn-wraper \" data-mf-form-conditional-logic-requirement=\"\">\r\n\t\t\t\t\t\t\t<button type=\"submit\" className=\"metform-btn metform-submit-btn \" id=\"\">\r\n\t\t\t\t\t<span>${ parent.decodeEntities(`Beni aray\u0131n`) } <\/span>\r\n\t\t\t\t<\/button>\r\n\t\t\t        <\/div>\r\n        \t\t\t\t<\/div>\n\t\t\t\t<\/div>\n\t\t\t\t\t<\/div>\n\t\t<\/div>\n\t\t\t\t\t<\/div>\n\t\t<\/section>\n\t\t\t\t<\/div>\n\t\t\t\t\t\t\t`}\r\n\t\t\t\t\t<\/div>\r\n\r\n\t\t\t\t\t${is_dummy_markup ? message_position === 'bottom' ? props.ResponseDummyMarkup(message_successIcon, message_proClass) : '' : ''}\r\n\t\t\t\t\t${is_dummy_markup ? ' ' : message_position === 'bottom' ? props.SubmitResponseMarkup`${parent}${state}${message_successIcon}${message_errorIcon}${message_proClass}` : ''}\r\n\t\t\t\t\r\n\t\t\t\t<\/form>\r\n\t\t\t`\r\n\t\t<\/script>\r\n\r\n\t\t<\/div><\/div>\n\t\t\t\t\t\t<\/div>\n\t\t\t\t<\/div>\n\t\t\t\t\t<\/div>\n\t\t<\/div>\n\t\t\t\t\t<\/div>\n\t\t<\/section>\n\t\t\t\t<\/div>\n\t\t","protected":false},"excerpt":{"rendered":"<p>Beni Aray\u0131n Telefonda bir uzmanla konu\u015fmaya ihtiyac\u0131n\u0131z m\u0131 var? Bir uzman\u0131n tavsiyesine veya \u00f6nemli bir sorunun cevab\u0131na ihtiyac\u0131n\u0131z m\u0131 var? \u0130leti\u015fim bilgilerinizi a\u015fa\u011f\u0131ya girdikten sonra bize g\u00f6nderirseniz, uzmanlar\u0131m\u0131zdan biri en k\u0131sa s\u00fcrede sizi telefonla arayacakt\u0131r.<\/p>\n","protected":false},"author":1,"featured_media":0,"parent":0,"menu_order":0,"comment_status":"closed","ping_status":"closed","template":"elementor_header_footer","meta":{"footnotes":""},"class_list":["post-11071","page","type-page","status-publish","hentry"],"yoast_head":"<!-- This site is optimized with the Yoast SEO plugin v26.4 - https:\/\/yoast.com\/wordpress\/plugins\/seo\/ -->\n<title>Beni Aray\u0131n - Eksen Makina Ltd. \u015eti. |\u00a0TTO Representative for Turkey<\/title>\n<meta name=\"robots\" content=\"index, follow, max-snippet:-1, max-image-preview:large, max-video-preview:-1\" \/>\n<link rel=\"canonical\" href=\"https:\/\/eksenmak.com\/en\/beni-arayin\/\" \/>\n<meta property=\"og:locale\" content=\"tr_TR\" \/>\n<meta property=\"og:type\" content=\"article\" \/>\n<meta property=\"og:title\" content=\"Beni Aray\u0131n - Eksen Makina Ltd. \u015eti. |\u00a0TTO Representative for Turkey\" \/>\n<meta property=\"og:description\" content=\"Beni Aray\u0131n Telefonda bir uzmanla konu\u015fmaya ihtiyac\u0131n\u0131z m\u0131 var? Bir uzman\u0131n tavsiyesine veya \u00f6nemli bir sorunun cevab\u0131na ihtiyac\u0131n\u0131z m\u0131 var? \u0130leti\u015fim bilgilerinizi a\u015fa\u011f\u0131ya girdikten sonra bize g\u00f6nderirseniz, uzmanlar\u0131m\u0131zdan biri en k\u0131sa s\u00fcrede sizi telefonla arayacakt\u0131r.\" \/>\n<meta property=\"og:url\" content=\"https:\/\/eksenmak.com\/en\/beni-arayin\/\" \/>\n<meta property=\"og:site_name\" content=\"Eksen Makina Ltd. \u015eti. |\u00a0TTO Representative for Turkey\" \/>\n<meta property=\"article:modified_time\" content=\"2020-12-09T18:34:44+00:00\" \/>\n<meta name=\"twitter:card\" content=\"summary_large_image\" \/>\n<script type=\"application\/ld+json\" class=\"yoast-schema-graph\">{\"@context\":\"https:\/\/schema.org\",\"@graph\":[{\"@type\":\"WebPage\",\"@id\":\"https:\/\/eksenmak.com\/en\/beni-arayin\/\",\"url\":\"https:\/\/eksenmak.com\/en\/beni-arayin\/\",\"name\":\"Beni Aray\u0131n - Eksen Makina Ltd. \u015eti. |\u00a0TTO Representative for Turkey\",\"isPartOf\":{\"@id\":\"https:\/\/eksenmak.com\/en\/#website\"},\"datePublished\":\"2020-12-09T18:33:07+00:00\",\"dateModified\":\"2020-12-09T18:34:44+00:00\",\"breadcrumb\":{\"@id\":\"https:\/\/eksenmak.com\/en\/beni-arayin\/#breadcrumb\"},\"inLanguage\":\"tr\",\"potentialAction\":[{\"@type\":\"ReadAction\",\"target\":[\"https:\/\/eksenmak.com\/en\/beni-arayin\/\"]}]},{\"@type\":\"BreadcrumbList\",\"@id\":\"https:\/\/eksenmak.com\/en\/beni-arayin\/#breadcrumb\",\"itemListElement\":[{\"@type\":\"ListItem\",\"position\":1,\"name\":\"Ana sayfa\",\"item\":\"https:\/\/eksenmak.com\/en\/\"},{\"@type\":\"ListItem\",\"position\":2,\"name\":\"Beni Aray\u0131n\"}]},{\"@type\":\"WebSite\",\"@id\":\"https:\/\/eksenmak.com\/en\/#website\",\"url\":\"https:\/\/eksenmak.com\/en\/\",\"name\":\"Eksen Makina Ltd. \u015eti. |\u00a0TTO Representative for Turkey\",\"description\":\"\",\"potentialAction\":[{\"@type\":\"SearchAction\",\"target\":{\"@type\":\"EntryPoint\",\"urlTemplate\":\"https:\/\/eksenmak.com\/en\/?s={search_term_string}\"},\"query-input\":{\"@type\":\"PropertyValueSpecification\",\"valueRequired\":true,\"valueName\":\"search_term_string\"}}],\"inLanguage\":\"tr\"}]}<\/script>\n<!-- \/ Yoast SEO plugin. -->","yoast_head_json":{"title":"Beni Aray\u0131n - Eksen Makina Ltd. \u015eti. |\u00a0TTO Representative for Turkey","robots":{"index":"index","follow":"follow","max-snippet":"max-snippet:-1","max-image-preview":"max-image-preview:large","max-video-preview":"max-video-preview:-1"},"canonical":"https:\/\/eksenmak.com\/en\/beni-arayin\/","og_locale":"tr_TR","og_type":"article","og_title":"Beni Aray\u0131n - Eksen Makina Ltd. \u015eti. |\u00a0TTO Representative for Turkey","og_description":"Beni Aray\u0131n Telefonda bir uzmanla konu\u015fmaya ihtiyac\u0131n\u0131z m\u0131 var? Bir uzman\u0131n tavsiyesine veya \u00f6nemli bir sorunun cevab\u0131na ihtiyac\u0131n\u0131z m\u0131 var? \u0130leti\u015fim bilgilerinizi a\u015fa\u011f\u0131ya girdikten sonra bize g\u00f6nderirseniz, uzmanlar\u0131m\u0131zdan biri en k\u0131sa s\u00fcrede sizi telefonla arayacakt\u0131r.","og_url":"https:\/\/eksenmak.com\/en\/beni-arayin\/","og_site_name":"Eksen Makina Ltd. \u015eti. |\u00a0TTO Representative for Turkey","article_modified_time":"2020-12-09T18:34:44+00:00","twitter_card":"summary_large_image","schema":{"@context":"https:\/\/schema.org","@graph":[{"@type":"WebPage","@id":"https:\/\/eksenmak.com\/en\/beni-arayin\/","url":"https:\/\/eksenmak.com\/en\/beni-arayin\/","name":"Beni Aray\u0131n - Eksen Makina Ltd. \u015eti. |\u00a0TTO Representative for Turkey","isPartOf":{"@id":"https:\/\/eksenmak.com\/en\/#website"},"datePublished":"2020-12-09T18:33:07+00:00","dateModified":"2020-12-09T18:34:44+00:00","breadcrumb":{"@id":"https:\/\/eksenmak.com\/en\/beni-arayin\/#breadcrumb"},"inLanguage":"tr","potentialAction":[{"@type":"ReadAction","target":["https:\/\/eksenmak.com\/en\/beni-arayin\/"]}]},{"@type":"BreadcrumbList","@id":"https:\/\/eksenmak.com\/en\/beni-arayin\/#breadcrumb","itemListElement":[{"@type":"ListItem","position":1,"name":"Ana sayfa","item":"https:\/\/eksenmak.com\/en\/"},{"@type":"ListItem","position":2,"name":"Beni Aray\u0131n"}]},{"@type":"WebSite","@id":"https:\/\/eksenmak.com\/en\/#website","url":"https:\/\/eksenmak.com\/en\/","name":"Eksen Makina Ltd. \u015eti. |\u00a0TTO Representative for Turkey","description":"","potentialAction":[{"@type":"SearchAction","target":{"@type":"EntryPoint","urlTemplate":"https:\/\/eksenmak.com\/en\/?s={search_term_string}"},"query-input":{"@type":"PropertyValueSpecification","valueRequired":true,"valueName":"search_term_string"}}],"inLanguage":"tr"}]}},"_links":{"self":[{"href":"https:\/\/eksenmak.com\/en\/wp-json\/wp\/v2\/pages\/11071","targetHints":{"allow":["GET"]}}],"collection":[{"href":"https:\/\/eksenmak.com\/en\/wp-json\/wp\/v2\/pages"}],"about":[{"href":"https:\/\/eksenmak.com\/en\/wp-json\/wp\/v2\/types\/page"}],"author":[{"embeddable":true,"href":"https:\/\/eksenmak.com\/en\/wp-json\/wp\/v2\/users\/1"}],"replies":[{"embeddable":true,"href":"https:\/\/eksenmak.com\/en\/wp-json\/wp\/v2\/comments?post=11071"}],"version-history":[{"count":0,"href":"https:\/\/eksenmak.com\/en\/wp-json\/wp\/v2\/pages\/11071\/revisions"}],"wp:attachment":[{"href":"https:\/\/eksenmak.com\/en\/wp-json\/wp\/v2\/media?parent=11071"}],"curies":[{"name":"wp","href":"https:\/\/api.w.org\/{rel}","templated":true}]}}