{"id":10940,"date":"2020-12-08T21:21:37","date_gmt":"2020-12-08T18:21:37","guid":{"rendered":"https:\/\/eksenmak.com\/en\/?page_id=10940"},"modified":"2025-11-24T14:06:10","modified_gmt":"2025-11-24T11:06:10","slug":"haberler","status":"publish","type":"page","link":"https:\/\/eksenmak.com\/en\/haberler\/","title":{"rendered":"Haberler"},"content":{"rendered":"\t\t<div data-elementor-type=\"wp-page\" data-elementor-id=\"10940\" class=\"elementor elementor-10940\">\n\t\t\t\t\t\t<section class=\"elementor-section elementor-top-section elementor-element elementor-element-937f941 elementor-section-boxed elementor-section-height-default elementor-section-height-default\" data-id=\"937f941\" data-element_type=\"section\">\n\t\t\t\t\t\t<div class=\"elementor-container elementor-column-gap-default\">\n\t\t\t\t\t<div class=\"elementor-column elementor-col-50 elementor-top-column elementor-element elementor-element-baf3a2e top column-style-top\" data-id=\"baf3a2e\" data-element_type=\"column\">\n\t\t\t<div class=\"elementor-widget-wrap elementor-element-populated\">\n\t\t\t\t\t\t<div class=\"elementor-element elementor-element-eeb3418 elementor-widget elementor-widget-heading\" data-id=\"eeb3418\" data-element_type=\"widget\" data-widget_type=\"heading.default\">\n\t\t\t\t<div class=\"elementor-widget-container\">\n\t\t\t\t\t<h1 class=\"elementor-heading-title elementor-size-default\">News<\/h1>\t\t\t\t<\/div>\n\t\t\t\t<\/div>\n\t\t\t\t\t<\/div>\n\t\t<\/div>\n\t\t\t\t<div class=\"elementor-column elementor-col-50 elementor-top-column elementor-element elementor-element-aedbc9f top column-style-top\" data-id=\"aedbc9f\" data-element_type=\"column\">\n\t\t\t<div class=\"elementor-widget-wrap elementor-element-populated\">\n\t\t\t\t\t\t<div class=\"elementor-element elementor-element-f7a22b6 elementor-widget elementor-widget-shortcode\" data-id=\"f7a22b6\" data-element_type=\"widget\" data-widget_type=\"shortcode.default\">\n\t\t\t\t<div class=\"elementor-widget-container\">\n\t\t\t\t\t\t\t<div class=\"elementor-shortcode\"><ul class=\"breadcrumb\">\n  <li><a href=\"https:\/\/eksenmak.com\/en\">Home<\/a><\/li>\n  <li><a href=\"https:\/\/eksenmak.com\/en\/kurumsal\/\">Corporate<\/a><\/li>\n  <li>News<\/li>\n<\/ul><\/div>\n\t\t\t\t\t\t<\/div>\n\t\t\t\t<\/div>\n\t\t\t\t\t<\/div>\n\t\t<\/div>\n\t\t\t\t\t<\/div>\n\t\t<\/section>\n\t\t\t\t<section class=\"elementor-section elementor-top-section elementor-element elementor-element-54bb0e1 elementor-section-boxed elementor-section-height-default elementor-section-height-default\" data-id=\"54bb0e1\" data-element_type=\"section\">\n\t\t\t\t\t\t<div class=\"elementor-container elementor-column-gap-default\">\n\t\t\t\t\t<div class=\"elementor-column elementor-col-100 elementor-top-column elementor-element elementor-element-016e6d4 top column-style-top\" data-id=\"016e6d4\" data-element_type=\"column\">\n\t\t\t<div class=\"elementor-widget-wrap elementor-element-populated\">\n\t\t\t\t\t\t<section class=\"elementor-section elementor-inner-section elementor-element elementor-element-c6f243f elementor-section-boxed elementor-section-height-default elementor-section-height-default\" data-id=\"c6f243f\" data-element_type=\"section\">\n\t\t\t\t\t\t<div class=\"elementor-container elementor-column-gap-default\">\n\t\t\t\t\t<div class=\"elementor-column elementor-col-100 elementor-inner-column elementor-element elementor-element-4985496 top column-style-top\" data-id=\"4985496\" data-element_type=\"column\">\n\t\t\t<div class=\"elementor-widget-wrap\">\n\t\t\t\t\t\t\t<\/div>\n\t\t<\/div>\n\t\t\t\t\t<\/div>\n\t\t<\/section>\n\t\t\t\t\t<\/div>\n\t\t<\/div>\n\t\t\t\t\t<\/div>\n\t\t<\/section>\n\t\t\t\t<section class=\"elementor-section elementor-top-section elementor-element elementor-element-b795a12 elementor-section-boxed elementor-section-height-default elementor-section-height-default\" data-id=\"b795a12\" data-element_type=\"section\">\n\t\t\t\t\t\t<div class=\"elementor-container elementor-column-gap-default\">\n\t\t\t\t\t<div class=\"elementor-column elementor-col-33 elementor-top-column elementor-element elementor-element-84ae00b top column-style-top\" data-id=\"84ae00b\" data-element_type=\"column\">\n\t\t\t<div class=\"elementor-widget-wrap elementor-element-populated\">\n\t\t\t\t\t\t<div class=\"elementor-element elementor-element-e7546fd elementor-widget elementor-widget-wp-widget-search\" data-id=\"e7546fd\" data-element_type=\"widget\" data-widget_type=\"wp-widget-search.default\">\n\t\t\t\t<div class=\"elementor-widget-container\">\n\t\t\t\t\t<form method=\"get\" class=\"searchform gva-main-search\" action=\"https:\/\/eksenmak.com\/en\/\">\r\n\t<div class=\"gva-search\">\r\n\t\t<input name=\"s\" maxlength=\"40\" class=\"form-control input-large input-search\" type=\"text\" size=\"20\" placeholder=\"Search...\">\r\n\t\t<span class=\"input-group-addon input-large btn-search\">\r\n\t\t\t<input type=\"submit\" class=\"fa\" value=\"&#xf002;\" \/>\r\n\t\t<\/span>\r\n\t<\/div>\r\n<\/form>\r\n\r\n\r\n\t\t\t\t<\/div>\n\t\t\t\t<\/div>\n\t\t\t\t<div class=\"elementor-element elementor-element-84f0231 elementor-widget elementor-widget-wp-widget-categories\" data-id=\"84f0231\" data-element_type=\"widget\" data-widget_type=\"wp-widget-categories.default\">\n\t\t\t\t<div class=\"elementor-widget-container\">\n\t\t\t\t\t<h5>Kategoriler<\/h5>\n\t\t\t<ul>\n\t\t\t\t\t<li class=\"cat-item cat-item-129\"><a href=\"https:\/\/eksenmak.com\/en\/category\/eksen-makina-katildigi-fuarlar\/\">Fuarlar<\/a> <span class=\"count\">(1)<\/span>\n<\/li>\n\t<li class=\"cat-item cat-item-1\"><a href=\"https:\/\/eksenmak.com\/en\/category\/genel\/\">Genel<\/a> <span class=\"count\">(4)<\/span>\n<\/li>\n\t<li class=\"cat-item cat-item-130\"><a href=\"https:\/\/eksenmak.com\/en\/category\/tamir-takimlari-bilgilendirme\/\">Tamir Tak\u0131mlar\u0131<\/a> <span class=\"count\">(1)<\/span>\n<\/li>\n\t\t\t<\/ul>\n\n\t\t\t\t\t\t\t<\/div>\n\t\t\t\t<\/div>\n\t\t\t\t<div class=\"elementor-element elementor-element-5d97c52 elementor-widget elementor-widget-wp-widget-recent-posts\" data-id=\"5d97c52\" data-element_type=\"widget\" data-widget_type=\"wp-widget-recent-posts.default\">\n\t\t\t\t<div class=\"elementor-widget-container\">\n\t\t\t\t\t\n\t\t\n\t\t<h5>Son Yaz\u0131lar<\/h5>\n\t\t<ul>\n\t\t\t\t\t\t\t\t\t\t\t<li>\n\t\t\t\t\t<a href=\"https:\/\/eksenmak.com\/en\/2025\/04\/23\/yag-kecesi-nedir-cesitleri-kullanim-alanlari-ve-teknik-rehber\/\">Ya\u011f Ke\u00e7esi Nedir? \u00c7e\u015fitleri, Kullan\u0131m Alanlar\u0131 ve Teknik Rehber<\/a>\n\t\t\t\t\t\t\t\t\t<\/li>\n\t\t\t\t\t\t\t\t\t\t\t<li>\n\t\t\t\t\t<a href=\"https:\/\/eksenmak.com\/en\/2016\/02\/03\/pompa-ve-hidromotor-tamir-takimlari\/\">Pompa ve Hidromotor Tamir Tak\u0131mlar\u0131<\/a>\n\t\t\t\t\t\t\t\t\t<\/li>\n\t\t\t\t\t\t\t\t\t\t\t<li>\n\t\t\t\t\t<a href=\"https:\/\/eksenmak.com\/en\/2015\/05\/06\/komatek-2015-fuari\/\">Komatek 2015 Fuar\u0131<\/a>\n\t\t\t\t\t\t\t\t\t<\/li>\n\t\t\t\t\t\t\t\t\t\t\t<li>\n\t\t\t\t\t<a href=\"https:\/\/eksenmak.com\/en\/2014\/10\/23\/eksen-oil-seals-yuksek-kaliteli-cozumler\/\">Eksen Oil Seals\u00ae | Y\u00fcksek Kaliteli \u00c7\u00f6z\u00fcmler<\/a>\n\t\t\t\t\t\t\t\t\t<\/li>\n\t\t\t\t\t<\/ul>\n\n\t\t\t\t\t\t<\/div>\n\t\t\t\t<\/div>\n\t\t\t\t\t<\/div>\n\t\t<\/div>\n\t\t\t\t<div class=\"elementor-column elementor-col-66 elementor-top-column elementor-element elementor-element-8edc477 top column-style-top\" data-id=\"8edc477\" data-element_type=\"column\">\n\t\t\t<div class=\"elementor-widget-wrap elementor-element-populated\">\n\t\t\t\t\t\t<div class=\"elementor-element elementor-element-8389183 elementor-widget elementor-widget-gva-posts\" data-id=\"8389183\" data-element_type=\"widget\" data-widget_type=\"gva-posts.default\">\n\t\t\t\t<div class=\"elementor-widget-container\">\n\t\t\t\t\t<div class=\"gva-element-gva-posts gva-element\">  \r\n  <div class=\"gva-posts-grid clearfix gva-posts\">\r\n      <div class=\"gva-content-items\"> \r\n        <div class=\"lg-block-grid-2 md-block-grid-2 sm-block-grid-1 xs-block-grid-1 xx-block-grid-1\">\r\n          \r\n<div class=\"all genel  item-columns\">\r\n   <article id=\"post-12931\" class=\"post-12931 post type-post status-publish format-standard hentry category-genel\">\r\n      <div class=\"post-block post-style-1\">\r\n         <div class=\"post-thumbnail\">\r\n            <a href=\"https:\/\/eksenmak.com\/en\/2025\/04\/23\/yag-kecesi-nedir-cesitleri-kullanim-alanlari-ve-teknik-rehber\/\">\r\n                           <\/a>   \r\n         <\/div>   \r\n\r\n         <div class=\"entry-content\">\r\n            <div class=\"content-inner\">\r\n               <div class=\"entry-meta\">\r\n                  \r\n    <div class=\"meta-inline\"><span class=\"entry-date\">23 Nisan 2025<\/span><span class=\"line\">-<\/span><span class=\"post-comment\">0 comments<\/span><\/div>               <\/div> \r\n               <h2 class=\"entry-title\"><a href=\"https:\/\/eksenmak.com\/en\/2025\/04\/23\/yag-kecesi-nedir-cesitleri-kullanim-alanlari-ve-teknik-rehber\/\" rel=\"bookmark\">Ya\u011f Ke\u00e7esi Nedir? \u00c7e\u015fitleri, Kullan\u0131m Alanlar\u0131 ve Teknik Rehber<\/a><\/h2>\r\n            <\/div>\r\n         <\/div>\r\n      <\/div>   \r\n   <\/article>   \r\n<\/div>\r\n\r\n  \r\n<div class=\"all genel tamir-takimlari-bilgilendirme  item-columns\">\r\n   <article id=\"post-10977\" class=\"post-10977 post type-post status-publish format-standard hentry category-genel category-tamir-takimlari-bilgilendirme tag-eaton-tamir-takimi tag-eksen-oil-seals tag-hitachi-tamir-takimi tag-rexroth-tamir-takimi\">\r\n      <div class=\"post-block post-style-1\">\r\n         <div class=\"post-thumbnail\">\r\n            <a href=\"https:\/\/eksenmak.com\/en\/2016\/02\/03\/pompa-ve-hidromotor-tamir-takimlari\/\">\r\n                           <\/a>   \r\n         <\/div>   \r\n\r\n         <div class=\"entry-content\">\r\n            <div class=\"content-inner\">\r\n               <div class=\"entry-meta\">\r\n                  \r\n    <div class=\"meta-inline\"><span class=\"entry-date\">3 \u015eubat 2016<\/span><\/div>               <\/div> \r\n               <h2 class=\"entry-title\"><a href=\"https:\/\/eksenmak.com\/en\/2016\/02\/03\/pompa-ve-hidromotor-tamir-takimlari\/\" rel=\"bookmark\">Pompa ve Hidromotor Tamir Tak\u0131mlar\u0131<\/a><\/h2>\r\n            <\/div>\r\n         <\/div>\r\n      <\/div>   \r\n   <\/article>   \r\n<\/div>\r\n\r\n  \r\n<div class=\"all eksen-makina-katildigi-fuarlar genel  item-columns\">\r\n   <article id=\"post-10975\" class=\"post-10975 post type-post status-publish format-standard hentry category-eksen-makina-katildigi-fuarlar category-genel tag-eksen-makina tag-eksen-oil-seals tag-komatek-2015\">\r\n      <div class=\"post-block post-style-1\">\r\n         <div class=\"post-thumbnail\">\r\n            <a href=\"https:\/\/eksenmak.com\/en\/2015\/05\/06\/komatek-2015-fuari\/\">\r\n                           <\/a>   \r\n         <\/div>   \r\n\r\n         <div class=\"entry-content\">\r\n            <div class=\"content-inner\">\r\n               <div class=\"entry-meta\">\r\n                  \r\n    <div class=\"meta-inline\"><span class=\"entry-date\">6 May\u0131s 2015<\/span><\/div>               <\/div> \r\n               <h2 class=\"entry-title\"><a href=\"https:\/\/eksenmak.com\/en\/2015\/05\/06\/komatek-2015-fuari\/\" rel=\"bookmark\">Komatek 2015 Fuar\u0131<\/a><\/h2>\r\n            <\/div>\r\n         <\/div>\r\n      <\/div>   \r\n   <\/article>   \r\n<\/div>\r\n\r\n  \r\n<div class=\"all genel  item-columns\">\r\n   <article id=\"post-10970\" class=\"post-10970 post type-post status-publish format-standard hentry category-genel tag-eksen-makina tag-eksen-oil-seals\">\r\n      <div class=\"post-block post-style-1\">\r\n         <div class=\"post-thumbnail\">\r\n            <a href=\"https:\/\/eksenmak.com\/en\/2014\/10\/23\/eksen-oil-seals-yuksek-kaliteli-cozumler\/\">\r\n                           <\/a>   \r\n         <\/div>   \r\n\r\n         <div class=\"entry-content\">\r\n            <div class=\"content-inner\">\r\n               <div class=\"entry-meta\">\r\n                  \r\n    <div class=\"meta-inline\"><span class=\"entry-date\">23 Ekim 2014<\/span><\/div>               <\/div> \r\n               <h2 class=\"entry-title\"><a href=\"https:\/\/eksenmak.com\/en\/2014\/10\/23\/eksen-oil-seals-yuksek-kaliteli-cozumler\/\" rel=\"bookmark\">Eksen Oil Seals\u00ae | Y\u00fcksek Kaliteli \u00c7\u00f6z\u00fcmler<\/a><\/h2>\r\n            <\/div>\r\n         <\/div>\r\n      <\/div>   \r\n   <\/article>   \r\n<\/div>\r\n\r\n          <\/div>\r\n      <\/div>\r\n                <div class=\"pagination\">\r\n                        <\/div>\r\n        <\/div>\r\n  <\/div>\t\t\t\t<\/div>\n\t\t\t\t<\/div>\n\t\t\t\t\t<\/div>\n\t\t<\/div>\n\t\t\t\t\t<\/div>\n\t\t<\/section>\n\t\t\t\t<\/div>\n\t\t","protected":false},"excerpt":{"rendered":"<p>News Home Corporate News 23 Nisan 2025-0 comments Ya\u011f Ke\u00e7esi Nedir? \u00c7e\u015fitleri, Kullan\u0131m Alanlar\u0131 ve Teknik Rehber 3 \u015eubat 2016 Pompa ve Hidromotor Tamir Tak\u0131mlar\u0131 6 May\u0131s 2015 Komatek 2015 Fuar\u0131 23 Ekim 2014 Eksen Oil Seals\u00ae | Y\u00fcksek Kaliteli \u00c7\u00f6z\u00fcmler<\/p>\n","protected":false},"author":1,"featured_media":0,"parent":0,"menu_order":0,"comment_status":"closed","ping_status":"closed","template":"elementor_header_footer","meta":{"footnotes":""},"class_list":["post-10940","page","type-page","status-publish","hentry"],"yoast_head":"<!-- This site is optimized with the Yoast SEO plugin v26.4 - https:\/\/yoast.com\/wordpress\/plugins\/seo\/ -->\n<title>Haberler - Eksen Makina Ltd. \u015eti. |\u00a0TTO Representative for Turkey<\/title>\n<meta name=\"robots\" content=\"index, follow, max-snippet:-1, max-image-preview:large, max-video-preview:-1\" \/>\n<link rel=\"canonical\" href=\"https:\/\/eksenmak.com\/en\/haberler\/\" \/>\n<meta property=\"og:locale\" content=\"tr_TR\" \/>\n<meta property=\"og:type\" content=\"article\" \/>\n<meta property=\"og:title\" content=\"Haberler - Eksen Makina Ltd. \u015eti. |\u00a0TTO Representative for Turkey\" \/>\n<meta property=\"og:description\" content=\"News Home Corporate News 23 Nisan 2025-0 comments Ya\u011f Ke\u00e7esi Nedir? \u00c7e\u015fitleri, Kullan\u0131m Alanlar\u0131 ve Teknik Rehber 3 \u015eubat 2016 Pompa ve Hidromotor Tamir Tak\u0131mlar\u0131 6 May\u0131s 2015 Komatek 2015 Fuar\u0131 23 Ekim 2014 Eksen Oil Seals\u00ae | Y\u00fcksek Kaliteli \u00c7\u00f6z\u00fcmler\" \/>\n<meta property=\"og:url\" content=\"https:\/\/eksenmak.com\/en\/haberler\/\" \/>\n<meta property=\"og:site_name\" content=\"Eksen Makina Ltd. \u015eti. |\u00a0TTO Representative for Turkey\" \/>\n<meta property=\"article:modified_time\" content=\"2025-11-24T11:06:10+00:00\" \/>\n<meta name=\"twitter:card\" content=\"summary_large_image\" \/>\n<script type=\"application\/ld+json\" class=\"yoast-schema-graph\">{\"@context\":\"https:\/\/schema.org\",\"@graph\":[{\"@type\":\"WebPage\",\"@id\":\"https:\/\/eksenmak.com\/en\/haberler\/\",\"url\":\"https:\/\/eksenmak.com\/en\/haberler\/\",\"name\":\"Haberler - Eksen Makina Ltd. \u015eti. |\u00a0TTO Representative for Turkey\",\"isPartOf\":{\"@id\":\"https:\/\/eksenmak.com\/en\/#website\"},\"datePublished\":\"2020-12-08T18:21:37+00:00\",\"dateModified\":\"2025-11-24T11:06:10+00:00\",\"breadcrumb\":{\"@id\":\"https:\/\/eksenmak.com\/en\/haberler\/#breadcrumb\"},\"inLanguage\":\"tr\",\"potentialAction\":[{\"@type\":\"ReadAction\",\"target\":[\"https:\/\/eksenmak.com\/en\/haberler\/\"]}]},{\"@type\":\"BreadcrumbList\",\"@id\":\"https:\/\/eksenmak.com\/en\/haberler\/#breadcrumb\",\"itemListElement\":[{\"@type\":\"ListItem\",\"position\":1,\"name\":\"Ana sayfa\",\"item\":\"https:\/\/eksenmak.com\/en\/\"},{\"@type\":\"ListItem\",\"position\":2,\"name\":\"Haberler\"}]},{\"@type\":\"WebSite\",\"@id\":\"https:\/\/eksenmak.com\/en\/#website\",\"url\":\"https:\/\/eksenmak.com\/en\/\",\"name\":\"Eksen Makina Ltd. \u015eti. |\u00a0TTO Representative for Turkey\",\"description\":\"\",\"potentialAction\":[{\"@type\":\"SearchAction\",\"target\":{\"@type\":\"EntryPoint\",\"urlTemplate\":\"https:\/\/eksenmak.com\/en\/?s={search_term_string}\"},\"query-input\":{\"@type\":\"PropertyValueSpecification\",\"valueRequired\":true,\"valueName\":\"search_term_string\"}}],\"inLanguage\":\"tr\"}]}<\/script>\n<!-- \/ Yoast SEO plugin. -->","yoast_head_json":{"title":"Haberler - Eksen Makina Ltd. \u015eti. |\u00a0TTO Representative for Turkey","robots":{"index":"index","follow":"follow","max-snippet":"max-snippet:-1","max-image-preview":"max-image-preview:large","max-video-preview":"max-video-preview:-1"},"canonical":"https:\/\/eksenmak.com\/en\/haberler\/","og_locale":"tr_TR","og_type":"article","og_title":"Haberler - Eksen Makina Ltd. \u015eti. |\u00a0TTO Representative for Turkey","og_description":"News Home Corporate News 23 Nisan 2025-0 comments Ya\u011f Ke\u00e7esi Nedir? \u00c7e\u015fitleri, Kullan\u0131m Alanlar\u0131 ve Teknik Rehber 3 \u015eubat 2016 Pompa ve Hidromotor Tamir Tak\u0131mlar\u0131 6 May\u0131s 2015 Komatek 2015 Fuar\u0131 23 Ekim 2014 Eksen Oil Seals\u00ae | Y\u00fcksek Kaliteli \u00c7\u00f6z\u00fcmler","og_url":"https:\/\/eksenmak.com\/en\/haberler\/","og_site_name":"Eksen Makina Ltd. \u015eti. |\u00a0TTO Representative for Turkey","article_modified_time":"2025-11-24T11:06:10+00:00","twitter_card":"summary_large_image","schema":{"@context":"https:\/\/schema.org","@graph":[{"@type":"WebPage","@id":"https:\/\/eksenmak.com\/en\/haberler\/","url":"https:\/\/eksenmak.com\/en\/haberler\/","name":"Haberler - Eksen Makina Ltd. \u015eti. |\u00a0TTO Representative for Turkey","isPartOf":{"@id":"https:\/\/eksenmak.com\/en\/#website"},"datePublished":"2020-12-08T18:21:37+00:00","dateModified":"2025-11-24T11:06:10+00:00","breadcrumb":{"@id":"https:\/\/eksenmak.com\/en\/haberler\/#breadcrumb"},"inLanguage":"tr","potentialAction":[{"@type":"ReadAction","target":["https:\/\/eksenmak.com\/en\/haberler\/"]}]},{"@type":"BreadcrumbList","@id":"https:\/\/eksenmak.com\/en\/haberler\/#breadcrumb","itemListElement":[{"@type":"ListItem","position":1,"name":"Ana sayfa","item":"https:\/\/eksenmak.com\/en\/"},{"@type":"ListItem","position":2,"name":"Haberler"}]},{"@type":"WebSite","@id":"https:\/\/eksenmak.com\/en\/#website","url":"https:\/\/eksenmak.com\/en\/","name":"Eksen Makina Ltd. \u015eti. |\u00a0TTO Representative for Turkey","description":"","potentialAction":[{"@type":"SearchAction","target":{"@type":"EntryPoint","urlTemplate":"https:\/\/eksenmak.com\/en\/?s={search_term_string}"},"query-input":{"@type":"PropertyValueSpecification","valueRequired":true,"valueName":"search_term_string"}}],"inLanguage":"tr"}]}},"_links":{"self":[{"href":"https:\/\/eksenmak.com\/en\/wp-json\/wp\/v2\/pages\/10940","targetHints":{"allow":["GET"]}}],"collection":[{"href":"https:\/\/eksenmak.com\/en\/wp-json\/wp\/v2\/pages"}],"about":[{"href":"https:\/\/eksenmak.com\/en\/wp-json\/wp\/v2\/types\/page"}],"author":[{"embeddable":true,"href":"https:\/\/eksenmak.com\/en\/wp-json\/wp\/v2\/users\/1"}],"replies":[{"embeddable":true,"href":"https:\/\/eksenmak.com\/en\/wp-json\/wp\/v2\/comments?post=10940"}],"version-history":[{"count":3,"href":"https:\/\/eksenmak.com\/en\/wp-json\/wp\/v2\/pages\/10940\/revisions"}],"predecessor-version":[{"id":12996,"href":"https:\/\/eksenmak.com\/en\/wp-json\/wp\/v2\/pages\/10940\/revisions\/12996"}],"wp:attachment":[{"href":"https:\/\/eksenmak.com\/en\/wp-json\/wp\/v2\/media?parent=10940"}],"curies":[{"name":"wp","href":"https:\/\/api.w.org\/{rel}","templated":true}]}}