{"id":10883,"date":"2020-12-07T22:51:29","date_gmt":"2020-12-07T19:51:29","guid":{"rendered":"https:\/\/eksenmak.com\/en\/?page_id=10883"},"modified":"2025-11-24T13:53:31","modified_gmt":"2025-11-24T10:53:31","slug":"arastirma-ve-gelistirme","status":"publish","type":"page","link":"https:\/\/eksenmak.com\/en\/arastirma-ve-gelistirme\/","title":{"rendered":"Ara\u015ft\u0131rma ve Geli\u015ftirme"},"content":{"rendered":"\t\t<div data-elementor-type=\"wp-page\" data-elementor-id=\"10883\" class=\"elementor elementor-10883\">\n\t\t\t\t\t\t<section class=\"elementor-section elementor-top-section elementor-element elementor-element-601f559 elementor-section-boxed elementor-section-height-default elementor-section-height-default\" data-id=\"601f559\" data-element_type=\"section\">\n\t\t\t\t\t\t<div class=\"elementor-container elementor-column-gap-default\">\n\t\t\t\t\t<div class=\"elementor-column elementor-col-50 elementor-top-column elementor-element elementor-element-2b44c73 top column-style-top\" data-id=\"2b44c73\" data-element_type=\"column\">\n\t\t\t<div class=\"elementor-widget-wrap elementor-element-populated\">\n\t\t\t\t\t\t<div class=\"elementor-element elementor-element-060ce89 elementor-widget elementor-widget-heading\" data-id=\"060ce89\" data-element_type=\"widget\" data-widget_type=\"heading.default\">\n\t\t\t\t<div class=\"elementor-widget-container\">\n\t\t\t\t\t<h1 class=\"elementor-heading-title elementor-size-default\">Research &amp; Development<\/h1>\t\t\t\t<\/div>\n\t\t\t\t<\/div>\n\t\t\t\t\t<\/div>\n\t\t<\/div>\n\t\t\t\t<div class=\"elementor-column elementor-col-50 elementor-top-column elementor-element elementor-element-f86953a elementor-hidden-phone top column-style-top\" data-id=\"f86953a\" data-element_type=\"column\">\n\t\t\t<div class=\"elementor-widget-wrap elementor-element-populated\">\n\t\t\t\t\t\t<div class=\"elementor-element elementor-element-c1eb947 elementor-widget elementor-widget-shortcode\" data-id=\"c1eb947\" data-element_type=\"widget\" data-widget_type=\"shortcode.default\">\n\t\t\t\t<div class=\"elementor-widget-container\">\n\t\t\t\t\t\t\t<div class=\"elementor-shortcode\"><ul class=\"breadcrumb\">\n  <li><a href=\"https:\/\/eksenmak.com\/en\">Home<\/a><\/li>\n  <li><a href=\"https:\/\/eksenmak.com\/en\/kurumsal\/\">Corporate<\/a><\/li>\n  <li>Research & Development<\/li>\n<\/ul><\/div>\n\t\t\t\t\t\t<\/div>\n\t\t\t\t<\/div>\n\t\t\t\t\t<\/div>\n\t\t<\/div>\n\t\t\t\t\t<\/div>\n\t\t<\/section>\n\t\t\t\t<section class=\"elementor-section elementor-top-section elementor-element elementor-element-87fdb6a elementor-section-boxed elementor-section-height-default elementor-section-height-default\" data-id=\"87fdb6a\" data-element_type=\"section\" data-settings=\"{&quot;background_background&quot;:&quot;classic&quot;}\">\n\t\t\t\t\t\t<div class=\"elementor-container elementor-column-gap-default\">\n\t\t\t\t\t<div class=\"elementor-column elementor-col-100 elementor-top-column elementor-element elementor-element-a72d160 top column-style-top\" data-id=\"a72d160\" data-element_type=\"column\">\n\t\t\t<div class=\"elementor-widget-wrap elementor-element-populated\">\n\t\t\t\t\t\t<div class=\"elementor-element elementor-element-8f69a35 elementor-widget elementor-widget-image\" data-id=\"8f69a35\" data-element_type=\"widget\" data-widget_type=\"image.default\">\n\t\t\t\t<div class=\"elementor-widget-container\">\n\t\t\t\t\t\t\t\t\t\t\t\t\t\t\t<img fetchpriority=\"high\" decoding=\"async\" width=\"1920\" height=\"450\" src=\"https:\/\/eksenmak.com\/en\/wp-content\/uploads\/2020\/12\/1rd_bg.jpg\" class=\"attachment-full size-full wp-image-10885\" alt=\"\" srcset=\"https:\/\/eksenmak.com\/en\/wp-content\/uploads\/2020\/12\/1rd_bg.jpg 1920w, https:\/\/eksenmak.com\/en\/wp-content\/uploads\/2020\/12\/1rd_bg-1024x240.jpg 1024w, https:\/\/eksenmak.com\/en\/wp-content\/uploads\/2020\/12\/1rd_bg-768x180.jpg 768w, https:\/\/eksenmak.com\/en\/wp-content\/uploads\/2020\/12\/1rd_bg-550x129.jpg 550w\" sizes=\"(max-width: 1920px) 100vw, 1920px\" \/>\t\t\t\t\t\t\t\t\t\t\t\t\t\t\t<\/div>\n\t\t\t\t<\/div>\n\t\t\t\t\t<\/div>\n\t\t<\/div>\n\t\t\t\t\t<\/div>\n\t\t<\/section>\n\t\t\t\t<section class=\"elementor-section elementor-top-section elementor-element elementor-element-5f7e530 elementor-section-boxed elementor-section-height-default elementor-section-height-default\" data-id=\"5f7e530\" data-element_type=\"section\">\n\t\t\t\t\t\t<div class=\"elementor-container elementor-column-gap-default\">\n\t\t\t\t\t<div class=\"elementor-column elementor-col-100 elementor-top-column elementor-element elementor-element-b008cf4 top column-style-top\" data-id=\"b008cf4\" data-element_type=\"column\">\n\t\t\t<div class=\"elementor-widget-wrap\">\n\t\t\t\t\t\t\t<\/div>\n\t\t<\/div>\n\t\t\t\t\t<\/div>\n\t\t<\/section>\n\t\t\t\t<section class=\"elementor-section elementor-top-section elementor-element elementor-element-59803a1 elementor-section-boxed elementor-section-height-default elementor-section-height-default\" data-id=\"59803a1\" data-element_type=\"section\">\n\t\t\t\t\t\t<div class=\"elementor-container elementor-column-gap-default\">\n\t\t\t\t\t<div class=\"elementor-column elementor-col-100 elementor-top-column elementor-element elementor-element-2ae47fb top column-style-top\" data-id=\"2ae47fb\" data-element_type=\"column\">\n\t\t\t<div class=\"elementor-widget-wrap\">\n\t\t\t\t\t\t\t<\/div>\n\t\t<\/div>\n\t\t\t\t\t<\/div>\n\t\t<\/section>\n\t\t\t\t<section class=\"elementor-section elementor-top-section elementor-element elementor-element-3de516b elementor-section-boxed elementor-section-height-default elementor-section-height-default\" data-id=\"3de516b\" data-element_type=\"section\" data-settings=\"{&quot;background_background&quot;:&quot;classic&quot;}\">\n\t\t\t\t\t\t<div class=\"elementor-container elementor-column-gap-default\">\n\t\t\t\t\t<div class=\"elementor-column elementor-col-100 elementor-top-column elementor-element elementor-element-c741de0 top column-style-top\" data-id=\"c741de0\" data-element_type=\"column\">\n\t\t\t<div class=\"elementor-widget-wrap elementor-element-populated\">\n\t\t\t\t\t\t<div class=\"elementor-element elementor-element-dd9dd84 elementor-widget elementor-widget-image\" data-id=\"dd9dd84\" data-element_type=\"widget\" data-widget_type=\"image.default\">\n\t\t\t\t<div class=\"elementor-widget-container\">\n\t\t\t\t\t\t\t\t\t\t\t\t\t\t\t<img decoding=\"async\" width=\"900\" height=\"211\" src=\"https:\/\/eksenmak.com\/en\/wp-content\/uploads\/2025\/11\/1rd-1024x240.webp\" class=\"attachment-large size-large wp-image-12984\" alt=\"\" srcset=\"https:\/\/eksenmak.com\/en\/wp-content\/uploads\/2025\/11\/1rd-1024x240.webp 1024w, https:\/\/eksenmak.com\/en\/wp-content\/uploads\/2025\/11\/1rd-768x180.webp 768w, https:\/\/eksenmak.com\/en\/wp-content\/uploads\/2025\/11\/1rd.webp 1920w\" sizes=\"(max-width: 900px) 100vw, 900px\" \/>\t\t\t\t\t\t\t\t\t\t\t\t\t\t\t<\/div>\n\t\t\t\t<\/div>\n\t\t\t\t\t<\/div>\n\t\t<\/div>\n\t\t\t\t\t<\/div>\n\t\t<\/section>\n\t\t\t\t<section class=\"elementor-section elementor-top-section elementor-element elementor-element-3b575ea elementor-section-boxed elementor-section-height-default elementor-section-height-default\" data-id=\"3b575ea\" data-element_type=\"section\">\n\t\t\t\t\t\t<div class=\"elementor-container elementor-column-gap-default\">\n\t\t\t\t\t<div class=\"elementor-column elementor-col-100 elementor-top-column elementor-element elementor-element-de35053 top column-style-top\" data-id=\"de35053\" data-element_type=\"column\">\n\t\t\t<div class=\"elementor-widget-wrap elementor-element-populated\">\n\t\t\t\t\t\t<div class=\"elementor-element elementor-element-fd154a3 elementor-arrows-position-inside elementor-pagination-position-outside elementor-widget elementor-widget-image-carousel\" data-id=\"fd154a3\" data-element_type=\"widget\" data-settings=\"{&quot;slides_to_show&quot;:&quot;1&quot;,&quot;autoplay_speed&quot;:2000,&quot;effect&quot;:&quot;fade&quot;,&quot;navigation&quot;:&quot;both&quot;,&quot;autoplay&quot;:&quot;yes&quot;,&quot;pause_on_hover&quot;:&quot;yes&quot;,&quot;pause_on_interaction&quot;:&quot;yes&quot;,&quot;infinite&quot;:&quot;yes&quot;,&quot;speed&quot;:500}\" data-widget_type=\"image-carousel.default\">\n\t\t\t\t<div class=\"elementor-widget-container\">\n\t\t\t\t\t\t\t<div class=\"elementor-image-carousel-wrapper swiper\" role=\"region\" aria-roledescription=\"carousel\" aria-label=\"Resim D\u00f6ng\u00fcs\u00fc\" dir=\"ltr\">\n\t\t\t<div class=\"elementor-image-carousel swiper-wrapper\" aria-live=\"off\">\n\t\t\t\t\t\t\t\t<div class=\"swiper-slide\" role=\"group\" aria-roledescription=\"slide\" aria-label=\"1 \/ 6\"><figure class=\"swiper-slide-inner\"><img decoding=\"async\" class=\"swiper-slide-image\" src=\"https:\/\/eksenmak.com\/en\/wp-content\/uploads\/2020\/12\/1rd1.jpg\" alt=\"1rd1\" \/><\/figure><\/div><div class=\"swiper-slide\" role=\"group\" aria-roledescription=\"slide\" aria-label=\"2 \/ 6\"><figure class=\"swiper-slide-inner\"><img decoding=\"async\" class=\"swiper-slide-image\" src=\"https:\/\/eksenmak.com\/en\/wp-content\/uploads\/2020\/12\/1rd2.jpg\" alt=\"1rd2\" \/><\/figure><\/div><div class=\"swiper-slide\" role=\"group\" aria-roledescription=\"slide\" aria-label=\"3 \/ 6\"><figure class=\"swiper-slide-inner\"><img decoding=\"async\" class=\"swiper-slide-image\" src=\"https:\/\/eksenmak.com\/en\/wp-content\/uploads\/2020\/12\/1rd3.jpg\" alt=\"1rd3\" \/><\/figure><\/div><div class=\"swiper-slide\" role=\"group\" aria-roledescription=\"slide\" aria-label=\"4 \/ 6\"><figure class=\"swiper-slide-inner\"><img decoding=\"async\" class=\"swiper-slide-image\" src=\"https:\/\/eksenmak.com\/en\/wp-content\/uploads\/2020\/12\/1rd4.jpg\" alt=\"1rd4\" \/><\/figure><\/div><div class=\"swiper-slide\" role=\"group\" aria-roledescription=\"slide\" aria-label=\"5 \/ 6\"><figure class=\"swiper-slide-inner\"><img decoding=\"async\" class=\"swiper-slide-image\" src=\"https:\/\/eksenmak.com\/en\/wp-content\/uploads\/2020\/12\/1rd5.jpg\" alt=\"1rd5\" \/><\/figure><\/div><div class=\"swiper-slide\" role=\"group\" aria-roledescription=\"slide\" aria-label=\"6 \/ 6\"><figure class=\"swiper-slide-inner\"><img decoding=\"async\" class=\"swiper-slide-image\" src=\"https:\/\/eksenmak.com\/en\/wp-content\/uploads\/2020\/12\/1rd6.jpg\" alt=\"1rd6\" \/><\/figure><\/div>\t\t\t<\/div>\n\t\t\t\t\t\t\t\t\t\t\t\t<div class=\"elementor-swiper-button elementor-swiper-button-prev\" role=\"button\" tabindex=\"0\">\n\t\t\t\t\t\t<i aria-hidden=\"true\" class=\"eicon-chevron-left\"><\/i>\t\t\t\t\t<\/div>\n\t\t\t\t\t<div class=\"elementor-swiper-button elementor-swiper-button-next\" role=\"button\" tabindex=\"0\">\n\t\t\t\t\t\t<i aria-hidden=\"true\" class=\"eicon-chevron-right\"><\/i>\t\t\t\t\t<\/div>\n\t\t\t\t\n\t\t\t\t\t\t\t\t\t<div class=\"swiper-pagination\"><\/div>\n\t\t\t\t\t\t\t\t\t<\/div>\n\t\t\t\t\t\t<\/div>\n\t\t\t\t<\/div>\n\t\t\t\t\t<\/div>\n\t\t<\/div>\n\t\t\t\t\t<\/div>\n\t\t<\/section>\n\t\t\t\t<section class=\"elementor-section elementor-top-section elementor-element elementor-element-601bf45 elementor-section-boxed elementor-section-height-default elementor-section-height-default\" data-id=\"601bf45\" data-element_type=\"section\">\n\t\t\t\t\t\t<div class=\"elementor-container elementor-column-gap-default\">\n\t\t\t\t\t<div class=\"elementor-column elementor-col-33 elementor-top-column elementor-element elementor-element-8f5e15b top column-style-top\" data-id=\"8f5e15b\" data-element_type=\"column\">\n\t\t\t<div class=\"elementor-widget-wrap elementor-element-populated\">\n\t\t\t\t\t\t<div class=\"elementor-element elementor-element-75b1bbe elementor-widget elementor-widget-text-editor\" data-id=\"75b1bbe\" data-element_type=\"widget\" data-widget_type=\"text-editor.default\">\n\t\t\t\t<div class=\"elementor-widget-container\">\n\t\t\t\t\t\t\t\t\t<p>Micro Hardness Tester<br \/>Tensile Strength Testing Machine<br \/>Component Dispersion Microscope<br \/>Low-Temperature Retraction Testing Device<br \/>FTIR Material Analysis<br \/>Low-Temperature Brittleness Testing Machine<br \/>Dynamic Process Rheometer<br \/>Specific Gravity Testing Device<br \/>Mooney Viscometer<br \/>Infrared Spectrometer<\/p>\t\t\t\t\t\t\t\t<\/div>\n\t\t\t\t<\/div>\n\t\t\t\t\t<\/div>\n\t\t<\/div>\n\t\t\t\t<div class=\"elementor-column elementor-col-33 elementor-top-column elementor-element elementor-element-0548d2f top column-style-top\" data-id=\"0548d2f\" data-element_type=\"column\">\n\t\t\t<div class=\"elementor-widget-wrap elementor-element-populated\">\n\t\t\t\t\t\t<div class=\"elementor-element elementor-element-6756ab4 elementor-widget elementor-widget-text-editor\" data-id=\"6756ab4\" data-element_type=\"widget\" data-widget_type=\"text-editor.default\">\n\t\t\t\t<div class=\"elementor-widget-container\">\n\t\t\t\t\t\t\t\t\t<p>Heat Testing Chamber<br \/>Compression Set Testing Device<br \/>Ozone Chamber<br \/>Durability Testing Machine<br \/>Salt Spray Testing Device<\/p>\t\t\t\t\t\t\t\t<\/div>\n\t\t\t\t<\/div>\n\t\t\t\t\t<\/div>\n\t\t<\/div>\n\t\t\t\t<div class=\"elementor-column elementor-col-33 elementor-top-column elementor-element elementor-element-0652a94 top column-style-top\" data-id=\"0652a94\" data-element_type=\"column\">\n\t\t\t<div class=\"elementor-widget-wrap elementor-element-populated\">\n\t\t\t\t\t\t<div class=\"elementor-element elementor-element-7383767 elementor-widget elementor-widget-text-editor\" data-id=\"7383767\" data-element_type=\"widget\" data-widget_type=\"text-editor.default\">\n\t\t\t\t<div class=\"elementor-widget-container\">\n\t\t\t\t\t\t\t\t\t2D \/ 3D Drawing\nFTIR (Fourier Transform Infrared Spectroscopy)\nTGA (Thermogravimetric Analysis)\t\t\t\t\t\t\t\t<\/div>\n\t\t\t\t<\/div>\n\t\t\t\t\t<\/div>\n\t\t<\/div>\n\t\t\t\t\t<\/div>\n\t\t<\/section>\n\t\t\t\t<\/div>\n\t\t","protected":false},"excerpt":{"rendered":"<p>Research &amp; Development Home Corporate Research &#038; Development Micro Hardness TesterTensile Strength Testing MachineComponent Dispersion MicroscopeLow-Temperature Retraction Testing DeviceFTIR Material AnalysisLow-Temperature Brittleness Testing MachineDynamic Process RheometerSpecific Gravity Testing DeviceMooney ViscometerInfrared Spectrometer Heat Testing ChamberCompression Set Testing DeviceOzone ChamberDurability Testing MachineSalt Spray Testing Device 2D \/ 3D Drawing FTIR (Fourier Transform Infrared Spectroscopy) TGA (Thermogravimetric Analysis)<\/p>\n","protected":false},"author":1,"featured_media":0,"parent":0,"menu_order":0,"comment_status":"closed","ping_status":"closed","template":"elementor_header_footer","meta":{"footnotes":""},"class_list":["post-10883","page","type-page","status-publish","hentry"],"yoast_head":"<!-- This site is optimized with the Yoast SEO plugin v26.4 - https:\/\/yoast.com\/wordpress\/plugins\/seo\/ -->\n<title>Ara\u015ft\u0131rma ve Geli\u015ftirme - Eksen Makina Ltd. \u015eti. |\u00a0TTO Representative for Turkey<\/title>\n<meta name=\"description\" content=\"Gelecekte olu\u015fabilecek ihtiya\u00e7lar\u0131n\u0131z i\u00e7in \u015fimdiden \u00e7al\u0131\u015fmaktad\u0131r. D\u00fcnya genelinde bulunan Ar-Ge merkezleri sayesinde do\u011fru par\u00e7alar\u0131 birle\u015ftirerek bulmacay\u0131 \u00e7\u00f6z\u00fcyoruz.\" \/>\n<meta name=\"robots\" content=\"index, follow, max-snippet:-1, max-image-preview:large, max-video-preview:-1\" \/>\n<link rel=\"canonical\" href=\"https:\/\/eksenmak.com\/en\/arastirma-ve-gelistirme\/\" \/>\n<meta property=\"og:locale\" content=\"tr_TR\" \/>\n<meta property=\"og:type\" content=\"article\" \/>\n<meta property=\"og:title\" content=\"Ara\u015ft\u0131rma ve Geli\u015ftirme - Eksen Makina Ltd. \u015eti. |\u00a0TTO Representative for Turkey\" \/>\n<meta property=\"og:description\" content=\"Gelecekte olu\u015fabilecek ihtiya\u00e7lar\u0131n\u0131z i\u00e7in \u015fimdiden \u00e7al\u0131\u015fmaktad\u0131r. D\u00fcnya genelinde bulunan Ar-Ge merkezleri sayesinde do\u011fru par\u00e7alar\u0131 birle\u015ftirerek bulmacay\u0131 \u00e7\u00f6z\u00fcyoruz.\" \/>\n<meta property=\"og:url\" content=\"https:\/\/eksenmak.com\/en\/arastirma-ve-gelistirme\/\" \/>\n<meta property=\"og:site_name\" content=\"Eksen Makina Ltd. \u015eti. |\u00a0TTO Representative for Turkey\" \/>\n<meta property=\"article:modified_time\" content=\"2025-11-24T10:53:31+00:00\" \/>\n<meta property=\"og:image\" content=\"https:\/\/eksenmak.com\/en\/wp-content\/uploads\/2020\/12\/1rd_bg.jpg\" \/>\n\t<meta property=\"og:image:width\" content=\"1920\" \/>\n\t<meta property=\"og:image:height\" content=\"450\" \/>\n\t<meta property=\"og:image:type\" content=\"image\/jpeg\" \/>\n<meta name=\"twitter:card\" content=\"summary_large_image\" \/>\n<script type=\"application\/ld+json\" class=\"yoast-schema-graph\">{\"@context\":\"https:\/\/schema.org\",\"@graph\":[{\"@type\":\"WebPage\",\"@id\":\"https:\/\/eksenmak.com\/en\/arastirma-ve-gelistirme\/\",\"url\":\"https:\/\/eksenmak.com\/en\/arastirma-ve-gelistirme\/\",\"name\":\"Ara\u015ft\u0131rma ve Geli\u015ftirme - Eksen Makina Ltd. \u015eti. |\u00a0TTO Representative for Turkey\",\"isPartOf\":{\"@id\":\"https:\/\/eksenmak.com\/en\/#website\"},\"primaryImageOfPage\":{\"@id\":\"https:\/\/eksenmak.com\/en\/arastirma-ve-gelistirme\/#primaryimage\"},\"image\":{\"@id\":\"https:\/\/eksenmak.com\/en\/arastirma-ve-gelistirme\/#primaryimage\"},\"thumbnailUrl\":\"https:\/\/eksenmak.com\/en\/wp-content\/uploads\/2020\/12\/1rd_bg.jpg\",\"datePublished\":\"2020-12-07T19:51:29+00:00\",\"dateModified\":\"2025-11-24T10:53:31+00:00\",\"description\":\"Gelecekte olu\u015fabilecek ihtiya\u00e7lar\u0131n\u0131z i\u00e7in \u015fimdiden \u00e7al\u0131\u015fmaktad\u0131r. D\u00fcnya genelinde bulunan Ar-Ge merkezleri sayesinde do\u011fru par\u00e7alar\u0131 birle\u015ftirerek bulmacay\u0131 \u00e7\u00f6z\u00fcyoruz.\",\"breadcrumb\":{\"@id\":\"https:\/\/eksenmak.com\/en\/arastirma-ve-gelistirme\/#breadcrumb\"},\"inLanguage\":\"tr\",\"potentialAction\":[{\"@type\":\"ReadAction\",\"target\":[\"https:\/\/eksenmak.com\/en\/arastirma-ve-gelistirme\/\"]}]},{\"@type\":\"ImageObject\",\"inLanguage\":\"tr\",\"@id\":\"https:\/\/eksenmak.com\/en\/arastirma-ve-gelistirme\/#primaryimage\",\"url\":\"https:\/\/eksenmak.com\/en\/wp-content\/uploads\/2020\/12\/1rd_bg.jpg\",\"contentUrl\":\"https:\/\/eksenmak.com\/en\/wp-content\/uploads\/2020\/12\/1rd_bg.jpg\",\"width\":1920,\"height\":450},{\"@type\":\"BreadcrumbList\",\"@id\":\"https:\/\/eksenmak.com\/en\/arastirma-ve-gelistirme\/#breadcrumb\",\"itemListElement\":[{\"@type\":\"ListItem\",\"position\":1,\"name\":\"Ana sayfa\",\"item\":\"https:\/\/eksenmak.com\/en\/\"},{\"@type\":\"ListItem\",\"position\":2,\"name\":\"Ara\u015ft\u0131rma ve Geli\u015ftirme\"}]},{\"@type\":\"WebSite\",\"@id\":\"https:\/\/eksenmak.com\/en\/#website\",\"url\":\"https:\/\/eksenmak.com\/en\/\",\"name\":\"Eksen Makina Ltd. \u015eti. |\u00a0TTO Representative for Turkey\",\"description\":\"\",\"potentialAction\":[{\"@type\":\"SearchAction\",\"target\":{\"@type\":\"EntryPoint\",\"urlTemplate\":\"https:\/\/eksenmak.com\/en\/?s={search_term_string}\"},\"query-input\":{\"@type\":\"PropertyValueSpecification\",\"valueRequired\":true,\"valueName\":\"search_term_string\"}}],\"inLanguage\":\"tr\"}]}<\/script>\n<!-- \/ Yoast SEO plugin. -->","yoast_head_json":{"title":"Ara\u015ft\u0131rma ve Geli\u015ftirme - Eksen Makina Ltd. \u015eti. |\u00a0TTO Representative for Turkey","description":"Gelecekte olu\u015fabilecek ihtiya\u00e7lar\u0131n\u0131z i\u00e7in \u015fimdiden \u00e7al\u0131\u015fmaktad\u0131r. D\u00fcnya genelinde bulunan Ar-Ge merkezleri sayesinde do\u011fru par\u00e7alar\u0131 birle\u015ftirerek bulmacay\u0131 \u00e7\u00f6z\u00fcyoruz.","robots":{"index":"index","follow":"follow","max-snippet":"max-snippet:-1","max-image-preview":"max-image-preview:large","max-video-preview":"max-video-preview:-1"},"canonical":"https:\/\/eksenmak.com\/en\/arastirma-ve-gelistirme\/","og_locale":"tr_TR","og_type":"article","og_title":"Ara\u015ft\u0131rma ve Geli\u015ftirme - Eksen Makina Ltd. \u015eti. |\u00a0TTO Representative for Turkey","og_description":"Gelecekte olu\u015fabilecek ihtiya\u00e7lar\u0131n\u0131z i\u00e7in \u015fimdiden \u00e7al\u0131\u015fmaktad\u0131r. D\u00fcnya genelinde bulunan Ar-Ge merkezleri sayesinde do\u011fru par\u00e7alar\u0131 birle\u015ftirerek bulmacay\u0131 \u00e7\u00f6z\u00fcyoruz.","og_url":"https:\/\/eksenmak.com\/en\/arastirma-ve-gelistirme\/","og_site_name":"Eksen Makina Ltd. \u015eti. |\u00a0TTO Representative for Turkey","article_modified_time":"2025-11-24T10:53:31+00:00","og_image":[{"width":1920,"height":450,"url":"https:\/\/eksenmak.com\/en\/wp-content\/uploads\/2020\/12\/1rd_bg.jpg","type":"image\/jpeg"}],"twitter_card":"summary_large_image","schema":{"@context":"https:\/\/schema.org","@graph":[{"@type":"WebPage","@id":"https:\/\/eksenmak.com\/en\/arastirma-ve-gelistirme\/","url":"https:\/\/eksenmak.com\/en\/arastirma-ve-gelistirme\/","name":"Ara\u015ft\u0131rma ve Geli\u015ftirme - Eksen Makina Ltd. \u015eti. |\u00a0TTO Representative for Turkey","isPartOf":{"@id":"https:\/\/eksenmak.com\/en\/#website"},"primaryImageOfPage":{"@id":"https:\/\/eksenmak.com\/en\/arastirma-ve-gelistirme\/#primaryimage"},"image":{"@id":"https:\/\/eksenmak.com\/en\/arastirma-ve-gelistirme\/#primaryimage"},"thumbnailUrl":"https:\/\/eksenmak.com\/en\/wp-content\/uploads\/2020\/12\/1rd_bg.jpg","datePublished":"2020-12-07T19:51:29+00:00","dateModified":"2025-11-24T10:53:31+00:00","description":"Gelecekte olu\u015fabilecek ihtiya\u00e7lar\u0131n\u0131z i\u00e7in \u015fimdiden \u00e7al\u0131\u015fmaktad\u0131r. D\u00fcnya genelinde bulunan Ar-Ge merkezleri sayesinde do\u011fru par\u00e7alar\u0131 birle\u015ftirerek bulmacay\u0131 \u00e7\u00f6z\u00fcyoruz.","breadcrumb":{"@id":"https:\/\/eksenmak.com\/en\/arastirma-ve-gelistirme\/#breadcrumb"},"inLanguage":"tr","potentialAction":[{"@type":"ReadAction","target":["https:\/\/eksenmak.com\/en\/arastirma-ve-gelistirme\/"]}]},{"@type":"ImageObject","inLanguage":"tr","@id":"https:\/\/eksenmak.com\/en\/arastirma-ve-gelistirme\/#primaryimage","url":"https:\/\/eksenmak.com\/en\/wp-content\/uploads\/2020\/12\/1rd_bg.jpg","contentUrl":"https:\/\/eksenmak.com\/en\/wp-content\/uploads\/2020\/12\/1rd_bg.jpg","width":1920,"height":450},{"@type":"BreadcrumbList","@id":"https:\/\/eksenmak.com\/en\/arastirma-ve-gelistirme\/#breadcrumb","itemListElement":[{"@type":"ListItem","position":1,"name":"Ana sayfa","item":"https:\/\/eksenmak.com\/en\/"},{"@type":"ListItem","position":2,"name":"Ara\u015ft\u0131rma ve Geli\u015ftirme"}]},{"@type":"WebSite","@id":"https:\/\/eksenmak.com\/en\/#website","url":"https:\/\/eksenmak.com\/en\/","name":"Eksen Makina Ltd. \u015eti. |\u00a0TTO Representative for Turkey","description":"","potentialAction":[{"@type":"SearchAction","target":{"@type":"EntryPoint","urlTemplate":"https:\/\/eksenmak.com\/en\/?s={search_term_string}"},"query-input":{"@type":"PropertyValueSpecification","valueRequired":true,"valueName":"search_term_string"}}],"inLanguage":"tr"}]}},"_links":{"self":[{"href":"https:\/\/eksenmak.com\/en\/wp-json\/wp\/v2\/pages\/10883","targetHints":{"allow":["GET"]}}],"collection":[{"href":"https:\/\/eksenmak.com\/en\/wp-json\/wp\/v2\/pages"}],"about":[{"href":"https:\/\/eksenmak.com\/en\/wp-json\/wp\/v2\/types\/page"}],"author":[{"embeddable":true,"href":"https:\/\/eksenmak.com\/en\/wp-json\/wp\/v2\/users\/1"}],"replies":[{"embeddable":true,"href":"https:\/\/eksenmak.com\/en\/wp-json\/wp\/v2\/comments?post=10883"}],"version-history":[{"count":3,"href":"https:\/\/eksenmak.com\/en\/wp-json\/wp\/v2\/pages\/10883\/revisions"}],"predecessor-version":[{"id":12987,"href":"https:\/\/eksenmak.com\/en\/wp-json\/wp\/v2\/pages\/10883\/revisions\/12987"}],"wp:attachment":[{"href":"https:\/\/eksenmak.com\/en\/wp-json\/wp\/v2\/media?parent=10883"}],"curies":[{"name":"wp","href":"https:\/\/api.w.org\/{rel}","templated":true}]}}